{"id":4575,"date":"2021-01-15T12:32:17","date_gmt":"2021-01-15T12:32:17","guid":{"rendered":"https:\/\/maxjax-europe.com\/?page_id=4575"},"modified":"2023-06-01T12:12:04","modified_gmt":"2023-06-01T12:12:04","slug":"order-information","status":"publish","type":"page","link":"https:\/\/maxjax-europe.com\/cs\/order-information\/","title":{"rendered":"Informace o objedn\u00e1vce"},"content":{"rendered":"<div data-elementor-type=\"wp-page\" data-elementor-id=\"4575\" class=\"elementor elementor-4575\">\n\t\t\t\t\t\t<section class=\"elementor-section elementor-top-section elementor-element elementor-element-2b9ff6d elementor-section-boxed elementor-section-height-default elementor-section-height-default\" data-id=\"2b9ff6d\" data-element_type=\"section\" data-e-type=\"section\">\n\t\t\t\t\t\t<div class=\"elementor-container elementor-column-gap-default\">\n\t\t\t\t\t<div class=\"elementor-column elementor-col-100 elementor-top-column elementor-element elementor-element-37c70e2\" data-id=\"37c70e2\" data-element_type=\"column\" data-e-type=\"column\">\n\t\t\t<div class=\"elementor-widget-wrap elementor-element-populated\">\n\t\t\t\t\t\t<div class=\"elementor-element elementor-element-8c25df2 elementor-widget elementor-widget-heading\" data-id=\"8c25df2\" data-element_type=\"widget\" data-e-type=\"widget\" data-widget_type=\"heading.default\">\n\t\t\t\t<div class=\"elementor-widget-container\">\n\t\t\t\t\t<h1 class=\"elementor-heading-title elementor-size-default\">Everything you need to know before ordering your MaxJax M7K!<\/h1>\t\t\t\t<\/div>\n\t\t\t\t<\/div>\n\t\t\t\t\t<\/div>\n\t\t<\/div>\n\t\t\t\t\t<\/div>\n\t\t<\/section>\n\t\t\t\t<section class=\"elementor-section elementor-top-section elementor-element elementor-element-32a2539 elementor-section-boxed elementor-section-height-default elementor-section-height-default\" data-id=\"32a2539\" data-element_type=\"section\" data-e-type=\"section\">\n\t\t\t\t\t\t<div class=\"elementor-container elementor-column-gap-default\">\n\t\t\t\t\t<div class=\"elementor-column elementor-col-100 elementor-top-column elementor-element elementor-element-cf3bda9\" data-id=\"cf3bda9\" data-element_type=\"column\" data-e-type=\"column\">\n\t\t\t<div class=\"elementor-widget-wrap elementor-element-populated\">\n\t\t\t\t\t\t<div class=\"elementor-element elementor-element-d24a5e5 elementor-widget elementor-widget-text-editor\" data-id=\"d24a5e5\" data-element_type=\"widget\" data-e-type=\"widget\" data-widget_type=\"text-editor.default\">\n\t\t\t\t<div class=\"elementor-widget-container\">\n\t\t\t\t\t\t\t\t\t<p><span style=\"color: #000000;\">Zde je vysv\u011btleno v\u0161e, co pot\u0159ebujete v\u011bd\u011bt k um\u00edst\u011bn\u00ed, osvobozen\u00ed od DPH nebo zp\u016fsob\u016fm platby. Pokud existuje n\u011bco, co tady uvedeno nen\u00ed a pot\u0159ebujete to v\u011bd\u011bt.<\/span><br \/><span style=\"color: #000000;\">M\u016f\u017eete n\u00e1s kdykoli kontaktovat zasl\u00e1n\u00edm e-mailu na maxjax@liftmotive.com nebo zavol\u00e1n\u00edm na <a style=\"color: #000000;\" href=\"tel: +31627365781\">+31 627365781<\/a><\/span><\/p>\t\t\t\t\t\t\t\t<\/div>\n\t\t\t\t<\/div>\n\t\t\t\t<div class=\"elementor-element elementor-element-18c62f8 elementor-widget-divider--view-line elementor-widget elementor-widget-divider\" data-id=\"18c62f8\" data-element_type=\"widget\" data-e-type=\"widget\" data-widget_type=\"divider.default\">\n\t\t\t\t<div class=\"elementor-widget-container\">\n\t\t\t\t\t\t\t<div class=\"elementor-divider\">\n\t\t\t<span class=\"elementor-divider-separator\">\n\t\t\t\t\t\t<\/span>\n\t\t<\/div>\n\t\t\t\t\t\t<\/div>\n\t\t\t\t<\/div>\n\t\t\t\t\t<\/div>\n\t\t<\/div>\n\t\t\t\t\t<\/div>\n\t\t<\/section>\n\t\t\t\t<section class=\"elementor-section elementor-top-section elementor-element elementor-element-7ca3dbc elementor-section-boxed elementor-section-height-default elementor-section-height-default\" data-id=\"7ca3dbc\" data-element_type=\"section\" data-e-type=\"section\">\n\t\t\t\t\t\t<div class=\"elementor-container elementor-column-gap-default\">\n\t\t\t\t\t<div class=\"elementor-column elementor-col-33 elementor-top-column elementor-element elementor-element-988cc9f\" data-id=\"988cc9f\" data-element_type=\"column\" data-e-type=\"column\">\n\t\t\t<div class=\"elementor-widget-wrap elementor-element-populated\">\n\t\t\t\t\t\t<div class=\"elementor-element elementor-element-2833d11 elementor-widget elementor-widget-text-editor\" data-id=\"2833d11\" data-element_type=\"widget\" data-e-type=\"widget\" data-widget_type=\"text-editor.default\">\n\t\t\t\t<div class=\"elementor-widget-container\">\n\t\t\t\t\t\t\t\t\t<h3 class=\"LC20lb DKV0Md\" style=\"text-align: center;\">Da\u0148 z p\u0159idan\u00e9 hodnoty (DPH)<\/h3><p><span style=\"color: #000000;\">Sazba DPH % se vypo\u010d\u00edt\u00e1 na z\u00e1klad\u011b sazby DPH v zemi, kam je t\u0159eba objedn\u00e1vku odeslat. To plat\u00ed pro soukrom\u00e9 u\u017eivatele v EU.\u00a0<\/span><\/p><p><span style=\"color: #000000;\">Podnikatel\u0161t\u00ed u\u017eivatel\u00e9 v EU a mimo Nizozemsko mohou z\u00edskat osvobozen\u00ed od DPH (0 %) vypln\u011bn\u00edm sv\u00e9ho DI\u010c EU p\u0159i potvrzen\u00ed n\u00e1kupn\u00edho ko\u0161\u00edku ve webov\u00e9m obchod\u011b.\u00a0<\/span><\/p><p>Pokud objedn\u00e1v\u00e1te z Norska, \u0160v\u00fdcarska nebo Velk\u00e9 Brit\u00e1nie, dojde k osvobozen\u00ed od DPH (0 %) bez ohledu na to, zda jste soukrom\u00fd nebo podnikatelsk\u00fd u\u017eivatel. DPH bude zaplacena v zemi, ze kter\u00e9 si objedn\u00e1v\u00e1te.\u00a0<\/p>\t\t\t\t\t\t\t\t<\/div>\n\t\t\t\t<\/div>\n\t\t\t\t\t<\/div>\n\t\t<\/div>\n\t\t\t\t<div class=\"elementor-column elementor-col-33 elementor-top-column elementor-element elementor-element-9aad8cf\" data-id=\"9aad8cf\" data-element_type=\"column\" data-e-type=\"column\">\n\t\t\t<div class=\"elementor-widget-wrap elementor-element-populated\">\n\t\t\t\t\t\t<div class=\"elementor-element elementor-element-eb8238d elementor-widget elementor-widget-text-editor\" data-id=\"eb8238d\" data-element_type=\"widget\" data-e-type=\"widget\" data-widget_type=\"text-editor.default\">\n\t\t\t\t<div class=\"elementor-widget-container\">\n\t\t\t\t\t\t\t\t\t<h2 style=\"text-align: center;\">Zp\u016fsoby platby<\/h2><p><span style=\"color: #000000;\">N\u00e1\u0161 webov\u00fd obchod nab\u00edz\u00ed n\u011bkolik zp\u016fsob\u016f platby online. Kdy\u017e se dostanete k pokladn\u011b v na\u0161em internetov\u00e9m obchod\u011b, m\u016f\u017eete si vybrat kter\u00fdkoli ze standardn\u00edch n\u00ed\u017ee uveden\u00fdch zp\u016fsob\u016f:<\/span><\/p><p>\u00a0<\/p><ul><li><span style=\"color: #000000;\">Ide\u00e1l<\/span><\/li><li><span style=\"color: #000000;\">Kreditn\u00ed karta<br \/><\/span><\/li><li><span style=\"color: #000000;\">Klarna platit pozd\u011bji<\/span><\/li><li><span style=\"color: #000000;\">Klarna to rozkroj\u00ed<\/span><\/li><li><span style=\"color: #000000;\">PayPal (za platby PayPal \u00fa\u010dtujeme poplatek 3%)<\/span><\/li><li><span style=\"color: #000000;\">Bankovn\u00edm p\u0159evodem<\/span><\/li><li><span style=\"color: #000000;\">Giropay<\/span><\/li><li><span style=\"color: #000000;\">24<\/span><\/li><li><span style=\"color: #000000;\">KBC \/ CBC<\/span><\/li><li><span style=\"color: #000000;\">Belfius Direct Net<\/span><\/li><li><span style=\"color: #000000;\">ING Home&#039;Pay<\/span><\/li><\/ul>\t\t\t\t\t\t\t\t<\/div>\n\t\t\t\t<\/div>\n\t\t\t\t\t<\/div>\n\t\t<\/div>\n\t\t\t\t<div class=\"elementor-column elementor-col-33 elementor-top-column elementor-element elementor-element-3f991a7\" data-id=\"3f991a7\" data-element_type=\"column\" data-e-type=\"column\">\n\t\t\t<div class=\"elementor-widget-wrap elementor-element-populated\">\n\t\t\t\t\t\t<div class=\"elementor-element elementor-element-5f6464a elementor-widget elementor-widget-text-editor\" data-id=\"5f6464a\" data-element_type=\"widget\" data-e-type=\"widget\" data-widget_type=\"text-editor.default\">\n\t\t\t\t<div class=\"elementor-widget-container\">\n\t\t\t\t\t\t\t\t\t<h2><span style=\"color: #000000;\">Objedn\u00e1vka e-mailem<\/span><\/h2><p><span style=\"color: #000000;\">Pokud m\u00e1te v na\u0161em internetov\u00e9m obchod\u011b pot\u00ed\u017ee, m\u016f\u017eete objedn\u00e1vat tak\u00e9 e-mailem. Sv\u016fj po\u017eadavek m\u016f\u017eete zaslat na maxjax@liftmotive.com\u00a0<\/span><\/p><p><span style=\"color: #000000;\">Na z\u00e1klad\u011b va\u0161ich informac\u00ed v\u00e1m za\u0161leme fakturu a (pokud je po\u017eadov\u00e1no) odkaz pro platbu nebo instrukce k bankovn\u00edmu p\u0159evodu.<\/span><\/p><h2><span style=\"color: #000000;\">M\u011bna<\/span><\/h2><p><span style=\"color: #000000;\">V\u0161echny ceny uveden\u00e9 v na\u0161em internetov\u00e9m obchod\u011b jsou v eurech \u20ac (EUR). Objedn\u00e1vky v EU budou p\u0159i placen\u00ed zahrnovat v\u0161echny p\u0159\u00edpadn\u00e9 p\u0159\u00edslu\u0161n\u00e9 feder\u00e1ln\u00ed a oblastn\u00ed dan\u011b.<\/span><\/p>\t\t\t\t\t\t\t\t<\/div>\n\t\t\t\t<\/div>\n\t\t\t\t\t<\/div>\n\t\t<\/div>\n\t\t\t\t\t<\/div>\n\t\t<\/section>\n\t\t\t\t<\/div>","protected":false},"excerpt":{"rendered":"<p>Everything you need to know before ordering your MaxJax M7K! Everything you need to know how to place, exempt VAT or payment methods are to explained here. If there\u2019s anything not listed you need to know.You can always contact us by emailing maxjax@liftmotive.com or calling to +31 627365781 Value added tax (VAT) VAT rate %<br \/><a class=\"more-link\" href=\"https:\/\/maxjax-europe.com\/cs\/order-information\/\"><br \/>\n        Read More<span class=\"screen-reader-text\"> &#8220;Order information&#8221;<\/span><\/a><\/p>","protected":false},"author":1,"featured_media":0,"parent":0,"menu_order":0,"comment_status":"closed","ping_status":"closed","template":"","meta":{"footnotes":""},"class_list":["post-4575","page","type-page","status-publish","hentry","badges-style-2"],"yoast_head":"<!-- This site is optimized with the Yoast SEO plugin v27.1.1 - https:\/\/yoast.com\/product\/yoast-seo-wordpress\/ -->\n<title>Order information - MaxJax Europe<\/title>\n<meta name=\"robots\" content=\"index, follow, max-snippet:-1, max-image-preview:large, max-video-preview:-1\" \/>\n<link rel=\"canonical\" href=\"https:\/\/maxjax-europe.com\/cs\/order-information\/\" \/>\n<meta property=\"og:locale\" content=\"cs_CZ\" \/>\n<meta property=\"og:type\" content=\"article\" \/>\n<meta property=\"og:title\" content=\"Order information - MaxJax Europe\" \/>\n<meta property=\"og:description\" content=\"Everything you need to know before ordering your MaxJax M7K! Everything you need to know how to place, exempt VAT or payment methods are to explained here. If there\u2019s anything not listed you need to know.You can always contact us by emailing maxjax@liftmotive.com or calling to +31 627365781 Value added tax (VAT) VAT rate %     Read More &quot;Order information&quot;\" \/>\n<meta property=\"og:url\" content=\"https:\/\/maxjax-europe.com\/cs\/order-information\/\" \/>\n<meta property=\"og:site_name\" content=\"MaxJax Europe\" \/>\n<meta property=\"article:modified_time\" content=\"2023-06-01T12:12:04+00:00\" \/>\n<meta name=\"twitter:card\" content=\"summary_large_image\" \/>\n<meta name=\"twitter:label1\" content=\"Odhadovan\u00e1 doba \u010dten\u00ed\" \/>\n\t<meta name=\"twitter:data1\" content=\"2 minuty\" \/>\n<script type=\"application\/ld+json\" class=\"yoast-schema-graph\">{\"@context\":\"https:\/\/schema.org\",\"@graph\":[{\"@type\":\"WebPage\",\"@id\":\"https:\/\/maxjax-europe.com\/order-information\/\",\"url\":\"https:\/\/maxjax-europe.com\/order-information\/\",\"name\":\"Order information - MaxJax Europe\",\"isPartOf\":{\"@id\":\"https:\/\/maxjax-europe.com\/#website\"},\"datePublished\":\"2021-01-15T12:32:17+00:00\",\"dateModified\":\"2023-06-01T12:12:04+00:00\",\"breadcrumb\":{\"@id\":\"https:\/\/maxjax-europe.com\/order-information\/#breadcrumb\"},\"inLanguage\":\"cs\",\"potentialAction\":[{\"@type\":\"ReadAction\",\"target\":[\"https:\/\/maxjax-europe.com\/order-information\/\"]}]},{\"@type\":\"BreadcrumbList\",\"@id\":\"https:\/\/maxjax-europe.com\/order-information\/#breadcrumb\",\"itemListElement\":[{\"@type\":\"ListItem\",\"position\":1,\"name\":\"Home\",\"item\":\"https:\/\/maxjax-europe.com\/\"},{\"@type\":\"ListItem\",\"position\":2,\"name\":\"Order information\"}]},{\"@type\":\"WebSite\",\"@id\":\"https:\/\/maxjax-europe.com\/#website\",\"url\":\"https:\/\/maxjax-europe.com\/\",\"name\":\"MaxJax Europe\",\"description\":\"Shop MaxJax Portable Two-Post Car Lift\",\"publisher\":{\"@id\":\"https:\/\/maxjax-europe.com\/#organization\"},\"potentialAction\":[{\"@type\":\"SearchAction\",\"target\":{\"@type\":\"EntryPoint\",\"urlTemplate\":\"https:\/\/maxjax-europe.com\/?s={search_term_string}\"},\"query-input\":{\"@type\":\"PropertyValueSpecification\",\"valueRequired\":true,\"valueName\":\"search_term_string\"}}],\"inLanguage\":\"cs\"},{\"@type\":\"Organization\",\"@id\":\"https:\/\/maxjax-europe.com\/#organization\",\"name\":\"MaxJax Europe\",\"url\":\"https:\/\/maxjax-europe.com\/\",\"logo\":{\"@type\":\"ImageObject\",\"inLanguage\":\"cs\",\"@id\":\"https:\/\/maxjax-europe.com\/#\/schema\/logo\/image\/\",\"url\":\"https:\/\/maxjax-europe.com\/wp-content\/uploads\/2021\/01\/cropped-EUB-1-1.png\",\"contentUrl\":\"https:\/\/maxjax-europe.com\/wp-content\/uploads\/2021\/01\/cropped-EUB-1-1.png\",\"width\":2266,\"height\":553,\"caption\":\"MaxJax Europe\"},\"image\":{\"@id\":\"https:\/\/maxjax-europe.com\/#\/schema\/logo\/image\/\"}}]}<\/script>\n<!-- \/ Yoast SEO plugin. -->","yoast_head_json":{"title":"Informace o objedn\u00e1vce - MaxJax Europe","robots":{"index":"index","follow":"follow","max-snippet":"max-snippet:-1","max-image-preview":"max-image-preview:large","max-video-preview":"max-video-preview:-1"},"canonical":"https:\/\/maxjax-europe.com\/cs\/order-information\/","og_locale":"cs_CZ","og_type":"article","og_title":"Order information - MaxJax Europe","og_description":"Everything you need to know before ordering your MaxJax M7K! Everything you need to know how to place, exempt VAT or payment methods are to explained here. If there\u2019s anything not listed you need to know.You can always contact us by emailing maxjax@liftmotive.com or calling to +31 627365781 Value added tax (VAT) VAT rate %     Read More \"Order information\"","og_url":"https:\/\/maxjax-europe.com\/cs\/order-information\/","og_site_name":"MaxJax Europe","article_modified_time":"2023-06-01T12:12:04+00:00","twitter_card":"summary_large_image","twitter_misc":{"Odhadovan\u00e1 doba \u010dten\u00ed":"2 minuty"},"schema":{"@context":"https:\/\/schema.org","@graph":[{"@type":"WebPage","@id":"https:\/\/maxjax-europe.com\/order-information\/","url":"https:\/\/maxjax-europe.com\/order-information\/","name":"Informace o objedn\u00e1vce - MaxJax Europe","isPartOf":{"@id":"https:\/\/maxjax-europe.com\/#website"},"datePublished":"2021-01-15T12:32:17+00:00","dateModified":"2023-06-01T12:12:04+00:00","breadcrumb":{"@id":"https:\/\/maxjax-europe.com\/order-information\/#breadcrumb"},"inLanguage":"cs","potentialAction":[{"@type":"ReadAction","target":["https:\/\/maxjax-europe.com\/order-information\/"]}]},{"@type":"BreadcrumbList","@id":"https:\/\/maxjax-europe.com\/order-information\/#breadcrumb","itemListElement":[{"@type":"ListItem","position":1,"name":"Home","item":"https:\/\/maxjax-europe.com\/"},{"@type":"ListItem","position":2,"name":"Order information"}]},{"@type":"WebSite","@id":"https:\/\/maxjax-europe.com\/#website","url":"https:\/\/maxjax-europe.com\/","name":"MaxJax \u010cesk\u00e1 republika","description":"Nakupujte p\u0159enosn\u00fd dvousloupov\u00fd zved\u00e1k do auta MaxJax","publisher":{"@id":"https:\/\/maxjax-europe.com\/#organization"},"potentialAction":[{"@type":"SearchAction","target":{"@type":"EntryPoint","urlTemplate":"https:\/\/maxjax-europe.com\/?s={search_term_string}"},"query-input":{"@type":"PropertyValueSpecification","valueRequired":true,"valueName":"search_term_string"}}],"inLanguage":"cs"},{"@type":"Organization","@id":"https:\/\/maxjax-europe.com\/#organization","name":"MaxJax \u010cesk\u00e1 republika","url":"https:\/\/maxjax-europe.com\/","logo":{"@type":"ImageObject","inLanguage":"cs","@id":"https:\/\/maxjax-europe.com\/#\/schema\/logo\/image\/","url":"https:\/\/maxjax-europe.com\/wp-content\/uploads\/2021\/01\/cropped-EUB-1-1.png","contentUrl":"https:\/\/maxjax-europe.com\/wp-content\/uploads\/2021\/01\/cropped-EUB-1-1.png","width":2266,"height":553,"caption":"MaxJax Europe"},"image":{"@id":"https:\/\/maxjax-europe.com\/#\/schema\/logo\/image\/"}}]}},"jetpack_sharing_enabled":true,"_links":{"self":[{"href":"https:\/\/maxjax-europe.com\/cs\/wp-json\/wp\/v2\/pages\/4575","targetHints":{"allow":["GET"]}}],"collection":[{"href":"https:\/\/maxjax-europe.com\/cs\/wp-json\/wp\/v2\/pages"}],"about":[{"href":"https:\/\/maxjax-europe.com\/cs\/wp-json\/wp\/v2\/types\/page"}],"author":[{"embeddable":true,"href":"https:\/\/maxjax-europe.com\/cs\/wp-json\/wp\/v2\/users\/1"}],"replies":[{"embeddable":true,"href":"https:\/\/maxjax-europe.com\/cs\/wp-json\/wp\/v2\/comments?post=4575"}],"version-history":[{"count":10,"href":"https:\/\/maxjax-europe.com\/cs\/wp-json\/wp\/v2\/pages\/4575\/revisions"}],"predecessor-version":[{"id":5081,"href":"https:\/\/maxjax-europe.com\/cs\/wp-json\/wp\/v2\/pages\/4575\/revisions\/5081"}],"wp:attachment":[{"href":"https:\/\/maxjax-europe.com\/cs\/wp-json\/wp\/v2\/media?parent=4575"}],"curies":[{"name":"wp","href":"https:\/\/api.w.org\/{rel}","templated":true}]}}