{"id":4591,"date":"2021-01-15T13:37:01","date_gmt":"2021-01-15T13:37:01","guid":{"rendered":"https:\/\/maxjax-europe.com\/?page_id=4591"},"modified":"2021-02-02T16:48:23","modified_gmt":"2021-02-02T16:48:23","slug":"warranty-information","status":"publish","type":"page","link":"https:\/\/maxjax-europe.com\/cs\/warranty-information\/","title":{"rendered":"Informace o z\u00e1ruce"},"content":{"rendered":"<div data-elementor-type=\"wp-page\" data-elementor-id=\"4591\" class=\"elementor elementor-4591\">\n\t\t\t\t\t\t<section class=\"elementor-section elementor-top-section elementor-element elementor-element-d8e8b4c elementor-section-boxed elementor-section-height-default elementor-section-height-default\" data-id=\"d8e8b4c\" data-element_type=\"section\" data-e-type=\"section\">\n\t\t\t\t\t\t<div class=\"elementor-container elementor-column-gap-default\">\n\t\t\t\t\t<div class=\"elementor-column elementor-col-100 elementor-top-column elementor-element elementor-element-c361ca2\" data-id=\"c361ca2\" data-element_type=\"column\" data-e-type=\"column\">\n\t\t\t<div class=\"elementor-widget-wrap elementor-element-populated\">\n\t\t\t\t\t\t<div class=\"elementor-element elementor-element-e376b3f elementor-widget elementor-widget-text-editor\" data-id=\"e376b3f\" data-element_type=\"widget\" data-e-type=\"widget\" data-widget_type=\"text-editor.default\">\n\t\t\t\t<div class=\"elementor-widget-container\">\n\t\t\t\t\t\t\t\t\t<h3>Z\u00e1ruka pro podnikatelsk\u00e9 u\u017eivatele<\/h3><p><strong>Doba trv\u00e1n\u00ed:<\/strong>\u00a0Od data n\u00e1kupu p\u016fvodn\u00edm kupuj\u00edc\u00edm nebo 12 m\u011bs\u00edc\u016f od data odesl\u00e1n\u00ed nebo podle toho, co nastane d\u0159\u00edve.<\/p><ul><li>T\u0159\u00edlet\u00e1 (36m\u011bs\u00ed\u010dn\u00ed) z\u00e1ruka na konstrukci za\u0159\u00edzen\u00ed<\/li><li>Jednolet\u00e1 (12m\u011bs\u00ed\u010dn\u00ed) z\u00e1ruka na provozn\u00ed sou\u010d\u00e1sti<\/li><li>Ro\u010dn\u00ed (12m\u011bs\u00ed\u010dn\u00ed) doprava zdarma, co se t\u00fd\u010de poplatk\u016f za pozemn\u00ed dopravu souvisej\u00edc\u00ed s poskytov\u00e1n\u00edm z\u00e1ruky<\/li><\/ul><h3>Z\u00e1ruka pro soukrom\u00e9 u\u017eivatele<\/h3><p><strong>Doba trv\u00e1n\u00ed:<\/strong>\u00a0Od data n\u00e1kupu p\u016fvodn\u00edm kupuj\u00edc\u00edm nebo 24 m\u011bs\u00edc\u016f od data odesl\u00e1n\u00ed nebo podle toho, co nastane d\u0159\u00edve.<\/p><ul><li>T\u0159\u00edlet\u00e1 (36m\u011bs\u00ed\u010dn\u00ed) z\u00e1ruka na konstrukci za\u0159\u00edzen\u00ed<\/li><li>Dvoulet\u00e1 (24m\u011bs\u00ed\u010dn\u00ed) z\u00e1ruka na provozn\u00ed sou\u010d\u00e1sti<\/li><li>Dvoulet\u00e1 (24m\u011bs\u00ed\u010dn\u00ed) doprava zdarma, co se t\u00fd\u010de poplatk\u016f za pozemn\u00ed dopravu souvisej\u00edc\u00ed s poskytov\u00e1n\u00edm z\u00e1ruky<\/li><\/ul>\t\t\t\t\t\t\t\t<\/div>\n\t\t\t\t<\/div>\n\t\t\t\t\t<\/div>\n\t\t<\/div>\n\t\t\t\t\t<\/div>\n\t\t<\/section>\n\t\t\t\t<section class=\"elementor-section elementor-top-section elementor-element elementor-element-8f5380d elementor-section-boxed elementor-section-height-default elementor-section-height-default\" data-id=\"8f5380d\" data-element_type=\"section\" data-e-type=\"section\">\n\t\t\t\t\t\t<div class=\"elementor-container elementor-column-gap-default\">\n\t\t\t\t\t<div class=\"elementor-column elementor-col-100 elementor-top-column elementor-element elementor-element-cccdf44\" data-id=\"cccdf44\" data-element_type=\"column\" data-e-type=\"column\">\n\t\t\t<div class=\"elementor-widget-wrap elementor-element-populated\">\n\t\t\t\t\t\t<div class=\"elementor-element elementor-element-4df26e1 elementor-widget elementor-widget-text-editor\" data-id=\"4df26e1\" data-element_type=\"widget\" data-e-type=\"widget\" data-widget_type=\"text-editor.default\">\n\t\t\t\t<div class=\"elementor-widget-container\">\n\t\t\t\t\t\t\t\t\t<h3>Omezen\u00ed odpov\u011bdnosti<\/h3><p>Spole\u010dnost MaxJax nem\u00e1 podle t\u00e9to z\u00e1ruky \u017e\u00e1dnou povinnost ve vztahu k produkt\u016fm, kter\u00e9 byly podle na\u0161eho v\u00fdlu\u010dn\u00e9ho \u00fasudku pozm\u011bn\u011bny, po\u0161kozeny, nepat\u0159i\u010dn\u011b pou\u017eity, zneu\u017eity, siln\u011b opot\u0159ebov\u00e1ny, ztraceny nebo nespr\u00e1vn\u011b udr\u017eov\u00e1ny. Tato z\u00e1ruka je neplatn\u00e1, pokud se z\u00e1kazn\u00edk nebo jak\u00e1koli jin\u00e1 osoba ne\u017e autorizovan\u00fd z\u00e1stupce spole\u010dnosti MaxJax pokus\u00ed opravit nebo upravit n\u00e1stroj p\u0159ed jeho vr\u00e1cen\u00edm spole\u010dnosti MaxJax podle t\u00e9to z\u00e1ruky. V \u017e\u00e1dn\u00e9m p\u0159\u00edpad\u011b nebude \u017e\u00e1dn\u00e1 ze stran odpov\u011bdn\u00e1 za \u0161kody zp\u016fsoben\u00e9 nedodr\u017een\u00edm povinnost\u00ed druhou stranou podle t\u011bchto smluvn\u00edch podm\u00ednek. V \u017e\u00e1dn\u00e9m p\u0159\u00edpad\u011b nebude \u017e\u00e1dn\u00e1 ze stran odpov\u011bdn\u00e1 za jak\u00e9koli u\u0161l\u00e9 zisky, ztr\u00e1tu \u00faspor, vedlej\u0161\u00ed \u0161kody nebo jin\u00e9 ekonomick\u00e9 n\u00e1sledn\u00e9 \u0161kody. Produkty MaxJax jsou poskytov\u00e1ny a prod\u00e1v\u00e1ny tak, jak jsou, bez jak\u00fdchkoli v\u00fdslovn\u00fdch nebo p\u0159edpokl\u00e1dan\u00fdch z\u00e1ruk, v\u010detn\u011b z\u00e1ruk prodejnosti nebo vhodnosti pro dan\u00fd \u00fa\u010del. Po uplynut\u00ed t\u00e9to doby nebudou platit \u017e\u00e1dn\u00e9 z\u00e1ruky, v\u00fdslovn\u00e9 ani p\u0159edpokl\u00e1dan\u00e9. Spole\u010dnost MaxJax m\u016f\u017ee tyto podm\u00ednky kdykoli upravit bu\u010f p\u00edsemn\u00fdm ozn\u00e1men\u00edm z\u00e1kazn\u00edkovi, nebo zve\u0159ejn\u011bn\u00edm t\u011bchto upraven\u00fdch podm\u00ednek na www.MaxJax.com. Tyto upraven\u00e9 podm\u00ednky vstoup\u00ed v platnost t\u0159icet dn\u00ed od data takov\u00e9ho p\u00edsemn\u00e9ho ozn\u00e1men\u00ed nebo zve\u0159ejn\u011bn\u00ed.<\/p>\t\t\t\t\t\t\t\t<\/div>\n\t\t\t\t<\/div>\n\t\t\t\t\t<\/div>\n\t\t<\/div>\n\t\t\t\t\t<\/div>\n\t\t<\/section>\n\t\t\t\t<\/div>","protected":false},"excerpt":{"rendered":"<p>Warranty for Business users Duration:&nbsp;From the date of purchase by the original Purchaser or 12 months from the date of shipment or whichever comes first. Three-Years (36-Months) Warranty on equipment structure* One-Year (12-Month) Warranty on operating components One-Year (12-Month) Free Shipping** on ground-freight charges related to warranty performance Warranty for Private users Duration:&nbsp;From the date<br \/><a class=\"more-link\" href=\"https:\/\/maxjax-europe.com\/cs\/warranty-information\/\"><br \/>\n        Read More<span class=\"screen-reader-text\"> &#8220;Warranty information&#8221;<\/span><\/a><\/p>","protected":false},"author":1,"featured_media":0,"parent":0,"menu_order":0,"comment_status":"closed","ping_status":"closed","template":"","meta":{"footnotes":""},"class_list":["post-4591","page","type-page","status-publish","hentry","badges-style-2"],"yoast_head":"<!-- This site is optimized with the Yoast SEO plugin v27.1.1 - https:\/\/yoast.com\/product\/yoast-seo-wordpress\/ -->\n<title>MaxJax Europe | Everything you need to know about warranty on MaxJax<\/title>\n<meta name=\"description\" content=\"MaxJax Europe provides a stunning customer service, we will handle your warranty claims like no other. Take a look at our warranty service!\" \/>\n<meta name=\"robots\" content=\"index, follow, max-snippet:-1, max-image-preview:large, max-video-preview:-1\" \/>\n<link rel=\"canonical\" href=\"https:\/\/maxjax-europe.com\/cs\/warranty-information\/\" \/>\n<meta property=\"og:locale\" content=\"cs_CZ\" \/>\n<meta property=\"og:type\" content=\"article\" \/>\n<meta property=\"og:title\" content=\"MaxJax Europe | Everything you need to know about warranty on MaxJax\" \/>\n<meta property=\"og:description\" content=\"MaxJax Europe provides a stunning customer service, we will handle your warranty claims like no other. Take a look at our warranty service!\" \/>\n<meta property=\"og:url\" content=\"https:\/\/maxjax-europe.com\/cs\/warranty-information\/\" \/>\n<meta property=\"og:site_name\" content=\"MaxJax Europe\" \/>\n<meta property=\"article:modified_time\" content=\"2021-02-02T16:48:23+00:00\" \/>\n<meta name=\"twitter:card\" content=\"summary_large_image\" \/>\n<meta name=\"twitter:label1\" content=\"Odhadovan\u00e1 doba \u010dten\u00ed\" \/>\n\t<meta name=\"twitter:data1\" content=\"2 minuty\" \/>\n<script type=\"application\/ld+json\" class=\"yoast-schema-graph\">{\"@context\":\"https:\/\/schema.org\",\"@graph\":[{\"@type\":\"WebPage\",\"@id\":\"https:\/\/maxjax-europe.com\/cs\/warranty-information\/\",\"url\":\"https:\/\/maxjax-europe.com\/cs\/warranty-information\/\",\"name\":\"MaxJax Europe | Everything you need to know about warranty on MaxJax\",\"isPartOf\":{\"@id\":\"https:\/\/maxjax-europe.com\/#website\"},\"datePublished\":\"2021-01-15T13:37:01+00:00\",\"dateModified\":\"2021-02-02T16:48:23+00:00\",\"description\":\"MaxJax Europe provides a stunning customer service, we will handle your warranty claims like no other. Take a look at our warranty service!\",\"breadcrumb\":{\"@id\":\"https:\/\/maxjax-europe.com\/cs\/warranty-information\/#breadcrumb\"},\"inLanguage\":\"cs\",\"potentialAction\":[{\"@type\":\"ReadAction\",\"target\":[\"https:\/\/maxjax-europe.com\/cs\/warranty-information\/\"]}]},{\"@type\":\"BreadcrumbList\",\"@id\":\"https:\/\/maxjax-europe.com\/cs\/warranty-information\/#breadcrumb\",\"itemListElement\":[{\"@type\":\"ListItem\",\"position\":1,\"name\":\"Home\",\"item\":\"https:\/\/maxjax-europe.com\/\"},{\"@type\":\"ListItem\",\"position\":2,\"name\":\"Warranty information\"}]},{\"@type\":\"WebSite\",\"@id\":\"https:\/\/maxjax-europe.com\/#website\",\"url\":\"https:\/\/maxjax-europe.com\/\",\"name\":\"MaxJax Europe\",\"description\":\"Shop MaxJax Portable Two-Post Car Lift\",\"publisher\":{\"@id\":\"https:\/\/maxjax-europe.com\/#organization\"},\"potentialAction\":[{\"@type\":\"SearchAction\",\"target\":{\"@type\":\"EntryPoint\",\"urlTemplate\":\"https:\/\/maxjax-europe.com\/?s={search_term_string}\"},\"query-input\":{\"@type\":\"PropertyValueSpecification\",\"valueRequired\":true,\"valueName\":\"search_term_string\"}}],\"inLanguage\":\"cs\"},{\"@type\":\"Organization\",\"@id\":\"https:\/\/maxjax-europe.com\/#organization\",\"name\":\"MaxJax Europe\",\"url\":\"https:\/\/maxjax-europe.com\/\",\"logo\":{\"@type\":\"ImageObject\",\"inLanguage\":\"cs\",\"@id\":\"https:\/\/maxjax-europe.com\/#\/schema\/logo\/image\/\",\"url\":\"https:\/\/maxjax-europe.com\/wp-content\/uploads\/2021\/01\/cropped-EUB-1-1.png\",\"contentUrl\":\"https:\/\/maxjax-europe.com\/wp-content\/uploads\/2021\/01\/cropped-EUB-1-1.png\",\"width\":2266,\"height\":553,\"caption\":\"MaxJax Europe\"},\"image\":{\"@id\":\"https:\/\/maxjax-europe.com\/#\/schema\/logo\/image\/\"}}]}<\/script>\n<!-- \/ Yoast SEO plugin. -->","yoast_head_json":{"title":"MaxJax Europe | V\u0161e, co pot\u0159ebujete v\u011bd\u011bt o z\u00e1ruce na MaxJax","description":"MaxJax Europe poskytuje ohromuj\u00edc\u00ed z\u00e1kaznick\u00fd servis, va\u0161e reklamace vy\u0159\u00edd\u00edme jako nikdo jin\u00fd. Pod\u00edvejte se na n\u00e1\u0161 z\u00e1ru\u010dn\u00ed servis!","robots":{"index":"index","follow":"follow","max-snippet":"max-snippet:-1","max-image-preview":"max-image-preview:large","max-video-preview":"max-video-preview:-1"},"canonical":"https:\/\/maxjax-europe.com\/cs\/warranty-information\/","og_locale":"cs_CZ","og_type":"article","og_title":"MaxJax Europe | Everything you need to know about warranty on MaxJax","og_description":"MaxJax Europe provides a stunning customer service, we will handle your warranty claims like no other. Take a look at our warranty service!","og_url":"https:\/\/maxjax-europe.com\/cs\/warranty-information\/","og_site_name":"MaxJax Europe","article_modified_time":"2021-02-02T16:48:23+00:00","twitter_card":"summary_large_image","twitter_misc":{"Odhadovan\u00e1 doba \u010dten\u00ed":"2 minuty"},"schema":{"@context":"https:\/\/schema.org","@graph":[{"@type":"WebPage","@id":"https:\/\/maxjax-europe.com\/cs\/warranty-information\/","url":"https:\/\/maxjax-europe.com\/cs\/warranty-information\/","name":"MaxJax Europe | V\u0161e, co pot\u0159ebujete v\u011bd\u011bt o z\u00e1ruce na MaxJax","isPartOf":{"@id":"https:\/\/maxjax-europe.com\/#website"},"datePublished":"2021-01-15T13:37:01+00:00","dateModified":"2021-02-02T16:48:23+00:00","description":"MaxJax Europe poskytuje ohromuj\u00edc\u00ed z\u00e1kaznick\u00fd servis, va\u0161e reklamace vy\u0159\u00edd\u00edme jako nikdo jin\u00fd. Pod\u00edvejte se na n\u00e1\u0161 z\u00e1ru\u010dn\u00ed servis!","breadcrumb":{"@id":"https:\/\/maxjax-europe.com\/cs\/warranty-information\/#breadcrumb"},"inLanguage":"cs","potentialAction":[{"@type":"ReadAction","target":["https:\/\/maxjax-europe.com\/cs\/warranty-information\/"]}]},{"@type":"BreadcrumbList","@id":"https:\/\/maxjax-europe.com\/cs\/warranty-information\/#breadcrumb","itemListElement":[{"@type":"ListItem","position":1,"name":"Home","item":"https:\/\/maxjax-europe.com\/"},{"@type":"ListItem","position":2,"name":"Warranty information"}]},{"@type":"WebSite","@id":"https:\/\/maxjax-europe.com\/#website","url":"https:\/\/maxjax-europe.com\/","name":"MaxJax \u010cesk\u00e1 republika","description":"Nakupujte p\u0159enosn\u00fd dvousloupov\u00fd zved\u00e1k do auta MaxJax","publisher":{"@id":"https:\/\/maxjax-europe.com\/#organization"},"potentialAction":[{"@type":"SearchAction","target":{"@type":"EntryPoint","urlTemplate":"https:\/\/maxjax-europe.com\/?s={search_term_string}"},"query-input":{"@type":"PropertyValueSpecification","valueRequired":true,"valueName":"search_term_string"}}],"inLanguage":"cs"},{"@type":"Organization","@id":"https:\/\/maxjax-europe.com\/#organization","name":"MaxJax \u010cesk\u00e1 republika","url":"https:\/\/maxjax-europe.com\/","logo":{"@type":"ImageObject","inLanguage":"cs","@id":"https:\/\/maxjax-europe.com\/#\/schema\/logo\/image\/","url":"https:\/\/maxjax-europe.com\/wp-content\/uploads\/2021\/01\/cropped-EUB-1-1.png","contentUrl":"https:\/\/maxjax-europe.com\/wp-content\/uploads\/2021\/01\/cropped-EUB-1-1.png","width":2266,"height":553,"caption":"MaxJax Europe"},"image":{"@id":"https:\/\/maxjax-europe.com\/#\/schema\/logo\/image\/"}}]}},"jetpack_sharing_enabled":true,"_links":{"self":[{"href":"https:\/\/maxjax-europe.com\/cs\/wp-json\/wp\/v2\/pages\/4591","targetHints":{"allow":["GET"]}}],"collection":[{"href":"https:\/\/maxjax-europe.com\/cs\/wp-json\/wp\/v2\/pages"}],"about":[{"href":"https:\/\/maxjax-europe.com\/cs\/wp-json\/wp\/v2\/types\/page"}],"author":[{"embeddable":true,"href":"https:\/\/maxjax-europe.com\/cs\/wp-json\/wp\/v2\/users\/1"}],"replies":[{"embeddable":true,"href":"https:\/\/maxjax-europe.com\/cs\/wp-json\/wp\/v2\/comments?post=4591"}],"version-history":[{"count":8,"href":"https:\/\/maxjax-europe.com\/cs\/wp-json\/wp\/v2\/pages\/4591\/revisions"}],"predecessor-version":[{"id":4885,"href":"https:\/\/maxjax-europe.com\/cs\/wp-json\/wp\/v2\/pages\/4591\/revisions\/4885"}],"wp:attachment":[{"href":"https:\/\/maxjax-europe.com\/cs\/wp-json\/wp\/v2\/media?parent=4591"}],"curies":[{"name":"wp","href":"https:\/\/api.w.org\/{rel}","templated":true}]}}