{"id":4613,"date":"2021-01-15T13:55:56","date_gmt":"2021-01-15T13:55:56","guid":{"rendered":"https:\/\/maxjax-europe.com\/?page_id=4613"},"modified":"2021-02-01T16:47:30","modified_gmt":"2021-02-01T16:47:30","slug":"disclaimer","status":"publish","type":"page","link":"https:\/\/maxjax-europe.com\/cs\/disclaimer\/","title":{"rendered":"Z\u0159eknut\u00ed se odpov\u011bdnosti"},"content":{"rendered":"<p>\u00a9 2021 MaxJax, LLC, dce\u0159in\u00e1 spole\u010dnost spole\u010dnosti BendPak, Inc. Produkty MaxJax jsou chr\u00e1n\u011bny jedn\u00edm nebo v\u00edce patenty ve Spojen\u00fdch st\u00e1tech, \u010c\u00edn\u011b, Evrop\u011b a dal\u0161\u00edch zem\u00edch. MaxJax Europe je sou\u010d\u00e1st\u00ed spole\u010dnosti LiftMotive, kter\u00e1 je evropsk\u00fdm dovozcem a distributorem portfolia produkt\u016f BendPak. Spole\u010dnosti MaxJax Europe a LiftMotive pokra\u010duj\u00ed v prosazov\u00e1n\u00ed a zvy\u0161ov\u00e1n\u00ed standard\u016f excelence prost\u0159ednictv\u00edm na\u0161ich strategick\u00fdch partnerstv\u00ed s profesion\u00e1ly v automobilov\u00e9m pr\u016fmyslu v cel\u00e9 Evrop\u011b. Jako p\u0159\u00edm\u00fd evropsk\u00fd dovozce maj\u00ed MaxJax Europe a LiftMotive jedine\u010dnou pozici, aby na\u0161im z\u00e1kazn\u00edk\u016fm poskytovaly nejni\u017e\u0161\u00ed dodan\u00e9 ceny a bezkonkuren\u010dn\u00ed poprodejn\u00ed podporu. MaxJax Europe je nez\u00e1visl\u00fdm extern\u00edm dodavatelem a nen\u00ed z\u00e1stupcem ani spole\u010dn\u00fdm podnikem BendPak ani MaxJax.<\/p>","protected":false},"excerpt":{"rendered":"<p>\u00a92021 MaxJax, LLC, a subsidiary of BendPak, Inc. MaxJax products are protected by one or more patents in the United States, China, Europe, and other countries. MaxJax Europe is a part of LiftMotive which is an European importer and distributor of BendPak\u2019s portfolio of products. MaxJax Europe and LiftMotive continue to pursue and elevate the<br \/><a class=\"more-link\" href=\"https:\/\/maxjax-europe.com\/cs\/disclaimer\/\"><br \/>\n        Read More<span class=\"screen-reader-text\"> &#8220;Disclaimer&#8221;<\/span><\/a><\/p>","protected":false},"author":1,"featured_media":0,"parent":0,"menu_order":0,"comment_status":"closed","ping_status":"closed","template":"","meta":{"footnotes":""},"class_list":["post-4613","page","type-page","status-publish","hentry","badges-style-2"],"yoast_head":"<!-- This site is optimized with the Yoast SEO plugin v27.1.1 - https:\/\/yoast.com\/product\/yoast-seo-wordpress\/ -->\n<title>Disclaimer - MaxJax Europe<\/title>\n<meta name=\"robots\" content=\"index, follow, max-snippet:-1, max-image-preview:large, max-video-preview:-1\" \/>\n<link rel=\"canonical\" href=\"https:\/\/maxjax-europe.com\/cs\/disclaimer\/\" \/>\n<meta property=\"og:locale\" content=\"cs_CZ\" \/>\n<meta property=\"og:type\" content=\"article\" \/>\n<meta property=\"og:title\" content=\"Disclaimer - MaxJax Europe\" \/>\n<meta property=\"og:description\" content=\"\u00a92021 MaxJax, LLC, a subsidiary of BendPak, Inc. MaxJax products are protected by one or more patents in the United States, China, Europe, and other countries. MaxJax Europe is a part of LiftMotive which is an European importer and distributor of BendPak\u2019s portfolio of products. MaxJax Europe and LiftMotive continue to pursue and elevate the     Read More &quot;Disclaimer&quot;\" \/>\n<meta property=\"og:url\" content=\"https:\/\/maxjax-europe.com\/cs\/disclaimer\/\" \/>\n<meta property=\"og:site_name\" content=\"MaxJax Europe\" \/>\n<meta property=\"article:modified_time\" content=\"2021-02-01T16:47:30+00:00\" \/>\n<meta name=\"twitter:card\" content=\"summary_large_image\" \/>\n<meta name=\"twitter:label1\" content=\"Odhadovan\u00e1 doba \u010dten\u00ed\" \/>\n\t<meta name=\"twitter:data1\" content=\"1 minuta\" \/>\n<script type=\"application\/ld+json\" class=\"yoast-schema-graph\">{\"@context\":\"https:\/\/schema.org\",\"@graph\":[{\"@type\":\"WebPage\",\"@id\":\"https:\/\/maxjax-europe.com\/sv\/disclaimer\/\",\"url\":\"https:\/\/maxjax-europe.com\/sv\/disclaimer\/\",\"name\":\"Disclaimer - MaxJax Europe\",\"isPartOf\":{\"@id\":\"https:\/\/maxjax-europe.com\/#website\"},\"datePublished\":\"2021-01-15T13:55:56+00:00\",\"dateModified\":\"2021-02-01T16:47:30+00:00\",\"breadcrumb\":{\"@id\":\"https:\/\/maxjax-europe.com\/sv\/disclaimer\/#breadcrumb\"},\"inLanguage\":\"cs\",\"potentialAction\":[{\"@type\":\"ReadAction\",\"target\":[\"https:\/\/maxjax-europe.com\/sv\/disclaimer\/\"]}]},{\"@type\":\"BreadcrumbList\",\"@id\":\"https:\/\/maxjax-europe.com\/sv\/disclaimer\/#breadcrumb\",\"itemListElement\":[{\"@type\":\"ListItem\",\"position\":1,\"name\":\"Home\",\"item\":\"https:\/\/maxjax-europe.com\/\"},{\"@type\":\"ListItem\",\"position\":2,\"name\":\"Disclaimer\"}]},{\"@type\":\"WebSite\",\"@id\":\"https:\/\/maxjax-europe.com\/#website\",\"url\":\"https:\/\/maxjax-europe.com\/\",\"name\":\"MaxJax Europe\",\"description\":\"Shop MaxJax Portable Two-Post Car Lift\",\"publisher\":{\"@id\":\"https:\/\/maxjax-europe.com\/#organization\"},\"potentialAction\":[{\"@type\":\"SearchAction\",\"target\":{\"@type\":\"EntryPoint\",\"urlTemplate\":\"https:\/\/maxjax-europe.com\/?s={search_term_string}\"},\"query-input\":{\"@type\":\"PropertyValueSpecification\",\"valueRequired\":true,\"valueName\":\"search_term_string\"}}],\"inLanguage\":\"cs\"},{\"@type\":\"Organization\",\"@id\":\"https:\/\/maxjax-europe.com\/#organization\",\"name\":\"MaxJax Europe\",\"url\":\"https:\/\/maxjax-europe.com\/\",\"logo\":{\"@type\":\"ImageObject\",\"inLanguage\":\"cs\",\"@id\":\"https:\/\/maxjax-europe.com\/#\/schema\/logo\/image\/\",\"url\":\"https:\/\/maxjax-europe.com\/wp-content\/uploads\/2021\/01\/cropped-EUB-1-1.png\",\"contentUrl\":\"https:\/\/maxjax-europe.com\/wp-content\/uploads\/2021\/01\/cropped-EUB-1-1.png\",\"width\":2266,\"height\":553,\"caption\":\"MaxJax Europe\"},\"image\":{\"@id\":\"https:\/\/maxjax-europe.com\/#\/schema\/logo\/image\/\"}}]}<\/script>\n<!-- \/ Yoast SEO plugin. -->","yoast_head_json":{"title":"Z\u0159eknut\u00ed se odpov\u011bdnosti - MaxJax Europe","robots":{"index":"index","follow":"follow","max-snippet":"max-snippet:-1","max-image-preview":"max-image-preview:large","max-video-preview":"max-video-preview:-1"},"canonical":"https:\/\/maxjax-europe.com\/cs\/disclaimer\/","og_locale":"cs_CZ","og_type":"article","og_title":"Disclaimer - MaxJax Europe","og_description":"\u00a92021 MaxJax, LLC, a subsidiary of BendPak, Inc. MaxJax products are protected by one or more patents in the United States, China, Europe, and other countries. MaxJax Europe is a part of LiftMotive which is an European importer and distributor of BendPak\u2019s portfolio of products. MaxJax Europe and LiftMotive continue to pursue and elevate the     Read More \"Disclaimer\"","og_url":"https:\/\/maxjax-europe.com\/cs\/disclaimer\/","og_site_name":"MaxJax Europe","article_modified_time":"2021-02-01T16:47:30+00:00","twitter_card":"summary_large_image","twitter_misc":{"Odhadovan\u00e1 doba \u010dten\u00ed":"1 minuta"},"schema":{"@context":"https:\/\/schema.org","@graph":[{"@type":"WebPage","@id":"https:\/\/maxjax-europe.com\/sv\/disclaimer\/","url":"https:\/\/maxjax-europe.com\/sv\/disclaimer\/","name":"Z\u0159eknut\u00ed se odpov\u011bdnosti - MaxJax Europe","isPartOf":{"@id":"https:\/\/maxjax-europe.com\/#website"},"datePublished":"2021-01-15T13:55:56+00:00","dateModified":"2021-02-01T16:47:30+00:00","breadcrumb":{"@id":"https:\/\/maxjax-europe.com\/sv\/disclaimer\/#breadcrumb"},"inLanguage":"cs","potentialAction":[{"@type":"ReadAction","target":["https:\/\/maxjax-europe.com\/sv\/disclaimer\/"]}]},{"@type":"BreadcrumbList","@id":"https:\/\/maxjax-europe.com\/sv\/disclaimer\/#breadcrumb","itemListElement":[{"@type":"ListItem","position":1,"name":"Home","item":"https:\/\/maxjax-europe.com\/"},{"@type":"ListItem","position":2,"name":"Disclaimer"}]},{"@type":"WebSite","@id":"https:\/\/maxjax-europe.com\/#website","url":"https:\/\/maxjax-europe.com\/","name":"MaxJax \u010cesk\u00e1 republika","description":"Nakupujte p\u0159enosn\u00fd dvousloupov\u00fd zved\u00e1k do auta MaxJax","publisher":{"@id":"https:\/\/maxjax-europe.com\/#organization"},"potentialAction":[{"@type":"SearchAction","target":{"@type":"EntryPoint","urlTemplate":"https:\/\/maxjax-europe.com\/?s={search_term_string}"},"query-input":{"@type":"PropertyValueSpecification","valueRequired":true,"valueName":"search_term_string"}}],"inLanguage":"cs"},{"@type":"Organization","@id":"https:\/\/maxjax-europe.com\/#organization","name":"MaxJax \u010cesk\u00e1 republika","url":"https:\/\/maxjax-europe.com\/","logo":{"@type":"ImageObject","inLanguage":"cs","@id":"https:\/\/maxjax-europe.com\/#\/schema\/logo\/image\/","url":"https:\/\/maxjax-europe.com\/wp-content\/uploads\/2021\/01\/cropped-EUB-1-1.png","contentUrl":"https:\/\/maxjax-europe.com\/wp-content\/uploads\/2021\/01\/cropped-EUB-1-1.png","width":2266,"height":553,"caption":"MaxJax Europe"},"image":{"@id":"https:\/\/maxjax-europe.com\/#\/schema\/logo\/image\/"}}]}},"jetpack_sharing_enabled":true,"_links":{"self":[{"href":"https:\/\/maxjax-europe.com\/cs\/wp-json\/wp\/v2\/pages\/4613","targetHints":{"allow":["GET"]}}],"collection":[{"href":"https:\/\/maxjax-europe.com\/cs\/wp-json\/wp\/v2\/pages"}],"about":[{"href":"https:\/\/maxjax-europe.com\/cs\/wp-json\/wp\/v2\/types\/page"}],"author":[{"embeddable":true,"href":"https:\/\/maxjax-europe.com\/cs\/wp-json\/wp\/v2\/users\/1"}],"replies":[{"embeddable":true,"href":"https:\/\/maxjax-europe.com\/cs\/wp-json\/wp\/v2\/comments?post=4613"}],"version-history":[{"count":5,"href":"https:\/\/maxjax-europe.com\/cs\/wp-json\/wp\/v2\/pages\/4613\/revisions"}],"predecessor-version":[{"id":4880,"href":"https:\/\/maxjax-europe.com\/cs\/wp-json\/wp\/v2\/pages\/4613\/revisions\/4880"}],"wp:attachment":[{"href":"https:\/\/maxjax-europe.com\/cs\/wp-json\/wp\/v2\/media?parent=4613"}],"curies":[{"name":"wp","href":"https:\/\/api.w.org\/{rel}","templated":true}]}}