{"id":4618,"date":"2021-01-15T13:56:29","date_gmt":"2021-01-15T13:56:29","guid":{"rendered":"https:\/\/maxjax-europe.com\/?page_id=4618"},"modified":"2021-01-15T14:04:16","modified_gmt":"2021-01-15T14:04:16","slug":"privacy-policy","status":"publish","type":"page","link":"https:\/\/maxjax-europe.com\/cs\/privacy-policy\/","title":{"rendered":"Z\u00e1sady ochrany osobn\u00edch \u00fadaj\u016f"},"content":{"rendered":"<h1 class=\"wp-block-heading\">Z\u00e1sady ochrany osobn\u00edch \u00fadaj\u016f pro QuickJack Netherlands BV<\/h1>\n\n\n\n<p>Ve spole\u010dnosti MaxJax Europe, p\u0159\u00edstupn\u00e9 z https:\/\/Maxjax-europe.com\/, je jednou z na\u0161ich hlavn\u00edch priorit soukrom\u00ed na\u0161ich n\u00e1v\u0161t\u011bvn\u00edk\u016f. Tento dokument Z\u00e1sady ochrany osobn\u00edch \u00fadaj\u016f obsahuje typy informac\u00ed, kter\u00e9 MaxJax shroma\u017e\u010fuje a zaznamen\u00e1v\u00e1, a jak je pou\u017e\u00edv\u00e1me.<\/p>\n\n\n\n<p>Pokud m\u00e1te dal\u0161\u00ed dotazy nebo pot\u0159ebujete v\u00edce informac\u00ed o na\u0161ich z\u00e1sad\u00e1ch ochrany osobn\u00edch \u00fadaj\u016f, nev\u00e1hejte n\u00e1s kontaktovat.<\/p>\n\n\n\n<p>Tyto z\u00e1sady ochrany osobn\u00edch \u00fadaj\u016f se vztahuj\u00ed pouze na na\u0161e online aktivity a jsou platn\u00e9 pro n\u00e1v\u0161t\u011bvn\u00edky na\u0161ich webov\u00fdch str\u00e1nek, pokud jde o informace, kter\u00e9 sd\u00edleli a \/ nebo shroma\u017e\u010fovali v MaxJax. Tyto z\u00e1sady se nevztahuj\u00ed na \u017e\u00e1dn\u00e9 informace shrom\u00e1\u017ed\u011bn\u00e9 offline nebo prost\u0159ednictv\u00edm jin\u00fdch kan\u00e1l\u016f ne\u017e tohoto webu.<\/p>\n\n\n\n<h2 class=\"wp-block-heading\">Souhlas<\/h2>\n\n\n\n<p>Pou\u017e\u00edv\u00e1n\u00edm na\u0161ich webov\u00fdch str\u00e1nek souhlas\u00edte s na\u0161imi z\u00e1sadami ochrany osobn\u00edch \u00fadaj\u016f a souhlas\u00edte s jejich podm\u00ednkami.<\/p>\n\n\n\n<h2 class=\"wp-block-heading\">Informace, kter\u00e9 shroma\u017e\u010fujeme<\/h2>\n\n\n\n<p>Osobn\u00ed \u00fadaje, kter\u00e9 jste po\u017e\u00e1d\u00e1ni o poskytnut\u00ed, a d\u016fvody, pro\u010d jste po\u017e\u00e1d\u00e1ni o jejich poskytnut\u00ed, v\u00e1m budou objasn\u011bny v okam\u017eiku, kdy v\u00e1s po\u017e\u00e1d\u00e1me o poskytnut\u00ed va\u0161ich osobn\u00edch \u00fadaj\u016f.<\/p>\n\n\n\n<p>Pokud n\u00e1s kontaktujete p\u0159\u00edmo, m\u016f\u017eeme o v\u00e1s obdr\u017eet dal\u0161\u00ed informace, jako je va\u0161e jm\u00e9no, e-mailov\u00e1 adresa, telefonn\u00ed \u010d\u00edslo, obsah zpr\u00e1vy nebo p\u0159\u00edlohy, kter\u00e9 n\u00e1m m\u016f\u017eete zaslat, a dal\u0161\u00ed informace, kter\u00e9 se rozhodnete poskytnout.<\/p>\n\n\n\n<p>Kdy\u017e se zaregistrujete k \u00fa\u010dtu, m\u016f\u017eeme po\u017eadovat va\u0161e kontaktn\u00ed informace, v\u010detn\u011b polo\u017eek, jako je jm\u00e9no, n\u00e1zev spole\u010dnosti, adresa, e-mailov\u00e1 adresa a telefonn\u00ed \u010d\u00edslo.<\/p>\n\n\n\n<h2 class=\"wp-block-heading\">Jak pou\u017e\u00edv\u00e1me va\u0161e informace<\/h2>\n\n\n\n<p>Informace, kter\u00e9 shroma\u017e\u010fujeme, pou\u017e\u00edv\u00e1me r\u016fzn\u00fdmi zp\u016fsoby, mimo jin\u00e9 k:<\/p>\n\n\n\n<ul class=\"wp-block-list\"><li>Poskytujte, provozujte a udr\u017eujte na\u0161i webovou str\u00e1nku<\/li><li>Vylep\u0161ujte, personalizujte a roz\u0161i\u0159ujte n\u00e1\u0161 webste<\/li><li>Pochopte a analyzujte, jak pou\u017e\u00edv\u00e1te na\u0161i webovou str\u00e1nku<\/li><li>Vyv\u00edjejte nov\u00e9 produkty, slu\u017eby, funkce a funkce<\/li><li>Komunikujte s v\u00e1mi, bu\u010f p\u0159\u00edmo, nebo prost\u0159ednictv\u00edm jednoho z na\u0161ich partner\u016f, mimo jin\u00e9 za \u00fa\u010delem podpory z\u00e1kazn\u00edk\u016f, abychom v\u00e1m poskytli aktualizace a dal\u0161\u00ed informace t\u00fdkaj\u00edc\u00ed se webov\u00e9 str\u00e1nky, a pro marketingov\u00e9 a propaga\u010dn\u00ed \u00fa\u010dely<\/li><li>Zas\u00edlat v\u00e1m e-maily<\/li><li>Najd\u011bte a p\u0159edch\u00e1zejte podvod\u016fm<\/li><\/ul>\n\n\n\n<h2 class=\"wp-block-heading\">Z\u00e1znam soubor\u016f<\/h2>\n\n\n\n<p>MaxJax dodr\u017euje standardn\u00ed postup p\u0159i pou\u017e\u00edv\u00e1n\u00ed soubor\u016f protokolu. Tyto soubory zaznamen\u00e1vaj\u00ed n\u00e1v\u0161t\u011bvn\u00edky p\u0159i n\u00e1v\u0161t\u011bv\u011b webov\u00fdch str\u00e1nek. To d\u011blaj\u00ed v\u0161echny hostingov\u00e9 spole\u010dnosti a sou\u010d\u00e1st analytiky hostingov\u00fdch slu\u017eeb. Mezi informace shrom\u00e1\u017ed\u011bn\u00e9 soubory protokolu pat\u0159\u00ed adresy internetov\u00e9ho protokolu (IP), typ prohl\u00ed\u017ee\u010de, poskytovatel internetov\u00fdch slu\u017eeb (ISP), datum a \u010das, odkazuj\u00edc\u00ed \/ v\u00fdstupn\u00ed str\u00e1nky a p\u0159\u00edpadn\u011b po\u010det kliknut\u00ed. Nejsou spojeny s \u017e\u00e1dn\u00fdmi informacemi, kter\u00e9 lze osobn\u011b identifikovat. \u00da\u010delem t\u011bchto informac\u00ed je anal\u00fdza trend\u016f, spr\u00e1va webu, sledov\u00e1n\u00ed pohybu u\u017eivatel\u016f na webu a shroma\u017e\u010fov\u00e1n\u00ed demografick\u00fdch informac\u00ed. Na\u0161e z\u00e1sady ochrany osobn\u00edch \u00fadaj\u016f byly vytvo\u0159eny pomoc\u00ed\u00a0<a href=\"https:\/\/www.privacypolicygenerator.info\/\">Gener\u00e1tor z\u00e1sad ochrany osobn\u00edch \u00fadaj\u016f<\/a>\u00a0a\u00a0<a href=\"https:\/\/www.privacypolicytemplate.net\/\">\u0160ablona z\u00e1sad ochrany osobn\u00edch \u00fadaj\u016f<\/a>.<\/p>\n\n\n\n<h2 class=\"wp-block-heading\">Soubory cookie a webov\u00e9 maj\u00e1ky<\/h2>\n\n\n\n<p>Jako ka\u017ed\u00e1 jin\u00e1 webov\u00e1 str\u00e1nka, i Maxjax pou\u017e\u00edv\u00e1 \u201ecookies\u201c. Tyto soubory cookie se pou\u017e\u00edvaj\u00ed k ukl\u00e1d\u00e1n\u00ed informac\u00ed, v\u010detn\u011b preferenc\u00ed n\u00e1v\u0161t\u011bvn\u00edk\u016f, a str\u00e1nek na webu, ke kter\u00fdm n\u00e1v\u0161t\u011bvn\u00edk p\u0159istupoval nebo je nav\u0161t\u00edvil. Tyto informace se pou\u017e\u00edvaj\u00ed k optimalizaci z\u00e1\u017eitku u\u017eivatel\u016f p\u0159izp\u016fsoben\u00edm obsahu na\u0161\u00ed webov\u00e9 str\u00e1nky na z\u00e1klad\u011b typu prohl\u00ed\u017ee\u010de n\u00e1v\u0161t\u011bvn\u00edka a \/ nebo jin\u00fdch informac\u00ed.<\/p>\n\n\n\n<h2 class=\"wp-block-heading\">Soubor cookie Google DoubleClick DART<\/h2>\n\n\n\n<p>Google je na na\u0161em webu jedn\u00edm z dodavatel\u016f t\u0159et\u00edch stran. Pou\u017e\u00edv\u00e1 tak\u00e9 soubory cookie, zn\u00e1m\u00e9 jako soubory cookie DART, k poskytov\u00e1n\u00ed reklam n\u00e1v\u0161t\u011bvn\u00edk\u016fm na\u0161ich str\u00e1nek na z\u00e1klad\u011b jejich n\u00e1v\u0161t\u011bvy www.website.com a dal\u0161\u00edch str\u00e1nek na internetu. N\u00e1v\u0161t\u011bvn\u00edci se v\u0161ak mohou rozhodnout odm\u00edtnout pou\u017e\u00edv\u00e1n\u00ed soubor\u016f cookie DART tak, \u017ee nav\u0161t\u00edv\u00ed z\u00e1sady ochrany osobn\u00edch \u00fadaj\u016f reklamn\u00ed a obsahov\u00e9 s\u00edt\u011b Google na n\u00e1sleduj\u00edc\u00ed adrese URL -&nbsp;<a href=\"https:\/\/policies.google.com\/technologies\/ads\">https:\/\/policies.google.com\/technologies\/ads<\/a><\/p>\n\n\n\n<h2 class=\"wp-block-heading\">Z\u00e1sady ochrany osobn\u00edch \u00fadaj\u016f reklamn\u00edch partner\u016f<\/h2>\n\n\n\n<p>V tomto seznamu najdete z\u00e1sady ochrany osobn\u00edch \u00fadaj\u016f pro ka\u017ed\u00e9ho z reklamn\u00edch partner\u016f spole\u010dnosti MaxJax.<\/p>\n\n\n\n<p>Reklamn\u00ed servery nebo reklamn\u00ed s\u00edt\u011b t\u0159et\u00edch stran pou\u017e\u00edvaj\u00ed technologie, jako jsou soubory cookie, JavaScript nebo Web Beacons, kter\u00e9 se pou\u017e\u00edvaj\u00ed v jejich p\u0159\u00edslu\u0161n\u00fdch reklam\u00e1ch a odkazech, kter\u00e9 se zobrazuj\u00ed na MaxJax, a kter\u00e9 se odes\u00edlaj\u00ed p\u0159\u00edmo do prohl\u00ed\u017ee\u010de u\u017eivatel\u016f. Kdy\u017e k tomu dojde, automaticky obdr\u017e\u00ed va\u0161i IP adresu. Tyto technologie se pou\u017e\u00edvaj\u00ed k m\u011b\u0159en\u00ed efektivity jejich reklamn\u00edch kampan\u00ed a \/ nebo k p\u0159izp\u016fsoben\u00ed reklamn\u00edho obsahu, kter\u00fd vid\u00edte na nav\u0161t\u00edven\u00fdch webov\u00fdch str\u00e1nk\u00e1ch.<\/p>\n\n\n\n<p>Upozor\u0148ujeme, \u017ee MaxJax nem\u00e1 p\u0159\u00edstup ani kontrolu nad t\u011bmito soubory cookie, kter\u00e9 pou\u017e\u00edvaj\u00ed inzerenti t\u0159et\u00edch stran.<\/p>\n\n\n\n<h2 class=\"wp-block-heading\">Z\u00e1sady ochrany osobn\u00edch \u00fadaj\u016f t\u0159et\u00edch stran<\/h2>\n\n\n\n<p>Z\u00e1sady ochrany osobn\u00edch \u00fadaj\u016f MaxJax se nevztahuj\u00ed na jin\u00e9 inzerenty nebo webov\u00e9 str\u00e1nky. Doporu\u010dujeme v\u00e1m proto konzultovat p\u0159\u00edslu\u0161n\u00e9 z\u00e1sady ochrany osobn\u00edch \u00fadaj\u016f t\u011bchto reklamn\u00edch server\u016f t\u0159et\u00edch stran, kde z\u00edsk\u00e1te podrobn\u011bj\u0161\u00ed informace. M\u016f\u017ee zahrnovat jejich postupy a pokyny, jak se odhl\u00e1sit z ur\u010dit\u00fdch mo\u017enost\u00ed. \u00dapln\u00fd seznam t\u011bchto z\u00e1sad ochrany osobn\u00edch \u00fadaj\u016f a jejich odkaz\u016f naleznete zde: Odkazy na z\u00e1sady ochrany osobn\u00edch \u00fadaj\u016f.<\/p>\n\n\n\n<p>Soubory cookie m\u016f\u017eete zak\u00e1zat prost\u0159ednictv\u00edm sv\u00fdch individu\u00e1ln\u00edch mo\u017enost\u00ed prohl\u00ed\u017ee\u010de. Chcete-li zn\u00e1t podrobn\u011bj\u0161\u00ed informace o spr\u00e1v\u011b soubor\u016f cookie u konkr\u00e9tn\u00edch webov\u00fdch prohl\u00ed\u017ee\u010d\u016f, najdete je na p\u0159\u00edslu\u0161n\u00fdch webov\u00fdch str\u00e1nk\u00e1ch p\u0159\u00edslu\u0161n\u00fdch prohl\u00ed\u017ee\u010d\u016f. Co jsou soubory cookie?<\/p>\n\n\n\n<h2 class=\"wp-block-heading\">Pr\u00e1va na ochranu osobn\u00edch \u00fadaj\u016f CCPA (neprod\u00e1vat m\u00e9 osobn\u00ed \u00fadaje)<\/h2>\n\n\n\n<p>Podle CCPA maj\u00ed kaliforn\u0161t\u00ed spot\u0159ebitel\u00e9 mimo jin\u00e9 pr\u00e1va na:<\/p>\n\n\n\n<p>Po\u017e\u00e1dejte, aby podnik, kter\u00fd shroma\u017e\u010fuje osobn\u00ed \u00fadaje spot\u0159ebitele, zve\u0159ejnil kategorie a konkr\u00e9tn\u00ed \u010d\u00e1sti osobn\u00edch \u00fadaj\u016f, kter\u00e9 podnik o spot\u0159ebitel\u00edch shrom\u00e1\u017edil.<\/p>\n\n\n\n<p>Po\u017e\u00e1dejte spole\u010dnost, aby odstranila ve\u0161ker\u00e9 osobn\u00ed \u00fadaje o spot\u0159ebiteli, kter\u00e9 podnik shrom\u00e1\u017edil.<\/p>\n\n\n\n<p>\u017d\u00e1dejte, aby spole\u010dnost prod\u00e1vaj\u00edc\u00ed osobn\u00ed \u00fadaje spot\u0159ebitele prod\u00e1vala osobn\u00ed \u00fadaje spot\u0159ebitele.<\/p>\n\n\n\n<p>Pokud pod\u00e1te \u017e\u00e1dost, m\u00e1me jeden m\u011bs\u00edc, abychom v\u00e1m odpov\u011bd\u011bli. Chcete-li n\u011bkter\u00e1 z t\u011bchto pr\u00e1v uplatnit, kontaktujte n\u00e1s.<\/p>\n\n\n\n<h2 class=\"wp-block-heading\">Pr\u00e1va na ochranu \u00fadaj\u016f GDPR<\/h2>\n\n\n\n<p>R\u00e1di bychom se ujistili, \u017ee jste si pln\u011b v\u011bdomi v\u0161ech sv\u00fdch pr\u00e1v na ochranu \u00fadaj\u016f. Ka\u017ed\u00fd u\u017eivatel m\u00e1 n\u00e1rok na:<\/p>\n\n\n\n<p>Pr\u00e1vo na p\u0159\u00edstup - M\u00e1te pr\u00e1vo po\u017eadovat kopie va\u0161ich osobn\u00edch \u00fadaj\u016f. Za tuto slu\u017ebu v\u00e1m m\u016f\u017eeme \u00fa\u010dtovat mal\u00fd poplatek.<\/p>\n\n\n\n<p>Pr\u00e1vo na opravu - M\u00e1te pr\u00e1vo po\u017eadovat, abychom opravili ve\u0161ker\u00e9 informace, kter\u00e9 pova\u017eujete za nep\u0159esn\u00e9. M\u00e1te tak\u00e9 pr\u00e1vo po\u017eadovat, abychom vyplnili informace, kter\u00e9 pova\u017eujete za ne\u00fapln\u00e9.<\/p>\n\n\n\n<p>Pr\u00e1vo na v\u00fdmaz - M\u00e1te pr\u00e1vo po\u017eadovat, abychom za ur\u010dit\u00fdch podm\u00ednek vymazali va\u0161e osobn\u00ed \u00fadaje.<\/p>\n\n\n\n<p>Pr\u00e1vo na omezen\u00ed zpracov\u00e1n\u00ed - M\u00e1te pr\u00e1vo po\u017eadovat, abychom za ur\u010dit\u00fdch podm\u00ednek omezili zpracov\u00e1n\u00ed va\u0161ich osobn\u00edch \u00fadaj\u016f.<\/p>\n\n\n\n<p>Pr\u00e1vo vzn\u00e9st n\u00e1mitku proti zpracov\u00e1n\u00ed - M\u00e1te pr\u00e1vo za ur\u010dit\u00fdch podm\u00ednek vzn\u00e9st n\u00e1mitku proti na\u0161emu zpracov\u00e1n\u00ed va\u0161ich osobn\u00edch \u00fadaj\u016f.<\/p>\n\n\n\n<p>Pr\u00e1vo na p\u0159enositelnost \u00fadaj\u016f - M\u00e1te pr\u00e1vo po\u017eadovat, abychom za ur\u010dit\u00fdch podm\u00ednek p\u0159enesli \u00fadaje, kter\u00e9 jsme shrom\u00e1\u017edili, do jin\u00e9 organizace nebo p\u0159\u00edmo k v\u00e1m.<\/p>\n\n\n\n<p>Pokud pod\u00e1te \u017e\u00e1dost, m\u00e1me jeden m\u011bs\u00edc, abychom v\u00e1m odpov\u011bd\u011bli. Chcete-li n\u011bkter\u00e1 z t\u011bchto pr\u00e1v uplatnit, kontaktujte n\u00e1s.<\/p>\n\n\n\n<h2 class=\"wp-block-heading\">Informace o d\u011btech<\/h2>\n\n\n\n<p>Dal\u0161\u00ed sou\u010d\u00e1st\u00ed na\u0161\u00ed priority je p\u0159id\u00e1n\u00ed ochrany d\u011bt\u00ed p\u0159i pou\u017e\u00edv\u00e1n\u00ed internetu. Doporu\u010dujeme rodi\u010d\u016fm a z\u00e1konn\u00fdm z\u00e1stupc\u016fm, aby sledovali, \u00fa\u010dastnili se a \/ nebo sledovali a \u0159\u00eddili jejich online aktivity.<\/p>\n\n\n\n<p>MaxJax v\u011bdom\u011b neshroma\u017e\u010fuje \u017e\u00e1dn\u00e9 osobn\u00ed identifikovateln\u00e9 informace od d\u011bt\u00ed mlad\u0161\u00edch 13 let. Pokud si mysl\u00edte, \u017ee va\u0161e d\u00edt\u011b poskytlo tento druh informac\u00ed na na\u0161ich webov\u00fdch str\u00e1nk\u00e1ch, d\u016frazn\u011b v\u00e1m doporu\u010dujeme, abyste n\u00e1s okam\u017eit\u011b kontaktovali a my se vynasna\u017e\u00edme neprodlen\u011b odstranit tyto informace z na\u0161ich z\u00e1znam\u016f.<\/p>","protected":false},"excerpt":{"rendered":"<p>Privacy Policy for QuickJack Netherlands B.V. At MaxJax Europe, accessible from https:\/\/Maxjax-europe.com\/, one of our main priorities is the privacy of our visitors. This Privacy Policy document contains types of information that is collected and recorded by MaxJax and how we use it. If you have additional questions or require more information about our Privacy<br \/><a class=\"more-link\" href=\"https:\/\/maxjax-europe.com\/cs\/privacy-policy\/\"><br \/>\n        Read More<span class=\"screen-reader-text\"> &#8220;Privacy policy&#8221;<\/span><\/a><\/p>","protected":false},"author":1,"featured_media":0,"parent":0,"menu_order":0,"comment_status":"closed","ping_status":"closed","template":"","meta":{"footnotes":""},"class_list":["post-4618","page","type-page","status-publish","hentry","badges-style-2"],"yoast_head":"<!-- This site is optimized with the Yoast SEO plugin v27.1.1 - https:\/\/yoast.com\/product\/yoast-seo-wordpress\/ -->\n<title>Privacy policy - MaxJax Europe<\/title>\n<meta name=\"robots\" content=\"index, follow, max-snippet:-1, max-image-preview:large, max-video-preview:-1\" \/>\n<link rel=\"canonical\" href=\"https:\/\/maxjax-europe.com\/cs\/privacy-policy\/\" \/>\n<meta property=\"og:locale\" content=\"cs_CZ\" \/>\n<meta property=\"og:type\" content=\"article\" \/>\n<meta property=\"og:title\" content=\"Privacy policy - MaxJax Europe\" \/>\n<meta property=\"og:description\" content=\"Privacy Policy for QuickJack Netherlands B.V. At MaxJax Europe, accessible from https:\/\/Maxjax-europe.com\/, one of our main priorities is the privacy of our visitors. This Privacy Policy document contains types of information that is collected and recorded by MaxJax and how we use it. If you have additional questions or require more information about our Privacy     Read More &quot;Privacy policy&quot;\" \/>\n<meta property=\"og:url\" content=\"https:\/\/maxjax-europe.com\/cs\/privacy-policy\/\" \/>\n<meta property=\"og:site_name\" content=\"MaxJax Europe\" \/>\n<meta property=\"article:modified_time\" content=\"2021-01-15T14:04:16+00:00\" \/>\n<meta name=\"twitter:card\" content=\"summary_large_image\" \/>\n<meta name=\"twitter:label1\" content=\"Odhadovan\u00e1 doba \u010dten\u00ed\" \/>\n\t<meta name=\"twitter:data1\" content=\"6 minut\" \/>\n<script type=\"application\/ld+json\" class=\"yoast-schema-graph\">{\"@context\":\"https:\/\/schema.org\",\"@graph\":[{\"@type\":\"WebPage\",\"@id\":\"https:\/\/maxjax-europe.com\/fr\/privacy-policy\/\",\"url\":\"https:\/\/maxjax-europe.com\/fr\/privacy-policy\/\",\"name\":\"Privacy policy - MaxJax Europe\",\"isPartOf\":{\"@id\":\"https:\/\/maxjax-europe.com\/#website\"},\"datePublished\":\"2021-01-15T13:56:29+00:00\",\"dateModified\":\"2021-01-15T14:04:16+00:00\",\"breadcrumb\":{\"@id\":\"https:\/\/maxjax-europe.com\/fr\/privacy-policy\/#breadcrumb\"},\"inLanguage\":\"cs\",\"potentialAction\":[{\"@type\":\"ReadAction\",\"target\":[\"https:\/\/maxjax-europe.com\/fr\/privacy-policy\/\"]}]},{\"@type\":\"BreadcrumbList\",\"@id\":\"https:\/\/maxjax-europe.com\/fr\/privacy-policy\/#breadcrumb\",\"itemListElement\":[{\"@type\":\"ListItem\",\"position\":1,\"name\":\"Home\",\"item\":\"https:\/\/maxjax-europe.com\/\"},{\"@type\":\"ListItem\",\"position\":2,\"name\":\"Privacy policy\"}]},{\"@type\":\"WebSite\",\"@id\":\"https:\/\/maxjax-europe.com\/#website\",\"url\":\"https:\/\/maxjax-europe.com\/\",\"name\":\"MaxJax Europe\",\"description\":\"Shop MaxJax Portable Two-Post Car Lift\",\"publisher\":{\"@id\":\"https:\/\/maxjax-europe.com\/#organization\"},\"potentialAction\":[{\"@type\":\"SearchAction\",\"target\":{\"@type\":\"EntryPoint\",\"urlTemplate\":\"https:\/\/maxjax-europe.com\/?s={search_term_string}\"},\"query-input\":{\"@type\":\"PropertyValueSpecification\",\"valueRequired\":true,\"valueName\":\"search_term_string\"}}],\"inLanguage\":\"cs\"},{\"@type\":\"Organization\",\"@id\":\"https:\/\/maxjax-europe.com\/#organization\",\"name\":\"MaxJax Europe\",\"url\":\"https:\/\/maxjax-europe.com\/\",\"logo\":{\"@type\":\"ImageObject\",\"inLanguage\":\"cs\",\"@id\":\"https:\/\/maxjax-europe.com\/#\/schema\/logo\/image\/\",\"url\":\"https:\/\/maxjax-europe.com\/wp-content\/uploads\/2021\/01\/cropped-EUB-1-1.png\",\"contentUrl\":\"https:\/\/maxjax-europe.com\/wp-content\/uploads\/2021\/01\/cropped-EUB-1-1.png\",\"width\":2266,\"height\":553,\"caption\":\"MaxJax Europe\"},\"image\":{\"@id\":\"https:\/\/maxjax-europe.com\/#\/schema\/logo\/image\/\"}}]}<\/script>\n<!-- \/ Yoast SEO plugin. -->","yoast_head_json":{"title":"Z\u00e1sady ochrany osobn\u00edch \u00fadaj\u016f - MaxJax Europe","robots":{"index":"index","follow":"follow","max-snippet":"max-snippet:-1","max-image-preview":"max-image-preview:large","max-video-preview":"max-video-preview:-1"},"canonical":"https:\/\/maxjax-europe.com\/cs\/privacy-policy\/","og_locale":"cs_CZ","og_type":"article","og_title":"Privacy policy - MaxJax Europe","og_description":"Privacy Policy for QuickJack Netherlands B.V. At MaxJax Europe, accessible from https:\/\/Maxjax-europe.com\/, one of our main priorities is the privacy of our visitors. This Privacy Policy document contains types of information that is collected and recorded by MaxJax and how we use it. If you have additional questions or require more information about our Privacy     Read More \"Privacy policy\"","og_url":"https:\/\/maxjax-europe.com\/cs\/privacy-policy\/","og_site_name":"MaxJax Europe","article_modified_time":"2021-01-15T14:04:16+00:00","twitter_card":"summary_large_image","twitter_misc":{"Odhadovan\u00e1 doba \u010dten\u00ed":"6 minut"},"schema":{"@context":"https:\/\/schema.org","@graph":[{"@type":"WebPage","@id":"https:\/\/maxjax-europe.com\/fr\/privacy-policy\/","url":"https:\/\/maxjax-europe.com\/fr\/privacy-policy\/","name":"Z\u00e1sady ochrany osobn\u00edch \u00fadaj\u016f - MaxJax Europe","isPartOf":{"@id":"https:\/\/maxjax-europe.com\/#website"},"datePublished":"2021-01-15T13:56:29+00:00","dateModified":"2021-01-15T14:04:16+00:00","breadcrumb":{"@id":"https:\/\/maxjax-europe.com\/fr\/privacy-policy\/#breadcrumb"},"inLanguage":"cs","potentialAction":[{"@type":"ReadAction","target":["https:\/\/maxjax-europe.com\/fr\/privacy-policy\/"]}]},{"@type":"BreadcrumbList","@id":"https:\/\/maxjax-europe.com\/fr\/privacy-policy\/#breadcrumb","itemListElement":[{"@type":"ListItem","position":1,"name":"Home","item":"https:\/\/maxjax-europe.com\/"},{"@type":"ListItem","position":2,"name":"Privacy policy"}]},{"@type":"WebSite","@id":"https:\/\/maxjax-europe.com\/#website","url":"https:\/\/maxjax-europe.com\/","name":"MaxJax \u010cesk\u00e1 republika","description":"Nakupujte p\u0159enosn\u00fd dvousloupov\u00fd zved\u00e1k do auta MaxJax","publisher":{"@id":"https:\/\/maxjax-europe.com\/#organization"},"potentialAction":[{"@type":"SearchAction","target":{"@type":"EntryPoint","urlTemplate":"https:\/\/maxjax-europe.com\/?s={search_term_string}"},"query-input":{"@type":"PropertyValueSpecification","valueRequired":true,"valueName":"search_term_string"}}],"inLanguage":"cs"},{"@type":"Organization","@id":"https:\/\/maxjax-europe.com\/#organization","name":"MaxJax \u010cesk\u00e1 republika","url":"https:\/\/maxjax-europe.com\/","logo":{"@type":"ImageObject","inLanguage":"cs","@id":"https:\/\/maxjax-europe.com\/#\/schema\/logo\/image\/","url":"https:\/\/maxjax-europe.com\/wp-content\/uploads\/2021\/01\/cropped-EUB-1-1.png","contentUrl":"https:\/\/maxjax-europe.com\/wp-content\/uploads\/2021\/01\/cropped-EUB-1-1.png","width":2266,"height":553,"caption":"MaxJax Europe"},"image":{"@id":"https:\/\/maxjax-europe.com\/#\/schema\/logo\/image\/"}}]}},"jetpack_sharing_enabled":true,"_links":{"self":[{"href":"https:\/\/maxjax-europe.com\/cs\/wp-json\/wp\/v2\/pages\/4618","targetHints":{"allow":["GET"]}}],"collection":[{"href":"https:\/\/maxjax-europe.com\/cs\/wp-json\/wp\/v2\/pages"}],"about":[{"href":"https:\/\/maxjax-europe.com\/cs\/wp-json\/wp\/v2\/types\/page"}],"author":[{"embeddable":true,"href":"https:\/\/maxjax-europe.com\/cs\/wp-json\/wp\/v2\/users\/1"}],"replies":[{"embeddable":true,"href":"https:\/\/maxjax-europe.com\/cs\/wp-json\/wp\/v2\/comments?post=4618"}],"version-history":[{"count":3,"href":"https:\/\/maxjax-europe.com\/cs\/wp-json\/wp\/v2\/pages\/4618\/revisions"}],"predecessor-version":[{"id":4626,"href":"https:\/\/maxjax-europe.com\/cs\/wp-json\/wp\/v2\/pages\/4618\/revisions\/4626"}],"wp:attachment":[{"href":"https:\/\/maxjax-europe.com\/cs\/wp-json\/wp\/v2\/media?parent=4618"}],"curies":[{"name":"wp","href":"https:\/\/api.w.org\/{rel}","templated":true}]}}