{"id":3637,"date":"2017-06-07T11:00:28","date_gmt":"2017-06-07T11:00:28","guid":{"rendered":"http:\/\/demo.woothemes.com\/woocommerce\/?post_type=product&#038;p=40"},"modified":"2025-07-08T03:36:46","modified_gmt":"2025-07-08T03:36:46","slug":"rst-1ws","status":"publish","type":"product","link":"https:\/\/maxjax-europe.com\/cs\/produkt\/rst-1ws\/","title":{"rendered":"Rolovac\u00ed pracovn\u00ed sedadlo RST-1WS"},"content":{"rendered":"<p>V\u00edce pohodl\u00ed, lep\u0161\u00ed dr\u017een\u00ed t\u011bla p\u0159i pr\u00e1ci pod MaxJax<\/p>\n<p>P\u0159enosn\u00fd dvousloupov\u00fd zved\u00e1k MaxJax m\u00e1 maxim\u00e1ln\u00ed v\u00fd\u0161ku zdvihu asi 46 palc\u016f (pokud je pou\u017e\u00edv\u00e1n pouze se sestavou zvedac\u00ed podlo\u017eky). Pokud pracujete na projektu po del\u0161\u00ed dobu, mo\u017en\u00e1 budete cht\u00edt zv\u00e1\u017eit m\u00fdtn\u00e9, kter\u00e9 plat\u00ed pro va\u0161e t\u011blo. Pr\u00e1ce v pohodln\u00e9, svisl\u00e9 poloze mimo nohy sni\u017euje stres a umo\u017e\u0148uje v\u00e1m d\u011blat tu nejlep\u0161\u00ed pr\u00e1ci. To je m\u00edsto, kde p\u0159ich\u00e1z\u00ed rolovac\u00ed pracovn\u00ed sedadlo Ranger Products\u00ae RST-1WS. Toto rolovac\u00ed pracovn\u00ed sedadlo sni\u017euje nam\u00e1h\u00e1n\u00ed zad a je vybaveno integrovan\u00fdm z\u00e1sobn\u00edkem n\u00e1stroj\u016f, kter\u00fd je um\u00edst\u011bn t\u011bsn\u011b pod polstrovan\u00fdm pol\u0161t\u00e1\u0159em a z\u016fst\u00e1v\u00e1 s v\u00e1mi, a\u0165 jste kdekoli. Pokud ji\u017e podnik\u00e1te s v\u00fdtahem MaxJax, zva\u017ete k objedn\u00e1vce p\u0159id\u00e1n\u00ed pracovn\u00edho sedadla, zvl\u00e1\u0161t\u011b pokud vy nebo va\u0161i kolegov\u00e9 mechanici d\u00e1vaj\u00ed p\u0159ednost pr\u00e1ci bl\u00ed\u017ee k zemi.<\/p>\n<p>&nbsp;<\/p>\n<p>zes\u00edlen\u00fd \u010derven\u00fd vinyl nata\u017een\u00fd na tvrd\u00e9 p\u011bnov\u00e9 podlo\u017ece obsahuje tento pohodln\u00fd pol\u0161t\u00e1\u0159, kter\u00fd v\u00e1m sn\u00ed\u017e\u00ed tlak na z\u00e1da. Praktick\u00fd podnos pod sedadlo z\u00e1rove\u0148 zaji\u0161\u0165uje, \u017ee v\u0161echny va\u0161e n\u00e1stroje jsou v\u017edy jen na kr\u00e1tkou vzd\u00e1lenost. Robustn\u00ed konstrukce z 1 \u201cocelov\u00e9 trubky a oto\u010dn\u00e1 kole\u010dka s kuli\u010dkov\u00fdmi lo\u017eisky zaji\u0161\u0165uj\u00ed, \u017ee se budete po dlouhou dobu stylov\u011b v\u00e1let. Jd\u011bte do toho, vykopn\u011bte star\u00e9 pracovn\u00ed sedadlo a upgradujte na vrchol designu a pohodl\u00ed servisn\u00edho vybaven\u00ed.<\/p>\n<p>Hled\u00e1te to prav\u00e9 sedac\u00ed p\u0159\u00edslu\u0161enstv\u00ed MaxJax? Pod\u00edvejte se na sedadlo Skl\u00e1p\u011bc\u00ed li\u0161ty.<\/p>\n<ul>\n<li>Polstrovan\u00fd vinylov\u00fd pol\u0161t\u00e1\u0159 se silnou z\u00e1t\u011b\u017e\u00ed<\/li>\n<li>Pracujte efektivn\u011bji<\/li>\n<li>Zm\u00edr\u0148uje bolesti zad<\/li>\n<li>Perfektn\u00ed pro pr\u00e1ce s koly \/ servis<\/li>\n<li>4 oto\u010dn\u00e1 kole\u010dka s kuli\u010dkov\u00fdmi lo\u017eisky<\/li>\n<li>Zahrnuje praktick\u00fd podnos pod sedadlo<\/li>\n<\/ul>\n<table width=\"825\">\n<tbody>\n<tr>\n<td><strong>rozm\u011bry produktu<\/strong><\/td>\n<td>14,25 palce (\u0160) x 14,75 palce (V) x 14,75 palce (H) (362 mm x 375 mm x 375 mm)<\/td>\n<\/tr>\n<tr>\n<td><strong>Rozm\u011bry podlo\u017eky<\/strong><\/td>\n<td>14,25 palce (\u0160) x 2 palce (V) x 7,5 palce (H) (362 mm x 51 mm x 191 mm)<\/td>\n<\/tr>\n<tr>\n<td><strong>Ocelov\u00e9 trubky<\/strong><\/td>\n<td>1 &quot;(25 m)<\/td>\n<\/tr>\n<tr>\n<td><strong>Oto\u010dn\u00e1 kole\u010dka<\/strong><\/td>\n<td>2,5 palce (64 mm)<\/td>\n<\/tr>\n<tr>\n<td><strong>P\u0159epravn\u00ed hmotnost<\/strong><\/td>\n<td>16 liber. (7 kg)<\/td>\n<\/tr>\n<tr>\n<td><strong>P\u0159epravn\u00ed rozm\u011bry<\/strong><\/td>\n<td>17 \u2033 x 17 \u2033 x 5 \u2033 (431 mm x 431 mm x 127 mm)<\/td>\n<\/tr>\n<\/tbody>\n<\/table>","protected":false},"excerpt":{"rendered":"<p>Pohybujte se voln\u011b pod vozidlem zvednut\u00fdm na MaxJaxu a pracujte na sv\u00fdch projektech v pohodln\u00e9 poloze s rolovac\u00edm pracovn\u00edm sedlem Ranger\u00ae RST-1WS. Zahrnuje polstrovan\u00fd pol\u0161t\u00e1\u0159, podnos na n\u00e1\u0159ad\u00ed pod sedadlem a \u010dty\u0159i kole\u010dka s kuli\u010dkov\u00fdmi lo\u017eisky.<\/p>","protected":false},"featured_media":4463,"comment_status":"open","ping_status":"closed","template":"","meta":[],"product_brand":[],"product_cat":[65],"product_tag":[],"class_list":{"0":"post-3637","1":"product","2":"type-product","3":"status-publish","4":"has-post-thumbnail","6":"product_cat-maxjax","7":"product_shipping_class-accessory","8":"product-custom-label-money-back-garanty","9":"product-custom-label-extended-warranty","10":"product-custom-label-1-4-days-delivery","11":"badges-style-2","13":"first","14":"instock","15":"taxable","16":"shipping-taxable","17":"purchasable","18":"product-type-simple"},"yoast_head":"<!-- This site is optimized with the Yoast SEO plugin v27.1.1 - https:\/\/yoast.com\/product\/yoast-seo-wordpress\/ -->\n<title>RST-1WS Rolling Work Seat - MaxJax Europe<\/title>\n<meta name=\"robots\" content=\"index, follow, max-snippet:-1, max-image-preview:large, max-video-preview:-1\" \/>\n<link rel=\"canonical\" href=\"https:\/\/maxjax-europe.com\/cs\/produkt\/rst-1ws\/\" \/>\n<meta property=\"og:locale\" content=\"cs_CZ\" \/>\n<meta property=\"og:type\" content=\"article\" \/>\n<meta property=\"og:title\" content=\"RST-1WS Rolling Work Seat - MaxJax Europe\" \/>\n<meta property=\"og:description\" content=\"Move freely under your vehicle lifted on the MaxJax and work on your projects in a comfortable position with the Ranger\u00ae RST-1WS Rolling Work Seat. Includes padded cushion, under-seat tool tray, and four ball-bearing casters.\" \/>\n<meta property=\"og:url\" content=\"https:\/\/maxjax-europe.com\/cs\/produkt\/rst-1ws\/\" \/>\n<meta property=\"og:site_name\" content=\"MaxJax Europe\" \/>\n<meta property=\"article:modified_time\" content=\"2025-07-08T03:36:46+00:00\" \/>\n<meta property=\"og:image\" content=\"https:\/\/maxjax-europe.com\/wp-content\/uploads\/2017\/06\/ranger-rst-1ws-work-seat-with-tools.jpg\" \/>\n\t<meta property=\"og:image:width\" content=\"1200\" \/>\n\t<meta property=\"og:image:height\" content=\"800\" \/>\n\t<meta property=\"og:image:type\" content=\"image\/jpeg\" \/>\n<meta name=\"twitter:card\" content=\"summary_large_image\" \/>\n<meta name=\"twitter:label1\" content=\"Odhadovan\u00e1 doba \u010dten\u00ed\" \/>\n\t<meta name=\"twitter:data1\" content=\"2 minuty\" \/>\n<script type=\"application\/ld+json\" class=\"yoast-schema-graph\">{\"@context\":\"https:\/\/schema.org\",\"@graph\":[{\"@type\":\"WebPage\",\"@id\":\"https:\/\/maxjax-europe.com\/product\/rst-1ws\/\",\"url\":\"https:\/\/maxjax-europe.com\/product\/rst-1ws\/\",\"name\":\"RST-1WS Rolling Work Seat - MaxJax Europe\",\"isPartOf\":{\"@id\":\"https:\/\/maxjax-europe.com\/#website\"},\"primaryImageOfPage\":{\"@id\":\"https:\/\/maxjax-europe.com\/product\/rst-1ws\/#primaryimage\"},\"image\":{\"@id\":\"https:\/\/maxjax-europe.com\/product\/rst-1ws\/#primaryimage\"},\"thumbnailUrl\":\"https:\/\/maxjax-europe.com\/wp-content\/uploads\/2017\/06\/ranger-rst-1ws-work-seat-with-tools.jpg\",\"datePublished\":\"2017-06-07T11:00:28+00:00\",\"dateModified\":\"2025-07-08T03:36:46+00:00\",\"breadcrumb\":{\"@id\":\"https:\/\/maxjax-europe.com\/product\/rst-1ws\/#breadcrumb\"},\"inLanguage\":\"cs\",\"potentialAction\":[{\"@type\":\"ReadAction\",\"target\":[\"https:\/\/maxjax-europe.com\/product\/rst-1ws\/\"]}]},{\"@type\":\"ImageObject\",\"inLanguage\":\"cs\",\"@id\":\"https:\/\/maxjax-europe.com\/product\/rst-1ws\/#primaryimage\",\"url\":\"https:\/\/maxjax-europe.com\/wp-content\/uploads\/2017\/06\/ranger-rst-1ws-work-seat-with-tools.jpg\",\"contentUrl\":\"https:\/\/maxjax-europe.com\/wp-content\/uploads\/2017\/06\/ranger-rst-1ws-work-seat-with-tools.jpg\",\"width\":1200,\"height\":800},{\"@type\":\"BreadcrumbList\",\"@id\":\"https:\/\/maxjax-europe.com\/product\/rst-1ws\/#breadcrumb\",\"itemListElement\":[{\"@type\":\"ListItem\",\"position\":1,\"name\":\"Home\",\"item\":\"https:\/\/maxjax-europe.com\/\"},{\"@type\":\"ListItem\",\"position\":2,\"name\":\"Shop\",\"item\":\"https:\/\/maxjax-europe.com\/it\/maxjax\/\"},{\"@type\":\"ListItem\",\"position\":3,\"name\":\"RST-1WS Rolling Work Seat\"}]},{\"@type\":\"WebSite\",\"@id\":\"https:\/\/maxjax-europe.com\/#website\",\"url\":\"https:\/\/maxjax-europe.com\/\",\"name\":\"MaxJax Europe\",\"description\":\"Shop MaxJax Portable Two-Post Car Lift\",\"publisher\":{\"@id\":\"https:\/\/maxjax-europe.com\/#organization\"},\"potentialAction\":[{\"@type\":\"SearchAction\",\"target\":{\"@type\":\"EntryPoint\",\"urlTemplate\":\"https:\/\/maxjax-europe.com\/?s={search_term_string}\"},\"query-input\":{\"@type\":\"PropertyValueSpecification\",\"valueRequired\":true,\"valueName\":\"search_term_string\"}}],\"inLanguage\":\"cs\"},{\"@type\":\"Organization\",\"@id\":\"https:\/\/maxjax-europe.com\/#organization\",\"name\":\"MaxJax Europe\",\"url\":\"https:\/\/maxjax-europe.com\/\",\"logo\":{\"@type\":\"ImageObject\",\"inLanguage\":\"cs\",\"@id\":\"https:\/\/maxjax-europe.com\/#\/schema\/logo\/image\/\",\"url\":\"https:\/\/maxjax-europe.com\/wp-content\/uploads\/2021\/01\/cropped-EUB-1-1.png\",\"contentUrl\":\"https:\/\/maxjax-europe.com\/wp-content\/uploads\/2021\/01\/cropped-EUB-1-1.png\",\"width\":2266,\"height\":553,\"caption\":\"MaxJax Europe\"},\"image\":{\"@id\":\"https:\/\/maxjax-europe.com\/#\/schema\/logo\/image\/\"}}]}<\/script>\n<!-- \/ Yoast SEO plugin. -->","yoast_head_json":{"title":"Rolovac\u00ed pracovn\u00ed sedadlo RST-1WS - MaxJax Europe","robots":{"index":"index","follow":"follow","max-snippet":"max-snippet:-1","max-image-preview":"max-image-preview:large","max-video-preview":"max-video-preview:-1"},"canonical":"https:\/\/maxjax-europe.com\/cs\/produkt\/rst-1ws\/","og_locale":"cs_CZ","og_type":"article","og_title":"RST-1WS Rolling Work Seat - MaxJax Europe","og_description":"Move freely under your vehicle lifted on the MaxJax and work on your projects in a comfortable position with the Ranger\u00ae RST-1WS Rolling Work Seat. Includes padded cushion, under-seat tool tray, and four ball-bearing casters.","og_url":"https:\/\/maxjax-europe.com\/cs\/produkt\/rst-1ws\/","og_site_name":"MaxJax Europe","article_modified_time":"2025-07-08T03:36:46+00:00","og_image":[{"width":1200,"height":800,"url":"https:\/\/maxjax-europe.com\/wp-content\/uploads\/2017\/06\/ranger-rst-1ws-work-seat-with-tools.jpg","type":"image\/jpeg"}],"twitter_card":"summary_large_image","twitter_misc":{"Odhadovan\u00e1 doba \u010dten\u00ed":"2 minuty"},"schema":{"@context":"https:\/\/schema.org","@graph":[{"@type":"WebPage","@id":"https:\/\/maxjax-europe.com\/product\/rst-1ws\/","url":"https:\/\/maxjax-europe.com\/product\/rst-1ws\/","name":"Rolovac\u00ed pracovn\u00ed sedadlo RST-1WS - MaxJax Europe","isPartOf":{"@id":"https:\/\/maxjax-europe.com\/#website"},"primaryImageOfPage":{"@id":"https:\/\/maxjax-europe.com\/product\/rst-1ws\/#primaryimage"},"image":{"@id":"https:\/\/maxjax-europe.com\/product\/rst-1ws\/#primaryimage"},"thumbnailUrl":"https:\/\/maxjax-europe.com\/wp-content\/uploads\/2017\/06\/ranger-rst-1ws-work-seat-with-tools.jpg","datePublished":"2017-06-07T11:00:28+00:00","dateModified":"2025-07-08T03:36:46+00:00","breadcrumb":{"@id":"https:\/\/maxjax-europe.com\/product\/rst-1ws\/#breadcrumb"},"inLanguage":"cs","potentialAction":[{"@type":"ReadAction","target":["https:\/\/maxjax-europe.com\/product\/rst-1ws\/"]}]},{"@type":"ImageObject","inLanguage":"cs","@id":"https:\/\/maxjax-europe.com\/product\/rst-1ws\/#primaryimage","url":"https:\/\/maxjax-europe.com\/wp-content\/uploads\/2017\/06\/ranger-rst-1ws-work-seat-with-tools.jpg","contentUrl":"https:\/\/maxjax-europe.com\/wp-content\/uploads\/2017\/06\/ranger-rst-1ws-work-seat-with-tools.jpg","width":1200,"height":800},{"@type":"BreadcrumbList","@id":"https:\/\/maxjax-europe.com\/product\/rst-1ws\/#breadcrumb","itemListElement":[{"@type":"ListItem","position":1,"name":"Home","item":"https:\/\/maxjax-europe.com\/"},{"@type":"ListItem","position":2,"name":"Shop","item":"https:\/\/maxjax-europe.com\/it\/maxjax\/"},{"@type":"ListItem","position":3,"name":"RST-1WS Rolling Work Seat"}]},{"@type":"WebSite","@id":"https:\/\/maxjax-europe.com\/#website","url":"https:\/\/maxjax-europe.com\/","name":"MaxJax \u010cesk\u00e1 republika","description":"Nakupujte p\u0159enosn\u00fd dvousloupov\u00fd zved\u00e1k do auta MaxJax","publisher":{"@id":"https:\/\/maxjax-europe.com\/#organization"},"potentialAction":[{"@type":"SearchAction","target":{"@type":"EntryPoint","urlTemplate":"https:\/\/maxjax-europe.com\/?s={search_term_string}"},"query-input":{"@type":"PropertyValueSpecification","valueRequired":true,"valueName":"search_term_string"}}],"inLanguage":"cs"},{"@type":"Organization","@id":"https:\/\/maxjax-europe.com\/#organization","name":"MaxJax \u010cesk\u00e1 republika","url":"https:\/\/maxjax-europe.com\/","logo":{"@type":"ImageObject","inLanguage":"cs","@id":"https:\/\/maxjax-europe.com\/#\/schema\/logo\/image\/","url":"https:\/\/maxjax-europe.com\/wp-content\/uploads\/2021\/01\/cropped-EUB-1-1.png","contentUrl":"https:\/\/maxjax-europe.com\/wp-content\/uploads\/2021\/01\/cropped-EUB-1-1.png","width":2266,"height":553,"caption":"MaxJax Europe"},"image":{"@id":"https:\/\/maxjax-europe.com\/#\/schema\/logo\/image\/"}}]}},"jetpack_sharing_enabled":true,"wcpa_form_fields":null,"_links":{"self":[{"href":"https:\/\/maxjax-europe.com\/cs\/wp-json\/wp\/v2\/product\/3637","targetHints":{"allow":["GET"]}}],"collection":[{"href":"https:\/\/maxjax-europe.com\/cs\/wp-json\/wp\/v2\/product"}],"about":[{"href":"https:\/\/maxjax-europe.com\/cs\/wp-json\/wp\/v2\/types\/product"}],"replies":[{"embeddable":true,"href":"https:\/\/maxjax-europe.com\/cs\/wp-json\/wp\/v2\/comments?post=3637"}],"wp:featuredmedia":[{"embeddable":true,"href":"https:\/\/maxjax-europe.com\/cs\/wp-json\/wp\/v2\/media\/4463"}],"wp:attachment":[{"href":"https:\/\/maxjax-europe.com\/cs\/wp-json\/wp\/v2\/media?parent=3637"}],"wp:term":[{"taxonomy":"product_brand","embeddable":true,"href":"https:\/\/maxjax-europe.com\/cs\/wp-json\/wp\/v2\/product_brand?post=3637"},{"taxonomy":"product_cat","embeddable":true,"href":"https:\/\/maxjax-europe.com\/cs\/wp-json\/wp\/v2\/product_cat?post=3637"},{"taxonomy":"product_tag","embeddable":true,"href":"https:\/\/maxjax-europe.com\/cs\/wp-json\/wp\/v2\/product_tag?post=3637"}],"curies":[{"name":"wp","href":"https:\/\/api.w.org\/{rel}","templated":true}]}}