{"id":3645,"date":"2021-01-01T12:00:12","date_gmt":"2021-01-01T12:00:12","guid":{"rendered":"http:\/\/demo.woothemes.com\/woocommerce\/?post_type=product&#038;p=99"},"modified":"2025-08-07T10:42:52","modified_gmt":"2025-08-07T10:42:52","slug":"maxjax-m7k","status":"publish","type":"product","link":"https:\/\/maxjax-europe.com\/cs\/produkt\/maxjax-m7k\/","title":{"rendered":"P\u0159enosn\u00fd dvousloupov\u00fd v\u00fdtah MaxJax M7K"},"content":{"rendered":"<div class=\"page-title-wrapper product\"><\/div>\n<h3>V\u00fdhody MaxJax<\/h3>\n<p>Jsou to funkce, kter\u00e9 z\u00edsk\u00e1te a kter\u00e9 odd\u011bluj\u00ed MaxJax od ostatn\u00edch. Ka\u017ed\u00e1 jednotka MaxJax m\u00e1 ty spr\u00e1vn\u00e9 vlastnosti, d\u00edky nim\u017e je tou nejlep\u0161\u00ed volbou p\u0159i hled\u00e1n\u00ed nov\u00e9ho automobilov\u00e9ho v\u00fdtahu. P\u0159e\u010dt\u011bte si dlouh\u00fd seznam funkc\u00ed, kter\u00e9 tento automobilov\u00fd v\u00fdtah nab\u00edz\u00ed, a snadno p\u0159ijdete na to, \u017ee MaxJax nen\u00ed oby\u010dejn\u00fd gar\u00e1\u017eov\u00fd v\u00fdtah.<\/p>\n<div class=\"row my-5 align-items-center text-center text-md-left\">\n<div class=\"col-md-4 mb-3 mb-md-0\"><img fetchpriority=\"high\" decoding=\"async\" class=\"img-fluid alignnone\" src=\"https:\/\/www.maxjax.com\/pub\/media\/images\/maxjax-two-post-lift-clear-undercar-access.jpg\" alt=\"MaxJax M6K\" width=\"600\" height=\"480\" \/><\/div>\n<div class=\"col-md-8\">\n<h4 class=\"mb-0\">Voln\u00fd p\u0159\u00edstup k podvozku<\/h4>\n<p>\u017d\u00e1dn\u00fd jin\u00fd zdvihac\u00ed syst\u00e9m s n\u00edzk\u00fdm nebo st\u0159edn\u00edm zdvihem neposkytuje v\u00edce prostoru pod vozidlem a podlahu bez jak\u00fdchkoli p\u0159ek\u00e1\u017eek, jako zdvihac\u00ed syst\u00e9m MaxJax. Nyn\u00ed m\u00e1te snadn\u00fd p\u0159\u00edstup ke spodn\u00ed stran\u011b motoru, p\u0159evodovk\u00e1m, hnac\u00edm h\u0159\u00eddel\u016fm, start\u00e9r\u016fm, diferenci\u00e1l\u016fm nebo \u010demukoli jin\u00e9mu, co vy\u017eaduje p\u0159\u00edstup pod automobilem.<\/p>\n<\/div>\n<\/div>\n<div class=\"row my-5 align-items-center text-center text-md-left\">\n<div class=\"col-md-4 mb-3 mb-md-0\"><img decoding=\"async\" class=\"img-fluid alignnone\" src=\"https:\/\/www.maxjax.com\/pub\/media\/images\/maxjax-two-post-lift-portable-columns.jpg\" alt=\"MaxJax M6K\" width=\"600\" height=\"480\" \/><\/div>\n<div class=\"col-md-8\">\n<h4 class=\"mb-0\">P\u0159enosnost<\/h4>\n<p>Dvousloupov\u00fd automobilov\u00fd zved\u00e1k s vestav\u011bn\u00fdmi kole\u010dky, kter\u00e1 v\u00e1m umo\u017en\u00ed pou\u017e\u00edvat zved\u00e1k, kdy\u017e jej pot\u0159ebujete, a pot\u00e9 jej d\u00e1t jednodu\u0161e stranou, pokud jej nepou\u017e\u00edv\u00e1te, a udr\u017eovat tak gar\u00e1\u017e i dr\u00e1hy pro vozidla \u010dist\u00e9.<\/p>\n<\/div>\n<\/div>\n<div class=\"row my-5 align-items-center text-center text-md-left\">\n<div class=\"col-md-4 mb-3 mb-md-0\"><img decoding=\"async\" class=\"img-fluid alignnone\" src=\"https:\/\/www.maxjax.com\/pub\/media\/images\/from-stow-to-go-maxjax-portable-two-post-lift.jpg\" alt=\"MaxJax M6K\" width=\"600\" height=\"480\" \/><\/div>\n<div class=\"col-md-8\">\n<h4 class=\"mb-0\">P\u0159ipraven k pou\u017eit\u00ed za m\u00e9n\u011b ne\u017e 15 minut<\/h4>\n<p>Zapu\u0161t\u011bn\u00e9 kotvy s vnit\u0159n\u00edm z\u00e1vitem a hydraulick\u00e9 rychlospojky pro p\u0159ipojen\u00ed\/odpojen\u00ed umo\u017e\u0148uj\u00ed rychl\u00e9 a jednoduch\u00e9 um\u00edst\u011bn\u00ed. UPOZORN\u011aN\u00cd: P\u0159ed vrt\u00e1n\u00edm do podlahy gar\u00e1\u017ee s nap\u00e1jec\u00ed kabel\u00e1\u017e\u00ed se v\u017edy pora\u010fte se stavebn\u00edm technikem, aby ur\u010dil polohu kabel\u016f a m\u00edsta, kter\u00fdm se p\u0159i vrt\u00e1n\u00ed vyhnout.<\/p>\n<\/div>\n<\/div>\n<div class=\"row my-5 align-items-center text-center text-md-left\">\n<div class=\"col-md-4 mb-3 mb-md-0\"><img loading=\"lazy\" decoding=\"async\" class=\"img-fluid alignnone\" src=\"https:\/\/www.maxjax.com\/pub\/media\/images\/maxjax-two-post-lift-flow-divider.jpg\" alt=\"MaxJax M6K\" width=\"600\" height=\"480\" \/><\/div>\n<div class=\"col-md-8\">\n<h4 class=\"mb-0\">Magick\u00e9 fungov\u00e1n\u00ed<\/h4>\n<p>Litinov\u00fd p\u0159evodov\u00fd d\u011bli\u010d toku je srdcem syst\u00e9mu MaxJax\u00ae a poskytuje p\u0159esn\u011b vyv\u00e1\u017een\u00e9 zved\u00e1n\u00ed. Speci\u00e1ln\u011b navr\u017een\u00fd d\u011bli\u010d toku je za\u0159\u00edzen\u00ed pro regulaci toku kapaliny s p\u0159esn\u00fdm rozd\u011blen\u00edm toku hydraulick\u00e9 energie z jednoho sloupu do druh\u00e9ho, i kdy\u017e se tlaky vyrovn\u00e1v\u00e1n\u00ed zat\u00ed\u017een\u00ed m\u011bn\u00ed.<\/p>\n<\/div>\n<\/div>\n<div class=\"row my-5 align-items-center text-center text-md-left\">\n<div class=\"col-md-4 mb-3 mb-md-0\"><img loading=\"lazy\" decoding=\"async\" class=\"img-fluid alignnone\" src=\"https:\/\/www.maxjax.com\/pub\/media\/images\/MaxJax-Power-Unit-Mobile-Cart-Product-Page.jpg\" alt=\"MaxJax M6K\" width=\"300\" height=\"200\" \/><\/div>\n<div class=\"col-md-8\">\n<h4 class=\"mb-0\">Voz\u00edk s p\u0159enosnou pohonnou jednotkou<\/h4>\n<p>N\u00e1\u0161 standardn\u00ed voz\u00edk s p\u0159enosnou pohonnou jednotkou je dostate\u010dn\u011b mal\u00fd, aby jej bylo mo\u017en\u00e9 d\u00e1t stranou, a obsahuje \u00falo\u017en\u00fd prostor pro hydraulick\u00e9 hadice. Hydraulick\u00e1 pohonn\u00e1 jednotka pou\u017e\u00edv\u00e1 jednof\u00e1zov\u00fd motor, kter\u00fd vy\u017eaduje st\u0159\u00eddav\u00e9 nap\u011bt\u00ed 208-240 V a 16(C) amp\u00e9rov\u00fd jisti\u010d. Pr\u016fmyslov\u00fd nap\u00e1jec\u00ed kabel je asi 6 stop (1,8 m) dlouh\u00fd. Pomoc\u00ed jednoduch\u00e9ho tla\u010d\u00edtkov\u00e9ho sp\u00edna\u010de se zved\u00e1k zdvih\u00e1 a spou\u0161t\u011bc\u00ed p\u00e1ka ovl\u00e1d\u00e1 spu\u0161t\u011bn\u00ed. Hadice s jednoduch\u00fdm a rychl\u00fdm odpojen\u00edm lze um\u00edstit snadno pro provoz s jedn\u00edm nebo dv\u011bma sloupy.<\/p>\n<\/div>\n<\/div>\n<div class=\"row my-5 align-items-center text-center text-md-left\">\n<div class=\"col-md-4 mb-3 mb-md-0\"><img loading=\"lazy\" decoding=\"async\" class=\"img-fluid alignnone\" src=\"https:\/\/www.maxjax.com\/pub\/media\/images\/maxjax-portable-lift-stackable-adapters.jpg\" alt=\"Zvedac\u00ed adapt\u00e9r\" width=\"600\" height=\"480\" \/><\/div>\n<div class=\"col-md-8\">\n<h4 class=\"mb-0\">Nastaviteln\u00e1 zdvihac\u00ed ramena a stohovateln\u00e9 adapt\u00e9ry<\/h4>\n<p>Roz\u0161i\u0159uje celkovou polohu ramen pro zved\u00e1n\u00ed r\u016fzn\u00fdch vozidel, kter\u00e1 maj\u00ed konstrukci s Uni-karoseri\u00ed, m\u00edsta pro zdvih\u00e1n\u00ed doporu\u010den\u00e1 p\u016fvodn\u00edm v\u00fdrobcem za\u0159\u00edzen\u00ed nebo konfiguraci \u0161irok\u00e9ho a\/nebo \u00fazk\u00e9ho r\u00e1mu.\u00a0<strong>Every MaxJax M7K order includes four (4) medium height adapters and four (4) stackable standard lift pad adapters.<\/strong><\/p>\n<p><a class=\"grid-link\" href=\"https:\/\/www.maxjax.com\/accessories\/tall-adapters\/\">Sady vysok\u00fdch adapt\u00e9r\u016f jsou voliteln\u00fdm p\u0159\u00edslu\u0161enstv\u00edm<\/a><\/p>\n<\/div>\n<\/div>\n<div class=\"row my-5 align-items-center text-center text-md-left\">\n<div class=\"col-md-4 mb-3 mb-md-0\"><img loading=\"lazy\" decoding=\"async\" class=\"img-fluid alignnone\" src=\"https:\/\/www.maxjax.com\/pub\/media\/images\/low-clearance-two-post-lift-maxjax.jpg\" alt=\"N\u00edzkoprofilov\u00e9 zbran\u011b\" width=\"600\" height=\"480\" \/><\/div>\n<div class=\"col-md-8\">\n<h4 class=\"mb-0\">N\u00edzkoprofilov\u00e1 ramena<\/h4>\n<p>Vejde se pod nejni\u017e\u0161\u00ed kompaktn\u00ed a sportovn\u00ed vozidla nebo upraven\u00e9 motocykly se sn\u00ed\u017een\u00fdm r\u00e1mem.<\/p>\n<\/div>\n<\/div>\n<div class=\"row my-5 align-items-center text-center text-md-left\">\n<div class=\"col-md-4 mb-3 mb-md-0\"><img loading=\"lazy\" decoding=\"async\" class=\"img-fluid alignnone\" src=\"https:\/\/www.maxjax.com\/pub\/media\/images\/maxjax-automatic-arm-restraints.jpg\" alt=\"MaxJax M6K\" width=\"600\" height=\"480\" \/><\/div>\n<div class=\"col-md-8\">\n<h4 class=\"mb-0\">Automatick\u00e9 zar\u00e1\u017eky ramen<\/h4>\n<p>Ka\u017ed\u00e9 rameno je vybaveno odoln\u00fdmi zar\u00e1\u017ekami ramen, kter\u00e9 se p\u0159i ka\u017ed\u00e9m zdvihu zved\u00e1ku automaticky aktivuj\u00ed. Kdy\u017e je zved\u00e1k spu\u0161t\u011bn, ozuben\u00e9 zar\u00e1\u017eky ramen se automaticky uvoln\u00ed, aby bylo zaji\u0161t\u011bno snadn\u00e9 um\u00edst\u011bn\u00ed zdvihac\u00edch ramen.<\/p>\n<\/div>\n<\/div>\n<div class=\"row my-5 align-items-center text-center text-md-left\">\n<div class=\"col-md-4 mb-3 mb-md-0\"><img loading=\"lazy\" decoding=\"async\" class=\"img-fluid alignnone\" src=\"https:\/\/www.maxjax.com\/pub\/media\/images\/MaxJax-Maintenance-free-slide-blocks-Product-Page.jpg\" alt=\"MaxJax M6K\" width=\"300\" height=\"200\" \/><\/div>\n<div class=\"col-md-8\">\n<h4 class=\"mb-0\">Bez\u00fadr\u017ebov\u00e9 kluzn\u00e9 bloky<\/h4>\n<p>Sp\u00ed\u0161e ne\u017e pou\u017e\u00edvat valiv\u00e1 lo\u017eiska, kter\u00e1 vy\u017eaduj\u00ed neust\u00e1l\u00e9 maz\u00e1n\u00ed a \u00fadr\u017ebu, pou\u017e\u00edv\u00e1me futuristick\u00e1 pln\u011b plovouc\u00ed UHMW ultra vysokomolekul\u00e1rn\u00ed polyetylenov\u00e1 lo\u017eiska, kter\u00e1 nikdy nepot\u0159ebuj\u00ed maz\u00e1n\u00ed a vydr\u017e\u00ed prakticky po celou dobu \u017eivotnosti v\u00fdtahu.<\/p>\n<\/div>\n<\/div>\n<div class=\"row my-5 align-items-center text-center text-md-left\">\n<div class=\"col-md-4 mb-3 mb-md-0\"><img loading=\"lazy\" decoding=\"async\" class=\"img-fluid alignnone\" src=\"https:\/\/www.maxjax.com\/pub\/media\/images\/MaxJax-M6-Portable-Car-Lift-Automatic-Safety-Lock-Product-Page.jpg\" alt=\"Bezpe\u010dnostn\u00ed z\u00e1mek\" width=\"300\" height=\"200\" \/><\/div>\n<div class=\"col-md-8\">\n<h4 class=\"mb-0\">Jednod\u00edln\u00e9 sloupy<\/h4>\n<p>Z\u00e1m\u011brn\u011b vyr\u00e1b\u00edme sloupy pomoc\u00ed jednod\u00edln\u00e9 konstrukce pro v\u011bt\u0161\u00ed pevnost a men\u0161\u00ed \u00fanavu p\u0159i vysok\u00e9m zat\u00ed\u017een\u00ed.<\/p>\n<\/div>\n<\/div>\n<div class=\"row my-5 align-items-center text-center text-md-left\">\n<div class=\"col-md-4 mb-3 mb-md-0\"><img loading=\"lazy\" decoding=\"async\" class=\"img-fluid alignnone\" src=\"https:\/\/www.maxjax.com\/pub\/media\/images\/MaxJax-Direct-Drive-Hydraulic-Cylinders-Product-Page.jpg\" alt=\"hydraulick\u00fd v\u00e1lec\" width=\"300\" height=\"200\" \/><\/div>\n<div class=\"col-md-8\">\n<h4 class=\"mb-0\">Technologie Direct-Drive<\/h4>\n<p>Pou\u017eit\u00edm dvou n\u00edzkotlak\u00fdch v\u00e1lc\u016f HVLP Direct-Drive jsme eliminovali pot\u0159ebu zvedac\u00edch \u0159et\u011bz\u016f nebo \u0161roubov\u00fdch mechanism\u016f, kter\u00e9 se nej\u010dast\u011bji vyskytuj\u00ed u jin\u00fdch konstrukc\u00ed v\u00fdtah\u016f. Technologie HVLP Direct-Drive nab\u00edz\u00ed lep\u0161\u00ed spolehlivost, plynulej\u0161\u00ed provoz a m\u00e9n\u011b \u00fadr\u017eby.<\/p>\n<\/div>\n<\/div>\n<div class=\"row my-5 align-items-center text-center text-md-left\">\n<div class=\"col-md-4 mb-3 mb-md-0\"><img loading=\"lazy\" decoding=\"async\" class=\"img-fluid alignnone\" src=\"https:\/\/www.maxjax.com\/pub\/media\/images\/MaxJax-Industrial-Grade-Hydraulic-Cylinder-Product-Page.jpg\" alt=\"hydraulick\u00fd v\u00e1lec\" width=\"300\" height=\"200\" \/><\/div>\n<div class=\"col-md-8\">\n<h4 class=\"mb-0\">Pr\u016fmyslov\u00e9 hydraulick\u00e9 v\u00e1lce<\/h4>\n<p>Do ka\u017ed\u00e9ho hydraulick\u00e9ho v\u00e1lce MaxJax\u00ae je integrov\u00e1n jednod\u00edln\u00fd, pilotn\u011b namontovan\u00fd, opracovan\u00fd ocelov\u00fd p\u00edst zabalen\u00fd se speci\u00e1ln\u011b navr\u017een\u00fdmi, tlakem zat\u00ed\u017een\u00fdmi t\u011bsn\u011bn\u00edmi p\u00edstu U-cup, op\u011brami a opot\u0159ebiteln\u00fdmi p\u00e1sy, kter\u00e9 prakticky eliminuj\u00ed obtok kapaliny. Mikrohladk\u00e1 chromovan\u00e1 ty\u010d je vyrobena z vysoce legovan\u00e9, brou\u0161en\u00e9 a le\u0161t\u011bn\u00e9 mikrolegovan\u00e9 oceli C-1045\/50 a pokoven\u00e1 diametr\u00e1ln\u011b na minim\u00e1ln\u011b 0,001 palce, aby byl zaji\u0161t\u011bn vynikaj\u00edc\u00ed provoz a \u017eivotnost v\u00e1lce.<\/p>\n<\/div>\n<\/div>\n<div class=\"row my-5 align-items-center text-center text-md-left\">\n<div class=\"col-md-4 mb-3 mb-md-0\"><img loading=\"lazy\" decoding=\"async\" class=\"img-fluid alignnone\" src=\"https:\/\/www.maxjax.com\/pub\/media\/images\/MaxJax-Motorcycle-ATV-Adapter-Optional-Kit-Product-Page.jpg\" alt=\"MaxJax M6K\" width=\"300\" height=\"200\" \/><\/div>\n<div class=\"col-md-8\">\n<h4 class=\"mb-0\">Dva zved\u00e1ky v jednom<\/h4>\n<p>Na\u0161e voliteln\u00e1 sada adapt\u00e9ru pro motocykl v\u00e1m umo\u017e\u0148uje bezpe\u010dn\u011b zdvihat motocykly, \u010dty\u0159kolky \u010di jin\u00e1 motorov\u00e1 vozidla do pohodln\u00e9 pracovn\u00ed v\u00fd\u0161ky.<\/p>\n<\/div>\n<p><a href=\"https:\/\/maxjax-europe.com\/cs\/specifications\/\">Zde naleznete v\u0161echny specifikace<\/a><\/p>\n<\/div>","protected":false},"excerpt":{"rendered":"<p><strong>P\u0159enosn\u00fd automobilov\u00fd v\u00fdtah<\/strong><\/p>\n<p>3.175KG Capacity<\/p>\n<p>For convenience, portability and compact storage, nothing beats the patented MaxJax M7K \u00ae portable car lift. Thanks to its unique portable two-post design, the MaxJax offers greater versatility and serviceability when compared to traditional mid-rise or low-rise garage lifting systems.<\/p>\n<p><a href=\"https:\/\/maxjax-europe.com\/cs\/produkt\/kroon-oil-perlus-h46-2x5l\/\">Nezapome\u0148te p\u0159idat pot\u0159ebnou hydraulickou kapalinu!<\/a><\/p>\n<p><a href=\"https:\/\/maxjax-europe.com\/cs\/shipping-information\/\">Zas\u00edl\u00e1te do m\u00e9 zem\u011b?<\/a><\/p>","protected":false},"featured_media":4458,"comment_status":"open","ping_status":"closed","template":"","meta":[],"product_brand":[],"product_cat":[65],"product_tag":[31,91],"class_list":{"0":"post-3645","1":"product","2":"type-product","3":"status-publish","4":"has-post-thumbnail","6":"product_cat-maxjax","7":"product_tag-all-season","8":"product_tag-wheels","9":"product_shipping_class-maxjax","10":"product-custom-label-money-back-garanty","11":"product-custom-label-extended-warranty","12":"product-custom-label-1-4-days-delivery","13":"badges-style-2","14":"wcpa_has_options","16":"first","17":"instock","18":"taxable","19":"shipping-taxable","20":"purchasable","21":"product-type-simple"},"yoast_head":"<!-- This site is optimized with the Yoast SEO plugin v27.1.1 - https:\/\/yoast.com\/product\/yoast-seo-wordpress\/ -->\n<title>MaxJax M7K Portable Two post Lift - MaxJax Europe<\/title>\n<meta name=\"description\" content=\"The MaxJax M7K Portable Two-Post Garage Lift is the best Portable Two Post Lift there is. Delivered directly from our stock in Europe!\" \/>\n<meta name=\"robots\" content=\"index, follow, max-snippet:-1, max-image-preview:large, max-video-preview:-1\" \/>\n<link rel=\"canonical\" href=\"https:\/\/maxjax-europe.com\/cs\/produkt\/maxjax-m7k\/\" \/>\n<meta property=\"og:locale\" content=\"cs_CZ\" \/>\n<meta property=\"og:type\" content=\"article\" \/>\n<meta property=\"og:title\" content=\"MaxJax M7K Portable Two post Lift - MaxJax Europe\" \/>\n<meta property=\"og:description\" content=\"The MaxJax M7K Portable Two-Post Garage Lift is the best Portable Two Post Lift there is. Delivered directly from our stock in Europe!\" \/>\n<meta property=\"og:url\" content=\"https:\/\/maxjax-europe.com\/cs\/produkt\/maxjax-m7k\/\" \/>\n<meta property=\"og:site_name\" content=\"MaxJax Europe\" \/>\n<meta property=\"article:modified_time\" content=\"2025-08-07T10:42:52+00:00\" \/>\n<meta property=\"og:image\" content=\"https:\/\/maxjax-europe.com\/wp-content\/uploads\/2017\/06\/maxjax-homepage-1.png\" \/>\n\t<meta property=\"og:image:width\" content=\"320\" \/>\n\t<meta property=\"og:image:height\" content=\"320\" \/>\n\t<meta property=\"og:image:type\" content=\"image\/png\" \/>\n<meta name=\"twitter:card\" content=\"summary_large_image\" \/>\n<meta name=\"twitter:label1\" content=\"Odhadovan\u00e1 doba \u010dten\u00ed\" \/>\n\t<meta name=\"twitter:data1\" content=\"6 minut\" \/>\n<script type=\"application\/ld+json\" class=\"yoast-schema-graph\">{\"@context\":\"https:\/\/schema.org\",\"@graph\":[{\"@type\":\"WebPage\",\"@id\":\"https:\/\/maxjax-europe.com\/product\/maxjax-m7k\/\",\"url\":\"https:\/\/maxjax-europe.com\/product\/maxjax-m7k\/\",\"name\":\"MaxJax M7K Portable Two post Lift - MaxJax Europe\",\"isPartOf\":{\"@id\":\"https:\/\/maxjax-europe.com\/#website\"},\"primaryImageOfPage\":{\"@id\":\"https:\/\/maxjax-europe.com\/product\/maxjax-m7k\/#primaryimage\"},\"image\":{\"@id\":\"https:\/\/maxjax-europe.com\/product\/maxjax-m7k\/#primaryimage\"},\"thumbnailUrl\":\"https:\/\/maxjax-europe.com\/wp-content\/uploads\/2017\/06\/maxjax-homepage-1.png\",\"datePublished\":\"2021-01-01T12:00:12+00:00\",\"dateModified\":\"2025-08-07T10:42:52+00:00\",\"description\":\"The MaxJax M7K Portable Two-Post Garage Lift is the best Portable Two Post Lift there is. Delivered directly from our stock in Europe!\",\"breadcrumb\":{\"@id\":\"https:\/\/maxjax-europe.com\/product\/maxjax-m7k\/#breadcrumb\"},\"inLanguage\":\"cs\",\"potentialAction\":[{\"@type\":\"ReadAction\",\"target\":[\"https:\/\/maxjax-europe.com\/product\/maxjax-m7k\/\"]}]},{\"@type\":\"ImageObject\",\"inLanguage\":\"cs\",\"@id\":\"https:\/\/maxjax-europe.com\/product\/maxjax-m7k\/#primaryimage\",\"url\":\"https:\/\/maxjax-europe.com\/wp-content\/uploads\/2017\/06\/maxjax-homepage-1.png\",\"contentUrl\":\"https:\/\/maxjax-europe.com\/wp-content\/uploads\/2017\/06\/maxjax-homepage-1.png\",\"width\":320,\"height\":320,\"caption\":\"MaxJax M6K\"},{\"@type\":\"BreadcrumbList\",\"@id\":\"https:\/\/maxjax-europe.com\/product\/maxjax-m7k\/#breadcrumb\",\"itemListElement\":[{\"@type\":\"ListItem\",\"position\":1,\"name\":\"Home\",\"item\":\"https:\/\/maxjax-europe.com\/\"},{\"@type\":\"ListItem\",\"position\":2,\"name\":\"Shop\",\"item\":\"https:\/\/maxjax-europe.com\/it\/maxjax\/\"},{\"@type\":\"ListItem\",\"position\":3,\"name\":\"MaxJax M7K Portable Two post Lift\"}]},{\"@type\":\"WebSite\",\"@id\":\"https:\/\/maxjax-europe.com\/#website\",\"url\":\"https:\/\/maxjax-europe.com\/\",\"name\":\"MaxJax Europe\",\"description\":\"Shop MaxJax Portable Two-Post Car Lift\",\"publisher\":{\"@id\":\"https:\/\/maxjax-europe.com\/#organization\"},\"potentialAction\":[{\"@type\":\"SearchAction\",\"target\":{\"@type\":\"EntryPoint\",\"urlTemplate\":\"https:\/\/maxjax-europe.com\/?s={search_term_string}\"},\"query-input\":{\"@type\":\"PropertyValueSpecification\",\"valueRequired\":true,\"valueName\":\"search_term_string\"}}],\"inLanguage\":\"cs\"},{\"@type\":\"Organization\",\"@id\":\"https:\/\/maxjax-europe.com\/#organization\",\"name\":\"MaxJax Europe\",\"url\":\"https:\/\/maxjax-europe.com\/\",\"logo\":{\"@type\":\"ImageObject\",\"inLanguage\":\"cs\",\"@id\":\"https:\/\/maxjax-europe.com\/#\/schema\/logo\/image\/\",\"url\":\"https:\/\/maxjax-europe.com\/wp-content\/uploads\/2021\/01\/cropped-EUB-1-1.png\",\"contentUrl\":\"https:\/\/maxjax-europe.com\/wp-content\/uploads\/2021\/01\/cropped-EUB-1-1.png\",\"width\":2266,\"height\":553,\"caption\":\"MaxJax Europe\"},\"image\":{\"@id\":\"https:\/\/maxjax-europe.com\/#\/schema\/logo\/image\/\"}}]}<\/script>\n<!-- \/ Yoast SEO plugin. -->","yoast_head_json":{"title":"MaxJax M7K Portable Two post Lift - MaxJax Europe","description":"The MaxJax M7K Portable Two-Post Garage Lift is the best Portable Two Post Lift there is. Delivered directly from our stock in Europe!","robots":{"index":"index","follow":"follow","max-snippet":"max-snippet:-1","max-image-preview":"max-image-preview:large","max-video-preview":"max-video-preview:-1"},"canonical":"https:\/\/maxjax-europe.com\/cs\/produkt\/maxjax-m7k\/","og_locale":"cs_CZ","og_type":"article","og_title":"MaxJax M7K Portable Two post Lift - MaxJax Europe","og_description":"The MaxJax M7K Portable Two-Post Garage Lift is the best Portable Two Post Lift there is. Delivered directly from our stock in Europe!","og_url":"https:\/\/maxjax-europe.com\/cs\/produkt\/maxjax-m7k\/","og_site_name":"MaxJax Europe","article_modified_time":"2025-08-07T10:42:52+00:00","og_image":[{"width":320,"height":320,"url":"https:\/\/maxjax-europe.com\/wp-content\/uploads\/2017\/06\/maxjax-homepage-1.png","type":"image\/png"}],"twitter_card":"summary_large_image","twitter_misc":{"Odhadovan\u00e1 doba \u010dten\u00ed":"6 minut"},"schema":{"@context":"https:\/\/schema.org","@graph":[{"@type":"WebPage","@id":"https:\/\/maxjax-europe.com\/product\/maxjax-m7k\/","url":"https:\/\/maxjax-europe.com\/product\/maxjax-m7k\/","name":"MaxJax M7K Portable Two post Lift - MaxJax Europe","isPartOf":{"@id":"https:\/\/maxjax-europe.com\/#website"},"primaryImageOfPage":{"@id":"https:\/\/maxjax-europe.com\/product\/maxjax-m7k\/#primaryimage"},"image":{"@id":"https:\/\/maxjax-europe.com\/product\/maxjax-m7k\/#primaryimage"},"thumbnailUrl":"https:\/\/maxjax-europe.com\/wp-content\/uploads\/2017\/06\/maxjax-homepage-1.png","datePublished":"2021-01-01T12:00:12+00:00","dateModified":"2025-08-07T10:42:52+00:00","description":"The MaxJax M7K Portable Two-Post Garage Lift is the best Portable Two Post Lift there is. Delivered directly from our stock in Europe!","breadcrumb":{"@id":"https:\/\/maxjax-europe.com\/product\/maxjax-m7k\/#breadcrumb"},"inLanguage":"cs","potentialAction":[{"@type":"ReadAction","target":["https:\/\/maxjax-europe.com\/product\/maxjax-m7k\/"]}]},{"@type":"ImageObject","inLanguage":"cs","@id":"https:\/\/maxjax-europe.com\/product\/maxjax-m7k\/#primaryimage","url":"https:\/\/maxjax-europe.com\/wp-content\/uploads\/2017\/06\/maxjax-homepage-1.png","contentUrl":"https:\/\/maxjax-europe.com\/wp-content\/uploads\/2017\/06\/maxjax-homepage-1.png","width":320,"height":320,"caption":"MaxJax M6K"},{"@type":"BreadcrumbList","@id":"https:\/\/maxjax-europe.com\/product\/maxjax-m7k\/#breadcrumb","itemListElement":[{"@type":"ListItem","position":1,"name":"Home","item":"https:\/\/maxjax-europe.com\/"},{"@type":"ListItem","position":2,"name":"Shop","item":"https:\/\/maxjax-europe.com\/it\/maxjax\/"},{"@type":"ListItem","position":3,"name":"MaxJax M7K Portable Two post Lift"}]},{"@type":"WebSite","@id":"https:\/\/maxjax-europe.com\/#website","url":"https:\/\/maxjax-europe.com\/","name":"MaxJax \u010cesk\u00e1 republika","description":"Nakupujte p\u0159enosn\u00fd dvousloupov\u00fd zved\u00e1k do auta MaxJax","publisher":{"@id":"https:\/\/maxjax-europe.com\/#organization"},"potentialAction":[{"@type":"SearchAction","target":{"@type":"EntryPoint","urlTemplate":"https:\/\/maxjax-europe.com\/?s={search_term_string}"},"query-input":{"@type":"PropertyValueSpecification","valueRequired":true,"valueName":"search_term_string"}}],"inLanguage":"cs"},{"@type":"Organization","@id":"https:\/\/maxjax-europe.com\/#organization","name":"MaxJax \u010cesk\u00e1 republika","url":"https:\/\/maxjax-europe.com\/","logo":{"@type":"ImageObject","inLanguage":"cs","@id":"https:\/\/maxjax-europe.com\/#\/schema\/logo\/image\/","url":"https:\/\/maxjax-europe.com\/wp-content\/uploads\/2021\/01\/cropped-EUB-1-1.png","contentUrl":"https:\/\/maxjax-europe.com\/wp-content\/uploads\/2021\/01\/cropped-EUB-1-1.png","width":2266,"height":553,"caption":"MaxJax Europe"},"image":{"@id":"https:\/\/maxjax-europe.com\/#\/schema\/logo\/image\/"}}]}},"jetpack_sharing_enabled":true,"wcpa_form_fields":{"wcpaData":{"product":{"product_price":2650,"price_html":"<span class=\"woocommerce-Price-amount amount\"><bdi><span class=\"woocommerce-Price-currencySymbol\">&euro;<\/span>2.650,00<\/bdi><\/span> <small class=\"woocommerce-price-suffix\">Excl. VAT<\/small>","original_product_price":2650,"price_including_tax":3206.5,"price_excluding_tax":2650,"product_id":{"parent":3645,"variation":false},"is_variable":false,"stock_status":"instock","stock_quantity":null,"parent_sku":"MaxJaxm7k","product_attributes":[],"custom_fields":[],"is_taxable":true,"product_name":"MaxJax M7K Portable Two post Lift","hasImage":false},"fields":{"sec_10652fec42725b4":{"extra":{"key":"sec_10652fec42725b4","section_id":"sec_10652fec42725b4","name":"Default","status":1,"cl_rule":"show","enableCl":false,"relations":[],"toggle":true,"title_tag":"h3","show_title":false,"showPrice":"default","form_id":5131,"form_rules":{"exclude_from_discount":false,"fee_label":"Fee","disp_hide_options_price":false,"disp_show_section_price":false,"disp_show_field_price":true,"layout_option":"standard","pric_use_as_fee":false,"process_fee_as":"woo_fee"},"layout_option":"standard"},"fields":[[{"active":true,"col":6,"relations":false,"cl_rule":"show","enableCl":false,"price":"","enablePrice":true,"className":"","label_position":"default","desc_position":"default","type":"checkbox-group","required":true,"elementId":"checkgroup_3985119450","label":"Hydraulic oil","name":"checkgroup_3985119450","values":[{"label":"2x5L Perlus H32 hydraulic oil","value":"hydraulic oil","selected":false,"tempId":"aco_370","price":"39.95","gt_translate_keys":["label"]},{"label":"No oil","value":"none","selected":false,"tempId":"aco_369","price":"0","gt_translate_keys":["label"]}],"layOut":"","error":false,"checkUi":"","description":"The MaxJax requires hydraulic oil to operate. Would you like to add oil?","priceOptions":"different_for_all","pricingType":"fixed","show_selected_option":false,"max_options":"1","min_options":"1","gt_translate_keys":["label","description"],"price_dependency":false,"cl_dependency":false,"value":""}]]}},"config":{"price_override":"","enable_recaptcha":false,"bind_quantity":false,"quantity_bind_formula":false,"disp_summ_show_option_price":true,"disp_summ_show_product_price":true,"disp_summ_show_total_price":true,"disp_summ_show_fee":false,"disp_summ_show_discount":false,"summary_title":"","options_total_label":"Options Price","total_label":"Total","options_product_label":"Product Price","fee_label":"Fee","discount_label":"Discount","has_price":true,"has_quantity_formula":false},"mc_unit":1,"tax_rate":1,"tax_rate_real":0.21,"discount":{"percentage":0,"fixed":0},"design":{"conf":{"LabelPosition":"above","DescPosition":"above","UploadField":"custom_1","QuantityFieldStyle":"default"},"css":{"LeftLabelWidth":"120px"}},"formulas":[],"lookuptables":[],"clones":false,"cartKey":false}},"_links":{"self":[{"href":"https:\/\/maxjax-europe.com\/cs\/wp-json\/wp\/v2\/product\/3645","targetHints":{"allow":["GET"]}}],"collection":[{"href":"https:\/\/maxjax-europe.com\/cs\/wp-json\/wp\/v2\/product"}],"about":[{"href":"https:\/\/maxjax-europe.com\/cs\/wp-json\/wp\/v2\/types\/product"}],"replies":[{"embeddable":true,"href":"https:\/\/maxjax-europe.com\/cs\/wp-json\/wp\/v2\/comments?post=3645"}],"wp:featuredmedia":[{"embeddable":true,"href":"https:\/\/maxjax-europe.com\/cs\/wp-json\/wp\/v2\/media\/4458"}],"wp:attachment":[{"href":"https:\/\/maxjax-europe.com\/cs\/wp-json\/wp\/v2\/media?parent=3645"}],"wp:term":[{"taxonomy":"product_brand","embeddable":true,"href":"https:\/\/maxjax-europe.com\/cs\/wp-json\/wp\/v2\/product_brand?post=3645"},{"taxonomy":"product_cat","embeddable":true,"href":"https:\/\/maxjax-europe.com\/cs\/wp-json\/wp\/v2\/product_cat?post=3645"},{"taxonomy":"product_tag","embeddable":true,"href":"https:\/\/maxjax-europe.com\/cs\/wp-json\/wp\/v2\/product_tag?post=3645"}],"curies":[{"name":"wp","href":"https:\/\/api.w.org\/{rel}","templated":true}]}}