{"id":4591,"date":"2021-01-15T13:37:01","date_gmt":"2021-01-15T13:37:01","guid":{"rendered":"https:\/\/maxjax-europe.com\/?page_id=4591"},"modified":"2021-02-02T16:48:23","modified_gmt":"2021-02-02T16:48:23","slug":"warranty-information","status":"publish","type":"page","link":"https:\/\/maxjax-europe.com\/da\/warranty-information\/","title":{"rendered":"Garantioplysninger"},"content":{"rendered":"<div data-elementor-type=\"wp-page\" data-elementor-id=\"4591\" class=\"elementor elementor-4591\">\n\t\t\t\t\t\t<section class=\"elementor-section elementor-top-section elementor-element elementor-element-d8e8b4c elementor-section-boxed elementor-section-height-default elementor-section-height-default\" data-id=\"d8e8b4c\" data-element_type=\"section\" data-e-type=\"section\">\n\t\t\t\t\t\t<div class=\"elementor-container elementor-column-gap-default\">\n\t\t\t\t\t<div class=\"elementor-column elementor-col-100 elementor-top-column elementor-element elementor-element-c361ca2\" data-id=\"c361ca2\" data-element_type=\"column\" data-e-type=\"column\">\n\t\t\t<div class=\"elementor-widget-wrap elementor-element-populated\">\n\t\t\t\t\t\t<div class=\"elementor-element elementor-element-e376b3f elementor-widget elementor-widget-text-editor\" data-id=\"e376b3f\" data-element_type=\"widget\" data-e-type=\"widget\" data-widget_type=\"text-editor.default\">\n\t\t\t\t<div class=\"elementor-widget-container\">\n\t\t\t\t\t\t\t\t\t<h3>Garanti til forretningsbrugere<\/h3><p><strong>Varighed:<\/strong>\u00a0Fra k\u00f8bsdatoen fra den oprindelige k\u00f8ber eller 12 m\u00e5neder fra datoen for afsendelse eller hvad der kommer f\u00f8rst.<\/p><ul><li>Tre \u00e5rs (36 m\u00e5neder) garanti p\u00e5 udstyrsstruktur<\/li><li>Et \u00e5rs (12 m\u00e5neders) garanti p\u00e5 betjeningskomponenter<\/li><li>Et \u00e5rs (12 m\u00e5neders) gratis forsendelse p\u00e5 fragtomkostninger i forbindelse med garantiydelse<\/li><\/ul><h3>Garanti til private brugere<\/h3><p><strong>Varighed:<\/strong>\u00a0Fra k\u00f8bsdatoen fra den oprindelige k\u00f8ber eller 24 m\u00e5neder fra datoen for afsendelse eller hvad der kommer f\u00f8rst.<\/p><ul><li>Tre \u00e5rs (36 m\u00e5neders) garanti p\u00e5 udstyrsstruktur<\/li><li>To-\u00e5rs (24-m\u00e5neders) garanti p\u00e5 betjeningskomponenter<\/li><li>To-\u00e5rs (24-m\u00e5neders) gratis forsendelse p\u00e5 fragtomkostninger i forbindelse med garantiydelse<\/li><\/ul>\t\t\t\t\t\t\t\t<\/div>\n\t\t\t\t<\/div>\n\t\t\t\t\t<\/div>\n\t\t<\/div>\n\t\t\t\t\t<\/div>\n\t\t<\/section>\n\t\t\t\t<section class=\"elementor-section elementor-top-section elementor-element elementor-element-8f5380d elementor-section-boxed elementor-section-height-default elementor-section-height-default\" data-id=\"8f5380d\" data-element_type=\"section\" data-e-type=\"section\">\n\t\t\t\t\t\t<div class=\"elementor-container elementor-column-gap-default\">\n\t\t\t\t\t<div class=\"elementor-column elementor-col-100 elementor-top-column elementor-element elementor-element-cccdf44\" data-id=\"cccdf44\" data-element_type=\"column\" data-e-type=\"column\">\n\t\t\t<div class=\"elementor-widget-wrap elementor-element-populated\">\n\t\t\t\t\t\t<div class=\"elementor-element elementor-element-4df26e1 elementor-widget elementor-widget-text-editor\" data-id=\"4df26e1\" data-element_type=\"widget\" data-e-type=\"widget\" data-widget_type=\"text-editor.default\">\n\t\t\t\t<div class=\"elementor-widget-container\">\n\t\t\t\t\t\t\t\t\t<h3>Ansvarsbegr\u00e6nsning<\/h3><p>MaxJax er ikke forpligtet i henhold til denne garanti med hensyn til produkter, der efter vores eneste vurdering er blevet \u00e6ndret beskadiget, misbrugt, misbrugt, d\u00e5rligt slidt, mistet eller forkert vedligeholdt. Denne garanti er ugyldig, hvis kunden eller enhver anden person end en godkendt repr\u00e6sentant for MaxJax har gjort ethvert fors\u00f8g p\u00e5 at servicere eller \u00e6ndre v\u00e6rkt\u00f8jet, inden det returneres til MaxJax under denne garanti. Under ingen omst\u00e6ndigheder er nogen af parterne ansvarlige under disse vilk\u00e5r og betingelser for skade for\u00e5rsaget af den anden parts manglende opfyldelse af sine forpligtelser. Under ingen omst\u00e6ndigheder er nogen af parterne ansvarlige for mistet indkomst, tabte opsparing, utilsigtet tab eller anden \u00f8konomisk skade, der opst\u00e5r som f\u00f8lge af levering og salg af MaxJax-varer uden nogen udtrykkelige eller underforst\u00e5ede garantier, herunder garantier for salgbarhed eller egnethed til specifikke form\u00e5l. Efter dette tidspunkt g\u00e6lder muligvis ingen garantier, udtrykkelige eller underforst\u00e5ede. MaxJax kan til enhver tid \u00e6ndre disse vilk\u00e5r og betingelser ved enten at give en skriftlig meddelelse til kunden eller offentligg\u00f8re s\u00e5danne \u00e6ndrede vilk\u00e5r p\u00e5 www.MaxJax.com. Tredive dage fra datoen for enhver skriftlig meddelelse eller offentligg\u00f8relse tr\u00e6der s\u00e5danne reviderede vilk\u00e5r i kraft.<\/p>\t\t\t\t\t\t\t\t<\/div>\n\t\t\t\t<\/div>\n\t\t\t\t\t<\/div>\n\t\t<\/div>\n\t\t\t\t\t<\/div>\n\t\t<\/section>\n\t\t\t\t<\/div>","protected":false},"excerpt":{"rendered":"<p>Warranty for Business users Duration:&nbsp;From the date of purchase by the original Purchaser or 12 months from the date of shipment or whichever comes first. Three-Years (36-Months) Warranty on equipment structure* One-Year (12-Month) Warranty on operating components One-Year (12-Month) Free Shipping** on ground-freight charges related to warranty performance Warranty for Private users Duration:&nbsp;From the date<br \/><a class=\"more-link\" href=\"https:\/\/maxjax-europe.com\/da\/warranty-information\/\"><br \/>\n        Read More<span class=\"screen-reader-text\"> &#8220;Warranty information&#8221;<\/span><\/a><\/p>","protected":false},"author":1,"featured_media":0,"parent":0,"menu_order":0,"comment_status":"closed","ping_status":"closed","template":"","meta":{"footnotes":""},"class_list":["post-4591","page","type-page","status-publish","hentry","badges-style-2"],"yoast_head":"<!-- This site is optimized with the Yoast SEO plugin v27.1.1 - https:\/\/yoast.com\/product\/yoast-seo-wordpress\/ -->\n<title>MaxJax Europe | Everything you need to know about warranty on MaxJax<\/title>\n<meta name=\"description\" content=\"MaxJax Europe provides a stunning customer service, we will handle your warranty claims like no other. Take a look at our warranty service!\" \/>\n<meta name=\"robots\" content=\"index, follow, max-snippet:-1, max-image-preview:large, max-video-preview:-1\" \/>\n<link rel=\"canonical\" href=\"https:\/\/maxjax-europe.com\/da\/warranty-information\/\" \/>\n<meta property=\"og:locale\" content=\"da_DK\" \/>\n<meta property=\"og:type\" content=\"article\" \/>\n<meta property=\"og:title\" content=\"MaxJax Europe | Everything you need to know about warranty on MaxJax\" \/>\n<meta property=\"og:description\" content=\"MaxJax Europe provides a stunning customer service, we will handle your warranty claims like no other. Take a look at our warranty service!\" \/>\n<meta property=\"og:url\" content=\"https:\/\/maxjax-europe.com\/da\/warranty-information\/\" \/>\n<meta property=\"og:site_name\" content=\"MaxJax Europe\" \/>\n<meta property=\"article:modified_time\" content=\"2021-02-02T16:48:23+00:00\" \/>\n<meta name=\"twitter:card\" content=\"summary_large_image\" \/>\n<meta name=\"twitter:label1\" content=\"Estimeret l\u00e6setid\" \/>\n\t<meta name=\"twitter:data1\" content=\"2 minutter\" \/>\n<script type=\"application\/ld+json\" class=\"yoast-schema-graph\">{\"@context\":\"https:\/\/schema.org\",\"@graph\":[{\"@type\":\"WebPage\",\"@id\":\"https:\/\/maxjax-europe.com\/cs\/warranty-information\/\",\"url\":\"https:\/\/maxjax-europe.com\/cs\/warranty-information\/\",\"name\":\"MaxJax Europe | Everything you need to know about warranty on MaxJax\",\"isPartOf\":{\"@id\":\"https:\/\/maxjax-europe.com\/#website\"},\"datePublished\":\"2021-01-15T13:37:01+00:00\",\"dateModified\":\"2021-02-02T16:48:23+00:00\",\"description\":\"MaxJax Europe provides a stunning customer service, we will handle your warranty claims like no other. Take a look at our warranty service!\",\"breadcrumb\":{\"@id\":\"https:\/\/maxjax-europe.com\/cs\/warranty-information\/#breadcrumb\"},\"inLanguage\":\"da-DK\",\"potentialAction\":[{\"@type\":\"ReadAction\",\"target\":[\"https:\/\/maxjax-europe.com\/cs\/warranty-information\/\"]}]},{\"@type\":\"BreadcrumbList\",\"@id\":\"https:\/\/maxjax-europe.com\/cs\/warranty-information\/#breadcrumb\",\"itemListElement\":[{\"@type\":\"ListItem\",\"position\":1,\"name\":\"Home\",\"item\":\"https:\/\/maxjax-europe.com\/\"},{\"@type\":\"ListItem\",\"position\":2,\"name\":\"Warranty information\"}]},{\"@type\":\"WebSite\",\"@id\":\"https:\/\/maxjax-europe.com\/#website\",\"url\":\"https:\/\/maxjax-europe.com\/\",\"name\":\"MaxJax Europe\",\"description\":\"Shop MaxJax Portable Two-Post Car Lift\",\"publisher\":{\"@id\":\"https:\/\/maxjax-europe.com\/#organization\"},\"potentialAction\":[{\"@type\":\"SearchAction\",\"target\":{\"@type\":\"EntryPoint\",\"urlTemplate\":\"https:\/\/maxjax-europe.com\/?s={search_term_string}\"},\"query-input\":{\"@type\":\"PropertyValueSpecification\",\"valueRequired\":true,\"valueName\":\"search_term_string\"}}],\"inLanguage\":\"da-DK\"},{\"@type\":\"Organization\",\"@id\":\"https:\/\/maxjax-europe.com\/#organization\",\"name\":\"MaxJax Europe\",\"url\":\"https:\/\/maxjax-europe.com\/\",\"logo\":{\"@type\":\"ImageObject\",\"inLanguage\":\"da-DK\",\"@id\":\"https:\/\/maxjax-europe.com\/#\/schema\/logo\/image\/\",\"url\":\"https:\/\/maxjax-europe.com\/wp-content\/uploads\/2021\/01\/cropped-EUB-1-1.png\",\"contentUrl\":\"https:\/\/maxjax-europe.com\/wp-content\/uploads\/2021\/01\/cropped-EUB-1-1.png\",\"width\":2266,\"height\":553,\"caption\":\"MaxJax Europe\"},\"image\":{\"@id\":\"https:\/\/maxjax-europe.com\/#\/schema\/logo\/image\/\"}}]}<\/script>\n<!-- \/ Yoast SEO plugin. -->","yoast_head_json":{"title":"MaxJax Europe | Alt hvad du beh\u00f8ver at vide om garanti p\u00e5 MaxJax","description":"MaxJax Europe leverer en fantastisk kundeservice, vi h\u00e5ndterer dine garantikrav som ingen andre. Se vores garantiservice!","robots":{"index":"index","follow":"follow","max-snippet":"max-snippet:-1","max-image-preview":"max-image-preview:large","max-video-preview":"max-video-preview:-1"},"canonical":"https:\/\/maxjax-europe.com\/da\/warranty-information\/","og_locale":"da_DK","og_type":"article","og_title":"MaxJax Europe | Everything you need to know about warranty on MaxJax","og_description":"MaxJax Europe provides a stunning customer service, we will handle your warranty claims like no other. Take a look at our warranty service!","og_url":"https:\/\/maxjax-europe.com\/da\/warranty-information\/","og_site_name":"MaxJax Europe","article_modified_time":"2021-02-02T16:48:23+00:00","twitter_card":"summary_large_image","twitter_misc":{"Estimeret l\u00e6setid":"2 minutter"},"schema":{"@context":"https:\/\/schema.org","@graph":[{"@type":"WebPage","@id":"https:\/\/maxjax-europe.com\/cs\/warranty-information\/","url":"https:\/\/maxjax-europe.com\/cs\/warranty-information\/","name":"MaxJax Europe | Alt hvad du beh\u00f8ver at vide om garanti p\u00e5 MaxJax","isPartOf":{"@id":"https:\/\/maxjax-europe.com\/#website"},"datePublished":"2021-01-15T13:37:01+00:00","dateModified":"2021-02-02T16:48:23+00:00","description":"MaxJax Europe leverer en fantastisk kundeservice, vi h\u00e5ndterer dine garantikrav som ingen andre. Se vores garantiservice!","breadcrumb":{"@id":"https:\/\/maxjax-europe.com\/cs\/warranty-information\/#breadcrumb"},"inLanguage":"da-DK","potentialAction":[{"@type":"ReadAction","target":["https:\/\/maxjax-europe.com\/cs\/warranty-information\/"]}]},{"@type":"BreadcrumbList","@id":"https:\/\/maxjax-europe.com\/cs\/warranty-information\/#breadcrumb","itemListElement":[{"@type":"ListItem","position":1,"name":"Home","item":"https:\/\/maxjax-europe.com\/"},{"@type":"ListItem","position":2,"name":"Warranty information"}]},{"@type":"WebSite","@id":"https:\/\/maxjax-europe.com\/#website","url":"https:\/\/maxjax-europe.com\/","name":"MaxJax Danmark","description":"Shop MaxJax b\u00e6rbar to-stolps bill\u00f8ft","publisher":{"@id":"https:\/\/maxjax-europe.com\/#organization"},"potentialAction":[{"@type":"SearchAction","target":{"@type":"EntryPoint","urlTemplate":"https:\/\/maxjax-europe.com\/?s={search_term_string}"},"query-input":{"@type":"PropertyValueSpecification","valueRequired":true,"valueName":"search_term_string"}}],"inLanguage":"da-DK"},{"@type":"Organization","@id":"https:\/\/maxjax-europe.com\/#organization","name":"MaxJax Danmark","url":"https:\/\/maxjax-europe.com\/","logo":{"@type":"ImageObject","inLanguage":"da-DK","@id":"https:\/\/maxjax-europe.com\/#\/schema\/logo\/image\/","url":"https:\/\/maxjax-europe.com\/wp-content\/uploads\/2021\/01\/cropped-EUB-1-1.png","contentUrl":"https:\/\/maxjax-europe.com\/wp-content\/uploads\/2021\/01\/cropped-EUB-1-1.png","width":2266,"height":553,"caption":"MaxJax Europe"},"image":{"@id":"https:\/\/maxjax-europe.com\/#\/schema\/logo\/image\/"}}]}},"jetpack_sharing_enabled":true,"_links":{"self":[{"href":"https:\/\/maxjax-europe.com\/da\/wp-json\/wp\/v2\/pages\/4591","targetHints":{"allow":["GET"]}}],"collection":[{"href":"https:\/\/maxjax-europe.com\/da\/wp-json\/wp\/v2\/pages"}],"about":[{"href":"https:\/\/maxjax-europe.com\/da\/wp-json\/wp\/v2\/types\/page"}],"author":[{"embeddable":true,"href":"https:\/\/maxjax-europe.com\/da\/wp-json\/wp\/v2\/users\/1"}],"replies":[{"embeddable":true,"href":"https:\/\/maxjax-europe.com\/da\/wp-json\/wp\/v2\/comments?post=4591"}],"version-history":[{"count":8,"href":"https:\/\/maxjax-europe.com\/da\/wp-json\/wp\/v2\/pages\/4591\/revisions"}],"predecessor-version":[{"id":4885,"href":"https:\/\/maxjax-europe.com\/da\/wp-json\/wp\/v2\/pages\/4591\/revisions\/4885"}],"wp:attachment":[{"href":"https:\/\/maxjax-europe.com\/da\/wp-json\/wp\/v2\/media?parent=4591"}],"curies":[{"name":"wp","href":"https:\/\/api.w.org\/{rel}","templated":true}]}}