{"id":4618,"date":"2021-01-15T13:56:29","date_gmt":"2021-01-15T13:56:29","guid":{"rendered":"https:\/\/maxjax-europe.com\/?page_id=4618"},"modified":"2021-01-15T14:04:16","modified_gmt":"2021-01-15T14:04:16","slug":"privacy-policy","status":"publish","type":"page","link":"https:\/\/maxjax-europe.com\/da\/privacy-policy\/","title":{"rendered":"Fortrolighedspolitik"},"content":{"rendered":"<h1 class=\"wp-block-heading\">Fortrolighedspolitik for QuickJack Netherlands BV<\/h1>\n\n\n\n<p>Hos MaxJax Europe, der er tilg\u00e6ngelig fra https:\/\/Maxjax-europe.com\/, er vores bes\u00f8gende privatlivets fred. Dette privatlivspolitiske dokument indeholder typer information, der indsamles og registreres af MaxJax, og hvordan vi bruger dem.<\/p>\n\n\n\n<p>Hvis du har yderligere sp\u00f8rgsm\u00e5l eller har brug for flere oplysninger om vores fortrolighedspolitik, s\u00e5 t\u00f8v ikke med at kontakte os.<\/p>\n\n\n\n<p>Denne fortrolighedspolitik g\u00e6lder kun for vores online aktiviteter og er gyldig for bes\u00f8gende p\u00e5 vores websted med hensyn til de oplysninger, de delte og \/ eller indsamler i MaxJax. Denne politik g\u00e6lder ikke for information indsamlet offline eller via andre kanaler end dette websted.<\/p>\n\n\n\n<h2 class=\"wp-block-heading\">Samtykke<\/h2>\n\n\n\n<p>Ved at bruge vores hjemmeside giver du hermed samtykke til vores fortrolighedspolitik og accepterer dens vilk\u00e5r.<\/p>\n\n\n\n<h2 class=\"wp-block-heading\">Oplysninger, vi indsamler<\/h2>\n\n\n\n<p>De personlige oplysninger, som du bliver bedt om at give, og grundene til, at du bliver bedt om at give dem, vil blive gjort klart for dig p\u00e5 det tidspunkt, hvor vi beder dig om at give dine personlige oplysninger.<\/p>\n\n\n\n<p>Hvis du kontakter os direkte, modtager vi muligvis yderligere oplysninger om dig, s\u00e5som dit navn, e-mail-adresse, telefonnummer, indholdet af meddelelsen og \/ eller vedh\u00e6ftede filer, du kan sende os, og andre oplysninger, du m\u00e5tte v\u00e6lge at give.<\/p>\n\n\n\n<p>N\u00e5r du tilmelder dig en konto, kan vi bede om dine kontaktoplysninger, herunder emner som navn, firmanavn, adresse, e-mail-adresse og telefonnummer.<\/p>\n\n\n\n<h2 class=\"wp-block-heading\">Hvordan vi bruger dine oplysninger<\/h2>\n\n\n\n<p>Vi bruger de oplysninger, vi indsamler p\u00e5 forskellige m\u00e5der, herunder til:<\/p>\n\n\n\n<ul class=\"wp-block-list\"><li>Tilbyde, betjene og vedligeholde vores webste<\/li><li>Forbedre, personaliser og udvid vores webste<\/li><li>Forst\u00e5 og analyser, hvordan du bruger vores webste<\/li><li>Udvikle nye produkter, tjenester, funktioner og funktionalitet<\/li><li>Kommuniker med dig, enten direkte eller gennem en af vores partnere, herunder til kundeservice, for at give dig opdateringer og anden information relateret til webste og til markedsf\u00f8rings- og salgsfremmende form\u00e5l<\/li><li>Send dig e-mails<\/li><li>Find og forhindr svindel<\/li><\/ul>\n\n\n\n<h2 class=\"wp-block-heading\">Logfiler<\/h2>\n\n\n\n<p>MaxJax f\u00f8lger en standardprocedure for brug af logfiler. Disse filer logger bes\u00f8gende, n\u00e5r de bes\u00f8ger websteder. Alle hostingfirmaer g\u00f8r dette og en del af hostingtjenesteanalyser. Oplysningerne indsamlet af logfiler inkluderer internetprotokol (IP) adresser, browsertype, internetudbyder (ISP), dato og tidsstempel, henvisnings- \/ udgangssider og muligvis antallet af klik. Disse er ikke knyttet til nogen oplysninger, der er personligt identificerbare. Form\u00e5let med informationen er at analysere tendenser, administrere webstedet, spore brugernes bev\u00e6gelse p\u00e5 webstedet og indsamle demografiske oplysninger. Vores fortrolighedspolitik blev oprettet ved hj\u00e6lp af\u00a0<a href=\"https:\/\/www.privacypolicygenerator.info\/\">Generator for fortrolighedspolitik<\/a>\u00a0og\u00a0<a href=\"https:\/\/www.privacypolicytemplate.net\/\">Skabelon til privatlivspolitik<\/a>.<\/p>\n\n\n\n<h2 class=\"wp-block-heading\">Cookies og Web Beacons<\/h2>\n\n\n\n<p>Som ethvert andet websted bruger Maxjax &#039;cookies&#039;. Disse cookies bruges til at gemme oplysninger inklusive bes\u00f8gendes pr\u00e6ferencer og siderne p\u00e5 webstedet, som den bes\u00f8gende har f\u00e5et adgang til eller bes\u00f8gt. Oplysningerne bruges til at optimere brugernes oplevelse ved at tilpasse vores websideindhold baseret p\u00e5 de bes\u00f8gendes browsertype og \/ eller andre oplysninger.<\/p>\n\n\n\n<h2 class=\"wp-block-heading\">Google DoubleClick DART Cookie<\/h2>\n\n\n\n<p>Google er en af en tredjepartsleverand\u00f8r p\u00e5 vores websted. Det bruger ogs\u00e5 cookies, kendt som DART-cookies, til at vise annoncer til vores bes\u00f8gende p\u00e5 baggrund af deres bes\u00f8g p\u00e5 www.website.com og andre sider p\u00e5 internettet. Dog kan bes\u00f8gende v\u00e6lge at afvise brugen af DART-cookies ved at bes\u00f8ge Googles annonce- og indholdsnetv\u00e6rks privatlivspolitik p\u00e5 f\u00f8lgende URL -&nbsp;<a href=\"https:\/\/policies.google.com\/technologies\/ads\">https:\/\/policies.google.com\/technologies\/ads<\/a><\/p>\n\n\n\n<h2 class=\"wp-block-heading\">Annoncepartneres privatlivspolitikker<\/h2>\n\n\n\n<p>Du kan se denne liste for at finde fortrolighedspolitikken for hver af MaxJax &#039;reklamepartnere.<\/p>\n\n\n\n<p>Tredjeparts annonceservere eller annoncenetv\u00e6rk bruger teknologier som cookies, JavaScript eller Web Beacons, der bruges i deres respektive reklamer og links, der vises p\u00e5 MaxJax, som sendes direkte til brugernes browser. De modtager automatisk din IP-adresse, n\u00e5r dette sker. Disse teknologier bruges til at m\u00e5le effektiviteten af deres reklamekampagner og \/ eller til at personalisere det reklameindhold, som du ser p\u00e5 websteder, du bes\u00f8ger.<\/p>\n\n\n\n<p>Bem\u00e6rk, at MaxJax ikke har adgang til eller kontrol over disse cookies, der bruges af tredjepartsannonc\u00f8rer.<\/p>\n\n\n\n<h2 class=\"wp-block-heading\">Tredjeparts privatlivspolitikker<\/h2>\n\n\n\n<p>MaxJax fortrolighedspolitik g\u00e6lder ikke for andre annonc\u00f8rer eller websteder. S\u00e5ledes r\u00e5der vi dig til at konsultere de respektive privatlivspolitikker for disse tredjeparts annonceservere for mere detaljeret information. Det kan omfatte deres praksis og instruktioner om, hvordan man frav\u00e6lger visse indstillinger. Du kan finde en komplet liste over disse fortrolighedspolitikker og deres links her: Privacy Policy Links.<\/p>\n\n\n\n<p>Du kan v\u00e6lge at deaktivere cookies via dine individuelle browserindstillinger. For at vide mere detaljerede oplysninger om cookieh\u00e5ndtering med specifikke webbrowsere kan de findes p\u00e5 browsernes respektive websteder. Hvad er cookies?<\/p>\n\n\n\n<h2 class=\"wp-block-heading\">CCPA-fortrolighedsrettigheder (S\u00e6lg ikke mine personlige oplysninger)<\/h2>\n\n\n\n<p>Under CCPA, blandt andre rettigheder, har forbrugere i Californien ret til:<\/p>\n\n\n\n<p>Anmod om, at en virksomhed, der indsamler en forbrugers personlige data, videregiver de kategorier og specifikke stykker personoplysninger, som en virksomhed har indsamlet om forbrugere.<\/p>\n\n\n\n<p>Anmod om, at en virksomhed sletter personlige oplysninger om forbrugeren, som en virksomhed har indsamlet.<\/p>\n\n\n\n<p>Anmode om, at en virksomhed, der s\u00e6lger en forbrugers personlige data, ikke s\u00e6lger forbrugerens personlige data.<\/p>\n\n\n\n<p>Hvis du frems\u00e6tter en anmodning, har vi en m\u00e5ned til at svare dig. Hvis du \u00f8nsker at ud\u00f8ve nogen af disse rettigheder, bedes du kontakte os.<\/p>\n\n\n\n<h2 class=\"wp-block-heading\">GDPR databeskyttelsesrettigheder<\/h2>\n\n\n\n<p>Vi vil gerne sikre dig, at du er fuldt ud opm\u00e6rksom p\u00e5 alle dine databeskyttelsesrettigheder. Hver bruger har ret til f\u00f8lgende:<\/p>\n\n\n\n<p>Retten til adgang - Du har ret til at anmode om kopier af dine personlige data. Vi opkr\u00e6ver muligvis et mindre gebyr for denne service.<\/p>\n\n\n\n<p>Retten til berigtigelse - Du har ret til at anmode om, at vi retter alle oplysninger, som du mener er un\u00f8jagtige. Du har ogs\u00e5 ret til at anmode om, at vi udfylder de oplysninger, du mener er ufuldst\u00e6ndige.<\/p>\n\n\n\n<p>Retten til sletning - Du har ret til at anmode om, at vi sletter dine personlige data under visse betingelser.<\/p>\n\n\n\n<p>Retten til at begr\u00e6nse behandlingen - Du har ret til at anmode om, at vi begr\u00e6nser behandlingen af dine personlige data under visse betingelser.<\/p>\n\n\n\n<p>Retten til at g\u00f8re indsigelse mod behandling - Du har ret til at g\u00f8re indsigelse mod vores behandling af dine personoplysninger p\u00e5 visse betingelser.<\/p>\n\n\n\n<p>Retten til dataportabilitet - Du har ret til at anmode om, at vi overf\u00f8rer de data, vi har indsamlet til en anden organisation eller direkte til dig, p\u00e5 visse betingelser.<\/p>\n\n\n\n<p>Hvis du frems\u00e6tter en anmodning, har vi en m\u00e5ned til at svare dig. Hvis du \u00f8nsker at ud\u00f8ve nogen af disse rettigheder, bedes du kontakte os.<\/p>\n\n\n\n<h2 class=\"wp-block-heading\">B\u00f8rneinformation<\/h2>\n\n\n\n<p>En anden del af vores prioritet er at tilf\u00f8je beskyttelse til b\u00f8rn, mens de bruger internettet. Vi opfordrer for\u00e6ldre og v\u00e6rger til at observere, deltage i og \/ eller overv\u00e5ge og guide deres online aktivitet.<\/p>\n\n\n\n<p>MaxJax indsamler ikke bevidst personlige identificerbare oplysninger fra b\u00f8rn under 13 \u00e5r. Hvis du mener, at dit barn har leveret denne form for information p\u00e5 vores websted, opfordrer vi dig til straks at kontakte os, og vi vil g\u00f8re vores bedste for straks at fjerne s\u00e5dan information fra vores optegnelser.<\/p>","protected":false},"excerpt":{"rendered":"<p>Privacy Policy for QuickJack Netherlands B.V. At MaxJax Europe, accessible from https:\/\/Maxjax-europe.com\/, one of our main priorities is the privacy of our visitors. This Privacy Policy document contains types of information that is collected and recorded by MaxJax and how we use it. If you have additional questions or require more information about our Privacy<br \/><a class=\"more-link\" href=\"https:\/\/maxjax-europe.com\/da\/privacy-policy\/\"><br \/>\n        Read More<span class=\"screen-reader-text\"> &#8220;Privacy policy&#8221;<\/span><\/a><\/p>","protected":false},"author":1,"featured_media":0,"parent":0,"menu_order":0,"comment_status":"closed","ping_status":"closed","template":"","meta":{"footnotes":""},"class_list":["post-4618","page","type-page","status-publish","hentry","badges-style-2"],"yoast_head":"<!-- This site is optimized with the Yoast SEO plugin v27.1.1 - https:\/\/yoast.com\/product\/yoast-seo-wordpress\/ -->\n<title>Privacy policy - MaxJax Europe<\/title>\n<meta name=\"robots\" content=\"index, follow, max-snippet:-1, max-image-preview:large, max-video-preview:-1\" \/>\n<link rel=\"canonical\" href=\"https:\/\/maxjax-europe.com\/da\/privacy-policy\/\" \/>\n<meta property=\"og:locale\" content=\"da_DK\" \/>\n<meta property=\"og:type\" content=\"article\" \/>\n<meta property=\"og:title\" content=\"Privacy policy - MaxJax Europe\" \/>\n<meta property=\"og:description\" content=\"Privacy Policy for QuickJack Netherlands B.V. At MaxJax Europe, accessible from https:\/\/Maxjax-europe.com\/, one of our main priorities is the privacy of our visitors. This Privacy Policy document contains types of information that is collected and recorded by MaxJax and how we use it. If you have additional questions or require more information about our Privacy     Read More &quot;Privacy policy&quot;\" \/>\n<meta property=\"og:url\" content=\"https:\/\/maxjax-europe.com\/da\/privacy-policy\/\" \/>\n<meta property=\"og:site_name\" content=\"MaxJax Europe\" \/>\n<meta property=\"article:modified_time\" content=\"2021-01-15T14:04:16+00:00\" \/>\n<meta name=\"twitter:card\" content=\"summary_large_image\" \/>\n<meta name=\"twitter:label1\" content=\"Estimeret l\u00e6setid\" \/>\n\t<meta name=\"twitter:data1\" content=\"6 minutter\" \/>\n<script type=\"application\/ld+json\" class=\"yoast-schema-graph\">{\"@context\":\"https:\/\/schema.org\",\"@graph\":[{\"@type\":\"WebPage\",\"@id\":\"https:\/\/maxjax-europe.com\/fr\/privacy-policy\/\",\"url\":\"https:\/\/maxjax-europe.com\/fr\/privacy-policy\/\",\"name\":\"Privacy policy - MaxJax Europe\",\"isPartOf\":{\"@id\":\"https:\/\/maxjax-europe.com\/#website\"},\"datePublished\":\"2021-01-15T13:56:29+00:00\",\"dateModified\":\"2021-01-15T14:04:16+00:00\",\"breadcrumb\":{\"@id\":\"https:\/\/maxjax-europe.com\/fr\/privacy-policy\/#breadcrumb\"},\"inLanguage\":\"da-DK\",\"potentialAction\":[{\"@type\":\"ReadAction\",\"target\":[\"https:\/\/maxjax-europe.com\/fr\/privacy-policy\/\"]}]},{\"@type\":\"BreadcrumbList\",\"@id\":\"https:\/\/maxjax-europe.com\/fr\/privacy-policy\/#breadcrumb\",\"itemListElement\":[{\"@type\":\"ListItem\",\"position\":1,\"name\":\"Home\",\"item\":\"https:\/\/maxjax-europe.com\/\"},{\"@type\":\"ListItem\",\"position\":2,\"name\":\"Privacy policy\"}]},{\"@type\":\"WebSite\",\"@id\":\"https:\/\/maxjax-europe.com\/#website\",\"url\":\"https:\/\/maxjax-europe.com\/\",\"name\":\"MaxJax Europe\",\"description\":\"Shop MaxJax Portable Two-Post Car Lift\",\"publisher\":{\"@id\":\"https:\/\/maxjax-europe.com\/#organization\"},\"potentialAction\":[{\"@type\":\"SearchAction\",\"target\":{\"@type\":\"EntryPoint\",\"urlTemplate\":\"https:\/\/maxjax-europe.com\/?s={search_term_string}\"},\"query-input\":{\"@type\":\"PropertyValueSpecification\",\"valueRequired\":true,\"valueName\":\"search_term_string\"}}],\"inLanguage\":\"da-DK\"},{\"@type\":\"Organization\",\"@id\":\"https:\/\/maxjax-europe.com\/#organization\",\"name\":\"MaxJax Europe\",\"url\":\"https:\/\/maxjax-europe.com\/\",\"logo\":{\"@type\":\"ImageObject\",\"inLanguage\":\"da-DK\",\"@id\":\"https:\/\/maxjax-europe.com\/#\/schema\/logo\/image\/\",\"url\":\"https:\/\/maxjax-europe.com\/wp-content\/uploads\/2021\/01\/cropped-EUB-1-1.png\",\"contentUrl\":\"https:\/\/maxjax-europe.com\/wp-content\/uploads\/2021\/01\/cropped-EUB-1-1.png\",\"width\":2266,\"height\":553,\"caption\":\"MaxJax Europe\"},\"image\":{\"@id\":\"https:\/\/maxjax-europe.com\/#\/schema\/logo\/image\/\"}}]}<\/script>\n<!-- \/ Yoast SEO plugin. -->","yoast_head_json":{"title":"Fortrolighedspolitik - MaxJax Europe","robots":{"index":"index","follow":"follow","max-snippet":"max-snippet:-1","max-image-preview":"max-image-preview:large","max-video-preview":"max-video-preview:-1"},"canonical":"https:\/\/maxjax-europe.com\/da\/privacy-policy\/","og_locale":"da_DK","og_type":"article","og_title":"Privacy policy - MaxJax Europe","og_description":"Privacy Policy for QuickJack Netherlands B.V. At MaxJax Europe, accessible from https:\/\/Maxjax-europe.com\/, one of our main priorities is the privacy of our visitors. This Privacy Policy document contains types of information that is collected and recorded by MaxJax and how we use it. If you have additional questions or require more information about our Privacy     Read More \"Privacy policy\"","og_url":"https:\/\/maxjax-europe.com\/da\/privacy-policy\/","og_site_name":"MaxJax Europe","article_modified_time":"2021-01-15T14:04:16+00:00","twitter_card":"summary_large_image","twitter_misc":{"Estimeret l\u00e6setid":"6 minutter"},"schema":{"@context":"https:\/\/schema.org","@graph":[{"@type":"WebPage","@id":"https:\/\/maxjax-europe.com\/fr\/privacy-policy\/","url":"https:\/\/maxjax-europe.com\/fr\/privacy-policy\/","name":"Fortrolighedspolitik - MaxJax Europe","isPartOf":{"@id":"https:\/\/maxjax-europe.com\/#website"},"datePublished":"2021-01-15T13:56:29+00:00","dateModified":"2021-01-15T14:04:16+00:00","breadcrumb":{"@id":"https:\/\/maxjax-europe.com\/fr\/privacy-policy\/#breadcrumb"},"inLanguage":"da-DK","potentialAction":[{"@type":"ReadAction","target":["https:\/\/maxjax-europe.com\/fr\/privacy-policy\/"]}]},{"@type":"BreadcrumbList","@id":"https:\/\/maxjax-europe.com\/fr\/privacy-policy\/#breadcrumb","itemListElement":[{"@type":"ListItem","position":1,"name":"Home","item":"https:\/\/maxjax-europe.com\/"},{"@type":"ListItem","position":2,"name":"Privacy policy"}]},{"@type":"WebSite","@id":"https:\/\/maxjax-europe.com\/#website","url":"https:\/\/maxjax-europe.com\/","name":"MaxJax Danmark","description":"Shop MaxJax b\u00e6rbar to-stolps bill\u00f8ft","publisher":{"@id":"https:\/\/maxjax-europe.com\/#organization"},"potentialAction":[{"@type":"SearchAction","target":{"@type":"EntryPoint","urlTemplate":"https:\/\/maxjax-europe.com\/?s={search_term_string}"},"query-input":{"@type":"PropertyValueSpecification","valueRequired":true,"valueName":"search_term_string"}}],"inLanguage":"da-DK"},{"@type":"Organization","@id":"https:\/\/maxjax-europe.com\/#organization","name":"MaxJax Danmark","url":"https:\/\/maxjax-europe.com\/","logo":{"@type":"ImageObject","inLanguage":"da-DK","@id":"https:\/\/maxjax-europe.com\/#\/schema\/logo\/image\/","url":"https:\/\/maxjax-europe.com\/wp-content\/uploads\/2021\/01\/cropped-EUB-1-1.png","contentUrl":"https:\/\/maxjax-europe.com\/wp-content\/uploads\/2021\/01\/cropped-EUB-1-1.png","width":2266,"height":553,"caption":"MaxJax Europe"},"image":{"@id":"https:\/\/maxjax-europe.com\/#\/schema\/logo\/image\/"}}]}},"jetpack_sharing_enabled":true,"_links":{"self":[{"href":"https:\/\/maxjax-europe.com\/da\/wp-json\/wp\/v2\/pages\/4618","targetHints":{"allow":["GET"]}}],"collection":[{"href":"https:\/\/maxjax-europe.com\/da\/wp-json\/wp\/v2\/pages"}],"about":[{"href":"https:\/\/maxjax-europe.com\/da\/wp-json\/wp\/v2\/types\/page"}],"author":[{"embeddable":true,"href":"https:\/\/maxjax-europe.com\/da\/wp-json\/wp\/v2\/users\/1"}],"replies":[{"embeddable":true,"href":"https:\/\/maxjax-europe.com\/da\/wp-json\/wp\/v2\/comments?post=4618"}],"version-history":[{"count":3,"href":"https:\/\/maxjax-europe.com\/da\/wp-json\/wp\/v2\/pages\/4618\/revisions"}],"predecessor-version":[{"id":4626,"href":"https:\/\/maxjax-europe.com\/da\/wp-json\/wp\/v2\/pages\/4618\/revisions\/4626"}],"wp:attachment":[{"href":"https:\/\/maxjax-europe.com\/da\/wp-json\/wp\/v2\/media?parent=4618"}],"curies":[{"name":"wp","href":"https:\/\/api.w.org\/{rel}","templated":true}]}}