{"id":4618,"date":"2021-01-15T13:56:29","date_gmt":"2021-01-15T13:56:29","guid":{"rendered":"https:\/\/maxjax-europe.com\/?page_id=4618"},"modified":"2021-01-15T14:04:16","modified_gmt":"2021-01-15T14:04:16","slug":"privacy-policy","status":"publish","type":"page","link":"https:\/\/maxjax-europe.com\/de\/privacy-policy\/","title":{"rendered":"Datenschutz-Bestimmungen"},"content":{"rendered":"<h1 class=\"wp-block-heading\">Datenschutzerkl\u00e4rung f\u00fcr QuickJack Netherlands BV<\/h1>\n\n\n\n<p>Bei MaxJax Europe, das \u00fcber https:\/\/Maxjax-europe.com\/ erreichbar ist, ist die Privatsph\u00e4re unserer Besucher eine unserer Hauptpriorit\u00e4ten. Dieses Datenschutzdokument enth\u00e4lt Arten von Informationen, die von MaxJax gesammelt und aufgezeichnet werden, und wie wir sie verwenden.<\/p>\n\n\n\n<p>Wenn Sie weitere Fragen haben oder weitere Informationen zu unserer Datenschutzrichtlinie ben\u00f6tigen, z\u00f6gern Sie nicht, uns zu kontaktieren.<\/p>\n\n\n\n<p>Diese Datenschutzrichtlinie gilt nur f\u00fcr unsere Online-Aktivit\u00e4ten und gilt f\u00fcr Besucher unserer Website in Bezug auf die Informationen, die sie in MaxJax geteilt und \/ oder gesammelt haben. Diese Richtlinie gilt nicht f\u00fcr Informationen, die offline oder \u00fcber andere Kan\u00e4le als diese Website gesammelt werden.<\/p>\n\n\n\n<h2 class=\"wp-block-heading\">Zustimmung<\/h2>\n\n\n\n<p>Durch die Nutzung unserer Website stimmen Sie hiermit unserer Datenschutzrichtlinie zu und stimmen deren Bedingungen zu.<\/p>\n\n\n\n<h2 class=\"wp-block-heading\">Informationen, die wir sammeln<\/h2>\n\n\n\n<p>Die von Ihnen angeforderten pers\u00f6nlichen Daten und die Gr\u00fcnde, warum Sie zur Angabe aufgefordert werden, werden Ihnen an dem Punkt klargestellt, an dem wir Sie auffordern, Ihre pers\u00f6nlichen Daten anzugeben.<\/p>\n\n\n\n<p>Wenn Sie uns direkt kontaktieren, erhalten wir m\u00f6glicherweise zus\u00e4tzliche Informationen \u00fcber Sie, wie z. B. Ihren Namen, Ihre E-Mail-Adresse, Ihre Telefonnummer, den Inhalt der Nachricht und \/ oder Anh\u00e4nge, die Sie uns senden, sowie weitere Informationen, die Sie m\u00f6glicherweise angeben.<\/p>\n\n\n\n<p>Wenn Sie sich f\u00fcr ein Konto registrieren, werden Sie m\u00f6glicherweise nach Ihren Kontaktinformationen gefragt, einschlie\u00dflich Namen, Firmenname, Adresse, E-Mail-Adresse und Telefonnummer.<\/p>\n\n\n\n<h2 class=\"wp-block-heading\">Wie wir Ihre Daten verwenden<\/h2>\n\n\n\n<p>Wir verwenden die von uns gesammelten Informationen auf verschiedene Weise, unter anderem um:<\/p>\n\n\n\n<ul class=\"wp-block-list\"><li>Bereitstellung, Betrieb und Wartung unserer Website<\/li><li>Verbessern, personalisieren und erweitern Sie unser Webste<\/li><li>Verstehen und analysieren Sie, wie Sie unser Webste nutzen<\/li><li>Entwickeln Sie neue Produkte, Dienstleistungen, Features und Funktionen<\/li><li>Kommunizieren Sie direkt oder \u00fcber einen unserer Partner mit Ihnen, auch f\u00fcr den Kundenservice, um Sie \u00fcber Aktualisierungen und andere Informationen in Bezug auf das Webste sowie f\u00fcr Marketing- und Werbezwecke zu informieren<\/li><li>Senden Sie Ihnen E-Mails<\/li><li>Betrug finden und verhindern<\/li><\/ul>\n\n\n\n<h2 class=\"wp-block-heading\">Protokolldateien<\/h2>\n\n\n\n<p>MaxJax follows a standard procedure of using log files. These files log visitors when they visit websites. All hosting companies do this and a part of hosting services\u2019 analytics. The information collected by log files include internet protocol (IP) addresses, browser type, Internet Service Provider (ISP), date and time stamp, referring\/exit pages, and possibly the number of clicks. These are not linked to any information that is personally identifiable. The purpose of the information is for analyzing trends, administering the site, tracking users\u2019 movement on the website, and gathering demographic information. Our Privacy Policy was created with the help of the\u00a0<a href=\"https:\/\/www.privacypolicygenerator.info\/\">Generator f\u00fcr Datenschutzrichtlinien<\/a>\u00a0und der\u00a0<a href=\"https:\/\/www.privacypolicytemplate.net\/\">Vorlage f\u00fcr Datenschutzbestimmungen<\/a>.<\/p>\n\n\n\n<h2 class=\"wp-block-heading\">Cookies und Web Beacons<\/h2>\n\n\n\n<p>Like any other website, Maxjax uses \u2018cookies\u2019. These cookies are used to store information including visitors\u2019 preferences, and the pages on the website that the visitor accessed or visited. The information is used to optimize the users\u2019 experience by customizing our web page content based on visitors\u2019 browser type and\/or other information.<\/p>\n\n\n\n<h2 class=\"wp-block-heading\">Google DoubleClick DART Cookie<\/h2>\n\n\n\n<p>Google ist einer der Drittanbieter auf unserer Website. Es werden auch Cookies, sogenannte DART-Cookies, verwendet, um Anzeigen f\u00fcr unsere Website-Besucher zu schalten, basierend auf deren Besuch auf www.website.com und anderen Websites im Internet. Besucher k\u00f6nnen jedoch die Verwendung von DART-Cookies ablehnen, indem sie die Datenschutzrichtlinie des Google-Anzeigen- und Content-Werbenetzwerks unter der folgenden URL besuchen:\u00a0<a href=\"https:\/\/policies.google.com\/technologies\/ads\">https:\/\/policies.google.com\/technologies\/ads<\/a><\/p>\n\n\n\n<h2 class=\"wp-block-heading\">Datenschutzrichtlinien f\u00fcr Werbepartner<\/h2>\n\n\n\n<p>In dieser Liste finden Sie die Datenschutzbestimmungen f\u00fcr jeden Werbepartner von MaxJax.<\/p>\n\n\n\n<p>Third-party ad servers or ad networks uses technologies like cookies, JavaScript, or Web Beacons that are used in their respective advertisements and links that appear on MaxJax, which are sent directly to users\u2019 browser. They automatically receive your IP address when this occurs. These technologies are used to measure the effectiveness of their advertising campaigns and\/or to personalize the advertising content that you see on websites that you visit.<\/p>\n\n\n\n<p>Beachten Sie, dass MaxJax keinen Zugriff auf oder keine Kontrolle \u00fcber diese Cookies hat, die von Werbekunden Dritter verwendet werden.<\/p>\n\n\n\n<h2 class=\"wp-block-heading\">Datenschutzrichtlinien von Drittanbietern<\/h2>\n\n\n\n<p>Die MaxJax-Datenschutzrichtlinie gilt nicht f\u00fcr andere Werbetreibende oder Websites. Wir empfehlen Ihnen daher, die jeweiligen Datenschutzrichtlinien dieser Ad-Server von Drittanbietern zu konsultieren, um detailliertere Informationen zu erhalten. Es kann ihre Praktiken und Anweisungen zum Deaktivieren bestimmter Optionen enthalten. Eine vollst\u00e4ndige Liste dieser Datenschutzrichtlinien und ihrer Links finden Sie hier: Links zu Datenschutzrichtlinien.<\/p>\n\n\n\n<p>You can choose to disable cookies through your individual browser options. To know more detailed information about cookie management with specific web browsers, it can be found at the browsers\u2019 respective websites. What Are Cookies?<\/p>\n\n\n\n<h2 class=\"wp-block-heading\">CCPA-Datenschutzrechte (Verkaufen Sie meine pers\u00f6nlichen Daten nicht)<\/h2>\n\n\n\n<p>Im Rahmen der CCPA haben kalifornische Verbraucher unter anderem das Recht:<\/p>\n\n\n\n<p>Request that a business that collects a consumer\u2019s personal data disclose the categories and specific pieces of personal data that a business has collected about consumers.<\/p>\n\n\n\n<p>Fordern Sie ein Unternehmen auf, alle pers\u00f6nlichen Daten \u00fcber den Verbraucher zu l\u00f6schen, die ein Unternehmen gesammelt hat.<\/p>\n\n\n\n<p>Request that a business that sells a consumer\u2019s personal data, not sell the consumer\u2019s personal data.<\/p>\n\n\n\n<p>Wenn Sie eine Anfrage stellen, haben wir einen Monat Zeit, um Ihnen zu antworten. Wenn Sie eines dieser Rechte aus\u00fcben m\u00f6chten, kontaktieren Sie uns bitte.<\/p>\n\n\n\n<h2 class=\"wp-block-heading\">Datenschutzrechte der DSGVO<\/h2>\n\n\n\n<p>Wir m\u00f6chten sicherstellen, dass Sie alle Ihre Datenschutzrechte vollst\u00e4ndig kennen. Jeder Benutzer hat Anspruch auf Folgendes:<\/p>\n\n\n\n<p>Zugriffsrecht - Sie haben das Recht, Kopien Ihrer pers\u00f6nlichen Daten anzufordern. Wir k\u00f6nnen Ihnen eine geringe Geb\u00fchr f\u00fcr diesen Service berechnen.<\/p>\n\n\n\n<p>Das Recht auf Berichtigung - Sie haben das Recht zu verlangen, dass wir alle Informationen korrigieren, die Sie f\u00fcr ungenau halten. Sie haben auch das Recht zu verlangen, dass wir die Informationen vervollst\u00e4ndigen, die Sie f\u00fcr unvollst\u00e4ndig halten.<\/p>\n\n\n\n<p>Das Recht auf L\u00f6schung - Sie haben das Recht, unter bestimmten Bedingungen zu verlangen, dass wir Ihre pers\u00f6nlichen Daten l\u00f6schen.<\/p>\n\n\n\n<p>Das Recht, die Verarbeitung einzuschr\u00e4nken - Sie haben das Recht, zu verlangen, dass wir die Verarbeitung Ihrer pers\u00f6nlichen Daten unter bestimmten Bedingungen einschr\u00e4nken.<\/p>\n\n\n\n<p>Widerspruchsrecht - Sie haben unter bestimmten Bedingungen das Recht, der Verarbeitung Ihrer personenbezogenen Daten zu widersprechen.<\/p>\n\n\n\n<p>Das Recht auf Daten\u00fcbertragbarkeit - Sie haben das Recht zu verlangen, dass wir die von uns gesammelten Daten unter bestimmten Bedingungen an eine andere Organisation oder direkt an Sie \u00fcbertragen.<\/p>\n\n\n\n<p>Wenn Sie eine Anfrage stellen, haben wir einen Monat Zeit, um Ihnen zu antworten. Wenn Sie eines dieser Rechte aus\u00fcben m\u00f6chten, kontaktieren Sie uns bitte.<\/p>\n\n\n\n<h2 class=\"wp-block-heading\">Children\u2019s Information<\/h2>\n\n\n\n<p>Ein weiterer Teil unserer Priorit\u00e4t ist der Schutz von Kindern bei der Nutzung des Internets. Wir ermutigen Eltern und Erziehungsberechtigte, ihre Online-Aktivit\u00e4ten zu beobachten, daran teilzunehmen und \/ oder zu \u00fcberwachen und zu leiten.<\/p>\n\n\n\n<p>MaxJax sammelt wissentlich keine personenbezogenen Daten von Kindern unter 13 Jahren. Wenn Sie der Meinung sind, dass Ihr Kind diese Art von Informationen auf unserer Website bereitgestellt hat, empfehlen wir Ihnen dringend, sich umgehend mit uns in Verbindung zu setzen, und wir werden uns bem\u00fchen, diese umgehend zu entfernen solche Informationen aus unseren Aufzeichnungen.<\/p>","protected":false},"excerpt":{"rendered":"<p>Privacy Policy for QuickJack Netherlands B.V. At MaxJax Europe, accessible from https:\/\/Maxjax-europe.com\/, one of our main priorities is the privacy of our visitors. This Privacy Policy document contains types of information that is collected and recorded by MaxJax and how we use it. If you have additional questions or require more information about our Privacy<br \/><a class=\"more-link\" href=\"https:\/\/maxjax-europe.com\/de\/privacy-policy\/\"><br \/>\n        Weiterlesen<span class=\"screen-reader-text\"> &#8220;Privacy policy&#8221;<\/span><\/a><\/p>","protected":false},"author":1,"featured_media":0,"parent":0,"menu_order":0,"comment_status":"closed","ping_status":"closed","template":"","meta":{"footnotes":""},"class_list":["post-4618","page","type-page","status-publish","hentry","badges-style-2"],"yoast_head":"<!-- This site is optimized with the Yoast SEO plugin v27.6 - https:\/\/yoast.com\/product\/yoast-seo-wordpress\/ -->\n<title>Privacy policy - MaxJax Europe<\/title>\n<meta name=\"robots\" content=\"index, follow, max-snippet:-1, max-image-preview:large, max-video-preview:-1\" \/>\n<link rel=\"canonical\" href=\"https:\/\/maxjax-europe.com\/de\/privacy-policy\/\" \/>\n<meta property=\"og:locale\" content=\"de_DE\" \/>\n<meta property=\"og:type\" content=\"article\" \/>\n<meta property=\"og:title\" content=\"Privacy policy - MaxJax Europe\" \/>\n<meta property=\"og:description\" content=\"Privacy Policy for QuickJack Netherlands B.V. At MaxJax Europe, accessible from https:\/\/Maxjax-europe.com\/, one of our main priorities is the privacy of our visitors. This Privacy Policy document contains types of information that is collected and recorded by MaxJax and how we use it. If you have additional questions or require more information about our Privacy     Read More &quot;Privacy policy&quot;\" \/>\n<meta property=\"og:url\" content=\"https:\/\/maxjax-europe.com\/de\/privacy-policy\/\" \/>\n<meta property=\"og:site_name\" content=\"MaxJax Europe\" \/>\n<meta property=\"article:modified_time\" content=\"2021-01-15T14:04:16+00:00\" \/>\n<meta name=\"twitter:card\" content=\"summary_large_image\" \/>\n<meta name=\"twitter:label1\" content=\"Gesch\u00e4tzte Lesezeit\" \/>\n\t<meta name=\"twitter:data1\" content=\"6\u00a0Minuten\" \/>\n<script type=\"application\/ld+json\" class=\"yoast-schema-graph\">{\"@context\":\"https:\\\/\\\/schema.org\",\"@graph\":[{\"@type\":\"WebPage\",\"@id\":\"https:\\\/\\\/maxjax-europe.com\\\/fr\\\/privacy-policy\\\/\",\"url\":\"https:\\\/\\\/maxjax-europe.com\\\/fr\\\/privacy-policy\\\/\",\"name\":\"Privacy policy - MaxJax Europe\",\"isPartOf\":{\"@id\":\"https:\\\/\\\/maxjax-europe.com\\\/#website\"},\"datePublished\":\"2021-01-15T13:56:29+00:00\",\"dateModified\":\"2021-01-15T14:04:16+00:00\",\"breadcrumb\":{\"@id\":\"https:\\\/\\\/maxjax-europe.com\\\/fr\\\/privacy-policy\\\/#breadcrumb\"},\"inLanguage\":\"de\",\"potentialAction\":[{\"@type\":\"ReadAction\",\"target\":[\"https:\\\/\\\/maxjax-europe.com\\\/fr\\\/privacy-policy\\\/\"]}]},{\"@type\":\"BreadcrumbList\",\"@id\":\"https:\\\/\\\/maxjax-europe.com\\\/fr\\\/privacy-policy\\\/#breadcrumb\",\"itemListElement\":[{\"@type\":\"ListItem\",\"position\":1,\"name\":\"Home\",\"item\":\"https:\\\/\\\/maxjax-europe.com\\\/\"},{\"@type\":\"ListItem\",\"position\":2,\"name\":\"Privacy policy\"}]},{\"@type\":\"WebSite\",\"@id\":\"https:\\\/\\\/maxjax-europe.com\\\/#website\",\"url\":\"https:\\\/\\\/maxjax-europe.com\\\/\",\"name\":\"MaxJax Europe\",\"description\":\"Shop MaxJax Portable Two-Post Car Lift\",\"publisher\":{\"@id\":\"https:\\\/\\\/maxjax-europe.com\\\/#organization\"},\"potentialAction\":[{\"@type\":\"SearchAction\",\"target\":{\"@type\":\"EntryPoint\",\"urlTemplate\":\"https:\\\/\\\/maxjax-europe.com\\\/?s={search_term_string}\"},\"query-input\":{\"@type\":\"PropertyValueSpecification\",\"valueRequired\":true,\"valueName\":\"search_term_string\"}}],\"inLanguage\":\"de\"},{\"@type\":\"Organization\",\"@id\":\"https:\\\/\\\/maxjax-europe.com\\\/#organization\",\"name\":\"MaxJax Europe\",\"url\":\"https:\\\/\\\/maxjax-europe.com\\\/\",\"logo\":{\"@type\":\"ImageObject\",\"inLanguage\":\"de\",\"@id\":\"https:\\\/\\\/maxjax-europe.com\\\/#\\\/schema\\\/logo\\\/image\\\/\",\"url\":\"https:\\\/\\\/maxjax-europe.com\\\/wp-content\\\/uploads\\\/2021\\\/01\\\/cropped-EUB-1-1.png\",\"contentUrl\":\"https:\\\/\\\/maxjax-europe.com\\\/wp-content\\\/uploads\\\/2021\\\/01\\\/cropped-EUB-1-1.png\",\"width\":2266,\"height\":553,\"caption\":\"MaxJax Europe\"},\"image\":{\"@id\":\"https:\\\/\\\/maxjax-europe.com\\\/#\\\/schema\\\/logo\\\/image\\\/\"}}]}<\/script>\n<!-- \/ Yoast SEO plugin. -->","yoast_head_json":{"title":"Datenschutzerkl\u00e4rung - MaxJax Europe","robots":{"index":"index","follow":"follow","max-snippet":"max-snippet:-1","max-image-preview":"max-image-preview:large","max-video-preview":"max-video-preview:-1"},"canonical":"https:\/\/maxjax-europe.com\/de\/privacy-policy\/","og_locale":"de_DE","og_type":"article","og_title":"Privacy policy - MaxJax Europe","og_description":"Privacy Policy for QuickJack Netherlands B.V. At MaxJax Europe, accessible from https:\/\/Maxjax-europe.com\/, one of our main priorities is the privacy of our visitors. This Privacy Policy document contains types of information that is collected and recorded by MaxJax and how we use it. If you have additional questions or require more information about our Privacy     Read More \"Privacy policy\"","og_url":"https:\/\/maxjax-europe.com\/de\/privacy-policy\/","og_site_name":"MaxJax Europe","article_modified_time":"2021-01-15T14:04:16+00:00","twitter_card":"summary_large_image","twitter_misc":{"Gesch\u00e4tzte Lesezeit":"6\u00a0Minuten"},"schema":{"@context":"https:\/\/schema.org","@graph":[{"@type":"WebPage","@id":"https:\/\/maxjax-europe.com\/fr\/privacy-policy\/","url":"https:\/\/maxjax-europe.com\/fr\/privacy-policy\/","name":"Datenschutzerkl\u00e4rung - MaxJax Europe","isPartOf":{"@id":"https:\/\/maxjax-europe.com\/#website"},"datePublished":"2021-01-15T13:56:29+00:00","dateModified":"2021-01-15T14:04:16+00:00","breadcrumb":{"@id":"https:\/\/maxjax-europe.com\/fr\/privacy-policy\/#breadcrumb"},"inLanguage":"de","potentialAction":[{"@type":"ReadAction","target":["https:\/\/maxjax-europe.com\/fr\/privacy-policy\/"]}]},{"@type":"BreadcrumbList","@id":"https:\/\/maxjax-europe.com\/fr\/privacy-policy\/#breadcrumb","itemListElement":[{"@type":"ListItem","position":1,"name":"Home","item":"https:\/\/maxjax-europe.com\/"},{"@type":"ListItem","position":2,"name":"Privacy policy"}]},{"@type":"WebSite","@id":"https:\/\/maxjax-europe.com\/#website","url":"https:\/\/maxjax-europe.com\/","name":"MaxJax Deutschland","description":"Shop MaxJax Tragbarer Zwei-S\u00e4ulen-Autolift","publisher":{"@id":"https:\/\/maxjax-europe.com\/#organization"},"potentialAction":[{"@type":"SearchAction","target":{"@type":"EntryPoint","urlTemplate":"https:\/\/maxjax-europe.com\/?s={search_term_string}"},"query-input":{"@type":"PropertyValueSpecification","valueRequired":true,"valueName":"search_term_string"}}],"inLanguage":"de"},{"@type":"Organization","@id":"https:\/\/maxjax-europe.com\/#organization","name":"MaxJax Deutschland","url":"https:\/\/maxjax-europe.com\/","logo":{"@type":"ImageObject","inLanguage":"de","@id":"https:\/\/maxjax-europe.com\/#\/schema\/logo\/image\/","url":"https:\/\/maxjax-europe.com\/wp-content\/uploads\/2021\/01\/cropped-EUB-1-1.png","contentUrl":"https:\/\/maxjax-europe.com\/wp-content\/uploads\/2021\/01\/cropped-EUB-1-1.png","width":2266,"height":553,"caption":"MaxJax Europe"},"image":{"@id":"https:\/\/maxjax-europe.com\/#\/schema\/logo\/image\/"}}]}},"jetpack_sharing_enabled":true,"_links":{"self":[{"href":"https:\/\/maxjax-europe.com\/de\/wp-json\/wp\/v2\/pages\/4618","targetHints":{"allow":["GET"]}}],"collection":[{"href":"https:\/\/maxjax-europe.com\/de\/wp-json\/wp\/v2\/pages"}],"about":[{"href":"https:\/\/maxjax-europe.com\/de\/wp-json\/wp\/v2\/types\/page"}],"author":[{"embeddable":true,"href":"https:\/\/maxjax-europe.com\/de\/wp-json\/wp\/v2\/users\/1"}],"replies":[{"embeddable":true,"href":"https:\/\/maxjax-europe.com\/de\/wp-json\/wp\/v2\/comments?post=4618"}],"version-history":[{"count":3,"href":"https:\/\/maxjax-europe.com\/de\/wp-json\/wp\/v2\/pages\/4618\/revisions"}],"predecessor-version":[{"id":4626,"href":"https:\/\/maxjax-europe.com\/de\/wp-json\/wp\/v2\/pages\/4618\/revisions\/4626"}],"wp:attachment":[{"href":"https:\/\/maxjax-europe.com\/de\/wp-json\/wp\/v2\/media?parent=4618"}],"curies":[{"name":"wp","href":"https:\/\/api.w.org\/{rel}","templated":true}]}}