{"id":3637,"date":"2017-06-07T11:00:28","date_gmt":"2017-06-07T11:00:28","guid":{"rendered":"http:\/\/demo.woothemes.com\/woocommerce\/?post_type=product&#038;p=40"},"modified":"2025-07-08T03:36:46","modified_gmt":"2025-07-08T03:36:46","slug":"rst-1ws","status":"publish","type":"product","link":"https:\/\/maxjax-europe.com\/de\/produkt\/rst-1ws\/","title":{"rendered":"Rollender Arbeitssitz RST-1WS"},"content":{"rendered":"<p>Mehr Komfort, bessere K\u00f6rperhaltung unter MaxJax<\/p>\n<p>Der tragbare MaxJax-Zweipfostenlift hat eine maximale Steigh\u00f6he von ca. 46 Zoll (nur bei Verwendung mit Hubkissen). Wenn Sie l\u00e4ngere Zeit an einem Projekt arbeiten, sollten Sie die Belastung Ihres K\u00f6rpers ber\u00fccksichtigen. Das Arbeiten in einer bequemen, aufrechten Position neben Ihren F\u00fc\u00dfen reduziert Stress und erm\u00f6glicht es Ihnen, Ihre beste Arbeit zu leisten. Hier kommt der Rolling Work Seat Ranger Products\u00ae RST-1WS ins Spiel. Dieser Rolling Work Seat reduziert die Belastung des R\u00fcckens und verf\u00fcgt \u00fcber eine integrierte Werkzeugablage, die sich direkt unter dem gepolsterten Kissen befindet und bei Ihnen bleibt, egal wohin Sie gehen. Wenn Sie bereits mit einem MaxJax-Hebeb\u00fchne besch\u00e4ftigt sind, sollten Sie Ihrer Bestellung einen Arbeitssitz hinzuf\u00fcgen, insbesondere wenn Sie oder Ihre Kollegen lieber n\u00e4her am Boden arbeiten.<\/p>\n<p>&nbsp;<\/p>\n<p>Das verst\u00e4rkte rote Vinyl, das \u00fcber ein robustes Schaumstoffpolster gespannt ist, besteht aus diesem bequemen Kissen, um den R\u00fccken zu entlasten. Gleichzeitig sorgt die praktische Unterbodenablage daf\u00fcr, dass alle Ihre Werkzeuge immer nur eine kurze Reichweite entfernt sind. Die robuste 1-Zoll-Stahlrohrkonstruktion und die kugelgelagerten Lenkrollen sorgen daf\u00fcr, dass Sie lange Zeit stilvoll rollen. Machen Sie weiter, lassen Sie den alten Arbeitssitz kaputt und r\u00fcsten Sie auf die Spitze des Designs und des Komforts der Serviceausr\u00fcstung auf.<\/p>\n<p>Suchen Sie das ultimative MaxJax Sitzzubeh\u00f6r? Schauen Sie sich den Reclining Creeper Seat an.<\/p>\n<ul>\n<li>Gepolstertes berauschendes Vinylkissen<\/li>\n<li>Effizienter arbeiten<\/li>\n<li>Lindert schmerzende R\u00fcckenmuskeln<\/li>\n<li>Perfekt f\u00fcr Rad- \/ Servicearbeiten<\/li>\n<li>4 kugelgelagerte Lenkrollen<\/li>\n<li>Inklusive praktischer Unterbodenablage<\/li>\n<\/ul>\n<table width=\"825\">\n<tbody>\n<tr>\n<td><strong>Produktabmessungen<\/strong><\/td>\n<td>14,25 &quot;(B) x 14,75&quot; (H) x 14,75 &quot;(T) (362 mm x 375 mm x 375 mm)<\/td>\n<\/tr>\n<tr>\n<td><strong>Pad Abmessungen<\/strong><\/td>\n<td>14,25 &quot;(B) x 2&quot; (H) x 7,5 &quot;(T) (362 mm x 51 mm x 191 mm)<\/td>\n<\/tr>\n<tr>\n<td><strong>Stahlrohr<\/strong><\/td>\n<td>25 m<\/td>\n<\/tr>\n<tr>\n<td><strong>Lenkrollen<\/strong><\/td>\n<td>64 mm (2,5 Zoll)<\/td>\n<\/tr>\n<tr>\n<td><strong>Versand\/ Paketgewicht  gewicht<\/strong><\/td>\n<td>16 lbs. (7 kg)<\/td>\n<\/tr>\n<tr>\n<td><strong>Versandabmessungen<\/strong><\/td>\n<td>431 mm x 431 mm x 127 mm (17 &quot;x 17&quot; x 5 &quot;)<\/td>\n<\/tr>\n<\/tbody>\n<\/table>","protected":false},"excerpt":{"rendered":"<p>Bewegen Sie sich frei unter Ihrem Fahrzeug, das auf dem MaxJax angehoben wurde, und arbeiten Sie mit dem Ranger\u00ae RST-1WS Rolling Work Seat in einer bequemen Position an Ihren Projekten. Inklusive gepolstertem Kissen, Werkzeugablage unter dem Sitz und vier kugelgelagerten Rollen.<\/p>","protected":false},"featured_media":4463,"comment_status":"open","ping_status":"closed","template":"","meta":[],"product_brand":[],"product_cat":[65],"product_tag":[],"class_list":{"0":"post-3637","1":"product","2":"type-product","3":"status-publish","4":"has-post-thumbnail","6":"product_cat-maxjax","7":"product_shipping_class-accessory","8":"product-custom-label-money-back-garanty","9":"product-custom-label-extended-warranty","10":"product-custom-label-1-4-days-delivery","11":"badges-style-2","13":"first","14":"instock","15":"taxable","16":"shipping-taxable","17":"purchasable","18":"product-type-simple"},"yoast_head":"<!-- This site is optimized with the Yoast SEO plugin v27.1.1 - https:\/\/yoast.com\/product\/yoast-seo-wordpress\/ -->\n<title>RST-1WS Rolling Work Seat - MaxJax Europe<\/title>\n<meta name=\"robots\" content=\"index, follow, max-snippet:-1, max-image-preview:large, max-video-preview:-1\" \/>\n<link rel=\"canonical\" href=\"https:\/\/maxjax-europe.com\/de\/produkt\/rst-1ws\/\" \/>\n<meta property=\"og:locale\" content=\"de_DE\" \/>\n<meta property=\"og:type\" content=\"article\" \/>\n<meta property=\"og:title\" content=\"RST-1WS Rolling Work Seat - MaxJax Europe\" \/>\n<meta property=\"og:description\" content=\"Move freely under your vehicle lifted on the MaxJax and work on your projects in a comfortable position with the Ranger\u00ae RST-1WS Rolling Work Seat. Includes padded cushion, under-seat tool tray, and four ball-bearing casters.\" \/>\n<meta property=\"og:url\" content=\"https:\/\/maxjax-europe.com\/de\/produkt\/rst-1ws\/\" \/>\n<meta property=\"og:site_name\" content=\"MaxJax Europe\" \/>\n<meta property=\"article:modified_time\" content=\"2025-07-08T03:36:46+00:00\" \/>\n<meta property=\"og:image\" content=\"https:\/\/maxjax-europe.com\/wp-content\/uploads\/2017\/06\/ranger-rst-1ws-work-seat-with-tools.jpg\" \/>\n\t<meta property=\"og:image:width\" content=\"1200\" \/>\n\t<meta property=\"og:image:height\" content=\"800\" \/>\n\t<meta property=\"og:image:type\" content=\"image\/jpeg\" \/>\n<meta name=\"twitter:card\" content=\"summary_large_image\" \/>\n<meta name=\"twitter:label1\" content=\"Gesch\u00e4tzte Lesezeit\" \/>\n\t<meta name=\"twitter:data1\" content=\"2\u00a0Minuten\" \/>\n<script type=\"application\/ld+json\" class=\"yoast-schema-graph\">{\"@context\":\"https:\/\/schema.org\",\"@graph\":[{\"@type\":\"WebPage\",\"@id\":\"https:\/\/maxjax-europe.com\/product\/rst-1ws\/\",\"url\":\"https:\/\/maxjax-europe.com\/product\/rst-1ws\/\",\"name\":\"RST-1WS Rolling Work Seat - MaxJax Europe\",\"isPartOf\":{\"@id\":\"https:\/\/maxjax-europe.com\/#website\"},\"primaryImageOfPage\":{\"@id\":\"https:\/\/maxjax-europe.com\/product\/rst-1ws\/#primaryimage\"},\"image\":{\"@id\":\"https:\/\/maxjax-europe.com\/product\/rst-1ws\/#primaryimage\"},\"thumbnailUrl\":\"https:\/\/maxjax-europe.com\/wp-content\/uploads\/2017\/06\/ranger-rst-1ws-work-seat-with-tools.jpg\",\"datePublished\":\"2017-06-07T11:00:28+00:00\",\"dateModified\":\"2025-07-08T03:36:46+00:00\",\"breadcrumb\":{\"@id\":\"https:\/\/maxjax-europe.com\/product\/rst-1ws\/#breadcrumb\"},\"inLanguage\":\"de\",\"potentialAction\":[{\"@type\":\"ReadAction\",\"target\":[\"https:\/\/maxjax-europe.com\/product\/rst-1ws\/\"]}]},{\"@type\":\"ImageObject\",\"inLanguage\":\"de\",\"@id\":\"https:\/\/maxjax-europe.com\/product\/rst-1ws\/#primaryimage\",\"url\":\"https:\/\/maxjax-europe.com\/wp-content\/uploads\/2017\/06\/ranger-rst-1ws-work-seat-with-tools.jpg\",\"contentUrl\":\"https:\/\/maxjax-europe.com\/wp-content\/uploads\/2017\/06\/ranger-rst-1ws-work-seat-with-tools.jpg\",\"width\":1200,\"height\":800},{\"@type\":\"BreadcrumbList\",\"@id\":\"https:\/\/maxjax-europe.com\/product\/rst-1ws\/#breadcrumb\",\"itemListElement\":[{\"@type\":\"ListItem\",\"position\":1,\"name\":\"Home\",\"item\":\"https:\/\/maxjax-europe.com\/\"},{\"@type\":\"ListItem\",\"position\":2,\"name\":\"Shop\",\"item\":\"https:\/\/maxjax-europe.com\/it\/maxjax\/\"},{\"@type\":\"ListItem\",\"position\":3,\"name\":\"RST-1WS Rolling Work Seat\"}]},{\"@type\":\"WebSite\",\"@id\":\"https:\/\/maxjax-europe.com\/#website\",\"url\":\"https:\/\/maxjax-europe.com\/\",\"name\":\"MaxJax Europe\",\"description\":\"Shop MaxJax Portable Two-Post Car Lift\",\"publisher\":{\"@id\":\"https:\/\/maxjax-europe.com\/#organization\"},\"potentialAction\":[{\"@type\":\"SearchAction\",\"target\":{\"@type\":\"EntryPoint\",\"urlTemplate\":\"https:\/\/maxjax-europe.com\/?s={search_term_string}\"},\"query-input\":{\"@type\":\"PropertyValueSpecification\",\"valueRequired\":true,\"valueName\":\"search_term_string\"}}],\"inLanguage\":\"de\"},{\"@type\":\"Organization\",\"@id\":\"https:\/\/maxjax-europe.com\/#organization\",\"name\":\"MaxJax Europe\",\"url\":\"https:\/\/maxjax-europe.com\/\",\"logo\":{\"@type\":\"ImageObject\",\"inLanguage\":\"de\",\"@id\":\"https:\/\/maxjax-europe.com\/#\/schema\/logo\/image\/\",\"url\":\"https:\/\/maxjax-europe.com\/wp-content\/uploads\/2021\/01\/cropped-EUB-1-1.png\",\"contentUrl\":\"https:\/\/maxjax-europe.com\/wp-content\/uploads\/2021\/01\/cropped-EUB-1-1.png\",\"width\":2266,\"height\":553,\"caption\":\"MaxJax Europe\"},\"image\":{\"@id\":\"https:\/\/maxjax-europe.com\/#\/schema\/logo\/image\/\"}}]}<\/script>\n<!-- \/ Yoast SEO plugin. -->","yoast_head_json":{"title":"Rollender Arbeitssitz RST-1WS - MaxJax Europe","robots":{"index":"index","follow":"follow","max-snippet":"max-snippet:-1","max-image-preview":"max-image-preview:large","max-video-preview":"max-video-preview:-1"},"canonical":"https:\/\/maxjax-europe.com\/de\/produkt\/rst-1ws\/","og_locale":"de_DE","og_type":"article","og_title":"RST-1WS Rolling Work Seat - MaxJax Europe","og_description":"Move freely under your vehicle lifted on the MaxJax and work on your projects in a comfortable position with the Ranger\u00ae RST-1WS Rolling Work Seat. Includes padded cushion, under-seat tool tray, and four ball-bearing casters.","og_url":"https:\/\/maxjax-europe.com\/de\/produkt\/rst-1ws\/","og_site_name":"MaxJax Europe","article_modified_time":"2025-07-08T03:36:46+00:00","og_image":[{"width":1200,"height":800,"url":"https:\/\/maxjax-europe.com\/wp-content\/uploads\/2017\/06\/ranger-rst-1ws-work-seat-with-tools.jpg","type":"image\/jpeg"}],"twitter_card":"summary_large_image","twitter_misc":{"Gesch\u00e4tzte Lesezeit":"2\u00a0Minuten"},"schema":{"@context":"https:\/\/schema.org","@graph":[{"@type":"WebPage","@id":"https:\/\/maxjax-europe.com\/product\/rst-1ws\/","url":"https:\/\/maxjax-europe.com\/product\/rst-1ws\/","name":"Rollender Arbeitssitz RST-1WS - MaxJax Europe","isPartOf":{"@id":"https:\/\/maxjax-europe.com\/#website"},"primaryImageOfPage":{"@id":"https:\/\/maxjax-europe.com\/product\/rst-1ws\/#primaryimage"},"image":{"@id":"https:\/\/maxjax-europe.com\/product\/rst-1ws\/#primaryimage"},"thumbnailUrl":"https:\/\/maxjax-europe.com\/wp-content\/uploads\/2017\/06\/ranger-rst-1ws-work-seat-with-tools.jpg","datePublished":"2017-06-07T11:00:28+00:00","dateModified":"2025-07-08T03:36:46+00:00","breadcrumb":{"@id":"https:\/\/maxjax-europe.com\/product\/rst-1ws\/#breadcrumb"},"inLanguage":"de","potentialAction":[{"@type":"ReadAction","target":["https:\/\/maxjax-europe.com\/product\/rst-1ws\/"]}]},{"@type":"ImageObject","inLanguage":"de","@id":"https:\/\/maxjax-europe.com\/product\/rst-1ws\/#primaryimage","url":"https:\/\/maxjax-europe.com\/wp-content\/uploads\/2017\/06\/ranger-rst-1ws-work-seat-with-tools.jpg","contentUrl":"https:\/\/maxjax-europe.com\/wp-content\/uploads\/2017\/06\/ranger-rst-1ws-work-seat-with-tools.jpg","width":1200,"height":800},{"@type":"BreadcrumbList","@id":"https:\/\/maxjax-europe.com\/product\/rst-1ws\/#breadcrumb","itemListElement":[{"@type":"ListItem","position":1,"name":"Home","item":"https:\/\/maxjax-europe.com\/"},{"@type":"ListItem","position":2,"name":"Shop","item":"https:\/\/maxjax-europe.com\/it\/maxjax\/"},{"@type":"ListItem","position":3,"name":"RST-1WS Rolling Work Seat"}]},{"@type":"WebSite","@id":"https:\/\/maxjax-europe.com\/#website","url":"https:\/\/maxjax-europe.com\/","name":"MaxJax Deutschland","description":"Shop MaxJax Tragbarer Zwei-S\u00e4ulen-Autolift","publisher":{"@id":"https:\/\/maxjax-europe.com\/#organization"},"potentialAction":[{"@type":"SearchAction","target":{"@type":"EntryPoint","urlTemplate":"https:\/\/maxjax-europe.com\/?s={search_term_string}"},"query-input":{"@type":"PropertyValueSpecification","valueRequired":true,"valueName":"search_term_string"}}],"inLanguage":"de"},{"@type":"Organization","@id":"https:\/\/maxjax-europe.com\/#organization","name":"MaxJax Deutschland","url":"https:\/\/maxjax-europe.com\/","logo":{"@type":"ImageObject","inLanguage":"de","@id":"https:\/\/maxjax-europe.com\/#\/schema\/logo\/image\/","url":"https:\/\/maxjax-europe.com\/wp-content\/uploads\/2021\/01\/cropped-EUB-1-1.png","contentUrl":"https:\/\/maxjax-europe.com\/wp-content\/uploads\/2021\/01\/cropped-EUB-1-1.png","width":2266,"height":553,"caption":"MaxJax Europe"},"image":{"@id":"https:\/\/maxjax-europe.com\/#\/schema\/logo\/image\/"}}]}},"jetpack_sharing_enabled":true,"wcpa_form_fields":null,"_links":{"self":[{"href":"https:\/\/maxjax-europe.com\/de\/wp-json\/wp\/v2\/product\/3637","targetHints":{"allow":["GET"]}}],"collection":[{"href":"https:\/\/maxjax-europe.com\/de\/wp-json\/wp\/v2\/product"}],"about":[{"href":"https:\/\/maxjax-europe.com\/de\/wp-json\/wp\/v2\/types\/product"}],"replies":[{"embeddable":true,"href":"https:\/\/maxjax-europe.com\/de\/wp-json\/wp\/v2\/comments?post=3637"}],"wp:featuredmedia":[{"embeddable":true,"href":"https:\/\/maxjax-europe.com\/de\/wp-json\/wp\/v2\/media\/4463"}],"wp:attachment":[{"href":"https:\/\/maxjax-europe.com\/de\/wp-json\/wp\/v2\/media?parent=3637"}],"wp:term":[{"taxonomy":"product_brand","embeddable":true,"href":"https:\/\/maxjax-europe.com\/de\/wp-json\/wp\/v2\/product_brand?post=3637"},{"taxonomy":"product_cat","embeddable":true,"href":"https:\/\/maxjax-europe.com\/de\/wp-json\/wp\/v2\/product_cat?post=3637"},{"taxonomy":"product_tag","embeddable":true,"href":"https:\/\/maxjax-europe.com\/de\/wp-json\/wp\/v2\/product_tag?post=3637"}],"curies":[{"name":"wp","href":"https:\/\/api.w.org\/{rel}","templated":true}]}}