{"id":3645,"date":"2021-01-01T12:00:12","date_gmt":"2021-01-01T12:00:12","guid":{"rendered":"http:\/\/demo.woothemes.com\/woocommerce\/?post_type=product&#038;p=99"},"modified":"2025-08-07T10:42:52","modified_gmt":"2025-08-07T10:42:52","slug":"maxjax-m7k","status":"publish","type":"product","link":"https:\/\/maxjax-europe.com\/de\/produkt\/maxjax-m7k\/","title":{"rendered":"MAXJAX M7K mobile 2 s\u00e4ulen hebeb\u00fchne"},"content":{"rendered":"<div class=\"page-title-wrapper product\"><\/div>\n<h3>Vorteile des MaxJax<\/h3>\n<p>Es sind die Funktionen, die den MaxJax von den anderen abheben. Jedes MaxJax-Ger\u00e4t ist mit den richtigen Funktionen ausgestattet, die es zur besten Wahl bei der Suche nach einem neuen Autolift machen. Lesen Sie die lange Liste der Funktionen dieses Autolifts durch und Sie werden leicht zu dem Schluss kommen, dass der MaxJax kein gew\u00f6hnlicher Garagenlift ist.<\/p>\n<div class=\"row my-5 align-items-center text-center text-md-left\">\n<div class=\"col-md-4 mb-3 mb-md-0\"><img fetchpriority=\"high\" decoding=\"async\" class=\"img-fluid alignnone\" src=\"https:\/\/www.maxjax.com\/pub\/media\/images\/maxjax-two-post-lift-clear-undercar-access.jpg\" alt=\"MaxJax M6K\" width=\"600\" height=\"480\" \/><\/div>\n<div class=\"col-md-8\">\n<h4 class=\"mb-0\">Freier Zugang zum Unterboden<\/h4>\n<p>Kein anderes niedriges oder mittleres Hebesystem bietet mehr Freiraum unter dem Fahrzeug und ungehinderte Bodenfl\u00e4che als das MaxJax-Hebesystem. Jetzt k\u00f6nnen Sie problemlos auf Motorunterseiten, Getriebe, Antriebswellen, Anlasser, Differentiale oder auf alles andere zugreifen, was einen Zugang zum Unterboden des Autos erfordert.<\/p>\n<\/div>\n<\/div>\n<div class=\"row my-5 align-items-center text-center text-md-left\">\n<div class=\"col-md-4 mb-3 mb-md-0\"><img decoding=\"async\" class=\"img-fluid alignnone\" src=\"https:\/\/www.maxjax.com\/pub\/media\/images\/maxjax-two-post-lift-portable-columns.jpg\" alt=\"MaxJax M6K\" width=\"600\" height=\"480\" \/><\/div>\n<div class=\"col-md-8\">\n<h4 class=\"mb-0\">Portabilit\u00e4t<\/h4>\n<p>Eine Hebeb\u00fchne mit zwei S\u00e4ulen und eingebauten R\u00e4dern erm\u00f6glicht es Ihnen, die Hebeb\u00fchne bei Bedarf zu benutzen und sie bei Nichtgebrauch bequem aus dem Weg zu r\u00e4umen, damit Ihre Garage und die Fahrspuren aufger\u00e4umt bleiben.<\/p>\n<\/div>\n<\/div>\n<div class=\"row my-5 align-items-center text-center text-md-left\">\n<div class=\"col-md-4 mb-3 mb-md-0\"><img decoding=\"async\" class=\"img-fluid alignnone\" src=\"https:\/\/www.maxjax.com\/pub\/media\/images\/from-stow-to-go-maxjax-portable-two-post-lift.jpg\" alt=\"MaxJax M6K\" width=\"600\" height=\"480\" \/><\/div>\n<div class=\"col-md-8\">\n<h4 class=\"mb-0\">In weniger als 15 Minuten verstauen<\/h4>\n<p>Vertiefte Einsteckanker mit Innengewinde und Hydraulikkupplungen zum schnellen Verbinden\/Trennen erm\u00f6glichen eine schnelle und einfache Einrichtung. HINWEIS: Wenden Sie sich vor dem Bohren in nachgespannte Garagenb\u00f6den immer an einen Bauingenieur, um die Kabelpositionen zu bestimmen und zu ermitteln, wo Bohrungen vermieden werden sollen.<\/p>\n<\/div>\n<\/div>\n<div class=\"row my-5 align-items-center text-center text-md-left\">\n<div class=\"col-md-4 mb-3 mb-md-0\"><img loading=\"lazy\" decoding=\"async\" class=\"img-fluid alignnone\" src=\"https:\/\/www.maxjax.com\/pub\/media\/images\/maxjax-two-post-lift-flow-divider.jpg\" alt=\"MaxJax M6K\" width=\"600\" height=\"480\" \/><\/div>\n<div class=\"col-md-8\">\n<h4 class=\"mb-0\">Einfach magisch<\/h4>\n<p>Ein Zahnrad-\u00d6lstromteiler aus Gusseisen ist das Herzst\u00fcck des MaxJax\u00ae-Systems und sorgt f\u00fcr ein pr\u00e4zise ausgeglichenes Heben. Der speziell entwickelte Stromteiler\/Kombinierer ist ein Verdr\u00e4nger-Fluidsteuerger\u00e4t mit pr\u00e4ziser Stromteilung der Hydraulikleistung von einer S\u00e4ule zur anderen, selbst wenn sich der Lastausgleichsdruck \u00e4ndert.<\/p>\n<\/div>\n<\/div>\n<div class=\"row my-5 align-items-center text-center text-md-left\">\n<div class=\"col-md-4 mb-3 mb-md-0\"><img loading=\"lazy\" decoding=\"async\" class=\"img-fluid alignnone\" src=\"https:\/\/www.maxjax.com\/pub\/media\/images\/MaxJax-Power-Unit-Mobile-Cart-Product-Page.jpg\" alt=\"MaxJax M6K\" width=\"300\" height=\"200\" \/><\/div>\n<div class=\"col-md-8\">\n<h4 class=\"mb-0\">Wagen des mobilen Netzteils Hydraulikaggregat<\/h4>\n<p>Unser Standardwagen des mobilen Netzteils ist klein genug, um bei der Lagerung nicht im Weg zu sein, und verf\u00fcgt \u00fcber einen Stauraum f\u00fcr die Hydraulikschl\u00e4uche. Das Hydraulikaggregat verwendet einen einphasigen Motor, der 208-240V AC Volt Wechselstrom und einen 16C-Ampere-Leistungsschalter ben\u00f6tigt. Das Netzkabel in Industriequalit\u00e4t ist 6 Fu\u00df lang. Ein einfacher Druckknopfschalter schaltet den Hub ein und ein Hebel steuert das Absenken. Einfache Schl\u00e4uche zum schnellen Trennen k\u00f6nnen einfach f\u00fcr den Betrieb mit einer oder zwei S\u00e4ulen positioniert werden.<\/p>\n<\/div>\n<\/div>\n<div class=\"row my-5 align-items-center text-center text-md-left\">\n<div class=\"col-md-4 mb-3 mb-md-0\"><img loading=\"lazy\" decoding=\"async\" class=\"img-fluid alignnone\" src=\"https:\/\/www.maxjax.com\/pub\/media\/images\/maxjax-portable-lift-stackable-adapters.jpg\" alt=\"Adapter anheben\" width=\"600\" height=\"480\" \/><\/div>\n<div class=\"col-md-8\">\n<h4 class=\"mb-0\">Verstellbare Hebearme und stapelbare Adapter<\/h4>\n<p>Erh\u00f6ht die Gesamtarmpositionierung zum Heben einer Vielzahl verschiedener Fahrzeuge mit Eink\u00f6rperkonstruktion, vom Erstausr\u00fcster empfohlenen Hubpunkten oder breiten und\/oder schmalen Rahmenkonfigurationen.\u00a0<strong>Jede MaxJax M7K-Bestellung umfasst vier (4) Adapter mittlerer H\u00f6he und vier (4) stapelbare Standard-Liftpad-Adapter.<\/strong><\/p>\n<p><a class=\"grid-link\" href=\"https:\/\/www.maxjax.com\/accessories\/tall-adapters\/\">Hohe Adapters\u00e4tze sind ein optionales Zubeh\u00f6r<\/a><\/p>\n<\/div>\n<\/div>\n<div class=\"row my-5 align-items-center text-center text-md-left\">\n<div class=\"col-md-4 mb-3 mb-md-0\"><img loading=\"lazy\" decoding=\"async\" class=\"img-fluid alignnone\" src=\"https:\/\/www.maxjax.com\/pub\/media\/images\/low-clearance-two-post-lift-maxjax.jpg\" alt=\"Arme mit niedrigem Profil\" width=\"600\" height=\"480\" \/><\/div>\n<div class=\"col-md-8\">\n<h4 class=\"mb-0\">Flache Arme<\/h4>\n<p>Gelangen Sie unter die niedrigsten Kompakt- und Sportfahrzeuge oder Custom-Motorr\u00e4der mit abgesenkten Rahmen.<\/p>\n<\/div>\n<\/div>\n<div class=\"row my-5 align-items-center text-center text-md-left\">\n<div class=\"col-md-4 mb-3 mb-md-0\"><img loading=\"lazy\" decoding=\"async\" class=\"img-fluid alignnone\" src=\"https:\/\/www.maxjax.com\/pub\/media\/images\/maxjax-automatic-arm-restraints.jpg\" alt=\"MaxJax M6K\" width=\"600\" height=\"480\" \/><\/div>\n<div class=\"col-md-8\">\n<h4 class=\"mb-0\">Automatische Armarretierungen<\/h4>\n<p>Jeder Arm ist mit robusten Armarretierungen ausgestattet, die bei jedem Anheben der Hebeb\u00fchne automatisch einrasten. Wenn die Hebeb\u00fchne abgesenkt wird, l\u00f6sen sich die Arretierungen des Getriebearms automatisch, um eine einfache Positionierung der Hubarme zu erm\u00f6glichen.<\/p>\n<\/div>\n<\/div>\n<div class=\"row my-5 align-items-center text-center text-md-left\">\n<div class=\"col-md-4 mb-3 mb-md-0\"><img loading=\"lazy\" decoding=\"async\" class=\"img-fluid alignnone\" src=\"https:\/\/www.maxjax.com\/pub\/media\/images\/MaxJax-Maintenance-free-slide-blocks-Product-Page.jpg\" alt=\"MaxJax M6K\" width=\"300\" height=\"200\" \/><\/div>\n<div class=\"col-md-8\">\n<h4 class=\"mb-0\">Wartungsfreie Gleitbl\u00f6cke<\/h4>\n<p>Anstatt W\u00e4lzlager zu verwenden, die st\u00e4ndig geschmiert und gewartet werden m\u00fcssen, verwenden wir futuristische vollschwimmende UHMW-Lastlager aus ultrahochmolekularem Polyethylen, die niemals geschmiert werden m\u00fcssen und praktisch die gesamte Lebensdauer des Aufzugs haben.<\/p>\n<\/div>\n<\/div>\n<div class=\"row my-5 align-items-center text-center text-md-left\">\n<div class=\"col-md-4 mb-3 mb-md-0\"><img loading=\"lazy\" decoding=\"async\" class=\"img-fluid alignnone\" src=\"https:\/\/www.maxjax.com\/pub\/media\/images\/MaxJax-M6-Portable-Car-Lift-Automatic-Safety-Lock-Product-Page.jpg\" alt=\"Sicherheitsschloss\" width=\"300\" height=\"200\" \/><\/div>\n<div class=\"col-md-8\">\n<h4 class=\"mb-0\">Einteilige S\u00e4ulen<\/h4>\n<p>Wir fertigen die S\u00e4ulen absichtlich in einer einteiligen Konstruktion f\u00fcr zus\u00e4tzliche Festigkeit und weniger Erm\u00fcdung unter Bedingungen hoher Last.<\/p>\n<\/div>\n<\/div>\n<div class=\"row my-5 align-items-center text-center text-md-left\">\n<div class=\"col-md-4 mb-3 mb-md-0\"><img loading=\"lazy\" decoding=\"async\" class=\"img-fluid alignnone\" src=\"https:\/\/www.maxjax.com\/pub\/media\/images\/MaxJax-Direct-Drive-Hydraulic-Cylinders-Product-Page.jpg\" alt=\"hydraulischer Zylinder\" width=\"300\" height=\"200\" \/><\/div>\n<div class=\"col-md-8\">\n<h4 class=\"mb-0\">Direktantriebstechnologie<\/h4>\n<p>Durch die Verwendung von zwei Niederdruck-HVLP-Direktantriebszylindern haben wir die Notwendigkeit von Hubketten oder Schraubenmechanismen beseitigt, die bei anderen Hubkonstruktionen am h\u00e4ufigsten vorkommen. Die HVLP Direct-Drive-Technologie bietet eine bessere Zuverl\u00e4ssigkeit, einen reibungsloseren Betrieb und weniger Wartung.<\/p>\n<\/div>\n<\/div>\n<div class=\"row my-5 align-items-center text-center text-md-left\">\n<div class=\"col-md-4 mb-3 mb-md-0\"><img loading=\"lazy\" decoding=\"async\" class=\"img-fluid alignnone\" src=\"https:\/\/www.maxjax.com\/pub\/media\/images\/MaxJax-Industrial-Grade-Hydraulic-Cylinder-Product-Page.jpg\" alt=\"hydraulischer Zylinder\" width=\"300\" height=\"200\" \/><\/div>\n<div class=\"col-md-8\">\n<h4 class=\"mb-0\">Hydraulikzylinder in Industriequalit\u00e4t<\/h4>\n<p>In jeden MaxJax\u00ae-Hydraulikzylinder ist ein einteiliger, vorgesteuerter, bearbeiteter Stahlkolben integriert, der mit speziell entwickelten, druckbelasteten U-Cup-Kolbendichtungen, St\u00fctzen und Verschlei\u00dfb\u00e4ndern umwickelt ist, die praktisch jeglichen Fl\u00fcssigkeitsbypass eliminieren. Der mikro-glatte Chromstab ist aus hochfestem, geschliffenem und poliertem C-1045\/50-Mikrolegierungsstahl gefertigt und auf ein Minimum von 0,001 Zoll Durchmesser beschichtet, um einen \u00fcberlegenen Zylinderbetrieb und eine \u00fcberlegene Lebensdauer zu gew\u00e4hrleisten.<\/p>\n<\/div>\n<\/div>\n<div class=\"row my-5 align-items-center text-center text-md-left\">\n<div class=\"col-md-4 mb-3 mb-md-0\"><img loading=\"lazy\" decoding=\"async\" class=\"img-fluid alignnone\" src=\"https:\/\/www.maxjax.com\/pub\/media\/images\/MaxJax-Motorcycle-ATV-Adapter-Optional-Kit-Product-Page.jpg\" alt=\"MaxJax M6K\" width=\"300\" height=\"200\" \/><\/div>\n<div class=\"col-md-8\">\n<h4 class=\"mb-0\">Zwei Hebeb\u00fchnen in einem<\/h4>\n<p>Mit unserem optionalen Motorradadapter-Kit k\u00f6nnen Sie Motorr\u00e4der, Gel\u00e4ndefahrzeuge oder andere motorisierte Fahrzeuge sicher auf eine bequeme Arbeitsh\u00f6he heben.<\/p>\n<\/div>\n<p><a href=\"https:\/\/maxjax-europe.com\/de\/specifications\/\">Alle technischen Daten finden Sie hier<\/a><\/p>\n<\/div>","protected":false},"excerpt":{"rendered":"<p><strong>MaxJax M7K mobile 2 s\u00e4ulen hebeb\u00fchne<\/strong><\/p>\n<p>3,175 kg Tragkraft<\/p>\n<p>In puncto Komfort, Tragbarkeit und kompakte Lagerung ist die patentierte tragbare Hebeb\u00fchne MaxJax M7K \u00ae unschlagbar. Dank seines einzigartigen tragbaren Zweis\u00e4ulendesigns bietet der MaxJax im Vergleich zu herk\u00f6mmlichen Hebesystemen f\u00fcr mittlere oder niedrige Garagenh\u00f6hen mehr Vielseitigkeit und Wartungsfreundlichkeit.<\/p>\n<p><a href=\"https:\/\/maxjax-europe.com\/de\/produkt\/kroon-oil-perlus-h46-2x5l\/\">Vergessen Sie nicht, die notwendige Hydraulikfl\u00fcssigkeit zu kaufen!<\/a><\/p>\n<p><a href=\"https:\/\/maxjax-europe.com\/de\/shipping-information\/\">Versenden Sie in mein Land?<\/a><\/p>","protected":false},"featured_media":4458,"comment_status":"open","ping_status":"closed","template":"","meta":[],"product_brand":[],"product_cat":[65],"product_tag":[31,91],"class_list":{"0":"post-3645","1":"product","2":"type-product","3":"status-publish","4":"has-post-thumbnail","6":"product_cat-maxjax","7":"product_tag-all-season","8":"product_tag-wheels","9":"product_shipping_class-maxjax","10":"product-custom-label-money-back-garanty","11":"product-custom-label-extended-warranty","12":"product-custom-label-1-4-days-delivery","13":"badges-style-2","14":"wcpa_has_options","16":"first","17":"instock","18":"taxable","19":"shipping-taxable","20":"purchasable","21":"product-type-simple"},"yoast_head":"<!-- This site is optimized with the Yoast SEO plugin v27.1.1 - https:\/\/yoast.com\/product\/yoast-seo-wordpress\/ -->\n<title>MaxJax M7K Portable Two post Lift - MaxJax Europe<\/title>\n<meta name=\"description\" content=\"The MaxJax M7K Portable Two-Post Garage Lift is the best Portable Two Post Lift there is. Delivered directly from our stock in Europe!\" \/>\n<meta name=\"robots\" content=\"index, follow, max-snippet:-1, max-image-preview:large, max-video-preview:-1\" \/>\n<link rel=\"canonical\" href=\"https:\/\/maxjax-europe.com\/de\/produkt\/maxjax-m7k\/\" \/>\n<meta property=\"og:locale\" content=\"de_DE\" \/>\n<meta property=\"og:type\" content=\"article\" \/>\n<meta property=\"og:title\" content=\"MaxJax M7K Portable Two post Lift - MaxJax Europe\" \/>\n<meta property=\"og:description\" content=\"The MaxJax M7K Portable Two-Post Garage Lift is the best Portable Two Post Lift there is. Delivered directly from our stock in Europe!\" \/>\n<meta property=\"og:url\" content=\"https:\/\/maxjax-europe.com\/de\/produkt\/maxjax-m7k\/\" \/>\n<meta property=\"og:site_name\" content=\"MaxJax Europe\" \/>\n<meta property=\"article:modified_time\" content=\"2025-08-07T10:42:52+00:00\" \/>\n<meta property=\"og:image\" content=\"https:\/\/maxjax-europe.com\/wp-content\/uploads\/2017\/06\/maxjax-homepage-1.png\" \/>\n\t<meta property=\"og:image:width\" content=\"320\" \/>\n\t<meta property=\"og:image:height\" content=\"320\" \/>\n\t<meta property=\"og:image:type\" content=\"image\/png\" \/>\n<meta name=\"twitter:card\" content=\"summary_large_image\" \/>\n<meta name=\"twitter:label1\" content=\"Gesch\u00e4tzte Lesezeit\" \/>\n\t<meta name=\"twitter:data1\" content=\"6\u00a0Minuten\" \/>\n<script type=\"application\/ld+json\" class=\"yoast-schema-graph\">{\"@context\":\"https:\/\/schema.org\",\"@graph\":[{\"@type\":\"WebPage\",\"@id\":\"https:\/\/maxjax-europe.com\/product\/maxjax-m7k\/\",\"url\":\"https:\/\/maxjax-europe.com\/product\/maxjax-m7k\/\",\"name\":\"MaxJax M7K Portable Two post Lift - MaxJax Europe\",\"isPartOf\":{\"@id\":\"https:\/\/maxjax-europe.com\/#website\"},\"primaryImageOfPage\":{\"@id\":\"https:\/\/maxjax-europe.com\/product\/maxjax-m7k\/#primaryimage\"},\"image\":{\"@id\":\"https:\/\/maxjax-europe.com\/product\/maxjax-m7k\/#primaryimage\"},\"thumbnailUrl\":\"https:\/\/maxjax-europe.com\/wp-content\/uploads\/2017\/06\/maxjax-homepage-1.png\",\"datePublished\":\"2021-01-01T12:00:12+00:00\",\"dateModified\":\"2025-08-07T10:42:52+00:00\",\"description\":\"The MaxJax M7K Portable Two-Post Garage Lift is the best Portable Two Post Lift there is. Delivered directly from our stock in Europe!\",\"breadcrumb\":{\"@id\":\"https:\/\/maxjax-europe.com\/product\/maxjax-m7k\/#breadcrumb\"},\"inLanguage\":\"de\",\"potentialAction\":[{\"@type\":\"ReadAction\",\"target\":[\"https:\/\/maxjax-europe.com\/product\/maxjax-m7k\/\"]}]},{\"@type\":\"ImageObject\",\"inLanguage\":\"de\",\"@id\":\"https:\/\/maxjax-europe.com\/product\/maxjax-m7k\/#primaryimage\",\"url\":\"https:\/\/maxjax-europe.com\/wp-content\/uploads\/2017\/06\/maxjax-homepage-1.png\",\"contentUrl\":\"https:\/\/maxjax-europe.com\/wp-content\/uploads\/2017\/06\/maxjax-homepage-1.png\",\"width\":320,\"height\":320,\"caption\":\"MaxJax M6K\"},{\"@type\":\"BreadcrumbList\",\"@id\":\"https:\/\/maxjax-europe.com\/product\/maxjax-m7k\/#breadcrumb\",\"itemListElement\":[{\"@type\":\"ListItem\",\"position\":1,\"name\":\"Home\",\"item\":\"https:\/\/maxjax-europe.com\/\"},{\"@type\":\"ListItem\",\"position\":2,\"name\":\"Shop\",\"item\":\"https:\/\/maxjax-europe.com\/it\/maxjax\/\"},{\"@type\":\"ListItem\",\"position\":3,\"name\":\"MaxJax M7K Portable Two post Lift\"}]},{\"@type\":\"WebSite\",\"@id\":\"https:\/\/maxjax-europe.com\/#website\",\"url\":\"https:\/\/maxjax-europe.com\/\",\"name\":\"MaxJax Europe\",\"description\":\"Shop MaxJax Portable Two-Post Car Lift\",\"publisher\":{\"@id\":\"https:\/\/maxjax-europe.com\/#organization\"},\"potentialAction\":[{\"@type\":\"SearchAction\",\"target\":{\"@type\":\"EntryPoint\",\"urlTemplate\":\"https:\/\/maxjax-europe.com\/?s={search_term_string}\"},\"query-input\":{\"@type\":\"PropertyValueSpecification\",\"valueRequired\":true,\"valueName\":\"search_term_string\"}}],\"inLanguage\":\"de\"},{\"@type\":\"Organization\",\"@id\":\"https:\/\/maxjax-europe.com\/#organization\",\"name\":\"MaxJax Europe\",\"url\":\"https:\/\/maxjax-europe.com\/\",\"logo\":{\"@type\":\"ImageObject\",\"inLanguage\":\"de\",\"@id\":\"https:\/\/maxjax-europe.com\/#\/schema\/logo\/image\/\",\"url\":\"https:\/\/maxjax-europe.com\/wp-content\/uploads\/2021\/01\/cropped-EUB-1-1.png\",\"contentUrl\":\"https:\/\/maxjax-europe.com\/wp-content\/uploads\/2021\/01\/cropped-EUB-1-1.png\",\"width\":2266,\"height\":553,\"caption\":\"MaxJax Europe\"},\"image\":{\"@id\":\"https:\/\/maxjax-europe.com\/#\/schema\/logo\/image\/\"}}]}<\/script>\n<!-- \/ Yoast SEO plugin. -->","yoast_head_json":{"title":"Tragbare Zweis\u00e4ulenhebeb\u00fchne MaxJax M7K - MaxJax Europe","description":"Die tragbare Zweis\u00e4ulen-Garagenhebeb\u00fchne MaxJax M7K ist die beste tragbare Zweis\u00e4ulen-Hebeb\u00fchne auf dem Markt. Lieferung direkt ab unserem Lager in Europa!","robots":{"index":"index","follow":"follow","max-snippet":"max-snippet:-1","max-image-preview":"max-image-preview:large","max-video-preview":"max-video-preview:-1"},"canonical":"https:\/\/maxjax-europe.com\/de\/produkt\/maxjax-m7k\/","og_locale":"de_DE","og_type":"article","og_title":"MaxJax M7K Portable Two post Lift - MaxJax Europe","og_description":"The MaxJax M7K Portable Two-Post Garage Lift is the best Portable Two Post Lift there is. Delivered directly from our stock in Europe!","og_url":"https:\/\/maxjax-europe.com\/de\/produkt\/maxjax-m7k\/","og_site_name":"MaxJax Europe","article_modified_time":"2025-08-07T10:42:52+00:00","og_image":[{"width":320,"height":320,"url":"https:\/\/maxjax-europe.com\/wp-content\/uploads\/2017\/06\/maxjax-homepage-1.png","type":"image\/png"}],"twitter_card":"summary_large_image","twitter_misc":{"Gesch\u00e4tzte Lesezeit":"6\u00a0Minuten"},"schema":{"@context":"https:\/\/schema.org","@graph":[{"@type":"WebPage","@id":"https:\/\/maxjax-europe.com\/product\/maxjax-m7k\/","url":"https:\/\/maxjax-europe.com\/product\/maxjax-m7k\/","name":"Tragbare Zweis\u00e4ulenhebeb\u00fchne MaxJax M7K - MaxJax Europe","isPartOf":{"@id":"https:\/\/maxjax-europe.com\/#website"},"primaryImageOfPage":{"@id":"https:\/\/maxjax-europe.com\/product\/maxjax-m7k\/#primaryimage"},"image":{"@id":"https:\/\/maxjax-europe.com\/product\/maxjax-m7k\/#primaryimage"},"thumbnailUrl":"https:\/\/maxjax-europe.com\/wp-content\/uploads\/2017\/06\/maxjax-homepage-1.png","datePublished":"2021-01-01T12:00:12+00:00","dateModified":"2025-08-07T10:42:52+00:00","description":"Die tragbare Zweis\u00e4ulen-Garagenhebeb\u00fchne MaxJax M7K ist die beste tragbare Zweis\u00e4ulen-Hebeb\u00fchne auf dem Markt. Lieferung direkt ab unserem Lager in Europa!","breadcrumb":{"@id":"https:\/\/maxjax-europe.com\/product\/maxjax-m7k\/#breadcrumb"},"inLanguage":"de","potentialAction":[{"@type":"ReadAction","target":["https:\/\/maxjax-europe.com\/product\/maxjax-m7k\/"]}]},{"@type":"ImageObject","inLanguage":"de","@id":"https:\/\/maxjax-europe.com\/product\/maxjax-m7k\/#primaryimage","url":"https:\/\/maxjax-europe.com\/wp-content\/uploads\/2017\/06\/maxjax-homepage-1.png","contentUrl":"https:\/\/maxjax-europe.com\/wp-content\/uploads\/2017\/06\/maxjax-homepage-1.png","width":320,"height":320,"caption":"MaxJax M6K"},{"@type":"BreadcrumbList","@id":"https:\/\/maxjax-europe.com\/product\/maxjax-m7k\/#breadcrumb","itemListElement":[{"@type":"ListItem","position":1,"name":"Home","item":"https:\/\/maxjax-europe.com\/"},{"@type":"ListItem","position":2,"name":"Shop","item":"https:\/\/maxjax-europe.com\/it\/maxjax\/"},{"@type":"ListItem","position":3,"name":"MaxJax M7K Portable Two post Lift"}]},{"@type":"WebSite","@id":"https:\/\/maxjax-europe.com\/#website","url":"https:\/\/maxjax-europe.com\/","name":"MaxJax Deutschland","description":"Shop MaxJax Tragbarer Zwei-S\u00e4ulen-Autolift","publisher":{"@id":"https:\/\/maxjax-europe.com\/#organization"},"potentialAction":[{"@type":"SearchAction","target":{"@type":"EntryPoint","urlTemplate":"https:\/\/maxjax-europe.com\/?s={search_term_string}"},"query-input":{"@type":"PropertyValueSpecification","valueRequired":true,"valueName":"search_term_string"}}],"inLanguage":"de"},{"@type":"Organization","@id":"https:\/\/maxjax-europe.com\/#organization","name":"MaxJax Deutschland","url":"https:\/\/maxjax-europe.com\/","logo":{"@type":"ImageObject","inLanguage":"de","@id":"https:\/\/maxjax-europe.com\/#\/schema\/logo\/image\/","url":"https:\/\/maxjax-europe.com\/wp-content\/uploads\/2021\/01\/cropped-EUB-1-1.png","contentUrl":"https:\/\/maxjax-europe.com\/wp-content\/uploads\/2021\/01\/cropped-EUB-1-1.png","width":2266,"height":553,"caption":"MaxJax Europe"},"image":{"@id":"https:\/\/maxjax-europe.com\/#\/schema\/logo\/image\/"}}]}},"jetpack_sharing_enabled":true,"wcpa_form_fields":{"wcpaData":{"product":{"product_price":2650,"price_html":"<span class=\"woocommerce-Price-amount amount\"><bdi><span class=\"woocommerce-Price-currencySymbol\">&euro;<\/span>2.650,00<\/bdi><\/span> <small class=\"woocommerce-price-suffix\">Excl. VAT<\/small>","original_product_price":2650,"price_including_tax":3206.5,"price_excluding_tax":2650,"product_id":{"parent":3645,"variation":false},"is_variable":false,"stock_status":"instock","stock_quantity":null,"parent_sku":"MaxJaxm7k","product_attributes":[],"custom_fields":[],"is_taxable":true,"product_name":"MaxJax M7K Portable Two post Lift","hasImage":false},"fields":{"sec_10652fec42725b4":{"extra":{"key":"sec_10652fec42725b4","section_id":"sec_10652fec42725b4","name":"Default","status":1,"cl_rule":"show","enableCl":false,"relations":[],"toggle":true,"title_tag":"h3","show_title":false,"showPrice":"default","form_id":5131,"form_rules":{"exclude_from_discount":false,"fee_label":"Fee","disp_hide_options_price":false,"disp_show_section_price":false,"disp_show_field_price":true,"layout_option":"standard","pric_use_as_fee":false,"process_fee_as":"woo_fee"},"layout_option":"standard"},"fields":[[{"active":true,"col":6,"relations":false,"cl_rule":"show","enableCl":false,"price":"","enablePrice":true,"className":"","label_position":"default","desc_position":"default","type":"checkbox-group","required":true,"elementId":"checkgroup_3985119450","label":"Hydraulic oil","name":"checkgroup_3985119450","values":[{"label":"2x5L Perlus H32 hydraulic oil","value":"hydraulic oil","selected":false,"tempId":"aco_370","price":"39.95","gt_translate_keys":["label"]},{"label":"No oil","value":"none","selected":false,"tempId":"aco_369","price":"0","gt_translate_keys":["label"]}],"layOut":"","error":false,"checkUi":"","description":"The MaxJax requires hydraulic oil to operate. Would you like to add oil?","priceOptions":"different_for_all","pricingType":"fixed","show_selected_option":false,"max_options":"1","min_options":"1","gt_translate_keys":["label","description"],"price_dependency":false,"cl_dependency":false,"value":""}]]}},"config":{"price_override":"","enable_recaptcha":false,"bind_quantity":false,"quantity_bind_formula":false,"disp_summ_show_option_price":true,"disp_summ_show_product_price":true,"disp_summ_show_total_price":true,"disp_summ_show_fee":false,"disp_summ_show_discount":false,"summary_title":"","options_total_label":"Options Price","total_label":"Total","options_product_label":"Product Price","fee_label":"Fee","discount_label":"Discount","has_price":true,"has_quantity_formula":false},"mc_unit":1,"tax_rate":1,"tax_rate_real":0.21,"discount":{"percentage":0,"fixed":0},"design":{"conf":{"LabelPosition":"above","DescPosition":"above","UploadField":"custom_1","QuantityFieldStyle":"default"},"css":{"LeftLabelWidth":"120px"}},"formulas":[],"lookuptables":[],"clones":false,"cartKey":false}},"_links":{"self":[{"href":"https:\/\/maxjax-europe.com\/de\/wp-json\/wp\/v2\/product\/3645","targetHints":{"allow":["GET"]}}],"collection":[{"href":"https:\/\/maxjax-europe.com\/de\/wp-json\/wp\/v2\/product"}],"about":[{"href":"https:\/\/maxjax-europe.com\/de\/wp-json\/wp\/v2\/types\/product"}],"replies":[{"embeddable":true,"href":"https:\/\/maxjax-europe.com\/de\/wp-json\/wp\/v2\/comments?post=3645"}],"wp:featuredmedia":[{"embeddable":true,"href":"https:\/\/maxjax-europe.com\/de\/wp-json\/wp\/v2\/media\/4458"}],"wp:attachment":[{"href":"https:\/\/maxjax-europe.com\/de\/wp-json\/wp\/v2\/media?parent=3645"}],"wp:term":[{"taxonomy":"product_brand","embeddable":true,"href":"https:\/\/maxjax-europe.com\/de\/wp-json\/wp\/v2\/product_brand?post=3645"},{"taxonomy":"product_cat","embeddable":true,"href":"https:\/\/maxjax-europe.com\/de\/wp-json\/wp\/v2\/product_cat?post=3645"},{"taxonomy":"product_tag","embeddable":true,"href":"https:\/\/maxjax-europe.com\/de\/wp-json\/wp\/v2\/product_tag?post=3645"}],"curies":[{"name":"wp","href":"https:\/\/api.w.org\/{rel}","templated":true}]}}