{"id":4575,"date":"2021-01-15T12:32:17","date_gmt":"2021-01-15T12:32:17","guid":{"rendered":"https:\/\/maxjax-europe.com\/?page_id=4575"},"modified":"2023-06-01T12:12:04","modified_gmt":"2023-06-01T12:12:04","slug":"order-information","status":"publish","type":"page","link":"https:\/\/maxjax-europe.com\/es\/order-information\/","title":{"rendered":"Informaci\u00f3n del pedido"},"content":{"rendered":"<div data-elementor-type=\"wp-page\" data-elementor-id=\"4575\" class=\"elementor elementor-4575\">\n\t\t\t\t\t\t<section class=\"elementor-section elementor-top-section elementor-element elementor-element-2b9ff6d elementor-section-boxed elementor-section-height-default elementor-section-height-default\" data-id=\"2b9ff6d\" data-element_type=\"section\" data-e-type=\"section\">\n\t\t\t\t\t\t<div class=\"elementor-container elementor-column-gap-default\">\n\t\t\t\t\t<div class=\"elementor-column elementor-col-100 elementor-top-column elementor-element elementor-element-37c70e2\" data-id=\"37c70e2\" data-element_type=\"column\" data-e-type=\"column\">\n\t\t\t<div class=\"elementor-widget-wrap elementor-element-populated\">\n\t\t\t\t\t\t<div class=\"elementor-element elementor-element-8c25df2 elementor-widget elementor-widget-heading\" data-id=\"8c25df2\" data-element_type=\"widget\" data-e-type=\"widget\" data-widget_type=\"heading.default\">\n\t\t\t\t<div class=\"elementor-widget-container\">\n\t\t\t\t\t<h1 class=\"elementor-heading-title elementor-size-default\">Everything you need to know before ordering your MaxJax M7K!<\/h1>\t\t\t\t<\/div>\n\t\t\t\t<\/div>\n\t\t\t\t\t<\/div>\n\t\t<\/div>\n\t\t\t\t\t<\/div>\n\t\t<\/section>\n\t\t\t\t<section class=\"elementor-section elementor-top-section elementor-element elementor-element-32a2539 elementor-section-boxed elementor-section-height-default elementor-section-height-default\" data-id=\"32a2539\" data-element_type=\"section\" data-e-type=\"section\">\n\t\t\t\t\t\t<div class=\"elementor-container elementor-column-gap-default\">\n\t\t\t\t\t<div class=\"elementor-column elementor-col-100 elementor-top-column elementor-element elementor-element-cf3bda9\" data-id=\"cf3bda9\" data-element_type=\"column\" data-e-type=\"column\">\n\t\t\t<div class=\"elementor-widget-wrap elementor-element-populated\">\n\t\t\t\t\t\t<div class=\"elementor-element elementor-element-d24a5e5 elementor-widget elementor-widget-text-editor\" data-id=\"d24a5e5\" data-element_type=\"widget\" data-e-type=\"widget\" data-widget_type=\"text-editor.default\">\n\t\t\t\t<div class=\"elementor-widget-container\">\n\t\t\t\t\t\t\t\t\t<p><span style=\"color: #000000;\">Aqu\u00ed le explicamos todo lo necesario sobre c\u00f3mo realizar el pedido, sobre la exenci\u00f3n del IVA y sobre los m\u00e9todos de pago.<\/span><br \/><span style=\"color: #000000;\">Si le falta alg\u00fan dato,\nsiempre puede contactar con nosotros enviando un mensaje de correo electr\u00f3nico a maxjax@liftmotive.com o llamando al <a style=\"color: #000000;\" href=\"tel: +31627365781\">+31 627365781<\/a><\/span><\/p>\t\t\t\t\t\t\t\t<\/div>\n\t\t\t\t<\/div>\n\t\t\t\t<div class=\"elementor-element elementor-element-18c62f8 elementor-widget-divider--view-line elementor-widget elementor-widget-divider\" data-id=\"18c62f8\" data-element_type=\"widget\" data-e-type=\"widget\" data-widget_type=\"divider.default\">\n\t\t\t\t<div class=\"elementor-widget-container\">\n\t\t\t\t\t\t\t<div class=\"elementor-divider\">\n\t\t\t<span class=\"elementor-divider-separator\">\n\t\t\t\t\t\t<\/span>\n\t\t<\/div>\n\t\t\t\t\t\t<\/div>\n\t\t\t\t<\/div>\n\t\t\t\t\t<\/div>\n\t\t<\/div>\n\t\t\t\t\t<\/div>\n\t\t<\/section>\n\t\t\t\t<section class=\"elementor-section elementor-top-section elementor-element elementor-element-7ca3dbc elementor-section-boxed elementor-section-height-default elementor-section-height-default\" data-id=\"7ca3dbc\" data-element_type=\"section\" data-e-type=\"section\">\n\t\t\t\t\t\t<div class=\"elementor-container elementor-column-gap-default\">\n\t\t\t\t\t<div class=\"elementor-column elementor-col-33 elementor-top-column elementor-element elementor-element-988cc9f\" data-id=\"988cc9f\" data-element_type=\"column\" data-e-type=\"column\">\n\t\t\t<div class=\"elementor-widget-wrap elementor-element-populated\">\n\t\t\t\t\t\t<div class=\"elementor-element elementor-element-2833d11 elementor-widget elementor-widget-text-editor\" data-id=\"2833d11\" data-element_type=\"widget\" data-e-type=\"widget\" data-widget_type=\"text-editor.default\">\n\t\t\t\t<div class=\"elementor-widget-container\">\n\t\t\t\t\t\t\t\t\t<h3 class=\"LC20lb DKV0Md\" style=\"text-align: center;\">Impuesto sobre el valor a\u00f1adido (IVA)<\/h3><p><span style=\"color: #000000;\">La tasa de IVA % se calcula en funci\u00f3n de la tasa de IVA del pa\u00eds al que se debe enviar el pedido. Esto se aplica a los usuarios privados dentro de la UE.\u00a0<\/span><\/p><p><span style=\"color: #000000;\">Los clientes comerciales de la UE que no residan en Pa\u00edses Bajos pueden solicitar que se les exima del IVA (0 %) introduciendo su n\u00famero de IVA europeo al realizar el pedido a trav\u00e9s del carrito de la compra de nuestra tienda virtual.\u00a0<\/span><\/p><p>Si realiza su pedido desde Noruega, Suiza o Reino Unido, estar\u00e1 exento del IVA (0 %) independientemente de que sea usted un cliente particular o comercial. El IVA se abona en el pa\u00eds en el que se realiza el pedido.\u00a0<\/p>\t\t\t\t\t\t\t\t<\/div>\n\t\t\t\t<\/div>\n\t\t\t\t\t<\/div>\n\t\t<\/div>\n\t\t\t\t<div class=\"elementor-column elementor-col-33 elementor-top-column elementor-element elementor-element-9aad8cf\" data-id=\"9aad8cf\" data-element_type=\"column\" data-e-type=\"column\">\n\t\t\t<div class=\"elementor-widget-wrap elementor-element-populated\">\n\t\t\t\t\t\t<div class=\"elementor-element elementor-element-eb8238d elementor-widget elementor-widget-text-editor\" data-id=\"eb8238d\" data-element_type=\"widget\" data-e-type=\"widget\" data-widget_type=\"text-editor.default\">\n\t\t\t\t<div class=\"elementor-widget-container\">\n\t\t\t\t\t\t\t\t\t<h2 style=\"text-align: center;\">M\u00e9todos de pago<\/h2><p><span style=\"color: #000000;\">Nuestra tienda virtual ofrece varios m\u00e9todos para pagar en l\u00ednea. Al formalizar el pedido en la tienda virtual, puede seleccionar cualquiera de los m\u00e9todos est\u00e1ndar que se recogen a<\/span><\/p><p>\u00a0<\/p><ul><li><span style=\"color: #000000;\">Ideal<\/span><\/li><li><span style=\"color: #000000;\">Tarjeta de cr\u00e9dito<br \/><\/span><\/li><li><span style=\"color: #000000;\">Klarna Pay Later<\/span><\/li><li><span style=\"color: #000000;\">Klarna Slice It<\/span><\/li><li><span style=\"color: #000000;\">PayPal (cobramos una tarifa de 3% en los pagos de PayPal)<\/span><\/li><li><span style=\"color: #000000;\">Transferencia bancaria<\/span><\/li><li><span style=\"color: #000000;\">Giropay<\/span><\/li><li><span style=\"color: #000000;\">Przelewy24<\/span><\/li><li><span style=\"color: #000000;\">KBC \/ CBC<\/span><\/li><li><span style=\"color: #000000;\">Red directa de Belfius<\/span><\/li><li><span style=\"color: #000000;\">ING Home&#039;Pay<\/span><\/li><\/ul>\t\t\t\t\t\t\t\t<\/div>\n\t\t\t\t<\/div>\n\t\t\t\t\t<\/div>\n\t\t<\/div>\n\t\t\t\t<div class=\"elementor-column elementor-col-33 elementor-top-column elementor-element elementor-element-3f991a7\" data-id=\"3f991a7\" data-element_type=\"column\" data-e-type=\"column\">\n\t\t\t<div class=\"elementor-widget-wrap elementor-element-populated\">\n\t\t\t\t\t\t<div class=\"elementor-element elementor-element-5f6464a elementor-widget elementor-widget-text-editor\" data-id=\"5f6464a\" data-element_type=\"widget\" data-e-type=\"widget\" data-widget_type=\"text-editor.default\">\n\t\t\t\t<div class=\"elementor-widget-container\">\n\t\t\t\t\t\t\t\t\t<h2><span style=\"color: #000000;\">Pedido por correo electr\u00f3nico<\/span><\/h2><p><span style=\"color: #000000;\">Si est\u00e1 teniendo problemas con nuestra tienda virtual, tambi\u00e9n puede realizar su pedido por correo electr\u00f3nico. Remita su solicitud a maxjax@liftmotive.com\u00a0<\/span><\/p><p><span style=\"color: #000000;\">Tras recibir su mensaje, le enviaremos una factura y (si as\u00ed lo solicita) un enlace de pago o instrucciones para realizar transferencias bancarias.<\/span><\/p><h2><span style=\"color: #000000;\">Divisa<\/span><\/h2><p><span style=\"color: #000000;\">Todos los precios que se indican en nuestra tienda virtual est\u00e1n en \u20ac (EUR). Los pedidos realizados dentro de la UE incluir\u00e1n todos los impuestos federales y locales que proceda en el momento de formalizarse.<\/span><\/p>\t\t\t\t\t\t\t\t<\/div>\n\t\t\t\t<\/div>\n\t\t\t\t\t<\/div>\n\t\t<\/div>\n\t\t\t\t\t<\/div>\n\t\t<\/section>\n\t\t\t\t<\/div>","protected":false},"excerpt":{"rendered":"<p>Everything you need to know before ordering your MaxJax M7K! Everything you need to know how to place, exempt VAT or payment methods are to explained here. If there\u2019s anything not listed you need to know.You can always contact us by emailing maxjax@liftmotive.com or calling to +31 627365781 Value added tax (VAT) VAT rate %<br \/><a class=\"more-link\" href=\"https:\/\/maxjax-europe.com\/es\/order-information\/\"><br \/>\n        Leer m\u00e1s<span class=\"screen-reader-text\"> &#8220;Order information&#8221;<\/span><\/a><\/p>","protected":false},"author":1,"featured_media":0,"parent":0,"menu_order":0,"comment_status":"closed","ping_status":"closed","template":"","meta":{"footnotes":""},"class_list":["post-4575","page","type-page","status-publish","hentry","badges-style-2"],"yoast_head":"<!-- This site is optimized with the Yoast SEO plugin v27.1.1 - https:\/\/yoast.com\/product\/yoast-seo-wordpress\/ -->\n<title>Order information - MaxJax Europe<\/title>\n<meta name=\"robots\" content=\"index, follow, max-snippet:-1, max-image-preview:large, max-video-preview:-1\" \/>\n<link rel=\"canonical\" href=\"https:\/\/maxjax-europe.com\/es\/order-information\/\" \/>\n<meta property=\"og:locale\" content=\"es_ES\" \/>\n<meta property=\"og:type\" content=\"article\" \/>\n<meta property=\"og:title\" content=\"Order information - MaxJax Europe\" \/>\n<meta property=\"og:description\" content=\"Everything you need to know before ordering your MaxJax M7K! Everything you need to know how to place, exempt VAT or payment methods are to explained here. If there\u2019s anything not listed you need to know.You can always contact us by emailing maxjax@liftmotive.com or calling to +31 627365781 Value added tax (VAT) VAT rate %     Read More &quot;Order information&quot;\" \/>\n<meta property=\"og:url\" content=\"https:\/\/maxjax-europe.com\/es\/order-information\/\" \/>\n<meta property=\"og:site_name\" content=\"MaxJax Europe\" \/>\n<meta property=\"article:modified_time\" content=\"2023-06-01T12:12:04+00:00\" \/>\n<meta name=\"twitter:card\" content=\"summary_large_image\" \/>\n<meta name=\"twitter:label1\" content=\"Tiempo de lectura\" \/>\n\t<meta name=\"twitter:data1\" content=\"2 minutos\" \/>\n<script type=\"application\/ld+json\" class=\"yoast-schema-graph\">{\"@context\":\"https:\/\/schema.org\",\"@graph\":[{\"@type\":\"WebPage\",\"@id\":\"https:\/\/maxjax-europe.com\/order-information\/\",\"url\":\"https:\/\/maxjax-europe.com\/order-information\/\",\"name\":\"Order information - MaxJax Europe\",\"isPartOf\":{\"@id\":\"https:\/\/maxjax-europe.com\/#website\"},\"datePublished\":\"2021-01-15T12:32:17+00:00\",\"dateModified\":\"2023-06-01T12:12:04+00:00\",\"breadcrumb\":{\"@id\":\"https:\/\/maxjax-europe.com\/order-information\/#breadcrumb\"},\"inLanguage\":\"es\",\"potentialAction\":[{\"@type\":\"ReadAction\",\"target\":[\"https:\/\/maxjax-europe.com\/order-information\/\"]}]},{\"@type\":\"BreadcrumbList\",\"@id\":\"https:\/\/maxjax-europe.com\/order-information\/#breadcrumb\",\"itemListElement\":[{\"@type\":\"ListItem\",\"position\":1,\"name\":\"Home\",\"item\":\"https:\/\/maxjax-europe.com\/\"},{\"@type\":\"ListItem\",\"position\":2,\"name\":\"Order information\"}]},{\"@type\":\"WebSite\",\"@id\":\"https:\/\/maxjax-europe.com\/#website\",\"url\":\"https:\/\/maxjax-europe.com\/\",\"name\":\"MaxJax Europe\",\"description\":\"Shop MaxJax Portable Two-Post Car Lift\",\"publisher\":{\"@id\":\"https:\/\/maxjax-europe.com\/#organization\"},\"potentialAction\":[{\"@type\":\"SearchAction\",\"target\":{\"@type\":\"EntryPoint\",\"urlTemplate\":\"https:\/\/maxjax-europe.com\/?s={search_term_string}\"},\"query-input\":{\"@type\":\"PropertyValueSpecification\",\"valueRequired\":true,\"valueName\":\"search_term_string\"}}],\"inLanguage\":\"es\"},{\"@type\":\"Organization\",\"@id\":\"https:\/\/maxjax-europe.com\/#organization\",\"name\":\"MaxJax Europe\",\"url\":\"https:\/\/maxjax-europe.com\/\",\"logo\":{\"@type\":\"ImageObject\",\"inLanguage\":\"es\",\"@id\":\"https:\/\/maxjax-europe.com\/#\/schema\/logo\/image\/\",\"url\":\"https:\/\/maxjax-europe.com\/wp-content\/uploads\/2021\/01\/cropped-EUB-1-1.png\",\"contentUrl\":\"https:\/\/maxjax-europe.com\/wp-content\/uploads\/2021\/01\/cropped-EUB-1-1.png\",\"width\":2266,\"height\":553,\"caption\":\"MaxJax Europe\"},\"image\":{\"@id\":\"https:\/\/maxjax-europe.com\/#\/schema\/logo\/image\/\"}}]}<\/script>\n<!-- \/ Yoast SEO plugin. -->","yoast_head_json":{"title":"Informaci\u00f3n de pedido - MaxJax Europe","robots":{"index":"index","follow":"follow","max-snippet":"max-snippet:-1","max-image-preview":"max-image-preview:large","max-video-preview":"max-video-preview:-1"},"canonical":"https:\/\/maxjax-europe.com\/es\/order-information\/","og_locale":"es_ES","og_type":"article","og_title":"Order information - MaxJax Europe","og_description":"Everything you need to know before ordering your MaxJax M7K! Everything you need to know how to place, exempt VAT or payment methods are to explained here. If there\u2019s anything not listed you need to know.You can always contact us by emailing maxjax@liftmotive.com or calling to +31 627365781 Value added tax (VAT) VAT rate %     Read More \"Order information\"","og_url":"https:\/\/maxjax-europe.com\/es\/order-information\/","og_site_name":"MaxJax Europe","article_modified_time":"2023-06-01T12:12:04+00:00","twitter_card":"summary_large_image","twitter_misc":{"Tiempo de lectura":"2 minutos"},"schema":{"@context":"https:\/\/schema.org","@graph":[{"@type":"WebPage","@id":"https:\/\/maxjax-europe.com\/order-information\/","url":"https:\/\/maxjax-europe.com\/order-information\/","name":"Informaci\u00f3n de pedido - MaxJax Europe","isPartOf":{"@id":"https:\/\/maxjax-europe.com\/#website"},"datePublished":"2021-01-15T12:32:17+00:00","dateModified":"2023-06-01T12:12:04+00:00","breadcrumb":{"@id":"https:\/\/maxjax-europe.com\/order-information\/#breadcrumb"},"inLanguage":"es","potentialAction":[{"@type":"ReadAction","target":["https:\/\/maxjax-europe.com\/order-information\/"]}]},{"@type":"BreadcrumbList","@id":"https:\/\/maxjax-europe.com\/order-information\/#breadcrumb","itemListElement":[{"@type":"ListItem","position":1,"name":"Home","item":"https:\/\/maxjax-europe.com\/"},{"@type":"ListItem","position":2,"name":"Order information"}]},{"@type":"WebSite","@id":"https:\/\/maxjax-europe.com\/#website","url":"https:\/\/maxjax-europe.com\/","name":"MaxJax Espa\u00f1a","description":"Compre el elevador de autom\u00f3viles port\u00e1til de dos postes MaxJax","publisher":{"@id":"https:\/\/maxjax-europe.com\/#organization"},"potentialAction":[{"@type":"SearchAction","target":{"@type":"EntryPoint","urlTemplate":"https:\/\/maxjax-europe.com\/?s={search_term_string}"},"query-input":{"@type":"PropertyValueSpecification","valueRequired":true,"valueName":"search_term_string"}}],"inLanguage":"es"},{"@type":"Organization","@id":"https:\/\/maxjax-europe.com\/#organization","name":"MaxJax Espa\u00f1a","url":"https:\/\/maxjax-europe.com\/","logo":{"@type":"ImageObject","inLanguage":"es","@id":"https:\/\/maxjax-europe.com\/#\/schema\/logo\/image\/","url":"https:\/\/maxjax-europe.com\/wp-content\/uploads\/2021\/01\/cropped-EUB-1-1.png","contentUrl":"https:\/\/maxjax-europe.com\/wp-content\/uploads\/2021\/01\/cropped-EUB-1-1.png","width":2266,"height":553,"caption":"MaxJax Europe"},"image":{"@id":"https:\/\/maxjax-europe.com\/#\/schema\/logo\/image\/"}}]}},"jetpack_sharing_enabled":true,"_links":{"self":[{"href":"https:\/\/maxjax-europe.com\/es\/wp-json\/wp\/v2\/pages\/4575","targetHints":{"allow":["GET"]}}],"collection":[{"href":"https:\/\/maxjax-europe.com\/es\/wp-json\/wp\/v2\/pages"}],"about":[{"href":"https:\/\/maxjax-europe.com\/es\/wp-json\/wp\/v2\/types\/page"}],"author":[{"embeddable":true,"href":"https:\/\/maxjax-europe.com\/es\/wp-json\/wp\/v2\/users\/1"}],"replies":[{"embeddable":true,"href":"https:\/\/maxjax-europe.com\/es\/wp-json\/wp\/v2\/comments?post=4575"}],"version-history":[{"count":10,"href":"https:\/\/maxjax-europe.com\/es\/wp-json\/wp\/v2\/pages\/4575\/revisions"}],"predecessor-version":[{"id":5081,"href":"https:\/\/maxjax-europe.com\/es\/wp-json\/wp\/v2\/pages\/4575\/revisions\/5081"}],"wp:attachment":[{"href":"https:\/\/maxjax-europe.com\/es\/wp-json\/wp\/v2\/media?parent=4575"}],"curies":[{"name":"wp","href":"https:\/\/api.w.org\/{rel}","templated":true}]}}