{"id":4591,"date":"2021-01-15T13:37:01","date_gmt":"2021-01-15T13:37:01","guid":{"rendered":"https:\/\/maxjax-europe.com\/?page_id=4591"},"modified":"2021-02-02T16:48:23","modified_gmt":"2021-02-02T16:48:23","slug":"warranty-information","status":"publish","type":"page","link":"https:\/\/maxjax-europe.com\/es\/warranty-information\/","title":{"rendered":"Informaci\u00f3n de garant\u00eda"},"content":{"rendered":"<div data-elementor-type=\"wp-page\" data-elementor-id=\"4591\" class=\"elementor elementor-4591\">\n\t\t\t\t\t\t<section class=\"elementor-section elementor-top-section elementor-element elementor-element-d8e8b4c elementor-section-boxed elementor-section-height-default elementor-section-height-default\" data-id=\"d8e8b4c\" data-element_type=\"section\" data-e-type=\"section\">\n\t\t\t\t\t\t<div class=\"elementor-container elementor-column-gap-default\">\n\t\t\t\t\t<div class=\"elementor-column elementor-col-100 elementor-top-column elementor-element elementor-element-c361ca2\" data-id=\"c361ca2\" data-element_type=\"column\" data-e-type=\"column\">\n\t\t\t<div class=\"elementor-widget-wrap elementor-element-populated\">\n\t\t\t\t\t\t<div class=\"elementor-element elementor-element-e376b3f elementor-widget elementor-widget-text-editor\" data-id=\"e376b3f\" data-element_type=\"widget\" data-e-type=\"widget\" data-widget_type=\"text-editor.default\">\n\t\t\t\t<div class=\"elementor-widget-container\">\n\t\t\t\t\t\t\t\t\t<h3>Garant\u00eda para clientes comerciales<\/h3><p><strong>Duraci\u00f3n:<\/strong>\u00a0a partir de la fecha de adquisici\u00f3n por parte del comprador original o doce meses desde la fecha de env\u00edo, lo que antes suceda.<\/p><ul><li>Garant\u00eda de tres a\u00f1os (36 meses) con respecto a la estructura del equipo<\/li><li>Garant\u00eda de un a\u00f1o (doce meses) con respecto a los componentes operativos<\/li><li>Env\u00edo gratuito durante un a\u00f1o (doce meses) con respecto a gastos de env\u00edo por tierra relacionados con la garant\u00eda de rendimiento<\/li><\/ul><h3>Garant\u00eda para clientes particulares<\/h3><p><strong>Duraci\u00f3n:<\/strong>\u00a0a partir de la fecha de adquisici\u00f3n por parte del comprador original o 24 meses desde la fecha de env\u00edo, lo que antes suceda.<\/p><ul><li>Garant\u00eda de tres a\u00f1os (36 meses) con respecto a la estructura del equipo<\/li><li>Garant\u00eda de dos a\u00f1os (24 meses) con respecto a los componentes operativos<\/li><li>Env\u00edo gratuito durante dos a\u00f1os (24 meses) con respecto a gastos de env\u00edo por tierra relacionados con la garant\u00eda de rendimiento<\/li><\/ul>\t\t\t\t\t\t\t\t<\/div>\n\t\t\t\t<\/div>\n\t\t\t\t\t<\/div>\n\t\t<\/div>\n\t\t\t\t\t<\/div>\n\t\t<\/section>\n\t\t\t\t<section class=\"elementor-section elementor-top-section elementor-element elementor-element-8f5380d elementor-section-boxed elementor-section-height-default elementor-section-height-default\" data-id=\"8f5380d\" data-element_type=\"section\" data-e-type=\"section\">\n\t\t\t\t\t\t<div class=\"elementor-container elementor-column-gap-default\">\n\t\t\t\t\t<div class=\"elementor-column elementor-col-100 elementor-top-column elementor-element elementor-element-cccdf44\" data-id=\"cccdf44\" data-element_type=\"column\" data-e-type=\"column\">\n\t\t\t<div class=\"elementor-widget-wrap elementor-element-populated\">\n\t\t\t\t\t\t<div class=\"elementor-element elementor-element-4df26e1 elementor-widget elementor-widget-text-editor\" data-id=\"4df26e1\" data-element_type=\"widget\" data-e-type=\"widget\" data-widget_type=\"text-editor.default\">\n\t\t\t\t<div class=\"elementor-widget-container\">\n\t\t\t\t\t\t\t\t\t<h3>Limitaci\u00f3n de responsabilidad<\/h3><p>MaxJax no tendr\u00e1 obligaci\u00f3n ninguna en virtud de esta garant\u00eda con respecto a productos que, seg\u00fan su exclusivo criterio, se hayan modificado, da\u00f1ado, usado de forma incorrecta, usado de forma abusiva, desgastado de forma excesiva, perdido o mantenido de forma incorrecta. Se anular\u00e1 la presente garant\u00eda si el cliente o cualquier otra persona que no sea un representante autorizado de MaxJax ha tratado de mantener o modificar la herramienta antes de devolv\u00e9rsela a MaxJax. Ninguna parte ser\u00e1 responsable en ning\u00fan supuesto por los desperfectos que haya ocasionado el incumplimiento de la otra parte con respecto a sus responsabilidades en virtud de las presentes condiciones. Ninguna parte ser\u00e1 responsable en ning\u00fan supuesto por lucro cesante, p\u00e9rdida de ahorros, da\u00f1os fortuitos u otros perjuicios econ\u00f3micos emergentes. Los productos de MaxJax se suministran y se venden \u00abtal cual\u00bb, sin garant\u00edas ni expl\u00edcitas ni impl\u00edcitas, incluidas mercanc\u00edas de comercializaci\u00f3n o idoneidad para fines concretos. Despu\u00e9s de este per\u00edodo no se aplicar\u00e1 ninguna garant\u00eda, ya sea esta expl\u00edcita o impl\u00edcita. MaxJax podr\u00e1 modificar las presentes condiciones en cualquier momento notific\u00e1ndoselo al cliente por escrito o publicando la versi\u00f3n revisada de las condiciones en www.MaxJax.com. Las condiciones revisadas entrar\u00e1n en vigor a los 30 d\u00edas de dicha notificaci\u00f3n escrita o publicaci\u00f3n.<\/p>\t\t\t\t\t\t\t\t<\/div>\n\t\t\t\t<\/div>\n\t\t\t\t\t<\/div>\n\t\t<\/div>\n\t\t\t\t\t<\/div>\n\t\t<\/section>\n\t\t\t\t<\/div>","protected":false},"excerpt":{"rendered":"<p>Warranty for Business users Duration:&nbsp;From the date of purchase by the original Purchaser or 12 months from the date of shipment or whichever comes first. Three-Years (36-Months) Warranty on equipment structure* One-Year (12-Month) Warranty on operating components One-Year (12-Month) Free Shipping** on ground-freight charges related to warranty performance Warranty for Private users Duration:&nbsp;From the date<br \/><a class=\"more-link\" href=\"https:\/\/maxjax-europe.com\/es\/warranty-information\/\"><br \/>\n        Leer m\u00e1s<span class=\"screen-reader-text\"> &#8220;Warranty information&#8221;<\/span><\/a><\/p>","protected":false},"author":1,"featured_media":0,"parent":0,"menu_order":0,"comment_status":"closed","ping_status":"closed","template":"","meta":{"footnotes":""},"class_list":["post-4591","page","type-page","status-publish","hentry","badges-style-2"],"yoast_head":"<!-- This site is optimized with the Yoast SEO plugin v27.1.1 - https:\/\/yoast.com\/product\/yoast-seo-wordpress\/ -->\n<title>MaxJax Europe | Everything you need to know about warranty on MaxJax<\/title>\n<meta name=\"description\" content=\"MaxJax Europe provides a stunning customer service, we will handle your warranty claims like no other. Take a look at our warranty service!\" \/>\n<meta name=\"robots\" content=\"index, follow, max-snippet:-1, max-image-preview:large, max-video-preview:-1\" \/>\n<link rel=\"canonical\" href=\"https:\/\/maxjax-europe.com\/es\/warranty-information\/\" \/>\n<meta property=\"og:locale\" content=\"es_ES\" \/>\n<meta property=\"og:type\" content=\"article\" \/>\n<meta property=\"og:title\" content=\"MaxJax Europe | Everything you need to know about warranty on MaxJax\" \/>\n<meta property=\"og:description\" content=\"MaxJax Europe provides a stunning customer service, we will handle your warranty claims like no other. Take a look at our warranty service!\" \/>\n<meta property=\"og:url\" content=\"https:\/\/maxjax-europe.com\/es\/warranty-information\/\" \/>\n<meta property=\"og:site_name\" content=\"MaxJax Europe\" \/>\n<meta property=\"article:modified_time\" content=\"2021-02-02T16:48:23+00:00\" \/>\n<meta name=\"twitter:card\" content=\"summary_large_image\" \/>\n<meta name=\"twitter:label1\" content=\"Tiempo de lectura\" \/>\n\t<meta name=\"twitter:data1\" content=\"2 minutos\" \/>\n<script type=\"application\/ld+json\" class=\"yoast-schema-graph\">{\"@context\":\"https:\/\/schema.org\",\"@graph\":[{\"@type\":\"WebPage\",\"@id\":\"https:\/\/maxjax-europe.com\/cs\/warranty-information\/\",\"url\":\"https:\/\/maxjax-europe.com\/cs\/warranty-information\/\",\"name\":\"MaxJax Europe | Everything you need to know about warranty on MaxJax\",\"isPartOf\":{\"@id\":\"https:\/\/maxjax-europe.com\/#website\"},\"datePublished\":\"2021-01-15T13:37:01+00:00\",\"dateModified\":\"2021-02-02T16:48:23+00:00\",\"description\":\"MaxJax Europe provides a stunning customer service, we will handle your warranty claims like no other. Take a look at our warranty service!\",\"breadcrumb\":{\"@id\":\"https:\/\/maxjax-europe.com\/cs\/warranty-information\/#breadcrumb\"},\"inLanguage\":\"es\",\"potentialAction\":[{\"@type\":\"ReadAction\",\"target\":[\"https:\/\/maxjax-europe.com\/cs\/warranty-information\/\"]}]},{\"@type\":\"BreadcrumbList\",\"@id\":\"https:\/\/maxjax-europe.com\/cs\/warranty-information\/#breadcrumb\",\"itemListElement\":[{\"@type\":\"ListItem\",\"position\":1,\"name\":\"Home\",\"item\":\"https:\/\/maxjax-europe.com\/\"},{\"@type\":\"ListItem\",\"position\":2,\"name\":\"Warranty information\"}]},{\"@type\":\"WebSite\",\"@id\":\"https:\/\/maxjax-europe.com\/#website\",\"url\":\"https:\/\/maxjax-europe.com\/\",\"name\":\"MaxJax Europe\",\"description\":\"Shop MaxJax Portable Two-Post Car Lift\",\"publisher\":{\"@id\":\"https:\/\/maxjax-europe.com\/#organization\"},\"potentialAction\":[{\"@type\":\"SearchAction\",\"target\":{\"@type\":\"EntryPoint\",\"urlTemplate\":\"https:\/\/maxjax-europe.com\/?s={search_term_string}\"},\"query-input\":{\"@type\":\"PropertyValueSpecification\",\"valueRequired\":true,\"valueName\":\"search_term_string\"}}],\"inLanguage\":\"es\"},{\"@type\":\"Organization\",\"@id\":\"https:\/\/maxjax-europe.com\/#organization\",\"name\":\"MaxJax Europe\",\"url\":\"https:\/\/maxjax-europe.com\/\",\"logo\":{\"@type\":\"ImageObject\",\"inLanguage\":\"es\",\"@id\":\"https:\/\/maxjax-europe.com\/#\/schema\/logo\/image\/\",\"url\":\"https:\/\/maxjax-europe.com\/wp-content\/uploads\/2021\/01\/cropped-EUB-1-1.png\",\"contentUrl\":\"https:\/\/maxjax-europe.com\/wp-content\/uploads\/2021\/01\/cropped-EUB-1-1.png\",\"width\":2266,\"height\":553,\"caption\":\"MaxJax Europe\"},\"image\":{\"@id\":\"https:\/\/maxjax-europe.com\/#\/schema\/logo\/image\/\"}}]}<\/script>\n<!-- \/ Yoast SEO plugin. -->","yoast_head_json":{"title":"MaxJax Europa | Todo lo que necesita saber sobre la garant\u00eda de MaxJax","description":"MaxJax Europe ofrece un servicio de atenci\u00f3n al cliente impresionante, manejaremos sus reclamos de garant\u00eda como ning\u00fan otro. \u00a1Eche un vistazo a nuestro servicio de garant\u00eda!","robots":{"index":"index","follow":"follow","max-snippet":"max-snippet:-1","max-image-preview":"max-image-preview:large","max-video-preview":"max-video-preview:-1"},"canonical":"https:\/\/maxjax-europe.com\/es\/warranty-information\/","og_locale":"es_ES","og_type":"article","og_title":"MaxJax Europe | Everything you need to know about warranty on MaxJax","og_description":"MaxJax Europe provides a stunning customer service, we will handle your warranty claims like no other. Take a look at our warranty service!","og_url":"https:\/\/maxjax-europe.com\/es\/warranty-information\/","og_site_name":"MaxJax Europe","article_modified_time":"2021-02-02T16:48:23+00:00","twitter_card":"summary_large_image","twitter_misc":{"Tiempo de lectura":"2 minutos"},"schema":{"@context":"https:\/\/schema.org","@graph":[{"@type":"WebPage","@id":"https:\/\/maxjax-europe.com\/cs\/warranty-information\/","url":"https:\/\/maxjax-europe.com\/cs\/warranty-information\/","name":"MaxJax Europa | Todo lo que necesita saber sobre la garant\u00eda de MaxJax","isPartOf":{"@id":"https:\/\/maxjax-europe.com\/#website"},"datePublished":"2021-01-15T13:37:01+00:00","dateModified":"2021-02-02T16:48:23+00:00","description":"MaxJax Europe ofrece un servicio de atenci\u00f3n al cliente impresionante, manejaremos sus reclamos de garant\u00eda como ning\u00fan otro. \u00a1Eche un vistazo a nuestro servicio de garant\u00eda!","breadcrumb":{"@id":"https:\/\/maxjax-europe.com\/cs\/warranty-information\/#breadcrumb"},"inLanguage":"es","potentialAction":[{"@type":"ReadAction","target":["https:\/\/maxjax-europe.com\/cs\/warranty-information\/"]}]},{"@type":"BreadcrumbList","@id":"https:\/\/maxjax-europe.com\/cs\/warranty-information\/#breadcrumb","itemListElement":[{"@type":"ListItem","position":1,"name":"Home","item":"https:\/\/maxjax-europe.com\/"},{"@type":"ListItem","position":2,"name":"Warranty information"}]},{"@type":"WebSite","@id":"https:\/\/maxjax-europe.com\/#website","url":"https:\/\/maxjax-europe.com\/","name":"MaxJax Espa\u00f1a","description":"Compre el elevador de autom\u00f3viles port\u00e1til de dos postes MaxJax","publisher":{"@id":"https:\/\/maxjax-europe.com\/#organization"},"potentialAction":[{"@type":"SearchAction","target":{"@type":"EntryPoint","urlTemplate":"https:\/\/maxjax-europe.com\/?s={search_term_string}"},"query-input":{"@type":"PropertyValueSpecification","valueRequired":true,"valueName":"search_term_string"}}],"inLanguage":"es"},{"@type":"Organization","@id":"https:\/\/maxjax-europe.com\/#organization","name":"MaxJax Espa\u00f1a","url":"https:\/\/maxjax-europe.com\/","logo":{"@type":"ImageObject","inLanguage":"es","@id":"https:\/\/maxjax-europe.com\/#\/schema\/logo\/image\/","url":"https:\/\/maxjax-europe.com\/wp-content\/uploads\/2021\/01\/cropped-EUB-1-1.png","contentUrl":"https:\/\/maxjax-europe.com\/wp-content\/uploads\/2021\/01\/cropped-EUB-1-1.png","width":2266,"height":553,"caption":"MaxJax Europe"},"image":{"@id":"https:\/\/maxjax-europe.com\/#\/schema\/logo\/image\/"}}]}},"jetpack_sharing_enabled":true,"_links":{"self":[{"href":"https:\/\/maxjax-europe.com\/es\/wp-json\/wp\/v2\/pages\/4591","targetHints":{"allow":["GET"]}}],"collection":[{"href":"https:\/\/maxjax-europe.com\/es\/wp-json\/wp\/v2\/pages"}],"about":[{"href":"https:\/\/maxjax-europe.com\/es\/wp-json\/wp\/v2\/types\/page"}],"author":[{"embeddable":true,"href":"https:\/\/maxjax-europe.com\/es\/wp-json\/wp\/v2\/users\/1"}],"replies":[{"embeddable":true,"href":"https:\/\/maxjax-europe.com\/es\/wp-json\/wp\/v2\/comments?post=4591"}],"version-history":[{"count":8,"href":"https:\/\/maxjax-europe.com\/es\/wp-json\/wp\/v2\/pages\/4591\/revisions"}],"predecessor-version":[{"id":4885,"href":"https:\/\/maxjax-europe.com\/es\/wp-json\/wp\/v2\/pages\/4591\/revisions\/4885"}],"wp:attachment":[{"href":"https:\/\/maxjax-europe.com\/es\/wp-json\/wp\/v2\/media?parent=4591"}],"curies":[{"name":"wp","href":"https:\/\/api.w.org\/{rel}","templated":true}]}}