{"id":3637,"date":"2017-06-07T11:00:28","date_gmt":"2017-06-07T11:00:28","guid":{"rendered":"http:\/\/demo.woothemes.com\/woocommerce\/?post_type=product&#038;p=40"},"modified":"2025-07-08T03:36:46","modified_gmt":"2025-07-08T03:36:46","slug":"rst-1ws","status":"publish","type":"product","link":"https:\/\/maxjax-europe.com\/es\/producto\/rst-1ws\/","title":{"rendered":"Asiento de trabajo rodante RST-1WS"},"content":{"rendered":"<p>M\u00e1s comodidad, mejor postura trabajando con MaxJax<\/p>\n<p>El elevador port\u00e1til de dos postes MaxJax tiene una altura m\u00e1xima de elevaci\u00f3n de aproximadamente 46 \u2033 (si se usa \u00fanicamente con el conjunto de almohadilla de elevaci\u00f3n). Si est\u00e1 trabajando en un proyecto durante largos per\u00edodos de tiempo, es posible que desee considerar el costo que supone para su cuerpo. Trabajar en una posici\u00f3n erguida y c\u00f3moda con los pies reduce el estr\u00e9s y le permite hacer su mejor trabajo. Ah\u00ed es donde entra en juego el asiento de trabajo con ruedas Ranger Products\u00ae RST-1WS. Este asiento de trabajo con ruedas reduce la tensi\u00f3n de la espalda y cuenta con una bandeja de herramientas integrada que se encuentra justo debajo del coj\u00edn acolchado y permanece con usted sin importar ad\u00f3nde vaya. Si ya est\u00e1 en el negocio de un elevador de autom\u00f3viles MaxJax, considere agregar un asiento de trabajo a su pedido, especialmente si usted o sus compa\u00f1eros mec\u00e1nicos prefieren trabajar m\u00e1s cerca del suelo.<\/p>\n<p>&nbsp;<\/p>\n<p>El vinilo rojo reforzado estirado sobre una almohadilla de espuma resistente comprende este c\u00f3modo coj\u00edn para aliviar la presi\u00f3n de la espalda. Al mismo tiempo, la conveniente bandeja debajo del asiento asegura que todas sus herramientas est\u00e9n siempre al alcance de la mano. La construcci\u00f3n robusta de tubos de acero de 1 \u2033 y las ruedas giratorias con cojinetes de bolas garantizan que rodar\u00e1 con estilo durante un buen rato. Adelante, deshazte de ese viejo asiento de trabajo roto y actual\u00edzate a la cima del dise\u00f1o y la comodidad del equipo de servicio.<\/p>\n<p>\u00bfBusca el accesorio de asiento MaxJax definitivo? Echa un vistazo al asiento Creeper reclinable.<\/p>\n<ul>\n<li>Coj\u00edn de vinilo acolchado de alta resistencia<\/li>\n<li>Trabaja de manera m\u00e1s eficiente<\/li>\n<li>Alivia los dolores musculares de la espalda<\/li>\n<li>Perfecto para trabajos de rueda \/ servicio<\/li>\n<li>4 ruedas giratorias con rodamiento de bolas<\/li>\n<li>Incluye una c\u00f3moda bandeja debajo del asiento<\/li>\n<\/ul>\n<table width=\"825\">\n<tbody>\n<tr>\n<td><strong>Dimensiones del producto<\/strong><\/td>\n<td>14.25 &quot;(ancho) x 14.75&quot; (alto) x 14.75 &quot;(profundidad) (362 mm x 375 mm x 375 mm)<\/td>\n<\/tr>\n<tr>\n<td><strong>Dimensiones de la almohadilla<\/strong><\/td>\n<td>14.25 &quot;(ancho) x 2&quot; (alto) x 7.5 &quot;(profundidad) (362 mm x 51 mm x 191 mm)<\/td>\n<\/tr>\n<tr>\n<td><strong>Tuber\u00eda de acero<\/strong><\/td>\n<td>1 \u2033 (25 m)<\/td>\n<\/tr>\n<tr>\n<td><strong>Ruedas giratorias<\/strong><\/td>\n<td>2,5 \u2033 (64 mm)<\/td>\n<\/tr>\n<tr>\n<td><strong>Peso de env\u00edo<\/strong><\/td>\n<td>16 libras (7 kilogramos)<\/td>\n<\/tr>\n<tr>\n<td><strong>Dimensiones de env\u00edo<\/strong><\/td>\n<td>17 \u2033 x 17 \u2033 x 5 \u2033 (431 mm x 431 mm x 127 mm)<\/td>\n<\/tr>\n<\/tbody>\n<\/table>","protected":false},"excerpt":{"rendered":"<p>Mu\u00e9vase libremente debajo de su veh\u00edculo levantado en el MaxJax y trabaje en sus proyectos en una posici\u00f3n c\u00f3moda con el asiento de trabajo rodante Ranger\u00ae RST-1WS. Incluye coj\u00edn acolchado, bandeja de herramientas debajo del asiento y cuatro ruedas con cojinetes de bolas.<\/p>","protected":false},"featured_media":4463,"comment_status":"open","ping_status":"closed","template":"","meta":[],"product_brand":[],"product_cat":[65],"product_tag":[],"class_list":{"0":"post-3637","1":"product","2":"type-product","3":"status-publish","4":"has-post-thumbnail","6":"product_cat-maxjax","7":"product_shipping_class-accessory","8":"product-custom-label-money-back-garanty","9":"product-custom-label-extended-warranty","10":"product-custom-label-1-4-days-delivery","11":"badges-style-2","13":"first","14":"instock","15":"taxable","16":"shipping-taxable","17":"purchasable","18":"product-type-simple"},"yoast_head":"<!-- This site is optimized with the Yoast SEO plugin v27.1.1 - https:\/\/yoast.com\/product\/yoast-seo-wordpress\/ -->\n<title>RST-1WS Rolling Work Seat - MaxJax Europe<\/title>\n<meta name=\"robots\" content=\"index, follow, max-snippet:-1, max-image-preview:large, max-video-preview:-1\" \/>\n<link rel=\"canonical\" href=\"https:\/\/maxjax-europe.com\/es\/producto\/rst-1ws\/\" \/>\n<meta property=\"og:locale\" content=\"es_ES\" \/>\n<meta property=\"og:type\" content=\"article\" \/>\n<meta property=\"og:title\" content=\"RST-1WS Rolling Work Seat - MaxJax Europe\" \/>\n<meta property=\"og:description\" content=\"Move freely under your vehicle lifted on the MaxJax and work on your projects in a comfortable position with the Ranger\u00ae RST-1WS Rolling Work Seat. Includes padded cushion, under-seat tool tray, and four ball-bearing casters.\" \/>\n<meta property=\"og:url\" content=\"https:\/\/maxjax-europe.com\/es\/producto\/rst-1ws\/\" \/>\n<meta property=\"og:site_name\" content=\"MaxJax Europe\" \/>\n<meta property=\"article:modified_time\" content=\"2025-07-08T03:36:46+00:00\" \/>\n<meta property=\"og:image\" content=\"https:\/\/maxjax-europe.com\/wp-content\/uploads\/2017\/06\/ranger-rst-1ws-work-seat-with-tools.jpg\" \/>\n\t<meta property=\"og:image:width\" content=\"1200\" \/>\n\t<meta property=\"og:image:height\" content=\"800\" \/>\n\t<meta property=\"og:image:type\" content=\"image\/jpeg\" \/>\n<meta name=\"twitter:card\" content=\"summary_large_image\" \/>\n<meta name=\"twitter:label1\" content=\"Tiempo de lectura\" \/>\n\t<meta name=\"twitter:data1\" content=\"2 minutos\" \/>\n<script type=\"application\/ld+json\" class=\"yoast-schema-graph\">{\"@context\":\"https:\/\/schema.org\",\"@graph\":[{\"@type\":\"WebPage\",\"@id\":\"https:\/\/maxjax-europe.com\/product\/rst-1ws\/\",\"url\":\"https:\/\/maxjax-europe.com\/product\/rst-1ws\/\",\"name\":\"RST-1WS Rolling Work Seat - MaxJax Europe\",\"isPartOf\":{\"@id\":\"https:\/\/maxjax-europe.com\/#website\"},\"primaryImageOfPage\":{\"@id\":\"https:\/\/maxjax-europe.com\/product\/rst-1ws\/#primaryimage\"},\"image\":{\"@id\":\"https:\/\/maxjax-europe.com\/product\/rst-1ws\/#primaryimage\"},\"thumbnailUrl\":\"https:\/\/maxjax-europe.com\/wp-content\/uploads\/2017\/06\/ranger-rst-1ws-work-seat-with-tools.jpg\",\"datePublished\":\"2017-06-07T11:00:28+00:00\",\"dateModified\":\"2025-07-08T03:36:46+00:00\",\"breadcrumb\":{\"@id\":\"https:\/\/maxjax-europe.com\/product\/rst-1ws\/#breadcrumb\"},\"inLanguage\":\"es\",\"potentialAction\":[{\"@type\":\"ReadAction\",\"target\":[\"https:\/\/maxjax-europe.com\/product\/rst-1ws\/\"]}]},{\"@type\":\"ImageObject\",\"inLanguage\":\"es\",\"@id\":\"https:\/\/maxjax-europe.com\/product\/rst-1ws\/#primaryimage\",\"url\":\"https:\/\/maxjax-europe.com\/wp-content\/uploads\/2017\/06\/ranger-rst-1ws-work-seat-with-tools.jpg\",\"contentUrl\":\"https:\/\/maxjax-europe.com\/wp-content\/uploads\/2017\/06\/ranger-rst-1ws-work-seat-with-tools.jpg\",\"width\":1200,\"height\":800},{\"@type\":\"BreadcrumbList\",\"@id\":\"https:\/\/maxjax-europe.com\/product\/rst-1ws\/#breadcrumb\",\"itemListElement\":[{\"@type\":\"ListItem\",\"position\":1,\"name\":\"Home\",\"item\":\"https:\/\/maxjax-europe.com\/\"},{\"@type\":\"ListItem\",\"position\":2,\"name\":\"Shop\",\"item\":\"https:\/\/maxjax-europe.com\/it\/maxjax\/\"},{\"@type\":\"ListItem\",\"position\":3,\"name\":\"RST-1WS Rolling Work Seat\"}]},{\"@type\":\"WebSite\",\"@id\":\"https:\/\/maxjax-europe.com\/#website\",\"url\":\"https:\/\/maxjax-europe.com\/\",\"name\":\"MaxJax Europe\",\"description\":\"Shop MaxJax Portable Two-Post Car Lift\",\"publisher\":{\"@id\":\"https:\/\/maxjax-europe.com\/#organization\"},\"potentialAction\":[{\"@type\":\"SearchAction\",\"target\":{\"@type\":\"EntryPoint\",\"urlTemplate\":\"https:\/\/maxjax-europe.com\/?s={search_term_string}\"},\"query-input\":{\"@type\":\"PropertyValueSpecification\",\"valueRequired\":true,\"valueName\":\"search_term_string\"}}],\"inLanguage\":\"es\"},{\"@type\":\"Organization\",\"@id\":\"https:\/\/maxjax-europe.com\/#organization\",\"name\":\"MaxJax Europe\",\"url\":\"https:\/\/maxjax-europe.com\/\",\"logo\":{\"@type\":\"ImageObject\",\"inLanguage\":\"es\",\"@id\":\"https:\/\/maxjax-europe.com\/#\/schema\/logo\/image\/\",\"url\":\"https:\/\/maxjax-europe.com\/wp-content\/uploads\/2021\/01\/cropped-EUB-1-1.png\",\"contentUrl\":\"https:\/\/maxjax-europe.com\/wp-content\/uploads\/2021\/01\/cropped-EUB-1-1.png\",\"width\":2266,\"height\":553,\"caption\":\"MaxJax Europe\"},\"image\":{\"@id\":\"https:\/\/maxjax-europe.com\/#\/schema\/logo\/image\/\"}}]}<\/script>\n<!-- \/ Yoast SEO plugin. -->","yoast_head_json":{"title":"Asiento de trabajo con ruedas RST-1WS - MaxJax Europe","robots":{"index":"index","follow":"follow","max-snippet":"max-snippet:-1","max-image-preview":"max-image-preview:large","max-video-preview":"max-video-preview:-1"},"canonical":"https:\/\/maxjax-europe.com\/es\/producto\/rst-1ws\/","og_locale":"es_ES","og_type":"article","og_title":"RST-1WS Rolling Work Seat - MaxJax Europe","og_description":"Move freely under your vehicle lifted on the MaxJax and work on your projects in a comfortable position with the Ranger\u00ae RST-1WS Rolling Work Seat. Includes padded cushion, under-seat tool tray, and four ball-bearing casters.","og_url":"https:\/\/maxjax-europe.com\/es\/producto\/rst-1ws\/","og_site_name":"MaxJax Europe","article_modified_time":"2025-07-08T03:36:46+00:00","og_image":[{"width":1200,"height":800,"url":"https:\/\/maxjax-europe.com\/wp-content\/uploads\/2017\/06\/ranger-rst-1ws-work-seat-with-tools.jpg","type":"image\/jpeg"}],"twitter_card":"summary_large_image","twitter_misc":{"Tiempo de lectura":"2 minutos"},"schema":{"@context":"https:\/\/schema.org","@graph":[{"@type":"WebPage","@id":"https:\/\/maxjax-europe.com\/product\/rst-1ws\/","url":"https:\/\/maxjax-europe.com\/product\/rst-1ws\/","name":"Asiento de trabajo con ruedas RST-1WS - MaxJax Europe","isPartOf":{"@id":"https:\/\/maxjax-europe.com\/#website"},"primaryImageOfPage":{"@id":"https:\/\/maxjax-europe.com\/product\/rst-1ws\/#primaryimage"},"image":{"@id":"https:\/\/maxjax-europe.com\/product\/rst-1ws\/#primaryimage"},"thumbnailUrl":"https:\/\/maxjax-europe.com\/wp-content\/uploads\/2017\/06\/ranger-rst-1ws-work-seat-with-tools.jpg","datePublished":"2017-06-07T11:00:28+00:00","dateModified":"2025-07-08T03:36:46+00:00","breadcrumb":{"@id":"https:\/\/maxjax-europe.com\/product\/rst-1ws\/#breadcrumb"},"inLanguage":"es","potentialAction":[{"@type":"ReadAction","target":["https:\/\/maxjax-europe.com\/product\/rst-1ws\/"]}]},{"@type":"ImageObject","inLanguage":"es","@id":"https:\/\/maxjax-europe.com\/product\/rst-1ws\/#primaryimage","url":"https:\/\/maxjax-europe.com\/wp-content\/uploads\/2017\/06\/ranger-rst-1ws-work-seat-with-tools.jpg","contentUrl":"https:\/\/maxjax-europe.com\/wp-content\/uploads\/2017\/06\/ranger-rst-1ws-work-seat-with-tools.jpg","width":1200,"height":800},{"@type":"BreadcrumbList","@id":"https:\/\/maxjax-europe.com\/product\/rst-1ws\/#breadcrumb","itemListElement":[{"@type":"ListItem","position":1,"name":"Home","item":"https:\/\/maxjax-europe.com\/"},{"@type":"ListItem","position":2,"name":"Shop","item":"https:\/\/maxjax-europe.com\/it\/maxjax\/"},{"@type":"ListItem","position":3,"name":"RST-1WS Rolling Work Seat"}]},{"@type":"WebSite","@id":"https:\/\/maxjax-europe.com\/#website","url":"https:\/\/maxjax-europe.com\/","name":"MaxJax Espa\u00f1a","description":"Compre el elevador de autom\u00f3viles port\u00e1til de dos postes MaxJax","publisher":{"@id":"https:\/\/maxjax-europe.com\/#organization"},"potentialAction":[{"@type":"SearchAction","target":{"@type":"EntryPoint","urlTemplate":"https:\/\/maxjax-europe.com\/?s={search_term_string}"},"query-input":{"@type":"PropertyValueSpecification","valueRequired":true,"valueName":"search_term_string"}}],"inLanguage":"es"},{"@type":"Organization","@id":"https:\/\/maxjax-europe.com\/#organization","name":"MaxJax Espa\u00f1a","url":"https:\/\/maxjax-europe.com\/","logo":{"@type":"ImageObject","inLanguage":"es","@id":"https:\/\/maxjax-europe.com\/#\/schema\/logo\/image\/","url":"https:\/\/maxjax-europe.com\/wp-content\/uploads\/2021\/01\/cropped-EUB-1-1.png","contentUrl":"https:\/\/maxjax-europe.com\/wp-content\/uploads\/2021\/01\/cropped-EUB-1-1.png","width":2266,"height":553,"caption":"MaxJax Europe"},"image":{"@id":"https:\/\/maxjax-europe.com\/#\/schema\/logo\/image\/"}}]}},"jetpack_sharing_enabled":true,"wcpa_form_fields":null,"_links":{"self":[{"href":"https:\/\/maxjax-europe.com\/es\/wp-json\/wp\/v2\/product\/3637","targetHints":{"allow":["GET"]}}],"collection":[{"href":"https:\/\/maxjax-europe.com\/es\/wp-json\/wp\/v2\/product"}],"about":[{"href":"https:\/\/maxjax-europe.com\/es\/wp-json\/wp\/v2\/types\/product"}],"replies":[{"embeddable":true,"href":"https:\/\/maxjax-europe.com\/es\/wp-json\/wp\/v2\/comments?post=3637"}],"wp:featuredmedia":[{"embeddable":true,"href":"https:\/\/maxjax-europe.com\/es\/wp-json\/wp\/v2\/media\/4463"}],"wp:attachment":[{"href":"https:\/\/maxjax-europe.com\/es\/wp-json\/wp\/v2\/media?parent=3637"}],"wp:term":[{"taxonomy":"product_brand","embeddable":true,"href":"https:\/\/maxjax-europe.com\/es\/wp-json\/wp\/v2\/product_brand?post=3637"},{"taxonomy":"product_cat","embeddable":true,"href":"https:\/\/maxjax-europe.com\/es\/wp-json\/wp\/v2\/product_cat?post=3637"},{"taxonomy":"product_tag","embeddable":true,"href":"https:\/\/maxjax-europe.com\/es\/wp-json\/wp\/v2\/product_tag?post=3637"}],"curies":[{"name":"wp","href":"https:\/\/api.w.org\/{rel}","templated":true}]}}