{"id":99,"date":"2021-01-01T11:59:12","date_gmt":"2021-01-01T11:59:12","guid":{"rendered":"http:\/\/demo.woothemes.com\/woocommerce\/?post_type=product&#038;p=99"},"modified":"2026-03-18T15:25:26","modified_gmt":"2026-03-18T15:25:26","slug":"creeper","status":"publish","type":"product","link":"https:\/\/maxjax-europe.com\/es\/producto\/creeper\/","title":{"rendered":"Asiento m\u00f3vil ajustable para una mayor comodidad"},"content":{"rendered":"<p><strong>MaxJax Reclining Creeper Seat: Ultimate Comfort and Mobility<\/strong><\/p>\n<p>Maximize your comfort and efficiency while working under your car with the all-new MaxJax reclining creeper seat, designed specifically for use with MaxJax lifts. This innovative work seat combines unparalleled comfort with exceptional mobility, making it the perfect solution for mechanics and DIY enthusiasts alike.<\/p>\n<p>The MaxJax reclining creeper seat is constructed with heavy-duty materials to withstand the toughest garage environments. The comfortable, thick-padded seat and backrest are upholstered in a non-slip, textured marine-grade vinyl that is resistant to abrasion, chemicals, and oil. This creeper seat is built to last and keep you comfortable throughout your workday.<\/p>\n<ul>\n<li>TPR wheels feature a shock absorbing cushioned ride, while providing good floor protection and quiet rolling operation<\/li>\n<li>TPR wheels are resistant to chemicals, acids, alcohol, and water<\/li>\n<li>Wide, large diameter wheel improves rolling over rough surfaces<\/li>\n<li>Heavy-duty non-slip textured marine grade vinyl<\/li>\n<li>Comfortable thick-padded seat and backrest<\/li>\n<li>Locking casters<\/li>\n<li>Seat is resistant to abrasion, chemical, and oil<\/li>\n<\/ul>\n<table style=\"height: 292px;\" width=\"824\">\n<tbody>\n<tr>\n<td><strong>Longitud<\/strong><\/td>\n<td>45.25 in. \/ 1,150 mm<\/td>\n<\/tr>\n<tr>\n<td><strong>Anchura<\/strong><\/td>\n<td>20.75 in. \/ 530 mm<\/td>\n<\/tr>\n<tr>\n<td><strong>Altura (bajada)<\/strong><\/td>\n<td>6.25 in. \/ 161 mm<\/td>\n<\/tr>\n<tr>\n<td><strong>Altura (elevada)<\/strong><\/td>\n<td>31.5 in. \/ 800 mm<\/td>\n<\/tr>\n<tr>\n<td><strong>Capacidad de peso<\/strong><\/td>\n<td>600 lbs. \/ 272 kg<\/td>\n<\/tr>\n<tr>\n<td><strong>No. de ruedas<\/strong><\/td>\n<td>6<\/td>\n<\/tr>\n<tr>\n<td><strong>Backrest Angle Adjustment<\/strong><\/td>\n<td>Gas spring<\/td>\n<\/tr>\n<tr>\n<td><strong>No. de posiciones frontales<\/strong><\/td>\n<td>3<\/td>\n<\/tr>\n<tr>\n<td><strong>Backrest Angle Min. \/ Max.<\/strong><\/td>\n<td>\u22480\u00b0 to 70\u00b0<\/td>\n<\/tr>\n<tr>\n<td><strong>Peso de env\u00edo<\/strong><\/td>\n<td>41.25 lbs. \/ 19 kg.<\/td>\n<\/tr>\n<tr>\n<td><strong>Dimensiones de env\u00edo<\/strong><\/td>\n<td>1240 mm x 630 mm x 140 mm<\/td>\n<\/tr>\n<\/tbody>\n<\/table>\n<p><iframe src=\"https:\/\/www.youtube.com\/embed\/2ikqNL1_Dvs\" width=\"560\" height=\"315\" frameborder=\"0\" allowfullscreen=\"allowfullscreen\"><\/iframe><\/p>","protected":false},"excerpt":{"rendered":"<p>Nuestro asiento m\u00f3vil ajustable superacolchado es un accesorio imprescindible para el elevador port\u00e1til MaxJax. Pasa f\u00e1cilmente de asiento de perfil bajo a c\u00f3modo asiento de trabajo, con lo que puede realizar sus labores debajo de veh\u00edculos elevados con una comodidad m\u00e1xima.<\/p>","protected":false},"featured_media":5212,"comment_status":"open","ping_status":"closed","template":"","meta":[],"product_brand":[],"product_cat":[65],"product_tag":[31,91],"class_list":{"0":"post-99","1":"product","2":"type-product","3":"status-publish","4":"has-post-thumbnail","6":"product_cat-maxjax","7":"product_tag-all-season","8":"product_tag-wheels","9":"product_shipping_class-accessory","10":"product-custom-label-money-back-garanty","11":"product-custom-label-extended-warranty","12":"product-custom-label-1-4-days-delivery","13":"badges-style-2","15":"first","16":"instock","17":"taxable","18":"shipping-taxable","19":"purchasable","20":"product-type-simple"},"yoast_head":"<!-- This site is optimized with the Yoast SEO plugin v27.1.1 - https:\/\/yoast.com\/product\/yoast-seo-wordpress\/ -->\n<title>MaxJax Reclining Creeper Seat Chair - MaxJax Europe<\/title>\n<meta name=\"robots\" content=\"index, follow, max-snippet:-1, max-image-preview:large, max-video-preview:-1\" \/>\n<link rel=\"canonical\" href=\"https:\/\/maxjax-europe.com\/es\/producto\/creeper\/\" \/>\n<meta property=\"og:locale\" content=\"es_ES\" \/>\n<meta property=\"og:type\" content=\"article\" \/>\n<meta property=\"og:title\" content=\"MaxJax Reclining Creeper Seat Chair - MaxJax Europe\" \/>\n<meta property=\"og:description\" content=\"Our super-plush adjustable creeper seat is the must-have accessory for the MaxJax portable car lift. Easily converts from a low-profile creeper to a comfortable work seat allowing you to perform work under a lifted vehicle while being in extreme comfort.\" \/>\n<meta property=\"og:url\" content=\"https:\/\/maxjax-europe.com\/es\/producto\/creeper\/\" \/>\n<meta property=\"og:site_name\" content=\"MaxJax Europe\" \/>\n<meta property=\"article:modified_time\" content=\"2026-03-18T15:25:26+00:00\" \/>\n<meta property=\"og:image\" content=\"https:\/\/maxjax-europe.com\/wp-content\/uploads\/2021\/01\/maxjax-creeper-seat-pneumatic-assist-reclining-hi-low-adjustable-5160119-front-left-01_2.jpg\" \/>\n\t<meta property=\"og:image:width\" content=\"1200\" \/>\n\t<meta property=\"og:image:height\" content=\"800\" \/>\n\t<meta property=\"og:image:type\" content=\"image\/jpeg\" \/>\n<meta name=\"twitter:card\" content=\"summary_large_image\" \/>\n<meta name=\"twitter:label1\" content=\"Tiempo de lectura\" \/>\n\t<meta name=\"twitter:data1\" content=\"2 minutos\" \/>\n<script type=\"application\/ld+json\" class=\"yoast-schema-graph\">{\"@context\":\"https:\/\/schema.org\",\"@graph\":[{\"@type\":\"WebPage\",\"@id\":\"https:\/\/maxjax-europe.com\/product\/creeper\/\",\"url\":\"https:\/\/maxjax-europe.com\/product\/creeper\/\",\"name\":\"MaxJax Reclining Creeper Seat Chair - MaxJax Europe\",\"isPartOf\":{\"@id\":\"https:\/\/maxjax-europe.com\/#website\"},\"primaryImageOfPage\":{\"@id\":\"https:\/\/maxjax-europe.com\/product\/creeper\/#primaryimage\"},\"image\":{\"@id\":\"https:\/\/maxjax-europe.com\/product\/creeper\/#primaryimage\"},\"thumbnailUrl\":\"https:\/\/maxjax-europe.com\/wp-content\/uploads\/2021\/01\/maxjax-creeper-seat-pneumatic-assist-reclining-hi-low-adjustable-5160119-front-left-01_2.jpg\",\"datePublished\":\"2021-01-01T11:59:12+00:00\",\"dateModified\":\"2026-03-18T15:25:26+00:00\",\"breadcrumb\":{\"@id\":\"https:\/\/maxjax-europe.com\/product\/creeper\/#breadcrumb\"},\"inLanguage\":\"es\",\"potentialAction\":[{\"@type\":\"ReadAction\",\"target\":[\"https:\/\/maxjax-europe.com\/product\/creeper\/\"]}]},{\"@type\":\"ImageObject\",\"inLanguage\":\"es\",\"@id\":\"https:\/\/maxjax-europe.com\/product\/creeper\/#primaryimage\",\"url\":\"https:\/\/maxjax-europe.com\/wp-content\/uploads\/2021\/01\/maxjax-creeper-seat-pneumatic-assist-reclining-hi-low-adjustable-5160119-front-left-01_2.jpg\",\"contentUrl\":\"https:\/\/maxjax-europe.com\/wp-content\/uploads\/2021\/01\/maxjax-creeper-seat-pneumatic-assist-reclining-hi-low-adjustable-5160119-front-left-01_2.jpg\",\"width\":1200,\"height\":800},{\"@type\":\"BreadcrumbList\",\"@id\":\"https:\/\/maxjax-europe.com\/product\/creeper\/#breadcrumb\",\"itemListElement\":[{\"@type\":\"ListItem\",\"position\":1,\"name\":\"Home\",\"item\":\"https:\/\/maxjax-europe.com\/\"},{\"@type\":\"ListItem\",\"position\":2,\"name\":\"Shop\",\"item\":\"https:\/\/maxjax-europe.com\/it\/maxjax\/\"},{\"@type\":\"ListItem\",\"position\":3,\"name\":\"MaxJax Reclining Creeper Seat Chair\"}]},{\"@type\":\"WebSite\",\"@id\":\"https:\/\/maxjax-europe.com\/#website\",\"url\":\"https:\/\/maxjax-europe.com\/\",\"name\":\"MaxJax Europe\",\"description\":\"Shop MaxJax Portable Two-Post Car Lift\",\"publisher\":{\"@id\":\"https:\/\/maxjax-europe.com\/#organization\"},\"potentialAction\":[{\"@type\":\"SearchAction\",\"target\":{\"@type\":\"EntryPoint\",\"urlTemplate\":\"https:\/\/maxjax-europe.com\/?s={search_term_string}\"},\"query-input\":{\"@type\":\"PropertyValueSpecification\",\"valueRequired\":true,\"valueName\":\"search_term_string\"}}],\"inLanguage\":\"es\"},{\"@type\":\"Organization\",\"@id\":\"https:\/\/maxjax-europe.com\/#organization\",\"name\":\"MaxJax Europe\",\"url\":\"https:\/\/maxjax-europe.com\/\",\"logo\":{\"@type\":\"ImageObject\",\"inLanguage\":\"es\",\"@id\":\"https:\/\/maxjax-europe.com\/#\/schema\/logo\/image\/\",\"url\":\"https:\/\/maxjax-europe.com\/wp-content\/uploads\/2021\/01\/cropped-EUB-1-1.png\",\"contentUrl\":\"https:\/\/maxjax-europe.com\/wp-content\/uploads\/2021\/01\/cropped-EUB-1-1.png\",\"width\":2266,\"height\":553,\"caption\":\"MaxJax Europe\"},\"image\":{\"@id\":\"https:\/\/maxjax-europe.com\/#\/schema\/logo\/image\/\"}}]}<\/script>\n<!-- \/ Yoast SEO plugin. -->","yoast_head_json":{"title":"Silla con asiento tipo creeper reclinable MaxJax - MaxJax Europe","robots":{"index":"index","follow":"follow","max-snippet":"max-snippet:-1","max-image-preview":"max-image-preview:large","max-video-preview":"max-video-preview:-1"},"canonical":"https:\/\/maxjax-europe.com\/es\/producto\/creeper\/","og_locale":"es_ES","og_type":"article","og_title":"MaxJax Reclining Creeper Seat Chair - MaxJax Europe","og_description":"Our super-plush adjustable creeper seat is the must-have accessory for the MaxJax portable car lift. Easily converts from a low-profile creeper to a comfortable work seat allowing you to perform work under a lifted vehicle while being in extreme comfort.","og_url":"https:\/\/maxjax-europe.com\/es\/producto\/creeper\/","og_site_name":"MaxJax Europe","article_modified_time":"2026-03-18T15:25:26+00:00","og_image":[{"width":1200,"height":800,"url":"https:\/\/maxjax-europe.com\/wp-content\/uploads\/2021\/01\/maxjax-creeper-seat-pneumatic-assist-reclining-hi-low-adjustable-5160119-front-left-01_2.jpg","type":"image\/jpeg"}],"twitter_card":"summary_large_image","twitter_misc":{"Tiempo de lectura":"2 minutos"},"schema":{"@context":"https:\/\/schema.org","@graph":[{"@type":"WebPage","@id":"https:\/\/maxjax-europe.com\/product\/creeper\/","url":"https:\/\/maxjax-europe.com\/product\/creeper\/","name":"Silla con asiento tipo creeper reclinable MaxJax - MaxJax Europe","isPartOf":{"@id":"https:\/\/maxjax-europe.com\/#website"},"primaryImageOfPage":{"@id":"https:\/\/maxjax-europe.com\/product\/creeper\/#primaryimage"},"image":{"@id":"https:\/\/maxjax-europe.com\/product\/creeper\/#primaryimage"},"thumbnailUrl":"https:\/\/maxjax-europe.com\/wp-content\/uploads\/2021\/01\/maxjax-creeper-seat-pneumatic-assist-reclining-hi-low-adjustable-5160119-front-left-01_2.jpg","datePublished":"2021-01-01T11:59:12+00:00","dateModified":"2026-03-18T15:25:26+00:00","breadcrumb":{"@id":"https:\/\/maxjax-europe.com\/product\/creeper\/#breadcrumb"},"inLanguage":"es","potentialAction":[{"@type":"ReadAction","target":["https:\/\/maxjax-europe.com\/product\/creeper\/"]}]},{"@type":"ImageObject","inLanguage":"es","@id":"https:\/\/maxjax-europe.com\/product\/creeper\/#primaryimage","url":"https:\/\/maxjax-europe.com\/wp-content\/uploads\/2021\/01\/maxjax-creeper-seat-pneumatic-assist-reclining-hi-low-adjustable-5160119-front-left-01_2.jpg","contentUrl":"https:\/\/maxjax-europe.com\/wp-content\/uploads\/2021\/01\/maxjax-creeper-seat-pneumatic-assist-reclining-hi-low-adjustable-5160119-front-left-01_2.jpg","width":1200,"height":800},{"@type":"BreadcrumbList","@id":"https:\/\/maxjax-europe.com\/product\/creeper\/#breadcrumb","itemListElement":[{"@type":"ListItem","position":1,"name":"Home","item":"https:\/\/maxjax-europe.com\/"},{"@type":"ListItem","position":2,"name":"Shop","item":"https:\/\/maxjax-europe.com\/it\/maxjax\/"},{"@type":"ListItem","position":3,"name":"MaxJax Reclining Creeper Seat Chair"}]},{"@type":"WebSite","@id":"https:\/\/maxjax-europe.com\/#website","url":"https:\/\/maxjax-europe.com\/","name":"MaxJax Espa\u00f1a","description":"Compre el elevador de autom\u00f3viles port\u00e1til de dos postes MaxJax","publisher":{"@id":"https:\/\/maxjax-europe.com\/#organization"},"potentialAction":[{"@type":"SearchAction","target":{"@type":"EntryPoint","urlTemplate":"https:\/\/maxjax-europe.com\/?s={search_term_string}"},"query-input":{"@type":"PropertyValueSpecification","valueRequired":true,"valueName":"search_term_string"}}],"inLanguage":"es"},{"@type":"Organization","@id":"https:\/\/maxjax-europe.com\/#organization","name":"MaxJax Espa\u00f1a","url":"https:\/\/maxjax-europe.com\/","logo":{"@type":"ImageObject","inLanguage":"es","@id":"https:\/\/maxjax-europe.com\/#\/schema\/logo\/image\/","url":"https:\/\/maxjax-europe.com\/wp-content\/uploads\/2021\/01\/cropped-EUB-1-1.png","contentUrl":"https:\/\/maxjax-europe.com\/wp-content\/uploads\/2021\/01\/cropped-EUB-1-1.png","width":2266,"height":553,"caption":"MaxJax Europe"},"image":{"@id":"https:\/\/maxjax-europe.com\/#\/schema\/logo\/image\/"}}]}},"jetpack_sharing_enabled":true,"wcpa_form_fields":null,"_links":{"self":[{"href":"https:\/\/maxjax-europe.com\/es\/wp-json\/wp\/v2\/product\/99","targetHints":{"allow":["GET"]}}],"collection":[{"href":"https:\/\/maxjax-europe.com\/es\/wp-json\/wp\/v2\/product"}],"about":[{"href":"https:\/\/maxjax-europe.com\/es\/wp-json\/wp\/v2\/types\/product"}],"replies":[{"embeddable":true,"href":"https:\/\/maxjax-europe.com\/es\/wp-json\/wp\/v2\/comments?post=99"}],"wp:featuredmedia":[{"embeddable":true,"href":"https:\/\/maxjax-europe.com\/es\/wp-json\/wp\/v2\/media\/5212"}],"wp:attachment":[{"href":"https:\/\/maxjax-europe.com\/es\/wp-json\/wp\/v2\/media?parent=99"}],"wp:term":[{"taxonomy":"product_brand","embeddable":true,"href":"https:\/\/maxjax-europe.com\/es\/wp-json\/wp\/v2\/product_brand?post=99"},{"taxonomy":"product_cat","embeddable":true,"href":"https:\/\/maxjax-europe.com\/es\/wp-json\/wp\/v2\/product_cat?post=99"},{"taxonomy":"product_tag","embeddable":true,"href":"https:\/\/maxjax-europe.com\/es\/wp-json\/wp\/v2\/product_tag?post=99"}],"curies":[{"name":"wp","href":"https:\/\/api.w.org\/{rel}","templated":true}]}}