{"id":4575,"date":"2021-01-15T12:32:17","date_gmt":"2021-01-15T12:32:17","guid":{"rendered":"https:\/\/maxjax-europe.com\/?page_id=4575"},"modified":"2023-06-01T12:12:04","modified_gmt":"2023-06-01T12:12:04","slug":"order-information","status":"publish","type":"page","link":"https:\/\/maxjax-europe.com\/fi\/order-information\/","title":{"rendered":"Tilaustiedot"},"content":{"rendered":"<div data-elementor-type=\"wp-page\" data-elementor-id=\"4575\" class=\"elementor elementor-4575\">\n\t\t\t\t\t\t<section class=\"elementor-section elementor-top-section elementor-element elementor-element-2b9ff6d elementor-section-boxed elementor-section-height-default elementor-section-height-default\" data-id=\"2b9ff6d\" data-element_type=\"section\" data-e-type=\"section\">\n\t\t\t\t\t\t<div class=\"elementor-container elementor-column-gap-default\">\n\t\t\t\t\t<div class=\"elementor-column elementor-col-100 elementor-top-column elementor-element elementor-element-37c70e2\" data-id=\"37c70e2\" data-element_type=\"column\" data-e-type=\"column\">\n\t\t\t<div class=\"elementor-widget-wrap elementor-element-populated\">\n\t\t\t\t\t\t<div class=\"elementor-element elementor-element-8c25df2 elementor-widget elementor-widget-heading\" data-id=\"8c25df2\" data-element_type=\"widget\" data-e-type=\"widget\" data-widget_type=\"heading.default\">\n\t\t\t\t<div class=\"elementor-widget-container\">\n\t\t\t\t\t<h1 class=\"elementor-heading-title elementor-size-default\">Everything you need to know before ordering your MaxJax M7K!<\/h1>\t\t\t\t<\/div>\n\t\t\t\t<\/div>\n\t\t\t\t\t<\/div>\n\t\t<\/div>\n\t\t\t\t\t<\/div>\n\t\t<\/section>\n\t\t\t\t<section class=\"elementor-section elementor-top-section elementor-element elementor-element-32a2539 elementor-section-boxed elementor-section-height-default elementor-section-height-default\" data-id=\"32a2539\" data-element_type=\"section\" data-e-type=\"section\">\n\t\t\t\t\t\t<div class=\"elementor-container elementor-column-gap-default\">\n\t\t\t\t\t<div class=\"elementor-column elementor-col-100 elementor-top-column elementor-element elementor-element-cf3bda9\" data-id=\"cf3bda9\" data-element_type=\"column\" data-e-type=\"column\">\n\t\t\t<div class=\"elementor-widget-wrap elementor-element-populated\">\n\t\t\t\t\t\t<div class=\"elementor-element elementor-element-d24a5e5 elementor-widget elementor-widget-text-editor\" data-id=\"d24a5e5\" data-element_type=\"widget\" data-e-type=\"widget\" data-widget_type=\"text-editor.default\">\n\t\t\t\t<div class=\"elementor-widget-container\">\n\t\t\t\t\t\t\t\t\t<p><span style=\"color: #000000;\">T\u00e4\u00e4ll\u00e4 on kerrottu kaikki, mit\u00e4 sinun tarvitsee tiet\u00e4\u00e4 tilauksen tekemisest\u00e4, ALV-vapautuksesta tai maksutavoista. Jos luettelossa ei ole jotain tarvitsemaasi tietoa,<\/span><br \/><span style=\"color: #000000;\">voit aina ottaa meihin yhteytt\u00e4 s\u00e4hk\u00f6postiosoitteella maxjax@liftmotive.com tai soittamalla numeroon <a style=\"color: #000000;\" href=\"puh: +31627365781\">+31 627365781<\/a><\/span><\/p>\t\t\t\t\t\t\t\t<\/div>\n\t\t\t\t<\/div>\n\t\t\t\t<div class=\"elementor-element elementor-element-18c62f8 elementor-widget-divider--view-line elementor-widget elementor-widget-divider\" data-id=\"18c62f8\" data-element_type=\"widget\" data-e-type=\"widget\" data-widget_type=\"divider.default\">\n\t\t\t\t<div class=\"elementor-widget-container\">\n\t\t\t\t\t\t\t<div class=\"elementor-divider\">\n\t\t\t<span class=\"elementor-divider-separator\">\n\t\t\t\t\t\t<\/span>\n\t\t<\/div>\n\t\t\t\t\t\t<\/div>\n\t\t\t\t<\/div>\n\t\t\t\t\t<\/div>\n\t\t<\/div>\n\t\t\t\t\t<\/div>\n\t\t<\/section>\n\t\t\t\t<section class=\"elementor-section elementor-top-section elementor-element elementor-element-7ca3dbc elementor-section-boxed elementor-section-height-default elementor-section-height-default\" data-id=\"7ca3dbc\" data-element_type=\"section\" data-e-type=\"section\">\n\t\t\t\t\t\t<div class=\"elementor-container elementor-column-gap-default\">\n\t\t\t\t\t<div class=\"elementor-column elementor-col-33 elementor-top-column elementor-element elementor-element-988cc9f\" data-id=\"988cc9f\" data-element_type=\"column\" data-e-type=\"column\">\n\t\t\t<div class=\"elementor-widget-wrap elementor-element-populated\">\n\t\t\t\t\t\t<div class=\"elementor-element elementor-element-2833d11 elementor-widget elementor-widget-text-editor\" data-id=\"2833d11\" data-element_type=\"widget\" data-e-type=\"widget\" data-widget_type=\"text-editor.default\">\n\t\t\t\t<div class=\"elementor-widget-container\">\n\t\t\t\t\t\t\t\t\t<h3 class=\"LC20lb DKV0Md\" style=\"text-align: center;\">Arvonlis\u00e4vero (alv)<\/h3><p><span style=\"color: #000000;\">ALV % lasketaan sen maan arvonlis\u00e4verokannan perusteella, johon tilaus on l\u00e4hetett\u00e4v\u00e4. T\u00e4m\u00e4 koskee yksityisi\u00e4 k\u00e4ytt\u00e4ji\u00e4 EU: n sis\u00e4ll\u00e4.\u00a0<\/span><\/p><p><span style=\"color: #000000;\">Yritysasiakkaat EU:n sis\u00e4ll\u00e4 ja Alankomaiden ulkopuolella saavat ALV-vapautuksen (0 %) t\u00e4ytt\u00e4m\u00e4ll\u00e4 EU:n ALV-tunnuksensa maksaessaan ostoksiaan verkkokaupassa.\u00a0<\/span><\/p><p>Jos tilaat Norjasta, Sveitsist\u00e4 tai Iso-Britanniasta, ALV:t\u00e4 ei veloiteta (0 %) olitpa sitten yksityis- tai yritysk\u00e4ytt\u00e4j\u00e4. ALV maksetaan maassa, josta tilaat.\u00a0<\/p>\t\t\t\t\t\t\t\t<\/div>\n\t\t\t\t<\/div>\n\t\t\t\t\t<\/div>\n\t\t<\/div>\n\t\t\t\t<div class=\"elementor-column elementor-col-33 elementor-top-column elementor-element elementor-element-9aad8cf\" data-id=\"9aad8cf\" data-element_type=\"column\" data-e-type=\"column\">\n\t\t\t<div class=\"elementor-widget-wrap elementor-element-populated\">\n\t\t\t\t\t\t<div class=\"elementor-element elementor-element-eb8238d elementor-widget elementor-widget-text-editor\" data-id=\"eb8238d\" data-element_type=\"widget\" data-e-type=\"widget\" data-widget_type=\"text-editor.default\">\n\t\t\t\t<div class=\"elementor-widget-container\">\n\t\t\t\t\t\t\t\t\t<h2 style=\"text-align: center;\">maksutavat<\/h2><p><span style=\"color: #000000;\">Verkkokauppamme tarjoaa monia maksutapoja. Voit valita verkkokauppamme kassalla jonkin alla luetelluista vakiomaksutavoista:<\/span><\/p><p>\u00a0<\/p><ul><li><span style=\"color: #000000;\">Ihanteellinen<\/span><\/li><li><span style=\"color: #000000;\">Luottokortti<br \/><\/span><\/li><li><span style=\"color: #000000;\">Klarna Maksa my\u00f6hemmin<\/span><\/li><li><span style=\"color: #000000;\">Klarna Slice It<\/span><\/li><li><span style=\"color: #000000;\">PayPal (veloitamme 3%-maksun PayPal-maksuista)<\/span><\/li><li><span style=\"color: #000000;\">Pankkisiirto<\/span><\/li><li><span style=\"color: #000000;\">Giropay<\/span><\/li><li><span style=\"color: #000000;\">Przelewy24<\/span><\/li><li><span style=\"color: #000000;\">KBC \/ CBC<\/span><\/li><li><span style=\"color: #000000;\">Belfius Direct Net<\/span><\/li><li><span style=\"color: #000000;\">ING Home&#039;Pay<\/span><\/li><\/ul>\t\t\t\t\t\t\t\t<\/div>\n\t\t\t\t<\/div>\n\t\t\t\t\t<\/div>\n\t\t<\/div>\n\t\t\t\t<div class=\"elementor-column elementor-col-33 elementor-top-column elementor-element elementor-element-3f991a7\" data-id=\"3f991a7\" data-element_type=\"column\" data-e-type=\"column\">\n\t\t\t<div class=\"elementor-widget-wrap elementor-element-populated\">\n\t\t\t\t\t\t<div class=\"elementor-element elementor-element-5f6464a elementor-widget elementor-widget-text-editor\" data-id=\"5f6464a\" data-element_type=\"widget\" data-e-type=\"widget\" data-widget_type=\"text-editor.default\">\n\t\t\t\t<div class=\"elementor-widget-container\">\n\t\t\t\t\t\t\t\t\t<h2><span style=\"color: #000000;\">Tilaa s\u00e4hk\u00f6postitse<\/span><\/h2><p><span style=\"color: #000000;\">Jos sinulla on ongelmia verkkokaupan k\u00e4yt\u00f6ss\u00e4, voit l\u00e4hett\u00e4\u00e4 tilauksen my\u00f6s s\u00e4hk\u00f6postilla. Voit l\u00e4hett\u00e4\u00e4 pyynn\u00f6n osoitteeseen maxjax@liftmotive.com\u00a0<\/span><\/p><p><span style=\"color: #000000;\">L\u00e4het\u00e4mme sinulle laskun ja (jos pyydetty) maksulinkin tai ohjeet pankkisiirtomaksua varten.<\/span><\/p><h2><span style=\"color: #000000;\">Valuutta<\/span><\/h2><p><span style=\"color: #000000;\">Kaikki verkkokauppamme hinnat ovat euroina (\u20ac). EU:n sis\u00e4isiin tilauksiin lis\u00e4t\u00e4\u00e4n kaikki sovellettavat alueelliset ja liittovaltion verot tarvittaessa maksettaessa.<\/span><\/p>\t\t\t\t\t\t\t\t<\/div>\n\t\t\t\t<\/div>\n\t\t\t\t\t<\/div>\n\t\t<\/div>\n\t\t\t\t\t<\/div>\n\t\t<\/section>\n\t\t\t\t<\/div>","protected":false},"excerpt":{"rendered":"<p>Everything you need to know before ordering your MaxJax M7K! Everything you need to know how to place, exempt VAT or payment methods are to explained here. If there\u2019s anything not listed you need to know.You can always contact us by emailing maxjax@liftmotive.com or calling to +31 627365781 Value added tax (VAT) VAT rate %<br \/><a class=\"more-link\" href=\"https:\/\/maxjax-europe.com\/fi\/order-information\/\"><br \/>\n        Read More<span class=\"screen-reader-text\"> &#8220;Order information&#8221;<\/span><\/a><\/p>","protected":false},"author":1,"featured_media":0,"parent":0,"menu_order":0,"comment_status":"closed","ping_status":"closed","template":"","meta":{"footnotes":""},"class_list":["post-4575","page","type-page","status-publish","hentry","badges-style-2"],"yoast_head":"<!-- This site is optimized with the Yoast SEO plugin v27.1.1 - https:\/\/yoast.com\/product\/yoast-seo-wordpress\/ -->\n<title>Order information - MaxJax Europe<\/title>\n<meta name=\"robots\" content=\"index, follow, max-snippet:-1, max-image-preview:large, max-video-preview:-1\" \/>\n<link rel=\"canonical\" href=\"https:\/\/maxjax-europe.com\/fi\/order-information\/\" \/>\n<meta property=\"og:locale\" content=\"fi_FI\" \/>\n<meta property=\"og:type\" content=\"article\" \/>\n<meta property=\"og:title\" content=\"Order information - MaxJax Europe\" \/>\n<meta property=\"og:description\" content=\"Everything you need to know before ordering your MaxJax M7K! Everything you need to know how to place, exempt VAT or payment methods are to explained here. If there\u2019s anything not listed you need to know.You can always contact us by emailing maxjax@liftmotive.com or calling to +31 627365781 Value added tax (VAT) VAT rate %     Read More &quot;Order information&quot;\" \/>\n<meta property=\"og:url\" content=\"https:\/\/maxjax-europe.com\/fi\/order-information\/\" \/>\n<meta property=\"og:site_name\" content=\"MaxJax Europe\" \/>\n<meta property=\"article:modified_time\" content=\"2023-06-01T12:12:04+00:00\" \/>\n<meta name=\"twitter:card\" content=\"summary_large_image\" \/>\n<meta name=\"twitter:label1\" content=\"Arvioitu lukuaika\" \/>\n\t<meta name=\"twitter:data1\" content=\"2 minuuttia\" \/>\n<script type=\"application\/ld+json\" class=\"yoast-schema-graph\">{\"@context\":\"https:\/\/schema.org\",\"@graph\":[{\"@type\":\"WebPage\",\"@id\":\"https:\/\/maxjax-europe.com\/order-information\/\",\"url\":\"https:\/\/maxjax-europe.com\/order-information\/\",\"name\":\"Order information - MaxJax Europe\",\"isPartOf\":{\"@id\":\"https:\/\/maxjax-europe.com\/#website\"},\"datePublished\":\"2021-01-15T12:32:17+00:00\",\"dateModified\":\"2023-06-01T12:12:04+00:00\",\"breadcrumb\":{\"@id\":\"https:\/\/maxjax-europe.com\/order-information\/#breadcrumb\"},\"inLanguage\":\"fi\",\"potentialAction\":[{\"@type\":\"ReadAction\",\"target\":[\"https:\/\/maxjax-europe.com\/order-information\/\"]}]},{\"@type\":\"BreadcrumbList\",\"@id\":\"https:\/\/maxjax-europe.com\/order-information\/#breadcrumb\",\"itemListElement\":[{\"@type\":\"ListItem\",\"position\":1,\"name\":\"Home\",\"item\":\"https:\/\/maxjax-europe.com\/\"},{\"@type\":\"ListItem\",\"position\":2,\"name\":\"Order information\"}]},{\"@type\":\"WebSite\",\"@id\":\"https:\/\/maxjax-europe.com\/#website\",\"url\":\"https:\/\/maxjax-europe.com\/\",\"name\":\"MaxJax Europe\",\"description\":\"Shop MaxJax Portable Two-Post Car Lift\",\"publisher\":{\"@id\":\"https:\/\/maxjax-europe.com\/#organization\"},\"potentialAction\":[{\"@type\":\"SearchAction\",\"target\":{\"@type\":\"EntryPoint\",\"urlTemplate\":\"https:\/\/maxjax-europe.com\/?s={search_term_string}\"},\"query-input\":{\"@type\":\"PropertyValueSpecification\",\"valueRequired\":true,\"valueName\":\"search_term_string\"}}],\"inLanguage\":\"fi\"},{\"@type\":\"Organization\",\"@id\":\"https:\/\/maxjax-europe.com\/#organization\",\"name\":\"MaxJax Europe\",\"url\":\"https:\/\/maxjax-europe.com\/\",\"logo\":{\"@type\":\"ImageObject\",\"inLanguage\":\"fi\",\"@id\":\"https:\/\/maxjax-europe.com\/#\/schema\/logo\/image\/\",\"url\":\"https:\/\/maxjax-europe.com\/wp-content\/uploads\/2021\/01\/cropped-EUB-1-1.png\",\"contentUrl\":\"https:\/\/maxjax-europe.com\/wp-content\/uploads\/2021\/01\/cropped-EUB-1-1.png\",\"width\":2266,\"height\":553,\"caption\":\"MaxJax Europe\"},\"image\":{\"@id\":\"https:\/\/maxjax-europe.com\/#\/schema\/logo\/image\/\"}}]}<\/script>\n<!-- \/ Yoast SEO plugin. -->","yoast_head_json":{"title":"Tilaustiedot - MaxJax Europe","robots":{"index":"index","follow":"follow","max-snippet":"max-snippet:-1","max-image-preview":"max-image-preview:large","max-video-preview":"max-video-preview:-1"},"canonical":"https:\/\/maxjax-europe.com\/fi\/order-information\/","og_locale":"fi_FI","og_type":"article","og_title":"Order information - MaxJax Europe","og_description":"Everything you need to know before ordering your MaxJax M7K! Everything you need to know how to place, exempt VAT or payment methods are to explained here. If there\u2019s anything not listed you need to know.You can always contact us by emailing maxjax@liftmotive.com or calling to +31 627365781 Value added tax (VAT) VAT rate %     Read More \"Order information\"","og_url":"https:\/\/maxjax-europe.com\/fi\/order-information\/","og_site_name":"MaxJax Europe","article_modified_time":"2023-06-01T12:12:04+00:00","twitter_card":"summary_large_image","twitter_misc":{"Arvioitu lukuaika":"2 minuuttia"},"schema":{"@context":"https:\/\/schema.org","@graph":[{"@type":"WebPage","@id":"https:\/\/maxjax-europe.com\/order-information\/","url":"https:\/\/maxjax-europe.com\/order-information\/","name":"Tilaustiedot - MaxJax Europe","isPartOf":{"@id":"https:\/\/maxjax-europe.com\/#website"},"datePublished":"2021-01-15T12:32:17+00:00","dateModified":"2023-06-01T12:12:04+00:00","breadcrumb":{"@id":"https:\/\/maxjax-europe.com\/order-information\/#breadcrumb"},"inLanguage":"fi","potentialAction":[{"@type":"ReadAction","target":["https:\/\/maxjax-europe.com\/order-information\/"]}]},{"@type":"BreadcrumbList","@id":"https:\/\/maxjax-europe.com\/order-information\/#breadcrumb","itemListElement":[{"@type":"ListItem","position":1,"name":"Home","item":"https:\/\/maxjax-europe.com\/"},{"@type":"ListItem","position":2,"name":"Order information"}]},{"@type":"WebSite","@id":"https:\/\/maxjax-europe.com\/#website","url":"https:\/\/maxjax-europe.com\/","name":"MaxJax Suomi","description":"Osta kannettava MaxJax-kaksipylv\u00e4snostin","publisher":{"@id":"https:\/\/maxjax-europe.com\/#organization"},"potentialAction":[{"@type":"SearchAction","target":{"@type":"EntryPoint","urlTemplate":"https:\/\/maxjax-europe.com\/?s={search_term_string}"},"query-input":{"@type":"PropertyValueSpecification","valueRequired":true,"valueName":"search_term_string"}}],"inLanguage":"fi"},{"@type":"Organization","@id":"https:\/\/maxjax-europe.com\/#organization","name":"MaxJax Suomi","url":"https:\/\/maxjax-europe.com\/","logo":{"@type":"ImageObject","inLanguage":"fi","@id":"https:\/\/maxjax-europe.com\/#\/schema\/logo\/image\/","url":"https:\/\/maxjax-europe.com\/wp-content\/uploads\/2021\/01\/cropped-EUB-1-1.png","contentUrl":"https:\/\/maxjax-europe.com\/wp-content\/uploads\/2021\/01\/cropped-EUB-1-1.png","width":2266,"height":553,"caption":"MaxJax Europe"},"image":{"@id":"https:\/\/maxjax-europe.com\/#\/schema\/logo\/image\/"}}]}},"jetpack_sharing_enabled":true,"_links":{"self":[{"href":"https:\/\/maxjax-europe.com\/fi\/wp-json\/wp\/v2\/pages\/4575","targetHints":{"allow":["GET"]}}],"collection":[{"href":"https:\/\/maxjax-europe.com\/fi\/wp-json\/wp\/v2\/pages"}],"about":[{"href":"https:\/\/maxjax-europe.com\/fi\/wp-json\/wp\/v2\/types\/page"}],"author":[{"embeddable":true,"href":"https:\/\/maxjax-europe.com\/fi\/wp-json\/wp\/v2\/users\/1"}],"replies":[{"embeddable":true,"href":"https:\/\/maxjax-europe.com\/fi\/wp-json\/wp\/v2\/comments?post=4575"}],"version-history":[{"count":10,"href":"https:\/\/maxjax-europe.com\/fi\/wp-json\/wp\/v2\/pages\/4575\/revisions"}],"predecessor-version":[{"id":5081,"href":"https:\/\/maxjax-europe.com\/fi\/wp-json\/wp\/v2\/pages\/4575\/revisions\/5081"}],"wp:attachment":[{"href":"https:\/\/maxjax-europe.com\/fi\/wp-json\/wp\/v2\/media?parent=4575"}],"curies":[{"name":"wp","href":"https:\/\/api.w.org\/{rel}","templated":true}]}}