{"id":4591,"date":"2021-01-15T13:37:01","date_gmt":"2021-01-15T13:37:01","guid":{"rendered":"https:\/\/maxjax-europe.com\/?page_id=4591"},"modified":"2021-02-02T16:48:23","modified_gmt":"2021-02-02T16:48:23","slug":"warranty-information","status":"publish","type":"page","link":"https:\/\/maxjax-europe.com\/fi\/warranty-information\/","title":{"rendered":"Takuutiedot"},"content":{"rendered":"<div data-elementor-type=\"wp-page\" data-elementor-id=\"4591\" class=\"elementor elementor-4591\">\n\t\t\t\t\t\t<section class=\"elementor-section elementor-top-section elementor-element elementor-element-d8e8b4c elementor-section-boxed elementor-section-height-default elementor-section-height-default\" data-id=\"d8e8b4c\" data-element_type=\"section\" data-e-type=\"section\">\n\t\t\t\t\t\t<div class=\"elementor-container elementor-column-gap-default\">\n\t\t\t\t\t<div class=\"elementor-column elementor-col-100 elementor-top-column elementor-element elementor-element-c361ca2\" data-id=\"c361ca2\" data-element_type=\"column\" data-e-type=\"column\">\n\t\t\t<div class=\"elementor-widget-wrap elementor-element-populated\">\n\t\t\t\t\t\t<div class=\"elementor-element elementor-element-e376b3f elementor-widget elementor-widget-text-editor\" data-id=\"e376b3f\" data-element_type=\"widget\" data-e-type=\"widget\" data-widget_type=\"text-editor.default\">\n\t\t\t\t<div class=\"elementor-widget-container\">\n\t\t\t\t\t\t\t\t\t<h3>Yritysk\u00e4ytt\u00e4jien takuu<\/h3><p><strong>Kesto:<\/strong>\u00a0Alkuper\u00e4isen ostajan ostop\u00e4iv\u00e4st\u00e4 tai 12 kuukautta l\u00e4hetysp\u00e4iv\u00e4st\u00e4 tai sen mukaan, kumpi tulee ensin.<\/p><ul><li>Kolmen vuoden (36 kuukautta) takuu laitteiston rakenteelle<\/li><li>Yhden vuoden (12 kuukautta) takuu k\u00e4ytt\u00f6komponenteille<\/li><li>Yhden vuoden (12 kuukautta) ilmainen toimitus maarahtihinnoilla liittyen takuusuoritukseen<\/li><\/ul><h3>Takuu yksityisille k\u00e4ytt\u00e4jille<\/h3><p><strong>Kesto:<\/strong>\u00a0Alkuper\u00e4isen ostajan ostop\u00e4iv\u00e4st\u00e4 tai 24 kuukautta l\u00e4hetysp\u00e4iv\u00e4st\u00e4 tai sen mukaan, kumpi tulee ensin.<\/p><ul><li>Kolmen vuoden (36 kuukautta) takuu laitteiston rakenteelle<\/li><li>Kahden vuoden (24 kuukautta) takuu k\u00e4ytt\u00f6komponenteille<\/li><li>Kahden vuoden (24 kuukautta) ilmainen toimitus maarahtihinnoilla liittyen takuusuoritukseen<\/li><\/ul>\t\t\t\t\t\t\t\t<\/div>\n\t\t\t\t<\/div>\n\t\t\t\t\t<\/div>\n\t\t<\/div>\n\t\t\t\t\t<\/div>\n\t\t<\/section>\n\t\t\t\t<section class=\"elementor-section elementor-top-section elementor-element elementor-element-8f5380d elementor-section-boxed elementor-section-height-default elementor-section-height-default\" data-id=\"8f5380d\" data-element_type=\"section\" data-e-type=\"section\">\n\t\t\t\t\t\t<div class=\"elementor-container elementor-column-gap-default\">\n\t\t\t\t\t<div class=\"elementor-column elementor-col-100 elementor-top-column elementor-element elementor-element-cccdf44\" data-id=\"cccdf44\" data-element_type=\"column\" data-e-type=\"column\">\n\t\t\t<div class=\"elementor-widget-wrap elementor-element-populated\">\n\t\t\t\t\t\t<div class=\"elementor-element elementor-element-4df26e1 elementor-widget elementor-widget-text-editor\" data-id=\"4df26e1\" data-element_type=\"widget\" data-e-type=\"widget\" data-widget_type=\"text-editor.default\">\n\t\t\t\t<div class=\"elementor-widget-container\">\n\t\t\t\t\t\t\t\t\t<h3>Vastuun rajoitus<\/h3><p>Vastuun rajoitus\nMaxJaxilla ei ole velvoitteita t\u00e4m\u00e4n takuun puitteissa liittyen tuotteisiin, jotka meid\u00e4n harkintamme mukaan on korjattu viallisiksi, joita on v\u00e4\u00e4rink\u00e4ytetty, jotka ovat eritt\u00e4in kuluneita, jotka ovat h\u00e4vinneet tai joita on huollettu ep\u00e4asianmukaisesti. T\u00e4m\u00e4 takuu raukeaa ja mit\u00e4t\u00f6id\u00e4\u00e4n, jos asiakas tai joku muu henkil\u00f6 kuin MaxJaxin valtuutettu edustaja on yritt\u00e4nyt huoltaa tai muokata ty\u00f6kalua ennen kuin se on palautettu MaxJaxille t\u00e4m\u00e4n takuun puitteissa. Kumpikaan osapuoli ei ole miss\u00e4\u00e4n tapauksessa vastuussa mist\u00e4\u00e4n vauriosta, joka on aiheutunut siit\u00e4, ett\u00e4 toinen osapuoli on j\u00e4tt\u00e4nyt t\u00e4ytt\u00e4m\u00e4tt\u00e4 n\u00e4iden ehtojen ja edellytysten mukaiset velvollisuutensa. Toinen osapuoli ei ole miss\u00e4\u00e4n tapauksessa vastuussa mist\u00e4\u00e4n menetetyist\u00e4 tuotoista, s\u00e4\u00e4st\u00f6jen menetyksist\u00e4, tahattomasta vauriosta tai muista taloudellisista seurauksista. MaxJax-tuotteet toimitetaan ja myyd\u00e4\u00e4n sellaisina kuin ne ovat ilman mit\u00e4\u00e4n suoria tai ep\u00e4suoria takuita mukaan luettuna takuut myyntikelpoisuudesta tai sopivuudesta tiettyyn tarkoitukseen. T\u00e4m\u00e4n ajanjakson j\u00e4lkeen ei sovelleta mit\u00e4\u00e4n suoria tai ep\u00e4suoria takuita. MaxJax voi muuttaa n\u00e4it\u00e4 ehtoja ja edellytyksi\u00e4 milloin tahansa ilmoittamalla asiasta kirjallisesti asiakkaalle tai julkaisemalla tarkistetut ehdot verkkosivustolla www.MaxJax.com. T\u00e4llaiset tarkistetut ehdot astuvat voimaan 30 vuorokautta t\u00e4llaisen kirjallisen ilmoituksen tai julkaisun p\u00e4iv\u00e4yksen j\u00e4lkeen.<\/p>\t\t\t\t\t\t\t\t<\/div>\n\t\t\t\t<\/div>\n\t\t\t\t\t<\/div>\n\t\t<\/div>\n\t\t\t\t\t<\/div>\n\t\t<\/section>\n\t\t\t\t<\/div>","protected":false},"excerpt":{"rendered":"<p>Warranty for Business users Duration:&nbsp;From the date of purchase by the original Purchaser or 12 months from the date of shipment or whichever comes first. Three-Years (36-Months) Warranty on equipment structure* One-Year (12-Month) Warranty on operating components One-Year (12-Month) Free Shipping** on ground-freight charges related to warranty performance Warranty for Private users Duration:&nbsp;From the date<br \/><a class=\"more-link\" href=\"https:\/\/maxjax-europe.com\/fi\/warranty-information\/\"><br \/>\n        Read More<span class=\"screen-reader-text\"> &#8220;Warranty information&#8221;<\/span><\/a><\/p>","protected":false},"author":1,"featured_media":0,"parent":0,"menu_order":0,"comment_status":"closed","ping_status":"closed","template":"","meta":{"footnotes":""},"class_list":["post-4591","page","type-page","status-publish","hentry","badges-style-2"],"yoast_head":"<!-- This site is optimized with the Yoast SEO plugin v27.1.1 - https:\/\/yoast.com\/product\/yoast-seo-wordpress\/ -->\n<title>MaxJax Europe | Everything you need to know about warranty on MaxJax<\/title>\n<meta name=\"description\" content=\"MaxJax Europe provides a stunning customer service, we will handle your warranty claims like no other. Take a look at our warranty service!\" \/>\n<meta name=\"robots\" content=\"index, follow, max-snippet:-1, max-image-preview:large, max-video-preview:-1\" \/>\n<link rel=\"canonical\" href=\"https:\/\/maxjax-europe.com\/fi\/warranty-information\/\" \/>\n<meta property=\"og:locale\" content=\"fi_FI\" \/>\n<meta property=\"og:type\" content=\"article\" \/>\n<meta property=\"og:title\" content=\"MaxJax Europe | Everything you need to know about warranty on MaxJax\" \/>\n<meta property=\"og:description\" content=\"MaxJax Europe provides a stunning customer service, we will handle your warranty claims like no other. Take a look at our warranty service!\" \/>\n<meta property=\"og:url\" content=\"https:\/\/maxjax-europe.com\/fi\/warranty-information\/\" \/>\n<meta property=\"og:site_name\" content=\"MaxJax Europe\" \/>\n<meta property=\"article:modified_time\" content=\"2021-02-02T16:48:23+00:00\" \/>\n<meta name=\"twitter:card\" content=\"summary_large_image\" \/>\n<meta name=\"twitter:label1\" content=\"Arvioitu lukuaika\" \/>\n\t<meta name=\"twitter:data1\" content=\"2 minuuttia\" \/>\n<script type=\"application\/ld+json\" class=\"yoast-schema-graph\">{\"@context\":\"https:\/\/schema.org\",\"@graph\":[{\"@type\":\"WebPage\",\"@id\":\"https:\/\/maxjax-europe.com\/cs\/warranty-information\/\",\"url\":\"https:\/\/maxjax-europe.com\/cs\/warranty-information\/\",\"name\":\"MaxJax Europe | Everything you need to know about warranty on MaxJax\",\"isPartOf\":{\"@id\":\"https:\/\/maxjax-europe.com\/#website\"},\"datePublished\":\"2021-01-15T13:37:01+00:00\",\"dateModified\":\"2021-02-02T16:48:23+00:00\",\"description\":\"MaxJax Europe provides a stunning customer service, we will handle your warranty claims like no other. Take a look at our warranty service!\",\"breadcrumb\":{\"@id\":\"https:\/\/maxjax-europe.com\/cs\/warranty-information\/#breadcrumb\"},\"inLanguage\":\"fi\",\"potentialAction\":[{\"@type\":\"ReadAction\",\"target\":[\"https:\/\/maxjax-europe.com\/cs\/warranty-information\/\"]}]},{\"@type\":\"BreadcrumbList\",\"@id\":\"https:\/\/maxjax-europe.com\/cs\/warranty-information\/#breadcrumb\",\"itemListElement\":[{\"@type\":\"ListItem\",\"position\":1,\"name\":\"Home\",\"item\":\"https:\/\/maxjax-europe.com\/\"},{\"@type\":\"ListItem\",\"position\":2,\"name\":\"Warranty information\"}]},{\"@type\":\"WebSite\",\"@id\":\"https:\/\/maxjax-europe.com\/#website\",\"url\":\"https:\/\/maxjax-europe.com\/\",\"name\":\"MaxJax Europe\",\"description\":\"Shop MaxJax Portable Two-Post Car Lift\",\"publisher\":{\"@id\":\"https:\/\/maxjax-europe.com\/#organization\"},\"potentialAction\":[{\"@type\":\"SearchAction\",\"target\":{\"@type\":\"EntryPoint\",\"urlTemplate\":\"https:\/\/maxjax-europe.com\/?s={search_term_string}\"},\"query-input\":{\"@type\":\"PropertyValueSpecification\",\"valueRequired\":true,\"valueName\":\"search_term_string\"}}],\"inLanguage\":\"fi\"},{\"@type\":\"Organization\",\"@id\":\"https:\/\/maxjax-europe.com\/#organization\",\"name\":\"MaxJax Europe\",\"url\":\"https:\/\/maxjax-europe.com\/\",\"logo\":{\"@type\":\"ImageObject\",\"inLanguage\":\"fi\",\"@id\":\"https:\/\/maxjax-europe.com\/#\/schema\/logo\/image\/\",\"url\":\"https:\/\/maxjax-europe.com\/wp-content\/uploads\/2021\/01\/cropped-EUB-1-1.png\",\"contentUrl\":\"https:\/\/maxjax-europe.com\/wp-content\/uploads\/2021\/01\/cropped-EUB-1-1.png\",\"width\":2266,\"height\":553,\"caption\":\"MaxJax Europe\"},\"image\":{\"@id\":\"https:\/\/maxjax-europe.com\/#\/schema\/logo\/image\/\"}}]}<\/script>\n<!-- \/ Yoast SEO plugin. -->","yoast_head_json":{"title":"MaxJax Europe | Kaikki mit\u00e4 sinun tarvitsee tiet\u00e4\u00e4 MaxJaxin takuusta","description":"MaxJax Europe tarjoaa upean asiakaspalvelun, k\u00e4sittelemme takuuvaatimuksesi kuin mik\u00e4\u00e4n muu. Katso takuupalvelumme!","robots":{"index":"index","follow":"follow","max-snippet":"max-snippet:-1","max-image-preview":"max-image-preview:large","max-video-preview":"max-video-preview:-1"},"canonical":"https:\/\/maxjax-europe.com\/fi\/warranty-information\/","og_locale":"fi_FI","og_type":"article","og_title":"MaxJax Europe | Everything you need to know about warranty on MaxJax","og_description":"MaxJax Europe provides a stunning customer service, we will handle your warranty claims like no other. Take a look at our warranty service!","og_url":"https:\/\/maxjax-europe.com\/fi\/warranty-information\/","og_site_name":"MaxJax Europe","article_modified_time":"2021-02-02T16:48:23+00:00","twitter_card":"summary_large_image","twitter_misc":{"Arvioitu lukuaika":"2 minuuttia"},"schema":{"@context":"https:\/\/schema.org","@graph":[{"@type":"WebPage","@id":"https:\/\/maxjax-europe.com\/cs\/warranty-information\/","url":"https:\/\/maxjax-europe.com\/cs\/warranty-information\/","name":"MaxJax Europe | Kaikki mit\u00e4 sinun tarvitsee tiet\u00e4\u00e4 MaxJaxin takuusta","isPartOf":{"@id":"https:\/\/maxjax-europe.com\/#website"},"datePublished":"2021-01-15T13:37:01+00:00","dateModified":"2021-02-02T16:48:23+00:00","description":"MaxJax Europe tarjoaa upean asiakaspalvelun, k\u00e4sittelemme takuuvaatimuksesi kuin mik\u00e4\u00e4n muu. Katso takuupalvelumme!","breadcrumb":{"@id":"https:\/\/maxjax-europe.com\/cs\/warranty-information\/#breadcrumb"},"inLanguage":"fi","potentialAction":[{"@type":"ReadAction","target":["https:\/\/maxjax-europe.com\/cs\/warranty-information\/"]}]},{"@type":"BreadcrumbList","@id":"https:\/\/maxjax-europe.com\/cs\/warranty-information\/#breadcrumb","itemListElement":[{"@type":"ListItem","position":1,"name":"Home","item":"https:\/\/maxjax-europe.com\/"},{"@type":"ListItem","position":2,"name":"Warranty information"}]},{"@type":"WebSite","@id":"https:\/\/maxjax-europe.com\/#website","url":"https:\/\/maxjax-europe.com\/","name":"MaxJax Suomi","description":"Osta kannettava MaxJax-kaksipylv\u00e4snostin","publisher":{"@id":"https:\/\/maxjax-europe.com\/#organization"},"potentialAction":[{"@type":"SearchAction","target":{"@type":"EntryPoint","urlTemplate":"https:\/\/maxjax-europe.com\/?s={search_term_string}"},"query-input":{"@type":"PropertyValueSpecification","valueRequired":true,"valueName":"search_term_string"}}],"inLanguage":"fi"},{"@type":"Organization","@id":"https:\/\/maxjax-europe.com\/#organization","name":"MaxJax Suomi","url":"https:\/\/maxjax-europe.com\/","logo":{"@type":"ImageObject","inLanguage":"fi","@id":"https:\/\/maxjax-europe.com\/#\/schema\/logo\/image\/","url":"https:\/\/maxjax-europe.com\/wp-content\/uploads\/2021\/01\/cropped-EUB-1-1.png","contentUrl":"https:\/\/maxjax-europe.com\/wp-content\/uploads\/2021\/01\/cropped-EUB-1-1.png","width":2266,"height":553,"caption":"MaxJax Europe"},"image":{"@id":"https:\/\/maxjax-europe.com\/#\/schema\/logo\/image\/"}}]}},"jetpack_sharing_enabled":true,"_links":{"self":[{"href":"https:\/\/maxjax-europe.com\/fi\/wp-json\/wp\/v2\/pages\/4591","targetHints":{"allow":["GET"]}}],"collection":[{"href":"https:\/\/maxjax-europe.com\/fi\/wp-json\/wp\/v2\/pages"}],"about":[{"href":"https:\/\/maxjax-europe.com\/fi\/wp-json\/wp\/v2\/types\/page"}],"author":[{"embeddable":true,"href":"https:\/\/maxjax-europe.com\/fi\/wp-json\/wp\/v2\/users\/1"}],"replies":[{"embeddable":true,"href":"https:\/\/maxjax-europe.com\/fi\/wp-json\/wp\/v2\/comments?post=4591"}],"version-history":[{"count":8,"href":"https:\/\/maxjax-europe.com\/fi\/wp-json\/wp\/v2\/pages\/4591\/revisions"}],"predecessor-version":[{"id":4885,"href":"https:\/\/maxjax-europe.com\/fi\/wp-json\/wp\/v2\/pages\/4591\/revisions\/4885"}],"wp:attachment":[{"href":"https:\/\/maxjax-europe.com\/fi\/wp-json\/wp\/v2\/media?parent=4591"}],"curies":[{"name":"wp","href":"https:\/\/api.w.org\/{rel}","templated":true}]}}