{"id":4618,"date":"2021-01-15T13:56:29","date_gmt":"2021-01-15T13:56:29","guid":{"rendered":"https:\/\/maxjax-europe.com\/?page_id=4618"},"modified":"2021-01-15T14:04:16","modified_gmt":"2021-01-15T14:04:16","slug":"privacy-policy","status":"publish","type":"page","link":"https:\/\/maxjax-europe.com\/fi\/privacy-policy\/","title":{"rendered":"Tietosuojak\u00e4yt\u00e4nt\u00f6"},"content":{"rendered":"<h1 class=\"wp-block-heading\">QuickJack Netherlands BV: n tietosuojak\u00e4yt\u00e4nt\u00f6<\/h1>\n\n\n\n<p>MaxJax Europessa, johon p\u00e4\u00e4see osoitteesta https:\/\/Maxjax-europe.com\/, yksi t\u00e4rkeimmist\u00e4 prioriteeteistamme on vierailijoidemme yksityisyys. T\u00e4m\u00e4 tietosuojak\u00e4yt\u00e4nt\u00f6 sis\u00e4lt\u00e4\u00e4 MaxJaxin ker\u00e4\u00e4mien ja tallentamien tietojen tyyppej\u00e4 ja kuinka k\u00e4yt\u00e4mme niit\u00e4.<\/p>\n\n\n\n<p>Jos sinulla on kysytt\u00e4v\u00e4\u00e4 tai tarvitset lis\u00e4tietoja tietosuojak\u00e4yt\u00e4nn\u00f6st\u00e4mme, ota meihin yhteytt\u00e4.<\/p>\n\n\n\n<p>T\u00e4m\u00e4 tietosuojak\u00e4yt\u00e4nt\u00f6 koskee vain online-toimintojamme ja on voimassa verkkosivustomme k\u00e4vij\u00f6ille niiden tietojen suhteen, joita he jakavat ja \/ tai ker\u00e4\u00e4v\u00e4t MaxJaxissa. T\u00e4t\u00e4 k\u00e4yt\u00e4nt\u00f6\u00e4 ei sovelleta mihink\u00e4\u00e4n offline-tilassa tai muiden kanavien kuin t\u00e4m\u00e4n verkkosivuston kautta ker\u00e4ttyihin tietoihin.<\/p>\n\n\n\n<h2 class=\"wp-block-heading\">Suostumus<\/h2>\n\n\n\n<p>K\u00e4ytt\u00e4m\u00e4ll\u00e4 verkkosivustoamme hyv\u00e4ksyt t\u00e4ten tietosuojak\u00e4yt\u00e4nt\u00f6mme ja hyv\u00e4ksyt sen ehdot.<\/p>\n\n\n\n<h2 class=\"wp-block-heading\">Ker\u00e4\u00e4m\u00e4mme tiedot<\/h2>\n\n\n\n<p>Henkil\u00f6kohtaiset tiedot, joita sinua pyydet\u00e4\u00e4n toimittamaan, ja syyt, miksi sinua pyydet\u00e4\u00e4n toimittamaan ne, tehd\u00e4\u00e4n selv\u00e4ksi sinulle siin\u00e4 vaiheessa, kun pyyd\u00e4mme sinua antamaan henkil\u00f6kohtaiset tietosi.<\/p>\n\n\n\n<p>Jos otat meihin yhteytt\u00e4 suoraan, saatamme saada sinusta lis\u00e4tietoja, kuten nimesi, s\u00e4hk\u00f6postiosoitteesi, puhelinnumerosi, meille l\u00e4hett\u00e4m\u00e4si viestin sis\u00e4ll\u00f6n ja \/ tai liitteet ja kaikki muut antamasi tiedot.<\/p>\n\n\n\n<p>Kun rekister\u00f6idyt tilille, voimme pyyt\u00e4\u00e4 yhteystietojasi, mukaan lukien nimet, yrityksen nimi, osoite, s\u00e4hk\u00f6postiosoite ja puhelinnumero.<\/p>\n\n\n\n<h2 class=\"wp-block-heading\">Kuinka k\u00e4yt\u00e4mme tietojasi<\/h2>\n\n\n\n<p>K\u00e4yt\u00e4mme ker\u00e4\u00e4mi\u00e4mme tietoja eri tavoin, mukaan lukien:<\/p>\n\n\n\n<ul class=\"wp-block-list\"><li>Tarjoa, yll\u00e4pid\u00e4 ja yll\u00e4pid\u00e4 verkkokauppamme<\/li><li>Paranna, r\u00e4\u00e4t\u00e4l\u00f6i ja laajenna websteemme<\/li><li>Ymm\u00e4rr\u00e4 ja analysoi kuinka k\u00e4yt\u00e4t websteit\u00e4<\/li><li>Kehit\u00e4 uusia tuotteita, palveluja, ominaisuuksia ja toiminnallisuutta<\/li><li>Kommunikoi kanssasi, joko suoraan tai kumppanimme kautta, my\u00f6s asiakaspalvelun vuoksi, jotta voimme tarjota sinulle p\u00e4ivityksi\u00e4 ja muuta websteeseen liittyv\u00e4\u00e4 tietoa sek\u00e4 markkinointi- ja markkinointitarkoituksiin<\/li><li>L\u00e4het\u00e4 sinulle s\u00e4hk\u00f6postia<\/li><li>Petosten l\u00f6yt\u00e4minen ja est\u00e4minen<\/li><\/ul>\n\n\n\n<h2 class=\"wp-block-heading\">Lokitiedostot<\/h2>\n\n\n\n<p>MaxJax noudattaa tavallista lokitiedostojen k\u00e4ytt\u00f6\u00e4. N\u00e4m\u00e4 tiedostot kirjaavat k\u00e4vij\u00f6it\u00e4, kun he vierailevat verkkosivustoilla. Kaikki hosting-yritykset tekev\u00e4t t\u00e4m\u00e4n ja osa is\u00e4nn\u00f6intipalvelujen analytiikkaa. Lokitiedostojen ker\u00e4\u00e4m\u00e4t tiedot sis\u00e4lt\u00e4v\u00e4t Internet-protokollan (IP) osoitteet, selaintyypin, Internet-palveluntarjoajan (ISP), p\u00e4iv\u00e4m\u00e4\u00e4r\u00e4- ja aikaleiman, viittaus- \/ poistumissivut ja mahdollisesti napsautusten m\u00e4\u00e4r\u00e4n. N\u00e4it\u00e4 ei ole linkitetty mihink\u00e4\u00e4n henkil\u00f6kohtaisesti tunnistettavissa olevaan tietoon. Tietojen tarkoituksena on analysoida trendej\u00e4, hallinnoida sivustoa, seurata k\u00e4ytt\u00e4jien liikkumista verkkosivustolla ja ker\u00e4t\u00e4 v\u00e4est\u00f6tietoja. Tietosuojak\u00e4yt\u00e4nt\u00f6mme luotiin\u00a0<a href=\"https:\/\/www.privacypolicygenerator.info\/\">Tietosuojak\u00e4yt\u00e4nt\u00f6jen luonti<\/a>\u00a0ja\u00a0<a href=\"https:\/\/www.privacypolicytemplate.net\/\">Tietosuojak\u00e4yt\u00e4nn\u00f6n malli<\/a>.<\/p>\n\n\n\n<h2 class=\"wp-block-heading\">Ev\u00e4steet ja verkkoj\u00e4ljitteet<\/h2>\n\n\n\n<p>Kuten kaikki muutkin verkkosivustot, Maxjax k\u00e4ytt\u00e4\u00e4 &#039;ev\u00e4steit\u00e4&#039;. N\u00e4it\u00e4 ev\u00e4steit\u00e4 k\u00e4ytet\u00e4\u00e4n tallentamaan tietoja, mukaan lukien k\u00e4vij\u00f6iden mieltymykset, ja verkkosivuston sivuja, joihin k\u00e4vij\u00e4 on p\u00e4\u00e4ssyt tai k\u00e4ynyt. Tietoja k\u00e4ytet\u00e4\u00e4n k\u00e4ytt\u00e4jien kokemusten optimointiin mukauttamalla verkkosivujemme sis\u00e4lt\u00f6\u00e4 k\u00e4vij\u00f6iden selaintyypin ja \/ tai muun tiedon perusteella.<\/p>\n\n\n\n<h2 class=\"wp-block-heading\">Google DoubleClick DART -ev\u00e4ste<\/h2>\n\n\n\n<p>Google on yksi kolmannen osapuolen toimittajista sivustollamme. Se k\u00e4ytt\u00e4\u00e4 my\u00f6s ev\u00e4steit\u00e4, joita kutsutaan DART-ev\u00e4steiksi, palvelemaan mainoksia sivuston k\u00e4vij\u00f6ille heid\u00e4n vierailunsa perusteella sivustolle www.website.com ja muille Internet-sivustoille. Vierailijat voivat kuitenkin kielt\u00e4yty\u00e4 DART-ev\u00e4steiden k\u00e4yt\u00f6st\u00e4 k\u00e4ym\u00e4ll\u00e4 Googlen mainos- ja sis\u00e4lt\u00f6verkoston tietosuojak\u00e4yt\u00e4nn\u00f6ss\u00e4 seuraavalla URL-osoitteella -&nbsp;<a href=\"https:\/\/policies.google.com\/technologies\/ads\">https:\/\/policies.google.com\/technologies\/ads<\/a><\/p>\n\n\n\n<h2 class=\"wp-block-heading\">Mainoskumppaneiden tietosuojak\u00e4yt\u00e4nn\u00f6t<\/h2>\n\n\n\n<p>Voit tutustua t\u00e4h\u00e4n luetteloon l\u00f6yt\u00e4\u00e4ksesi jokaisen MaxJax-mainoskumppanin tietosuojak\u00e4yt\u00e4nn\u00f6n.<\/p>\n\n\n\n<p>Kolmannen osapuolen mainospalvelimet tai mainosverkostot k\u00e4ytt\u00e4v\u00e4t tekniikoita, kuten ev\u00e4steit\u00e4, JavaScripti\u00e4 tai Web-majakoita, joita k\u00e4ytet\u00e4\u00e4n heid\u00e4n mainoksissaan ja MaxJaxissa n\u00e4kyviss\u00e4 linkeiss\u00e4, jotka l\u00e4hetet\u00e4\u00e4n suoraan k\u00e4ytt\u00e4jien selaimelle. He saavat IP-osoitteesi automaattisesti, kun t\u00e4m\u00e4 tapahtuu. N\u00e4it\u00e4 tekniikoita k\u00e4ytet\u00e4\u00e4n mittaamaan mainoskampanjoidensa tehokkuutta ja \/ tai yksil\u00f6im\u00e4\u00e4n vierailemallasi verkkosivustolla n\u00e4kem\u00e4si mainossis\u00e4lt\u00f6.<\/p>\n\n\n\n<p>Huomaa, ett\u00e4 MaxJaxilla ei ole p\u00e4\u00e4sy\u00e4 n\u00e4ihin ev\u00e4steisiin, joita kolmannen osapuolen mainostajat k\u00e4ytt\u00e4v\u00e4t, eik\u00e4 hallita niit\u00e4.<\/p>\n\n\n\n<h2 class=\"wp-block-heading\">Kolmannen osapuolen tietosuojak\u00e4yt\u00e4nn\u00f6t<\/h2>\n\n\n\n<p>MaxJax-tietosuojak\u00e4yt\u00e4nt\u00f6 ei koske muita mainostajia tai verkkosivustoja. Siksi suosittelemme tutustumaan tarkemmin n\u00e4iden kolmansien osapuolten mainospalvelimien tietosuojak\u00e4yt\u00e4nt\u00f6ihin. Se voi sis\u00e4lt\u00e4\u00e4 heid\u00e4n k\u00e4yt\u00e4nt\u00f6j\u00e4\u00e4n ja ohjeita siit\u00e4, miten tietyist\u00e4 vaihtoehdoista voidaan kielt\u00e4yty\u00e4. L\u00f6yd\u00e4t t\u00e4ydellisen luettelon n\u00e4ist\u00e4 tietosuojak\u00e4yt\u00e4nn\u00f6ist\u00e4 ja niiden linkeist\u00e4 t\u00e4\u00e4lt\u00e4: Tietosuojak\u00e4yt\u00e4nn\u00f6n linkit.<\/p>\n\n\n\n<p>Voit poistaa ev\u00e4steet k\u00e4yt\u00f6st\u00e4 selaimesi asetusten avulla. Jos haluat tiet\u00e4\u00e4 tarkempia tietoja ev\u00e4steiden hallinnasta tietyill\u00e4 verkkoselaimilla, l\u00f6yd\u00e4t ne selainten vastaavilta verkkosivustoilta. Mit\u00e4 ovat ev\u00e4steet?<\/p>\n\n\n\n<h2 class=\"wp-block-heading\">CCPA-tietosuojaoikeudet (\u00e4l\u00e4 myy henkil\u00f6kohtaisia tietojani)<\/h2>\n\n\n\n<p>CCPA: n mukaan muiden oikeuksien lis\u00e4ksi Kalifornian kuluttajilla on oikeus:<\/p>\n\n\n\n<p>Pyyd\u00e4, ett\u00e4 yritys, joka ker\u00e4\u00e4 kuluttajan henkil\u00f6tietoja, paljastaa luokat ja tietyt henkil\u00f6kohtaiset tiedot, jotka yritys on ker\u00e4nnyt kuluttajista.<\/p>\n\n\n\n<p>Pyyd\u00e4 yrityst\u00e4 poistamaan kaikki yrityksen ker\u00e4\u00e4m\u00e4t kuluttajaa koskevat henkil\u00f6tiedot.<\/p>\n\n\n\n<p>Pyyd\u00e4, ett\u00e4 yritys, joka myy kuluttajan henkil\u00f6tietoja, ei myy kuluttajan henkil\u00f6tietoja.<\/p>\n\n\n\n<p>Jos teet pyynn\u00f6n, meill\u00e4 on yksi kuukausi vastata sinulle. Jos haluat k\u00e4ytt\u00e4\u00e4 jotakin n\u00e4ist\u00e4 oikeuksista, ota meihin yhteytt\u00e4.<\/p>\n\n\n\n<h2 class=\"wp-block-heading\">GDPR: n tietosuojaoikeudet<\/h2>\n\n\n\n<p>Haluamme varmistaa, ett\u00e4 olet t\u00e4ysin tietoinen kaikista tietosuojaoikeuksistasi. Jokaisella k\u00e4ytt\u00e4j\u00e4ll\u00e4 on oikeus seuraaviin:<\/p>\n\n\n\n<p>Oikeus saada tietoja - Sinulla on oikeus pyyt\u00e4\u00e4 kopioita henkil\u00f6tiedoistasi. Saatamme veloittaa sinulta pienen maksun t\u00e4st\u00e4 palvelusta.<\/p>\n\n\n\n<p>Oikeus oikaisuun - Sinulla on oikeus pyyt\u00e4\u00e4, ett\u00e4 korjaamme kaikki virheellisiksi katsomasi tiedot. Sinulla on my\u00f6s oikeus pyyt\u00e4\u00e4 t\u00e4ydent\u00e4m\u00e4\u00e4n tiedot, joiden uskot olevan puutteellisia.<\/p>\n\n\n\n<p>Oikeus tietojen poistamiseen - Sinulla on oikeus pyyt\u00e4\u00e4, ett\u00e4 poistamme henkil\u00f6tietosi tietyin ehdoin.<\/p>\n\n\n\n<p>Oikeus rajoittaa k\u00e4sittely\u00e4 - Sinulla on oikeus pyyt\u00e4\u00e4, ett\u00e4 rajoitamme henkil\u00f6tietojesi k\u00e4sittely\u00e4 tietyin ehdoin.<\/p>\n\n\n\n<p>Oikeus vastustaa k\u00e4sittely\u00e4 - Sinulla on oikeus vastustaa henkil\u00f6tietojesi k\u00e4sittely\u00e4 tietyin ehdoin.<\/p>\n\n\n\n<p>Oikeus tietojen siirrett\u00e4vyyteen - Sinulla on oikeus pyyt\u00e4\u00e4, ett\u00e4 siirr\u00e4mme ker\u00e4\u00e4m\u00e4mme tiedot toiselle organisaatiolle tai suoraan sinulle tietyin ehdoin.<\/p>\n\n\n\n<p>Jos teet pyynn\u00f6n, meill\u00e4 on yksi kuukausi vastata sinulle. Jos haluat k\u00e4ytt\u00e4\u00e4 jotakin n\u00e4ist\u00e4 oikeuksista, ota meihin yhteytt\u00e4.<\/p>\n\n\n\n<h2 class=\"wp-block-heading\">Lasten tiedot<\/h2>\n\n\n\n<p>Toinen osa prioriteettiamme on lis\u00e4t\u00e4 lasten suojaa Internetin k\u00e4yt\u00f6n aikana. Kannustamme vanhempia ja huoltajia seuraamaan, osallistumaan ja \/ tai seuraamaan ja ohjaamaan heid\u00e4n verkkotoimintaansa.<\/p>\n\n\n\n<p>MaxJax ei tietoisesti ker\u00e4\u00e4 mit\u00e4\u00e4n henkil\u00f6kohtaisia tunnistetietoja alle 13-vuotiailta lapsilta. Jos luulet lapsesi toimittaneen t\u00e4llaisia tietoja verkkosivustollamme, suosittelemme, ett\u00e4 otat meihin yhteytt\u00e4 v\u00e4litt\u00f6m\u00e4sti ja teemme parhaamme pyrkien poistamaan tiedot nopeasti. t\u00e4llaisia tietoja rekisterist\u00e4mme.<\/p>","protected":false},"excerpt":{"rendered":"<p>Privacy Policy for QuickJack Netherlands B.V. At MaxJax Europe, accessible from https:\/\/Maxjax-europe.com\/, one of our main priorities is the privacy of our visitors. This Privacy Policy document contains types of information that is collected and recorded by MaxJax and how we use it. If you have additional questions or require more information about our Privacy<br \/><a class=\"more-link\" href=\"https:\/\/maxjax-europe.com\/fi\/privacy-policy\/\"><br \/>\n        Read More<span class=\"screen-reader-text\"> &#8220;Privacy policy&#8221;<\/span><\/a><\/p>","protected":false},"author":1,"featured_media":0,"parent":0,"menu_order":0,"comment_status":"closed","ping_status":"closed","template":"","meta":{"footnotes":""},"class_list":["post-4618","page","type-page","status-publish","hentry","badges-style-2"],"yoast_head":"<!-- This site is optimized with the Yoast SEO plugin v27.1.1 - https:\/\/yoast.com\/product\/yoast-seo-wordpress\/ -->\n<title>Privacy policy - MaxJax Europe<\/title>\n<meta name=\"robots\" content=\"index, follow, max-snippet:-1, max-image-preview:large, max-video-preview:-1\" \/>\n<link rel=\"canonical\" href=\"https:\/\/maxjax-europe.com\/fi\/privacy-policy\/\" \/>\n<meta property=\"og:locale\" content=\"fi_FI\" \/>\n<meta property=\"og:type\" content=\"article\" \/>\n<meta property=\"og:title\" content=\"Privacy policy - MaxJax Europe\" \/>\n<meta property=\"og:description\" content=\"Privacy Policy for QuickJack Netherlands B.V. At MaxJax Europe, accessible from https:\/\/Maxjax-europe.com\/, one of our main priorities is the privacy of our visitors. This Privacy Policy document contains types of information that is collected and recorded by MaxJax and how we use it. If you have additional questions or require more information about our Privacy     Read More &quot;Privacy policy&quot;\" \/>\n<meta property=\"og:url\" content=\"https:\/\/maxjax-europe.com\/fi\/privacy-policy\/\" \/>\n<meta property=\"og:site_name\" content=\"MaxJax Europe\" \/>\n<meta property=\"article:modified_time\" content=\"2021-01-15T14:04:16+00:00\" \/>\n<meta name=\"twitter:card\" content=\"summary_large_image\" \/>\n<meta name=\"twitter:label1\" content=\"Arvioitu lukuaika\" \/>\n\t<meta name=\"twitter:data1\" content=\"6 minuuttia\" \/>\n<script type=\"application\/ld+json\" class=\"yoast-schema-graph\">{\"@context\":\"https:\/\/schema.org\",\"@graph\":[{\"@type\":\"WebPage\",\"@id\":\"https:\/\/maxjax-europe.com\/fr\/privacy-policy\/\",\"url\":\"https:\/\/maxjax-europe.com\/fr\/privacy-policy\/\",\"name\":\"Privacy policy - MaxJax Europe\",\"isPartOf\":{\"@id\":\"https:\/\/maxjax-europe.com\/#website\"},\"datePublished\":\"2021-01-15T13:56:29+00:00\",\"dateModified\":\"2021-01-15T14:04:16+00:00\",\"breadcrumb\":{\"@id\":\"https:\/\/maxjax-europe.com\/fr\/privacy-policy\/#breadcrumb\"},\"inLanguage\":\"fi\",\"potentialAction\":[{\"@type\":\"ReadAction\",\"target\":[\"https:\/\/maxjax-europe.com\/fr\/privacy-policy\/\"]}]},{\"@type\":\"BreadcrumbList\",\"@id\":\"https:\/\/maxjax-europe.com\/fr\/privacy-policy\/#breadcrumb\",\"itemListElement\":[{\"@type\":\"ListItem\",\"position\":1,\"name\":\"Home\",\"item\":\"https:\/\/maxjax-europe.com\/\"},{\"@type\":\"ListItem\",\"position\":2,\"name\":\"Privacy policy\"}]},{\"@type\":\"WebSite\",\"@id\":\"https:\/\/maxjax-europe.com\/#website\",\"url\":\"https:\/\/maxjax-europe.com\/\",\"name\":\"MaxJax Europe\",\"description\":\"Shop MaxJax Portable Two-Post Car Lift\",\"publisher\":{\"@id\":\"https:\/\/maxjax-europe.com\/#organization\"},\"potentialAction\":[{\"@type\":\"SearchAction\",\"target\":{\"@type\":\"EntryPoint\",\"urlTemplate\":\"https:\/\/maxjax-europe.com\/?s={search_term_string}\"},\"query-input\":{\"@type\":\"PropertyValueSpecification\",\"valueRequired\":true,\"valueName\":\"search_term_string\"}}],\"inLanguage\":\"fi\"},{\"@type\":\"Organization\",\"@id\":\"https:\/\/maxjax-europe.com\/#organization\",\"name\":\"MaxJax Europe\",\"url\":\"https:\/\/maxjax-europe.com\/\",\"logo\":{\"@type\":\"ImageObject\",\"inLanguage\":\"fi\",\"@id\":\"https:\/\/maxjax-europe.com\/#\/schema\/logo\/image\/\",\"url\":\"https:\/\/maxjax-europe.com\/wp-content\/uploads\/2021\/01\/cropped-EUB-1-1.png\",\"contentUrl\":\"https:\/\/maxjax-europe.com\/wp-content\/uploads\/2021\/01\/cropped-EUB-1-1.png\",\"width\":2266,\"height\":553,\"caption\":\"MaxJax Europe\"},\"image\":{\"@id\":\"https:\/\/maxjax-europe.com\/#\/schema\/logo\/image\/\"}}]}<\/script>\n<!-- \/ Yoast SEO plugin. -->","yoast_head_json":{"title":"Tietosuojak\u00e4yt\u00e4nt\u00f6 - MaxJax Europe","robots":{"index":"index","follow":"follow","max-snippet":"max-snippet:-1","max-image-preview":"max-image-preview:large","max-video-preview":"max-video-preview:-1"},"canonical":"https:\/\/maxjax-europe.com\/fi\/privacy-policy\/","og_locale":"fi_FI","og_type":"article","og_title":"Privacy policy - MaxJax Europe","og_description":"Privacy Policy for QuickJack Netherlands B.V. At MaxJax Europe, accessible from https:\/\/Maxjax-europe.com\/, one of our main priorities is the privacy of our visitors. This Privacy Policy document contains types of information that is collected and recorded by MaxJax and how we use it. If you have additional questions or require more information about our Privacy     Read More \"Privacy policy\"","og_url":"https:\/\/maxjax-europe.com\/fi\/privacy-policy\/","og_site_name":"MaxJax Europe","article_modified_time":"2021-01-15T14:04:16+00:00","twitter_card":"summary_large_image","twitter_misc":{"Arvioitu lukuaika":"6 minuuttia"},"schema":{"@context":"https:\/\/schema.org","@graph":[{"@type":"WebPage","@id":"https:\/\/maxjax-europe.com\/fr\/privacy-policy\/","url":"https:\/\/maxjax-europe.com\/fr\/privacy-policy\/","name":"Tietosuojak\u00e4yt\u00e4nt\u00f6 - MaxJax Europe","isPartOf":{"@id":"https:\/\/maxjax-europe.com\/#website"},"datePublished":"2021-01-15T13:56:29+00:00","dateModified":"2021-01-15T14:04:16+00:00","breadcrumb":{"@id":"https:\/\/maxjax-europe.com\/fr\/privacy-policy\/#breadcrumb"},"inLanguage":"fi","potentialAction":[{"@type":"ReadAction","target":["https:\/\/maxjax-europe.com\/fr\/privacy-policy\/"]}]},{"@type":"BreadcrumbList","@id":"https:\/\/maxjax-europe.com\/fr\/privacy-policy\/#breadcrumb","itemListElement":[{"@type":"ListItem","position":1,"name":"Home","item":"https:\/\/maxjax-europe.com\/"},{"@type":"ListItem","position":2,"name":"Privacy policy"}]},{"@type":"WebSite","@id":"https:\/\/maxjax-europe.com\/#website","url":"https:\/\/maxjax-europe.com\/","name":"MaxJax Suomi","description":"Osta kannettava MaxJax-kaksipylv\u00e4snostin","publisher":{"@id":"https:\/\/maxjax-europe.com\/#organization"},"potentialAction":[{"@type":"SearchAction","target":{"@type":"EntryPoint","urlTemplate":"https:\/\/maxjax-europe.com\/?s={search_term_string}"},"query-input":{"@type":"PropertyValueSpecification","valueRequired":true,"valueName":"search_term_string"}}],"inLanguage":"fi"},{"@type":"Organization","@id":"https:\/\/maxjax-europe.com\/#organization","name":"MaxJax Suomi","url":"https:\/\/maxjax-europe.com\/","logo":{"@type":"ImageObject","inLanguage":"fi","@id":"https:\/\/maxjax-europe.com\/#\/schema\/logo\/image\/","url":"https:\/\/maxjax-europe.com\/wp-content\/uploads\/2021\/01\/cropped-EUB-1-1.png","contentUrl":"https:\/\/maxjax-europe.com\/wp-content\/uploads\/2021\/01\/cropped-EUB-1-1.png","width":2266,"height":553,"caption":"MaxJax Europe"},"image":{"@id":"https:\/\/maxjax-europe.com\/#\/schema\/logo\/image\/"}}]}},"jetpack_sharing_enabled":true,"_links":{"self":[{"href":"https:\/\/maxjax-europe.com\/fi\/wp-json\/wp\/v2\/pages\/4618","targetHints":{"allow":["GET"]}}],"collection":[{"href":"https:\/\/maxjax-europe.com\/fi\/wp-json\/wp\/v2\/pages"}],"about":[{"href":"https:\/\/maxjax-europe.com\/fi\/wp-json\/wp\/v2\/types\/page"}],"author":[{"embeddable":true,"href":"https:\/\/maxjax-europe.com\/fi\/wp-json\/wp\/v2\/users\/1"}],"replies":[{"embeddable":true,"href":"https:\/\/maxjax-europe.com\/fi\/wp-json\/wp\/v2\/comments?post=4618"}],"version-history":[{"count":3,"href":"https:\/\/maxjax-europe.com\/fi\/wp-json\/wp\/v2\/pages\/4618\/revisions"}],"predecessor-version":[{"id":4626,"href":"https:\/\/maxjax-europe.com\/fi\/wp-json\/wp\/v2\/pages\/4618\/revisions\/4626"}],"wp:attachment":[{"href":"https:\/\/maxjax-europe.com\/fi\/wp-json\/wp\/v2\/media?parent=4618"}],"curies":[{"name":"wp","href":"https:\/\/api.w.org\/{rel}","templated":true}]}}