{"id":4822,"date":"2021-01-25T08:15:14","date_gmt":"2021-01-25T08:15:14","guid":{"rendered":"https:\/\/maxjax-europe.com\/?page_id=4822"},"modified":"2021-01-25T08:31:04","modified_gmt":"2021-01-25T08:31:04","slug":"downloads","status":"publish","type":"page","link":"https:\/\/maxjax-europe.com\/fi\/downloads\/","title":{"rendered":"Lataukset"},"content":{"rendered":"<div data-elementor-type=\"wp-page\" data-elementor-id=\"4822\" class=\"elementor elementor-4822\">\n\t\t\t\t\t\t<section class=\"elementor-section elementor-top-section elementor-element elementor-element-7d15ff8 elementor-section-boxed elementor-section-height-default elementor-section-height-default\" data-id=\"7d15ff8\" data-element_type=\"section\" data-e-type=\"section\">\n\t\t\t\t\t\t<div class=\"elementor-container elementor-column-gap-default\">\n\t\t\t\t\t<div class=\"elementor-column elementor-col-50 elementor-top-column elementor-element elementor-element-14399a8\" data-id=\"14399a8\" data-element_type=\"column\" data-e-type=\"column\">\n\t\t\t<div class=\"elementor-widget-wrap elementor-element-populated\">\n\t\t\t\t\t\t<div class=\"elementor-element elementor-element-b09f2f4 elementor-widget elementor-widget-text-editor\" data-id=\"b09f2f4\" data-element_type=\"widget\" data-e-type=\"widget\" data-widget_type=\"text-editor.default\">\n\t\t\t\t<div class=\"elementor-widget-container\">\n\t\t\t\t\t\t\t\t\t<h1 class=\"mb-0\">MaxJax-k\u00e4sikirja<\/h1><h5 class=\"mb-4\">MaxJax M6K: n asennus- ja k\u00e4ytt\u00f6opas<\/h5>\t\t\t\t\t\t\t\t<\/div>\n\t\t\t\t<\/div>\n\t\t\t\t<div class=\"elementor-element elementor-element-6f8a4b6 elementor-align-center elementor-widget elementor-widget-button\" data-id=\"6f8a4b6\" data-element_type=\"widget\" data-e-type=\"widget\" data-settings=\"{&quot;_animation&quot;:&quot;none&quot;}\" data-widget_type=\"button.default\">\n\t\t\t\t<div class=\"elementor-widget-container\">\n\t\t\t\t\t\t\t\t\t<div class=\"elementor-button-wrapper\">\n\t\t\t\t\t<a class=\"elementor-button elementor-button-link elementor-size-sm elementor-animation-bounce-in\" href=\"https:\/\/maxjax-europe.com\/wp-content\/uploads\/2021\/01\/MaxJax-Two-Post-Lift-Installation-Manual.pdf\" target=\"_blank\">\n\t\t\t\t\t\t<span class=\"elementor-button-content-wrapper\">\n\t\t\t\t\t\t<span class=\"elementor-button-icon\">\n\t\t\t\t<i aria-hidden=\"true\" class=\"fas fa-file-download\"><\/i>\t\t\t<\/span>\n\t\t\t\t\t\t\t\t\t<span class=\"elementor-button-text\">ladata<\/span>\n\t\t\t\t\t<\/span>\n\t\t\t\t\t<\/a>\n\t\t\t\t<\/div>\n\t\t\t\t\t\t\t\t<\/div>\n\t\t\t\t<\/div>\n\t\t\t\t<div class=\"elementor-element elementor-element-eae11eb elementor-widget elementor-widget-image\" data-id=\"eae11eb\" data-element_type=\"widget\" data-e-type=\"widget\" data-widget_type=\"image.default\">\n\t\t\t\t<div class=\"elementor-widget-container\">\n\t\t\t\t\t\t\t\t\t\t\t\t\t\t\t\t<a href=\"https:\/\/maxjax-europe.com\/wp-content\/uploads\/2021\/01\/MaxJax-Two-Post-Lift-Installation-Manual.pdf\" target=\"_blank\">\n\t\t\t\t\t\t\t<img fetchpriority=\"high\" decoding=\"async\" width=\"570\" height=\"722\" src=\"https:\/\/maxjax-europe.com\/wp-content\/uploads\/2021\/01\/MaxJax-Two-Post-Lift-Installation-Manual.jpg\" class=\"attachment-large size-large wp-image-4825\" alt=\"\" srcset=\"https:\/\/maxjax-europe.com\/wp-content\/uploads\/2021\/01\/MaxJax-Two-Post-Lift-Installation-Manual.jpg 570w, https:\/\/maxjax-europe.com\/wp-content\/uploads\/2021\/01\/MaxJax-Two-Post-Lift-Installation-Manual-237x300.jpg 237w, https:\/\/maxjax-europe.com\/wp-content\/uploads\/2021\/01\/MaxJax-Two-Post-Lift-Installation-Manual-9x12.jpg 9w, https:\/\/maxjax-europe.com\/wp-content\/uploads\/2021\/01\/MaxJax-Two-Post-Lift-Installation-Manual-64x81.jpg 64w\" sizes=\"(max-width: 570px) 100vw, 570px\" \/>\t\t\t\t\t\t\t\t<\/a>\n\t\t\t\t\t\t\t\t\t\t\t\t\t\t\t<\/div>\n\t\t\t\t<\/div>\n\t\t\t\t\t<\/div>\n\t\t<\/div>\n\t\t\t\t<div class=\"elementor-column elementor-col-50 elementor-top-column elementor-element elementor-element-06c644d\" data-id=\"06c644d\" data-element_type=\"column\" data-e-type=\"column\">\n\t\t\t<div class=\"elementor-widget-wrap elementor-element-populated\">\n\t\t\t\t\t\t<div class=\"elementor-element elementor-element-dd9c96d elementor-widget elementor-widget-text-editor\" data-id=\"dd9c96d\" data-element_type=\"widget\" data-e-type=\"widget\" data-widget_type=\"text-editor.default\">\n\t\t\t\t<div class=\"elementor-widget-container\">\n\t\t\t\t\t\t\t\t\t<h1>Muut lataukset<\/h1><h3>Myynti-esitteet<\/h3><p><a class=\"grid-link mb-3\" href=\"https:\/\/www.maxjax.com\/pub\/media\/downloads\/MaxJax-M-6-Portable-Two-Post-Garage-Lift.pdf\" target=\"_blank\" rel=\"noopener\">Kannettava MaxJax-kaksipylv\u00e4inen autotallihissi<\/a><\/p><p><a class=\"grid-link mb-3\" href=\"https:\/\/www.maxjax.com\/pub\/media\/downloads\/MaxJax-Adjustable-Reclining-44-Inch-Creeper-5150027.pdf\" target=\"_blank\" rel=\"noopener\">S\u00e4\u00e4dett\u00e4v\u00e4 makuuasentoinen 44 tuuman ry\u00f6mij\u00e4<\/a><\/p><p><a class=\"grid-link mb-3\" href=\"https:\/\/www.maxjax.com\/pub\/media\/downloads\/MaxJax-Motorcycle-ATV-Adapter-Kit-5150026.pdf\" target=\"_blank\" rel=\"noopener\">Moottoripy\u00f6r\u00e4n ATV-sovitinsarja<\/a><\/p><p><a class=\"grid-link mb-3\" href=\"https:\/\/www.maxjax.com\/pub\/media\/downloads\/MaxJax-RD-9G-9-Gallon-Adjustable-Upright-Oil-Drain-5150997.pdf\" target=\"_blank\" rel=\"noopener\">RD-9G pystysuora \u00f6ljyn tyhjennys<\/a><\/p><p><a class=\"grid-link mb-3\" href=\"https:\/\/www.maxjax.com\/pub\/media\/downloads\/MaxJax-RST-1WS-Rolling-Work-Seat-5150514.pdf\" target=\"_blank\" rel=\"noopener\">RST-1WS liikkuva ty\u00f6istuin<\/a><\/p><p><a class=\"grid-link mb-3\" href=\"https:\/\/www.maxjax.com\/pub\/media\/downloads\/MaxJax-Epoxy-Anchor-Kit-Adhesive-5215912.pdf\" target=\"_blank\" rel=\"noopener\">Epoksiankkuripulttisarja<\/a><\/p><p><a class=\"grid-link mb-3\" href=\"https:\/\/www.maxjax.com\/pub\/media\/downloads\/MaxJax-Frame-Cradle-Pads-5215754.pdf\" target=\"_blank\" rel=\"noopener\">Runko kehto tyynyt<\/a><\/p><p><a class=\"grid-link mb-3\" href=\"https:\/\/www.maxjax.com\/pub\/media\/downloads\/MaxJax-Standard-Anchor-Bolt-Kit-5215911.pdf\" target=\"_blank\" rel=\"noopener\">Vakiomallinen ankkuripulttisarja<\/a><\/p><p><a class=\"grid-link mb-3\" href=\"https:\/\/www.maxjax.com\/pub\/media\/downloads\/MaxJax-Stackable-Adapters-5215750-5215751-5215752.pdf\" target=\"_blank\" rel=\"noopener\">Pinottavat korkeussovittimet<\/a><\/p>\t\t\t\t\t\t\t\t<\/div>\n\t\t\t\t<\/div>\n\t\t\t\t\t<\/div>\n\t\t<\/div>\n\t\t\t\t\t<\/div>\n\t\t<\/section>\n\t\t\t\t<\/div>","protected":false},"excerpt":{"rendered":"<p>MaxJax-manuaalinen asennus- ja k\u00e4ytt\u00f6ohje MaxJax M6K: lle Lataa muut lataukset Myynti-esitteet MaxJax-kannettava kaksipylv\u00e4inen autotallinostin S\u00e4\u00e4dett\u00e4v\u00e4 makuuasentoon 44 tuuman Creeper-moottoripy\u00f6r\u00e4n ATV-sovitinsarja RD-9G Pystysuora \u00f6ljynpoistosarja RST-1WS Rolling Work Seat -epoksiankkuri Pulttisarjan kehystelineet Vakioankkuripulttisarja pinottavat korkeussovittimet<\/p>","protected":false},"author":1,"featured_media":0,"parent":0,"menu_order":0,"comment_status":"closed","ping_status":"closed","template":"","meta":{"footnotes":""},"class_list":["post-4822","page","type-page","status-publish","hentry","badges-style-2"],"yoast_head":"<!-- This site is optimized with the Yoast SEO plugin v27.1.1 - https:\/\/yoast.com\/product\/yoast-seo-wordpress\/ -->\n<title>Downloads - MaxJax Europe<\/title>\n<meta name=\"robots\" content=\"index, follow, max-snippet:-1, max-image-preview:large, max-video-preview:-1\" \/>\n<link rel=\"canonical\" href=\"https:\/\/maxjax-europe.com\/fi\/downloads\/\" \/>\n<meta property=\"og:locale\" content=\"fi_FI\" \/>\n<meta property=\"og:type\" content=\"article\" \/>\n<meta property=\"og:title\" content=\"Downloads - MaxJax Europe\" \/>\n<meta property=\"og:description\" content=\"MaxJax Manual Installation and User Manual for MaxJax M6K Download Other Downloads Sales Flyers MaxJax Portable Two-Post Garage Lift Adjustable Reclining 44-inch Creeper Motorcycle ATV Adapter Kit RD-9G Upright Oil Drain RST-1WS Rolling Work Seat Epoxy Anchor Bolt Kit Frame Cradle Pads Standard Anchor Bolt Kit Stackable Height Adapters\" \/>\n<meta property=\"og:url\" content=\"https:\/\/maxjax-europe.com\/fi\/downloads\/\" \/>\n<meta property=\"og:site_name\" content=\"MaxJax Europe\" \/>\n<meta property=\"article:modified_time\" content=\"2021-01-25T08:31:04+00:00\" \/>\n<meta property=\"og:image\" content=\"https:\/\/maxjax-europe.com\/wp-content\/uploads\/2021\/01\/MaxJax-Two-Post-Lift-Installation-Manual.jpg\" \/>\n<meta name=\"twitter:card\" content=\"summary_large_image\" \/>\n<meta name=\"twitter:label1\" content=\"Arvioitu lukuaika\" \/>\n\t<meta name=\"twitter:data1\" content=\"1 minuutti\" \/>\n<script type=\"application\/ld+json\" class=\"yoast-schema-graph\">{\"@context\":\"https:\/\/schema.org\",\"@graph\":[{\"@type\":\"WebPage\",\"@id\":\"https:\/\/maxjax-europe.com\/da\/downloads\/\",\"url\":\"https:\/\/maxjax-europe.com\/da\/downloads\/\",\"name\":\"Downloads - MaxJax Europe\",\"isPartOf\":{\"@id\":\"https:\/\/maxjax-europe.com\/#website\"},\"primaryImageOfPage\":{\"@id\":\"https:\/\/maxjax-europe.com\/da\/downloads\/#primaryimage\"},\"image\":{\"@id\":\"https:\/\/maxjax-europe.com\/da\/downloads\/#primaryimage\"},\"thumbnailUrl\":\"https:\/\/maxjax-europe.com\/wp-content\/uploads\/2021\/01\/MaxJax-Two-Post-Lift-Installation-Manual.jpg\",\"datePublished\":\"2021-01-25T08:15:14+00:00\",\"dateModified\":\"2021-01-25T08:31:04+00:00\",\"breadcrumb\":{\"@id\":\"https:\/\/maxjax-europe.com\/da\/downloads\/#breadcrumb\"},\"inLanguage\":\"fi\",\"potentialAction\":[{\"@type\":\"ReadAction\",\"target\":[\"https:\/\/maxjax-europe.com\/da\/downloads\/\"]}]},{\"@type\":\"ImageObject\",\"inLanguage\":\"fi\",\"@id\":\"https:\/\/maxjax-europe.com\/da\/downloads\/#primaryimage\",\"url\":\"https:\/\/maxjax-europe.com\/wp-content\/uploads\/2021\/01\/MaxJax-Two-Post-Lift-Installation-Manual.jpg\",\"contentUrl\":\"https:\/\/maxjax-europe.com\/wp-content\/uploads\/2021\/01\/MaxJax-Two-Post-Lift-Installation-Manual.jpg\"},{\"@type\":\"BreadcrumbList\",\"@id\":\"https:\/\/maxjax-europe.com\/da\/downloads\/#breadcrumb\",\"itemListElement\":[{\"@type\":\"ListItem\",\"position\":1,\"name\":\"Home\",\"item\":\"https:\/\/maxjax-europe.com\/\"},{\"@type\":\"ListItem\",\"position\":2,\"name\":\"Downloads\"}]},{\"@type\":\"WebSite\",\"@id\":\"https:\/\/maxjax-europe.com\/#website\",\"url\":\"https:\/\/maxjax-europe.com\/\",\"name\":\"MaxJax Europe\",\"description\":\"Shop MaxJax Portable Two-Post Car Lift\",\"publisher\":{\"@id\":\"https:\/\/maxjax-europe.com\/#organization\"},\"potentialAction\":[{\"@type\":\"SearchAction\",\"target\":{\"@type\":\"EntryPoint\",\"urlTemplate\":\"https:\/\/maxjax-europe.com\/?s={search_term_string}\"},\"query-input\":{\"@type\":\"PropertyValueSpecification\",\"valueRequired\":true,\"valueName\":\"search_term_string\"}}],\"inLanguage\":\"fi\"},{\"@type\":\"Organization\",\"@id\":\"https:\/\/maxjax-europe.com\/#organization\",\"name\":\"MaxJax Europe\",\"url\":\"https:\/\/maxjax-europe.com\/\",\"logo\":{\"@type\":\"ImageObject\",\"inLanguage\":\"fi\",\"@id\":\"https:\/\/maxjax-europe.com\/#\/schema\/logo\/image\/\",\"url\":\"https:\/\/maxjax-europe.com\/wp-content\/uploads\/2021\/01\/cropped-EUB-1-1.png\",\"contentUrl\":\"https:\/\/maxjax-europe.com\/wp-content\/uploads\/2021\/01\/cropped-EUB-1-1.png\",\"width\":2266,\"height\":553,\"caption\":\"MaxJax Europe\"},\"image\":{\"@id\":\"https:\/\/maxjax-europe.com\/#\/schema\/logo\/image\/\"}}]}<\/script>\n<!-- \/ Yoast SEO plugin. -->","yoast_head_json":{"title":"Lataukset - MaxJax Europe","robots":{"index":"index","follow":"follow","max-snippet":"max-snippet:-1","max-image-preview":"max-image-preview:large","max-video-preview":"max-video-preview:-1"},"canonical":"https:\/\/maxjax-europe.com\/fi\/downloads\/","og_locale":"fi_FI","og_type":"article","og_title":"Downloads - MaxJax Europe","og_description":"MaxJax Manual Installation and User Manual for MaxJax M6K Download Other Downloads Sales Flyers MaxJax Portable Two-Post Garage Lift Adjustable Reclining 44-inch Creeper Motorcycle ATV Adapter Kit RD-9G Upright Oil Drain RST-1WS Rolling Work Seat Epoxy Anchor Bolt Kit Frame Cradle Pads Standard Anchor Bolt Kit Stackable Height Adapters","og_url":"https:\/\/maxjax-europe.com\/fi\/downloads\/","og_site_name":"MaxJax Europe","article_modified_time":"2021-01-25T08:31:04+00:00","og_image":[{"url":"https:\/\/maxjax-europe.com\/wp-content\/uploads\/2021\/01\/MaxJax-Two-Post-Lift-Installation-Manual.jpg","type":"","width":"","height":""}],"twitter_card":"summary_large_image","twitter_misc":{"Arvioitu lukuaika":"1 minuutti"},"schema":{"@context":"https:\/\/schema.org","@graph":[{"@type":"WebPage","@id":"https:\/\/maxjax-europe.com\/da\/downloads\/","url":"https:\/\/maxjax-europe.com\/da\/downloads\/","name":"Lataukset - MaxJax Europe","isPartOf":{"@id":"https:\/\/maxjax-europe.com\/#website"},"primaryImageOfPage":{"@id":"https:\/\/maxjax-europe.com\/da\/downloads\/#primaryimage"},"image":{"@id":"https:\/\/maxjax-europe.com\/da\/downloads\/#primaryimage"},"thumbnailUrl":"https:\/\/maxjax-europe.com\/wp-content\/uploads\/2021\/01\/MaxJax-Two-Post-Lift-Installation-Manual.jpg","datePublished":"2021-01-25T08:15:14+00:00","dateModified":"2021-01-25T08:31:04+00:00","breadcrumb":{"@id":"https:\/\/maxjax-europe.com\/da\/downloads\/#breadcrumb"},"inLanguage":"fi","potentialAction":[{"@type":"ReadAction","target":["https:\/\/maxjax-europe.com\/da\/downloads\/"]}]},{"@type":"ImageObject","inLanguage":"fi","@id":"https:\/\/maxjax-europe.com\/da\/downloads\/#primaryimage","url":"https:\/\/maxjax-europe.com\/wp-content\/uploads\/2021\/01\/MaxJax-Two-Post-Lift-Installation-Manual.jpg","contentUrl":"https:\/\/maxjax-europe.com\/wp-content\/uploads\/2021\/01\/MaxJax-Two-Post-Lift-Installation-Manual.jpg"},{"@type":"BreadcrumbList","@id":"https:\/\/maxjax-europe.com\/da\/downloads\/#breadcrumb","itemListElement":[{"@type":"ListItem","position":1,"name":"Home","item":"https:\/\/maxjax-europe.com\/"},{"@type":"ListItem","position":2,"name":"Downloads"}]},{"@type":"WebSite","@id":"https:\/\/maxjax-europe.com\/#website","url":"https:\/\/maxjax-europe.com\/","name":"MaxJax Suomi","description":"Osta kannettava MaxJax-kaksipylv\u00e4snostin","publisher":{"@id":"https:\/\/maxjax-europe.com\/#organization"},"potentialAction":[{"@type":"SearchAction","target":{"@type":"EntryPoint","urlTemplate":"https:\/\/maxjax-europe.com\/?s={search_term_string}"},"query-input":{"@type":"PropertyValueSpecification","valueRequired":true,"valueName":"search_term_string"}}],"inLanguage":"fi"},{"@type":"Organization","@id":"https:\/\/maxjax-europe.com\/#organization","name":"MaxJax Suomi","url":"https:\/\/maxjax-europe.com\/","logo":{"@type":"ImageObject","inLanguage":"fi","@id":"https:\/\/maxjax-europe.com\/#\/schema\/logo\/image\/","url":"https:\/\/maxjax-europe.com\/wp-content\/uploads\/2021\/01\/cropped-EUB-1-1.png","contentUrl":"https:\/\/maxjax-europe.com\/wp-content\/uploads\/2021\/01\/cropped-EUB-1-1.png","width":2266,"height":553,"caption":"MaxJax Europe"},"image":{"@id":"https:\/\/maxjax-europe.com\/#\/schema\/logo\/image\/"}}]}},"jetpack_sharing_enabled":true,"_links":{"self":[{"href":"https:\/\/maxjax-europe.com\/fi\/wp-json\/wp\/v2\/pages\/4822","targetHints":{"allow":["GET"]}}],"collection":[{"href":"https:\/\/maxjax-europe.com\/fi\/wp-json\/wp\/v2\/pages"}],"about":[{"href":"https:\/\/maxjax-europe.com\/fi\/wp-json\/wp\/v2\/types\/page"}],"author":[{"embeddable":true,"href":"https:\/\/maxjax-europe.com\/fi\/wp-json\/wp\/v2\/users\/1"}],"replies":[{"embeddable":true,"href":"https:\/\/maxjax-europe.com\/fi\/wp-json\/wp\/v2\/comments?post=4822"}],"version-history":[{"count":20,"href":"https:\/\/maxjax-europe.com\/fi\/wp-json\/wp\/v2\/pages\/4822\/revisions"}],"predecessor-version":[{"id":4844,"href":"https:\/\/maxjax-europe.com\/fi\/wp-json\/wp\/v2\/pages\/4822\/revisions\/4844"}],"wp:attachment":[{"href":"https:\/\/maxjax-europe.com\/fi\/wp-json\/wp\/v2\/media?parent=4822"}],"curies":[{"name":"wp","href":"https:\/\/api.w.org\/{rel}","templated":true}]}}