{"id":3637,"date":"2017-06-07T11:00:28","date_gmt":"2017-06-07T11:00:28","guid":{"rendered":"http:\/\/demo.woothemes.com\/woocommerce\/?post_type=product&#038;p=40"},"modified":"2025-07-08T03:36:46","modified_gmt":"2025-07-08T03:36:46","slug":"rst-1ws","status":"publish","type":"product","link":"https:\/\/maxjax-europe.com\/fi\/tuote\/rst-1ws\/","title":{"rendered":"RST-1WS liikkuva ty\u00f6istuin"},"content":{"rendered":"<p>Enemm\u00e4n mukavuutta, parempi ryhti ty\u00f6skentely MaxJaxin alla<\/p>\n<p>Kannettavan MaxJax-kaksipylv\u00e4isen nostokorkeus on noin 46 tuumaa (jos k\u00e4ytet\u00e4\u00e4n vain nostopalojen kokoonpanon kanssa). Jos ty\u00f6skentelet projektin parissa pitk\u00e4\u00e4n, sinun kannattaa harkita veroa, jonka se aiheuttaa kehollesi. Ty\u00f6skentely mukavassa, pystyasennossa jalkojesi ulkopuolella v\u00e4hent\u00e4\u00e4 stressi\u00e4 ja antaa sinun tehd\u00e4 parhaan ty\u00f6n. Siell\u00e4 tulee Ranger Products\u00ae RST-1WS Rolling Work Istuin. T\u00e4m\u00e4 liikkuva ty\u00f6istuin v\u00e4hent\u00e4\u00e4 selk\u00e4nojaa ja sis\u00e4lt\u00e4\u00e4 integroidun ty\u00f6kalutason, joka sijaitsee aivan pehmustetun tyynyn alla ja pysyy mukanasi miss\u00e4 tahansa. Jos olet jo mukana MaxJax-autonostimessa, harkitse ty\u00f6tuolin lis\u00e4\u00e4mist\u00e4 tilaukseesi, varsinkin jos sin\u00e4 tai muut mekaanikkosi ty\u00f6skentelet mieluummin l\u00e4hemp\u00e4n\u00e4 maata.<\/p>\n<p>&nbsp;<\/p>\n<p>Kest\u00e4v\u00e4n vaahtomuovityynyn p\u00e4\u00e4lle venytetty punainen vinyyli sis\u00e4lt\u00e4\u00e4 t\u00e4m\u00e4n mukavan tyynyn paineen poistamiseksi sel\u00e4st\u00e4si. Samaan aikaan k\u00e4tev\u00e4 istuimen alla oleva tarjotin varmistaa, ett\u00e4 kaikki ty\u00f6kalusi ovat aina vain lyhyen matkan p\u00e4\u00e4ss\u00e4. Tukeva, 1 tuuman ter\u00e4sputkirakenne ja kuulalaakeroidut k\u00e4\u00e4nt\u00f6py\u00f6r\u00e4t varmistavat, ett\u00e4 rullat tyylill\u00e4 pitk\u00e4\u00e4n. Mene eteenp\u00e4in, oja, joka rikkoi vanhan ty\u00f6istuimen, ja p\u00e4ivit\u00e4 huoltolaitteiden suunnittelun ja mukavuuden k\u00e4rkeen.<\/p>\n<p>Etsitk\u00f6 parasta MaxJax-istuimen lis\u00e4varustetta? Katso makuuistuimen istuin.<\/p>\n<ul>\n<li>Pehmustettu huimaava vinyylityyny<\/li>\n<li>Ty\u00f6skentele tehokkaammin<\/li>\n<li>Lievitt\u00e4\u00e4 kipeit\u00e4 selk\u00e4lihaksia<\/li>\n<li>T\u00e4ydellinen py\u00f6r\u00e4- \/ huoltot\u00f6ihin<\/li>\n<li>4 kuulalaakerin k\u00e4\u00e4nt\u00f6py\u00f6r\u00e4\u00e4<\/li>\n<li>Mukana k\u00e4tev\u00e4 istuimen alla oleva tarjotin<\/li>\n<\/ul>\n<table width=\"825\">\n<tbody>\n<tr>\n<td><strong>Tuotteen mitat<\/strong><\/td>\n<td>14,25 tuumaa (L) x 14,75 tuumaa (K) x 14,75 tuumaa (S) (362 mm x 375 mm x 375 mm)<\/td>\n<\/tr>\n<tr>\n<td><strong>Padin mitat<\/strong><\/td>\n<td>14,25 tuumaa (L) x 2 tuumaa (K) x 7,5 tuumaa (S) (362 mm x 51 mm x 191 mm)<\/td>\n<\/tr>\n<tr>\n<td><strong>Ter\u00e4sputket<\/strong><\/td>\n<td>1 tuuma (25 m)<\/td>\n<\/tr>\n<tr>\n<td><strong>K\u00e4\u00e4ntyv\u00e4t py\u00f6r\u00e4t<\/strong><\/td>\n<td>2,5 tuumaa (64 mm)<\/td>\n<\/tr>\n<tr>\n<td><strong>Toimituspaino<\/strong><\/td>\n<td>16 paunaa. (7 kg)<\/td>\n<\/tr>\n<tr>\n<td><strong>Toimituksen mitat<\/strong><\/td>\n<td>17 &#039;&#039; x 17 &#039;&#039; x 5 &#039;&#039; (431 mm x 431 mm x 127 mm)<\/td>\n<\/tr>\n<\/tbody>\n<\/table>","protected":false},"excerpt":{"rendered":"<p>Voit liikkua vapaasti MaxJaxilla nostamasi ajoneuvon alla ja ty\u00f6skennell\u00e4 projektiisi mukavassa asennossa Ranger\u00ae RST-1WS Rolling Work Istuimen avulla. Sis\u00e4lt\u00e4\u00e4 pehmustetun tyynyn, istuimen alla olevan alustan ja nelj\u00e4 kuulalaakeripy\u00f6r\u00e4\u00e4.<\/p>","protected":false},"featured_media":4463,"comment_status":"open","ping_status":"closed","template":"","meta":[],"product_brand":[],"product_cat":[65],"product_tag":[],"class_list":{"0":"post-3637","1":"product","2":"type-product","3":"status-publish","4":"has-post-thumbnail","6":"product_cat-maxjax","7":"product_shipping_class-accessory","8":"product-custom-label-money-back-garanty","9":"product-custom-label-extended-warranty","10":"product-custom-label-1-4-days-delivery","11":"badges-style-2","13":"first","14":"instock","15":"taxable","16":"shipping-taxable","17":"purchasable","18":"product-type-simple"},"yoast_head":"<!-- This site is optimized with the Yoast SEO plugin v27.1.1 - https:\/\/yoast.com\/product\/yoast-seo-wordpress\/ -->\n<title>RST-1WS Rolling Work Seat - MaxJax Europe<\/title>\n<meta name=\"robots\" content=\"index, follow, max-snippet:-1, max-image-preview:large, max-video-preview:-1\" \/>\n<link rel=\"canonical\" href=\"https:\/\/maxjax-europe.com\/fi\/tuote\/rst-1ws\/\" \/>\n<meta property=\"og:locale\" content=\"fi_FI\" \/>\n<meta property=\"og:type\" content=\"article\" \/>\n<meta property=\"og:title\" content=\"RST-1WS Rolling Work Seat - MaxJax Europe\" \/>\n<meta property=\"og:description\" content=\"Move freely under your vehicle lifted on the MaxJax and work on your projects in a comfortable position with the Ranger\u00ae RST-1WS Rolling Work Seat. Includes padded cushion, under-seat tool tray, and four ball-bearing casters.\" \/>\n<meta property=\"og:url\" content=\"https:\/\/maxjax-europe.com\/fi\/tuote\/rst-1ws\/\" \/>\n<meta property=\"og:site_name\" content=\"MaxJax Europe\" \/>\n<meta property=\"article:modified_time\" content=\"2025-07-08T03:36:46+00:00\" \/>\n<meta property=\"og:image\" content=\"https:\/\/maxjax-europe.com\/wp-content\/uploads\/2017\/06\/ranger-rst-1ws-work-seat-with-tools.jpg\" \/>\n\t<meta property=\"og:image:width\" content=\"1200\" \/>\n\t<meta property=\"og:image:height\" content=\"800\" \/>\n\t<meta property=\"og:image:type\" content=\"image\/jpeg\" \/>\n<meta name=\"twitter:card\" content=\"summary_large_image\" \/>\n<meta name=\"twitter:label1\" content=\"Arvioitu lukuaika\" \/>\n\t<meta name=\"twitter:data1\" content=\"2 minuuttia\" \/>\n<script type=\"application\/ld+json\" class=\"yoast-schema-graph\">{\"@context\":\"https:\/\/schema.org\",\"@graph\":[{\"@type\":\"WebPage\",\"@id\":\"https:\/\/maxjax-europe.com\/product\/rst-1ws\/\",\"url\":\"https:\/\/maxjax-europe.com\/product\/rst-1ws\/\",\"name\":\"RST-1WS Rolling Work Seat - MaxJax Europe\",\"isPartOf\":{\"@id\":\"https:\/\/maxjax-europe.com\/#website\"},\"primaryImageOfPage\":{\"@id\":\"https:\/\/maxjax-europe.com\/product\/rst-1ws\/#primaryimage\"},\"image\":{\"@id\":\"https:\/\/maxjax-europe.com\/product\/rst-1ws\/#primaryimage\"},\"thumbnailUrl\":\"https:\/\/maxjax-europe.com\/wp-content\/uploads\/2017\/06\/ranger-rst-1ws-work-seat-with-tools.jpg\",\"datePublished\":\"2017-06-07T11:00:28+00:00\",\"dateModified\":\"2025-07-08T03:36:46+00:00\",\"breadcrumb\":{\"@id\":\"https:\/\/maxjax-europe.com\/product\/rst-1ws\/#breadcrumb\"},\"inLanguage\":\"fi\",\"potentialAction\":[{\"@type\":\"ReadAction\",\"target\":[\"https:\/\/maxjax-europe.com\/product\/rst-1ws\/\"]}]},{\"@type\":\"ImageObject\",\"inLanguage\":\"fi\",\"@id\":\"https:\/\/maxjax-europe.com\/product\/rst-1ws\/#primaryimage\",\"url\":\"https:\/\/maxjax-europe.com\/wp-content\/uploads\/2017\/06\/ranger-rst-1ws-work-seat-with-tools.jpg\",\"contentUrl\":\"https:\/\/maxjax-europe.com\/wp-content\/uploads\/2017\/06\/ranger-rst-1ws-work-seat-with-tools.jpg\",\"width\":1200,\"height\":800},{\"@type\":\"BreadcrumbList\",\"@id\":\"https:\/\/maxjax-europe.com\/product\/rst-1ws\/#breadcrumb\",\"itemListElement\":[{\"@type\":\"ListItem\",\"position\":1,\"name\":\"Home\",\"item\":\"https:\/\/maxjax-europe.com\/\"},{\"@type\":\"ListItem\",\"position\":2,\"name\":\"Shop\",\"item\":\"https:\/\/maxjax-europe.com\/it\/maxjax\/\"},{\"@type\":\"ListItem\",\"position\":3,\"name\":\"RST-1WS Rolling Work Seat\"}]},{\"@type\":\"WebSite\",\"@id\":\"https:\/\/maxjax-europe.com\/#website\",\"url\":\"https:\/\/maxjax-europe.com\/\",\"name\":\"MaxJax Europe\",\"description\":\"Shop MaxJax Portable Two-Post Car Lift\",\"publisher\":{\"@id\":\"https:\/\/maxjax-europe.com\/#organization\"},\"potentialAction\":[{\"@type\":\"SearchAction\",\"target\":{\"@type\":\"EntryPoint\",\"urlTemplate\":\"https:\/\/maxjax-europe.com\/?s={search_term_string}\"},\"query-input\":{\"@type\":\"PropertyValueSpecification\",\"valueRequired\":true,\"valueName\":\"search_term_string\"}}],\"inLanguage\":\"fi\"},{\"@type\":\"Organization\",\"@id\":\"https:\/\/maxjax-europe.com\/#organization\",\"name\":\"MaxJax Europe\",\"url\":\"https:\/\/maxjax-europe.com\/\",\"logo\":{\"@type\":\"ImageObject\",\"inLanguage\":\"fi\",\"@id\":\"https:\/\/maxjax-europe.com\/#\/schema\/logo\/image\/\",\"url\":\"https:\/\/maxjax-europe.com\/wp-content\/uploads\/2021\/01\/cropped-EUB-1-1.png\",\"contentUrl\":\"https:\/\/maxjax-europe.com\/wp-content\/uploads\/2021\/01\/cropped-EUB-1-1.png\",\"width\":2266,\"height\":553,\"caption\":\"MaxJax Europe\"},\"image\":{\"@id\":\"https:\/\/maxjax-europe.com\/#\/schema\/logo\/image\/\"}}]}<\/script>\n<!-- \/ Yoast SEO plugin. -->","yoast_head_json":{"title":"RST-1WS Rolling Work Istuin - MaxJax Europe","robots":{"index":"index","follow":"follow","max-snippet":"max-snippet:-1","max-image-preview":"max-image-preview:large","max-video-preview":"max-video-preview:-1"},"canonical":"https:\/\/maxjax-europe.com\/fi\/tuote\/rst-1ws\/","og_locale":"fi_FI","og_type":"article","og_title":"RST-1WS Rolling Work Seat - MaxJax Europe","og_description":"Move freely under your vehicle lifted on the MaxJax and work on your projects in a comfortable position with the Ranger\u00ae RST-1WS Rolling Work Seat. Includes padded cushion, under-seat tool tray, and four ball-bearing casters.","og_url":"https:\/\/maxjax-europe.com\/fi\/tuote\/rst-1ws\/","og_site_name":"MaxJax Europe","article_modified_time":"2025-07-08T03:36:46+00:00","og_image":[{"width":1200,"height":800,"url":"https:\/\/maxjax-europe.com\/wp-content\/uploads\/2017\/06\/ranger-rst-1ws-work-seat-with-tools.jpg","type":"image\/jpeg"}],"twitter_card":"summary_large_image","twitter_misc":{"Arvioitu lukuaika":"2 minuuttia"},"schema":{"@context":"https:\/\/schema.org","@graph":[{"@type":"WebPage","@id":"https:\/\/maxjax-europe.com\/product\/rst-1ws\/","url":"https:\/\/maxjax-europe.com\/product\/rst-1ws\/","name":"RST-1WS Rolling Work Istuin - MaxJax Europe","isPartOf":{"@id":"https:\/\/maxjax-europe.com\/#website"},"primaryImageOfPage":{"@id":"https:\/\/maxjax-europe.com\/product\/rst-1ws\/#primaryimage"},"image":{"@id":"https:\/\/maxjax-europe.com\/product\/rst-1ws\/#primaryimage"},"thumbnailUrl":"https:\/\/maxjax-europe.com\/wp-content\/uploads\/2017\/06\/ranger-rst-1ws-work-seat-with-tools.jpg","datePublished":"2017-06-07T11:00:28+00:00","dateModified":"2025-07-08T03:36:46+00:00","breadcrumb":{"@id":"https:\/\/maxjax-europe.com\/product\/rst-1ws\/#breadcrumb"},"inLanguage":"fi","potentialAction":[{"@type":"ReadAction","target":["https:\/\/maxjax-europe.com\/product\/rst-1ws\/"]}]},{"@type":"ImageObject","inLanguage":"fi","@id":"https:\/\/maxjax-europe.com\/product\/rst-1ws\/#primaryimage","url":"https:\/\/maxjax-europe.com\/wp-content\/uploads\/2017\/06\/ranger-rst-1ws-work-seat-with-tools.jpg","contentUrl":"https:\/\/maxjax-europe.com\/wp-content\/uploads\/2017\/06\/ranger-rst-1ws-work-seat-with-tools.jpg","width":1200,"height":800},{"@type":"BreadcrumbList","@id":"https:\/\/maxjax-europe.com\/product\/rst-1ws\/#breadcrumb","itemListElement":[{"@type":"ListItem","position":1,"name":"Home","item":"https:\/\/maxjax-europe.com\/"},{"@type":"ListItem","position":2,"name":"Shop","item":"https:\/\/maxjax-europe.com\/it\/maxjax\/"},{"@type":"ListItem","position":3,"name":"RST-1WS Rolling Work Seat"}]},{"@type":"WebSite","@id":"https:\/\/maxjax-europe.com\/#website","url":"https:\/\/maxjax-europe.com\/","name":"MaxJax Suomi","description":"Osta kannettava MaxJax-kaksipylv\u00e4snostin","publisher":{"@id":"https:\/\/maxjax-europe.com\/#organization"},"potentialAction":[{"@type":"SearchAction","target":{"@type":"EntryPoint","urlTemplate":"https:\/\/maxjax-europe.com\/?s={search_term_string}"},"query-input":{"@type":"PropertyValueSpecification","valueRequired":true,"valueName":"search_term_string"}}],"inLanguage":"fi"},{"@type":"Organization","@id":"https:\/\/maxjax-europe.com\/#organization","name":"MaxJax Suomi","url":"https:\/\/maxjax-europe.com\/","logo":{"@type":"ImageObject","inLanguage":"fi","@id":"https:\/\/maxjax-europe.com\/#\/schema\/logo\/image\/","url":"https:\/\/maxjax-europe.com\/wp-content\/uploads\/2021\/01\/cropped-EUB-1-1.png","contentUrl":"https:\/\/maxjax-europe.com\/wp-content\/uploads\/2021\/01\/cropped-EUB-1-1.png","width":2266,"height":553,"caption":"MaxJax Europe"},"image":{"@id":"https:\/\/maxjax-europe.com\/#\/schema\/logo\/image\/"}}]}},"jetpack_sharing_enabled":true,"wcpa_form_fields":null,"_links":{"self":[{"href":"https:\/\/maxjax-europe.com\/fi\/wp-json\/wp\/v2\/product\/3637","targetHints":{"allow":["GET"]}}],"collection":[{"href":"https:\/\/maxjax-europe.com\/fi\/wp-json\/wp\/v2\/product"}],"about":[{"href":"https:\/\/maxjax-europe.com\/fi\/wp-json\/wp\/v2\/types\/product"}],"replies":[{"embeddable":true,"href":"https:\/\/maxjax-europe.com\/fi\/wp-json\/wp\/v2\/comments?post=3637"}],"wp:featuredmedia":[{"embeddable":true,"href":"https:\/\/maxjax-europe.com\/fi\/wp-json\/wp\/v2\/media\/4463"}],"wp:attachment":[{"href":"https:\/\/maxjax-europe.com\/fi\/wp-json\/wp\/v2\/media?parent=3637"}],"wp:term":[{"taxonomy":"product_brand","embeddable":true,"href":"https:\/\/maxjax-europe.com\/fi\/wp-json\/wp\/v2\/product_brand?post=3637"},{"taxonomy":"product_cat","embeddable":true,"href":"https:\/\/maxjax-europe.com\/fi\/wp-json\/wp\/v2\/product_cat?post=3637"},{"taxonomy":"product_tag","embeddable":true,"href":"https:\/\/maxjax-europe.com\/fi\/wp-json\/wp\/v2\/product_tag?post=3637"}],"curies":[{"name":"wp","href":"https:\/\/api.w.org\/{rel}","templated":true}]}}