{"id":3645,"date":"2021-01-01T12:00:12","date_gmt":"2021-01-01T12:00:12","guid":{"rendered":"http:\/\/demo.woothemes.com\/woocommerce\/?post_type=product&#038;p=99"},"modified":"2025-08-07T10:42:52","modified_gmt":"2025-08-07T10:42:52","slug":"maxjax-m7k","status":"publish","type":"product","link":"https:\/\/maxjax-europe.com\/fi\/tuote\/maxjax-m7k\/","title":{"rendered":"MaxJax M7K Kannettava kahden pylv\u00e4\u00e4n nostin"},"content":{"rendered":"<div class=\"page-title-wrapper product\"><\/div>\n<h3>MaxJaxin edut<\/h3>\n<p>It\u2019s the features you get that set the MaxJax M7K apart from the rest. Every MaxJax unit is loaded with the right features that make it the best choice when looking for a new car lift. Read through the long list of features this car lift has to offer and you\u2019ll easily come to the conclusion that the MaxJax is no ordinary garage lift.<\/p>\n<div class=\"row my-5 align-items-center text-center text-md-left\">\n<div class=\"col-md-4 mb-3 mb-md-0\"><img fetchpriority=\"high\" decoding=\"async\" class=\"img-fluid alignnone\" src=\"https:\/\/www.maxjax.com\/pub\/media\/images\/maxjax-two-post-lift-clear-undercar-access.jpg\" alt=\"MaxJax M6K\" width=\"600\" height=\"480\" \/><\/div>\n<div class=\"col-md-8\">\n<h4 class=\"mb-0\">Vapaa p\u00e4\u00e4sy auton alle<\/h4>\n<p>Mik\u00e4\u00e4n muu matala- tai keskikorkea nostoj\u00e4rjestelm\u00e4 ei tarjoa yht\u00e4 paljon v\u00e4lyst\u00e4 auton alla ja esteet\u00f6nt\u00e4 lattiatilaa kuin MaxJax-nostoj\u00e4rjestelm\u00e4. Nyt p\u00e4\u00e4set helposti k\u00e4siksi moottoreiden pohjiin, vaihteistoihin, vetoakseleihin, k\u00e4ynnistysmoottoreihin, tasauspy\u00f6r\u00e4st\u00f6ihin tai muihin osiin, joiden vuoksi on ment\u00e4v\u00e4 auton alle.<\/p>\n<\/div>\n<\/div>\n<div class=\"row my-5 align-items-center text-center text-md-left\">\n<div class=\"col-md-4 mb-3 mb-md-0\"><img decoding=\"async\" class=\"img-fluid alignnone\" src=\"https:\/\/www.maxjax.com\/pub\/media\/images\/maxjax-two-post-lift-portable-columns.jpg\" alt=\"MaxJax M6K\" width=\"600\" height=\"480\" \/><\/div>\n<div class=\"col-md-8\">\n<h4 class=\"mb-0\">Siirrett\u00e4vyys<\/h4>\n<p>Kaksipilarinostin sis\u00e4\u00e4nrakennetuilla py\u00f6rill\u00e4, jotka mahdollistavat nostimen k\u00e4yt\u00f6n tarvittaessa ja siirt\u00e4misen pois tielt\u00e4, kun nostin ei ole k\u00e4yt\u00f6ss\u00e4, pit\u00e4en autotallisi ja ajoneuvokaistasi vapaana esteist\u00e4.<\/p>\n<\/div>\n<\/div>\n<div class=\"row my-5 align-items-center text-center text-md-left\">\n<div class=\"col-md-4 mb-3 mb-md-0\"><img decoding=\"async\" class=\"img-fluid alignnone\" src=\"https:\/\/www.maxjax.com\/pub\/media\/images\/from-stow-to-go-maxjax-portable-two-post-lift.jpg\" alt=\"MaxJax M6K\" width=\"600\" height=\"480\" \/><\/div>\n<div class=\"col-md-8\">\n<h4 class=\"mb-0\">S\u00e4ilytyksest\u00e4 k\u00e4ytt\u00f6\u00f6n alle 15 minuutissa<\/h4>\n<p>Sis\u00e4kierteityksell\u00e4 varustetut upotettavat ankkurit ja hydrauliikan pikaliittimet takaavat nopean ja helpon kokoonpanon. HUOMAUTUS: Johtojen sijainnin m\u00e4\u00e4ritt\u00e4miseksi ja tiet\u00e4\u00e4ksesi, miss\u00e4 ei voi porata, keskustele aina rakennussuunnittelijan kanssa ennen kuin poraat j\u00e4lkij\u00e4nnitettyj\u00e4 autotallien lattioita.<\/p>\n<\/div>\n<\/div>\n<div class=\"row my-5 align-items-center text-center text-md-left\">\n<div class=\"col-md-4 mb-3 mb-md-0\"><img loading=\"lazy\" decoding=\"async\" class=\"img-fluid alignnone\" src=\"https:\/\/www.maxjax.com\/pub\/media\/images\/maxjax-two-post-lift-flow-divider.jpg\" alt=\"MaxJax M6K\" width=\"600\" height=\"480\" \/><\/div>\n<div class=\"col-md-8\">\n<h4 class=\"mb-0\">Toimii taianomaisesti<\/h4>\n<p>MaxJax\u00ae-j\u00e4rjestelm\u00e4n syd\u00e4n on valurautainen hammaspy\u00f6r\u00e4virtauksenjakaja, joka takaa tarkasti tasapainotetun noston. Erityisesti suunniteltu virtauksenjakaja\/-yhdistin on syrj\u00e4ytysnesteohjauslaite, jossa on tarkka hydraulitehon virtausjako yhdest\u00e4 pilarista toiseen, vaikka kuormatasapainon paineet muuttuvat.<\/p>\n<\/div>\n<\/div>\n<div class=\"row my-5 align-items-center text-center text-md-left\">\n<div class=\"col-md-4 mb-3 mb-md-0\"><img loading=\"lazy\" decoding=\"async\" class=\"img-fluid alignnone\" src=\"https:\/\/www.maxjax.com\/pub\/media\/images\/MaxJax-Power-Unit-Mobile-Cart-Product-Page.jpg\" alt=\"MaxJax M6K\" width=\"300\" height=\"200\" \/><\/div>\n<div class=\"col-md-8\">\n<h4 class=\"mb-0\">Siirrett\u00e4v\u00e4 virtayksikk\u00f6vaunu<\/h4>\n<p>Vakiovarusteinen siirrett\u00e4v\u00e4 virtayksikk\u00f6vaunumme on riitt\u00e4v\u00e4n pieni s\u00e4ilytett\u00e4v\u00e4ksi poissa tielt\u00e4 ja sis\u00e4lt\u00e4\u00e4 s\u00e4ilytyspaikan hydrauliletkuille. Hydraulitehoyksikk\u00f6 k\u00e4ytt\u00e4\u00e4 yksivaihemoottoria, joka vaatii 208-240V voltin vaihtovirran ja 16(C) ampeerin katkaisijan. Teollisuusluokan virtajohto on 1,8 m pitk\u00e4. Yksinkertainen painokytkin nostaa nostimen ja painovipu s\u00e4\u00e4t\u00e4\u00e4 laskua. Yksinkertaiset pikaliit\u00e4nn\u00e4ll\u00e4 varustetut letkut voidaan sijoittaa helposti yhden tai kahden pilarin k\u00e4ytt\u00f6\u00e4 varten.<\/p>\n<\/div>\n<\/div>\n<div class=\"row my-5 align-items-center text-center text-md-left\">\n<div class=\"col-md-4 mb-3 mb-md-0\"><img loading=\"lazy\" decoding=\"async\" class=\"img-fluid alignnone\" src=\"https:\/\/www.maxjax.com\/pub\/media\/images\/maxjax-portable-lift-stackable-adapters.jpg\" alt=\"Nosta sovitin\" width=\"600\" height=\"480\" \/><\/div>\n<div class=\"col-md-8\">\n<h4 class=\"mb-0\">S\u00e4\u00e4dett\u00e4v\u00e4t nostovarret ja pinottavat adapterit<\/h4>\n<p>Lis\u00e4\u00e4 varren sijoitusvaihtoehtoja monenlaisten ajoneuvojen nostamista varten, joissa on itsekantava korirakenne, OEM-suositellut nostokohdat tai leve\u00e4t ja\/tai kapeat runkokonfiguraatiot.\u00a0<strong>Every MaxJax M7K order includes four (4) medium height adapters and four (4) stackable standard lift pad adapters.<\/strong><\/p>\n<p><a class=\"grid-link\" href=\"https:\/\/www.maxjax.com\/accessories\/tall-adapters\/\">Pitk\u00e4t adapterisarjat ovat valinnainen lis\u00e4varuste<\/a><\/p>\n<\/div>\n<\/div>\n<div class=\"row my-5 align-items-center text-center text-md-left\">\n<div class=\"col-md-4 mb-3 mb-md-0\"><img loading=\"lazy\" decoding=\"async\" class=\"img-fluid alignnone\" src=\"https:\/\/www.maxjax.com\/pub\/media\/images\/low-clearance-two-post-lift-maxjax.jpg\" alt=\"Matalaprofiiliset varret\" width=\"600\" height=\"480\" \/><\/div>\n<div class=\"col-md-8\">\n<h4 class=\"mb-0\">Matalaprofiiliset varret<\/h4>\n<p>Sopivat matalimpien compact- ja urheiluautojen tai mukautettujen moottoripy\u00f6rien, joissa on madalletut rungot, alle.<\/p>\n<\/div>\n<\/div>\n<div class=\"row my-5 align-items-center text-center text-md-left\">\n<div class=\"col-md-4 mb-3 mb-md-0\"><img loading=\"lazy\" decoding=\"async\" class=\"img-fluid alignnone\" src=\"https:\/\/www.maxjax.com\/pub\/media\/images\/maxjax-automatic-arm-restraints.jpg\" alt=\"MaxJax M6K\" width=\"600\" height=\"480\" \/><\/div>\n<div class=\"col-md-8\">\n<h4 class=\"mb-0\">Automaattiset varren pid\u00e4ttimet<\/h4>\n<p>Varret on varustettu kest\u00e4vill\u00e4 varren pid\u00e4ttimill\u00e4, jotka kytkeytyv\u00e4t automaattisesti aina, kun nostinta nostetaan. Kun nostinta lasketaan, hammaspy\u00f6r\u00e4tyyppiset varren pid\u00e4ttimet kytkeytyv\u00e4t irti automaattisesti, jotta nostovarret voidaan asemoida helposti.<\/p>\n<\/div>\n<\/div>\n<div class=\"row my-5 align-items-center text-center text-md-left\">\n<div class=\"col-md-4 mb-3 mb-md-0\"><img loading=\"lazy\" decoding=\"async\" class=\"img-fluid alignnone\" src=\"https:\/\/www.maxjax.com\/pub\/media\/images\/MaxJax-Maintenance-free-slide-blocks-Product-Page.jpg\" alt=\"MaxJax M6K\" width=\"300\" height=\"200\" \/><\/div>\n<div class=\"col-md-8\">\n<h4 class=\"mb-0\">Huoltovapaat liukukappaleet<\/h4>\n<p>Sen sijaan, ett\u00e4 k\u00e4yt\u00e4mme jatkuvaa voitelua ja huoltoa tarvitsevia rullalaakereita, k\u00e4yt\u00e4mme futuristisia t\u00e4ysin kelluvia UHMW: n eritt\u00e4in suuren molekyylipainon omaavia polyeteenikuormalaakereita, jotka eiv\u00e4t koskaan vaadi voitelua ja kest\u00e4v\u00e4t k\u00e4yt\u00e4nn\u00f6ss\u00e4 hissin k\u00e4ytt\u00f6i\u00e4n.<\/p>\n<\/div>\n<\/div>\n<div class=\"row my-5 align-items-center text-center text-md-left\">\n<div class=\"col-md-4 mb-3 mb-md-0\"><img loading=\"lazy\" decoding=\"async\" class=\"img-fluid alignnone\" src=\"https:\/\/www.maxjax.com\/pub\/media\/images\/MaxJax-M6-Portable-Car-Lift-Automatic-Safety-Lock-Product-Page.jpg\" alt=\"Turvalukko\" width=\"300\" height=\"200\" \/><\/div>\n<div class=\"col-md-8\">\n<h4 class=\"mb-0\">Yksiosaiset sarakkeet<\/h4>\n<p>Valmistamme pylv\u00e4\u00e4t tarkoituksella yksiosaisella rakenteella, mik\u00e4 lis\u00e4\u00e4 lujuutta ja v\u00e4hent\u00e4\u00e4 v\u00e4symist\u00e4 raskaissa kuormitusolosuhteissa.<\/p>\n<\/div>\n<\/div>\n<div class=\"row my-5 align-items-center text-center text-md-left\">\n<div class=\"col-md-4 mb-3 mb-md-0\"><img loading=\"lazy\" decoding=\"async\" class=\"img-fluid alignnone\" src=\"https:\/\/www.maxjax.com\/pub\/media\/images\/MaxJax-Direct-Drive-Hydraulic-Cylinders-Product-Page.jpg\" alt=\"hydraulisylinteri\" width=\"300\" height=\"200\" \/><\/div>\n<div class=\"col-md-8\">\n<h4 class=\"mb-0\">Direct-Drive-tekniikka<\/h4>\n<p>By utilizing two low-pressure HVLP Direct-Drive cylinders, we\u2019ve eliminated the need for lifting chains or screw mechanisms most commonly found on other lift designs. HVLP Direct-Drive technology offers better reliability, smoother operation and less maintenance.<\/p>\n<\/div>\n<\/div>\n<div class=\"row my-5 align-items-center text-center text-md-left\">\n<div class=\"col-md-4 mb-3 mb-md-0\"><img loading=\"lazy\" decoding=\"async\" class=\"img-fluid alignnone\" src=\"https:\/\/www.maxjax.com\/pub\/media\/images\/MaxJax-Industrial-Grade-Hydraulic-Cylinder-Product-Page.jpg\" alt=\"hydraulisylinteri\" width=\"300\" height=\"200\" \/><\/div>\n<div class=\"col-md-8\">\n<h4 class=\"mb-0\">Teollisuuden tason hydraulisylinterit<\/h4>\n<p>Integrated into every MaxJax\u00ae hydraulic cylinder is a one-piece, pilot fitted, machined steel piston wrapped with specially designed, pressure loaded U-cup piston seals, backups and wear bands that virtually eliminates any fluid bypass. The micro-smooth chrome-rod is machined from high yield, ground and polished C-1045\/50 micro-alloy steel and plated to a minimum of .001\u2033 diametrically, to ensure superior cylinder operation and life.<\/p>\n<\/div>\n<\/div>\n<div class=\"row my-5 align-items-center text-center text-md-left\">\n<div class=\"col-md-4 mb-3 mb-md-0\"><img loading=\"lazy\" decoding=\"async\" class=\"img-fluid alignnone\" src=\"https:\/\/www.maxjax.com\/pub\/media\/images\/MaxJax-Motorcycle-ATV-Adapter-Optional-Kit-Product-Page.jpg\" alt=\"MaxJax M6K\" width=\"300\" height=\"200\" \/><\/div>\n<div class=\"col-md-8\">\n<h4 class=\"mb-0\">Kaksi nostinta samassa paketissa<\/h4>\n<p>Our optional motorcycle adapter kit allows you to safely lift motorcycles, ATV\u2019s or other motorized vehicles to a comfortable working height.<\/p>\n<\/div>\n<p><a href=\"https:\/\/maxjax-europe.com\/fi\/specifications\/\">Katso kaikki tekniset tiedot t\u00e4\u00e4lt\u00e4<\/a><\/p>\n<\/div>","protected":false},"excerpt":{"rendered":"<p><strong>Kannettava autonostin<\/strong><\/p>\n<p>Kantavuus 3,175 kg<\/p>\n<p>Mukavuuden, siirrett\u00e4vyyden ja kompaktin s\u00e4ilytyksen vuoksi mik\u00e4\u00e4n ei voita patentoitua MaxJax M7K \u00ae kannettavaa autonosturia. Ainutlaatuisen kannettavan kaksipylv\u00e4isen rakenteensa ansiosta MaxJax tarjoaa enemm\u00e4n monipuolisuutta ja huollettavuutta verrattuna perinteisiin keski- tai matalakerroksisiin autotallin nostoj\u00e4rjestelmiin.<\/p>\n<p><a href=\"https:\/\/maxjax-europe.com\/fi\/tuote\/kroon-oil-perlus-h46-2x5l\/\">\u00c4l\u00e4 unohda lis\u00e4t\u00e4 tarvittavaa hydraulinestett\u00e4!<\/a><\/p>\n<p><a href=\"https:\/\/maxjax-europe.com\/fi\/shipping-information\/\">L\u00e4het\u00e4tk\u00f6 kotimaahani?<\/a><\/p>","protected":false},"featured_media":4458,"comment_status":"open","ping_status":"closed","template":"","meta":[],"product_brand":[],"product_cat":[65],"product_tag":[31,91],"class_list":{"0":"post-3645","1":"product","2":"type-product","3":"status-publish","4":"has-post-thumbnail","6":"product_cat-maxjax","7":"product_tag-all-season","8":"product_tag-wheels","9":"product_shipping_class-maxjax","10":"product-custom-label-money-back-garanty","11":"product-custom-label-extended-warranty","12":"product-custom-label-1-4-days-delivery","13":"badges-style-2","14":"wcpa_has_options","16":"first","17":"instock","18":"taxable","19":"shipping-taxable","20":"purchasable","21":"product-type-simple"},"yoast_head":"<!-- This site is optimized with the Yoast SEO plugin v27.6 - https:\/\/yoast.com\/product\/yoast-seo-wordpress\/ -->\n<title>MaxJax M7K Portable Two post Lift - MaxJax Europe<\/title>\n<meta name=\"description\" content=\"The MaxJax M7K Portable Two-Post Garage Lift is the best Portable Two Post Lift there is. Delivered directly from our stock in Europe!\" \/>\n<meta name=\"robots\" content=\"index, follow, max-snippet:-1, max-image-preview:large, max-video-preview:-1\" \/>\n<link rel=\"canonical\" href=\"https:\/\/maxjax-europe.com\/fi\/tuote\/maxjax-m7k\/\" \/>\n<meta property=\"og:locale\" content=\"fi_FI\" \/>\n<meta property=\"og:type\" content=\"article\" \/>\n<meta property=\"og:title\" content=\"MaxJax M7K Portable Two post Lift - MaxJax Europe\" \/>\n<meta property=\"og:description\" content=\"The MaxJax M7K Portable Two-Post Garage Lift is the best Portable Two Post Lift there is. Delivered directly from our stock in Europe!\" \/>\n<meta property=\"og:url\" content=\"https:\/\/maxjax-europe.com\/fi\/tuote\/maxjax-m7k\/\" \/>\n<meta property=\"og:site_name\" content=\"MaxJax Europe\" \/>\n<meta property=\"article:modified_time\" content=\"2025-08-07T10:42:52+00:00\" \/>\n<meta property=\"og:image\" content=\"https:\/\/maxjax-europe.com\/wp-content\/uploads\/2017\/06\/maxjax-homepage-1.png\" \/>\n\t<meta property=\"og:image:width\" content=\"320\" \/>\n\t<meta property=\"og:image:height\" content=\"320\" \/>\n\t<meta property=\"og:image:type\" content=\"image\/png\" \/>\n<meta name=\"twitter:card\" content=\"summary_large_image\" \/>\n<meta name=\"twitter:label1\" content=\"Arvioitu lukuaika\" \/>\n\t<meta name=\"twitter:data1\" content=\"6 minuuttia\" \/>\n<script type=\"application\/ld+json\" class=\"yoast-schema-graph\">{\"@context\":\"https:\\\/\\\/schema.org\",\"@graph\":[{\"@type\":\"WebPage\",\"@id\":\"https:\\\/\\\/maxjax-europe.com\\\/product\\\/maxjax-m7k\\\/\",\"url\":\"https:\\\/\\\/maxjax-europe.com\\\/product\\\/maxjax-m7k\\\/\",\"name\":\"MaxJax M7K Portable Two post Lift - MaxJax Europe\",\"isPartOf\":{\"@id\":\"https:\\\/\\\/maxjax-europe.com\\\/#website\"},\"primaryImageOfPage\":{\"@id\":\"https:\\\/\\\/maxjax-europe.com\\\/product\\\/maxjax-m7k\\\/#primaryimage\"},\"image\":{\"@id\":\"https:\\\/\\\/maxjax-europe.com\\\/product\\\/maxjax-m7k\\\/#primaryimage\"},\"thumbnailUrl\":\"https:\\\/\\\/maxjax-europe.com\\\/wp-content\\\/uploads\\\/2017\\\/06\\\/maxjax-homepage-1.png\",\"datePublished\":\"2021-01-01T12:00:12+00:00\",\"dateModified\":\"2025-08-07T10:42:52+00:00\",\"description\":\"The MaxJax M7K Portable Two-Post Garage Lift is the best Portable Two Post Lift there is. Delivered directly from our stock in Europe!\",\"breadcrumb\":{\"@id\":\"https:\\\/\\\/maxjax-europe.com\\\/product\\\/maxjax-m7k\\\/#breadcrumb\"},\"inLanguage\":\"fi\",\"potentialAction\":[{\"@type\":\"ReadAction\",\"target\":[\"https:\\\/\\\/maxjax-europe.com\\\/product\\\/maxjax-m7k\\\/\"]}]},{\"@type\":\"ImageObject\",\"inLanguage\":\"fi\",\"@id\":\"https:\\\/\\\/maxjax-europe.com\\\/product\\\/maxjax-m7k\\\/#primaryimage\",\"url\":\"https:\\\/\\\/maxjax-europe.com\\\/wp-content\\\/uploads\\\/2017\\\/06\\\/maxjax-homepage-1.png\",\"contentUrl\":\"https:\\\/\\\/maxjax-europe.com\\\/wp-content\\\/uploads\\\/2017\\\/06\\\/maxjax-homepage-1.png\",\"width\":320,\"height\":320,\"caption\":\"MaxJax M6K\"},{\"@type\":\"BreadcrumbList\",\"@id\":\"https:\\\/\\\/maxjax-europe.com\\\/product\\\/maxjax-m7k\\\/#breadcrumb\",\"itemListElement\":[{\"@type\":\"ListItem\",\"position\":1,\"name\":\"Home\",\"item\":\"https:\\\/\\\/maxjax-europe.com\\\/\"},{\"@type\":\"ListItem\",\"position\":2,\"name\":\"Shop\",\"item\":\"https:\\\/\\\/maxjax-europe.com\\\/it\\\/maxjax\\\/\"},{\"@type\":\"ListItem\",\"position\":3,\"name\":\"MaxJax M7K Portable Two post Lift\"}]},{\"@type\":\"WebSite\",\"@id\":\"https:\\\/\\\/maxjax-europe.com\\\/#website\",\"url\":\"https:\\\/\\\/maxjax-europe.com\\\/\",\"name\":\"MaxJax Europe\",\"description\":\"Shop MaxJax Portable Two-Post Car Lift\",\"publisher\":{\"@id\":\"https:\\\/\\\/maxjax-europe.com\\\/#organization\"},\"potentialAction\":[{\"@type\":\"SearchAction\",\"target\":{\"@type\":\"EntryPoint\",\"urlTemplate\":\"https:\\\/\\\/maxjax-europe.com\\\/?s={search_term_string}\"},\"query-input\":{\"@type\":\"PropertyValueSpecification\",\"valueRequired\":true,\"valueName\":\"search_term_string\"}}],\"inLanguage\":\"fi\"},{\"@type\":\"Organization\",\"@id\":\"https:\\\/\\\/maxjax-europe.com\\\/#organization\",\"name\":\"MaxJax Europe\",\"url\":\"https:\\\/\\\/maxjax-europe.com\\\/\",\"logo\":{\"@type\":\"ImageObject\",\"inLanguage\":\"fi\",\"@id\":\"https:\\\/\\\/maxjax-europe.com\\\/#\\\/schema\\\/logo\\\/image\\\/\",\"url\":\"https:\\\/\\\/maxjax-europe.com\\\/wp-content\\\/uploads\\\/2021\\\/01\\\/cropped-EUB-1-1.png\",\"contentUrl\":\"https:\\\/\\\/maxjax-europe.com\\\/wp-content\\\/uploads\\\/2021\\\/01\\\/cropped-EUB-1-1.png\",\"width\":2266,\"height\":553,\"caption\":\"MaxJax Europe\"},\"image\":{\"@id\":\"https:\\\/\\\/maxjax-europe.com\\\/#\\\/schema\\\/logo\\\/image\\\/\"}}]}<\/script>\n<!-- \/ Yoast SEO plugin. -->","yoast_head_json":{"title":"MaxJax M7K Portable Two post Lift - MaxJax Europe","description":"The MaxJax M7K Portable Two-Post Garage Lift is the best Portable Two Post Lift there is. Delivered directly from our stock in Europe!","robots":{"index":"index","follow":"follow","max-snippet":"max-snippet:-1","max-image-preview":"max-image-preview:large","max-video-preview":"max-video-preview:-1"},"canonical":"https:\/\/maxjax-europe.com\/fi\/tuote\/maxjax-m7k\/","og_locale":"fi_FI","og_type":"article","og_title":"MaxJax M7K Portable Two post Lift - MaxJax Europe","og_description":"The MaxJax M7K Portable Two-Post Garage Lift is the best Portable Two Post Lift there is. Delivered directly from our stock in Europe!","og_url":"https:\/\/maxjax-europe.com\/fi\/tuote\/maxjax-m7k\/","og_site_name":"MaxJax Europe","article_modified_time":"2025-08-07T10:42:52+00:00","og_image":[{"width":320,"height":320,"url":"https:\/\/maxjax-europe.com\/wp-content\/uploads\/2017\/06\/maxjax-homepage-1.png","type":"image\/png"}],"twitter_card":"summary_large_image","twitter_misc":{"Arvioitu lukuaika":"6 minuuttia"},"schema":{"@context":"https:\/\/schema.org","@graph":[{"@type":"WebPage","@id":"https:\/\/maxjax-europe.com\/product\/maxjax-m7k\/","url":"https:\/\/maxjax-europe.com\/product\/maxjax-m7k\/","name":"MaxJax M7K Portable Two post Lift - MaxJax Europe","isPartOf":{"@id":"https:\/\/maxjax-europe.com\/#website"},"primaryImageOfPage":{"@id":"https:\/\/maxjax-europe.com\/product\/maxjax-m7k\/#primaryimage"},"image":{"@id":"https:\/\/maxjax-europe.com\/product\/maxjax-m7k\/#primaryimage"},"thumbnailUrl":"https:\/\/maxjax-europe.com\/wp-content\/uploads\/2017\/06\/maxjax-homepage-1.png","datePublished":"2021-01-01T12:00:12+00:00","dateModified":"2025-08-07T10:42:52+00:00","description":"The MaxJax M7K Portable Two-Post Garage Lift is the best Portable Two Post Lift there is. Delivered directly from our stock in Europe!","breadcrumb":{"@id":"https:\/\/maxjax-europe.com\/product\/maxjax-m7k\/#breadcrumb"},"inLanguage":"fi","potentialAction":[{"@type":"ReadAction","target":["https:\/\/maxjax-europe.com\/product\/maxjax-m7k\/"]}]},{"@type":"ImageObject","inLanguage":"fi","@id":"https:\/\/maxjax-europe.com\/product\/maxjax-m7k\/#primaryimage","url":"https:\/\/maxjax-europe.com\/wp-content\/uploads\/2017\/06\/maxjax-homepage-1.png","contentUrl":"https:\/\/maxjax-europe.com\/wp-content\/uploads\/2017\/06\/maxjax-homepage-1.png","width":320,"height":320,"caption":"MaxJax M6K"},{"@type":"BreadcrumbList","@id":"https:\/\/maxjax-europe.com\/product\/maxjax-m7k\/#breadcrumb","itemListElement":[{"@type":"ListItem","position":1,"name":"Home","item":"https:\/\/maxjax-europe.com\/"},{"@type":"ListItem","position":2,"name":"Shop","item":"https:\/\/maxjax-europe.com\/it\/maxjax\/"},{"@type":"ListItem","position":3,"name":"MaxJax M7K Portable Two post Lift"}]},{"@type":"WebSite","@id":"https:\/\/maxjax-europe.com\/#website","url":"https:\/\/maxjax-europe.com\/","name":"MaxJax Suomi","description":"Osta kannettava MaxJax-kaksipylv\u00e4snostin","publisher":{"@id":"https:\/\/maxjax-europe.com\/#organization"},"potentialAction":[{"@type":"SearchAction","target":{"@type":"EntryPoint","urlTemplate":"https:\/\/maxjax-europe.com\/?s={search_term_string}"},"query-input":{"@type":"PropertyValueSpecification","valueRequired":true,"valueName":"search_term_string"}}],"inLanguage":"fi"},{"@type":"Organization","@id":"https:\/\/maxjax-europe.com\/#organization","name":"MaxJax Suomi","url":"https:\/\/maxjax-europe.com\/","logo":{"@type":"ImageObject","inLanguage":"fi","@id":"https:\/\/maxjax-europe.com\/#\/schema\/logo\/image\/","url":"https:\/\/maxjax-europe.com\/wp-content\/uploads\/2021\/01\/cropped-EUB-1-1.png","contentUrl":"https:\/\/maxjax-europe.com\/wp-content\/uploads\/2021\/01\/cropped-EUB-1-1.png","width":2266,"height":553,"caption":"MaxJax Europe"},"image":{"@id":"https:\/\/maxjax-europe.com\/#\/schema\/logo\/image\/"}}]}},"jetpack_sharing_enabled":true,"wcpa_form_fields":{"wcpaData":{"product":{"product_price":2650,"price_html":"<span class=\"woocommerce-Price-amount amount\"><bdi><span class=\"woocommerce-Price-currencySymbol\">&euro;<\/span>2.650,00<\/bdi><\/span> <small class=\"woocommerce-price-suffix\">Excl. VAT<\/small>","original_product_price":2650,"price_including_tax":3206.5,"price_excluding_tax":2650,"product_id":{"parent":3645,"variation":false},"is_variable":false,"stock_status":"instock","stock_quantity":null,"parent_sku":"MaxJaxm7k","product_attributes":[],"custom_fields":[],"is_taxable":true,"product_name":"MaxJax M7K Portable Two post Lift","hasImage":false},"fields":{"sec_10652fec42725b4":{"extra":{"key":"sec_10652fec42725b4","section_id":"sec_10652fec42725b4","name":"Default","status":1,"cl_rule":"show","enableCl":false,"relations":[],"toggle":true,"title_tag":"h3","show_title":false,"showPrice":"default","form_id":5131,"form_rules":{"exclude_from_discount":false,"fee_label":"Fee","disp_hide_options_price":false,"disp_show_section_price":false,"disp_show_field_price":true,"layout_option":"standard","pric_use_as_fee":false,"process_fee_as":"woo_fee"},"layout_option":"standard"},"fields":[[{"active":true,"col":6,"relations":false,"cl_rule":"show","enableCl":false,"price":"","enablePrice":true,"className":"","label_position":"default","desc_position":"default","type":"checkbox-group","required":true,"elementId":"checkgroup_3985119450","label":"Hydraulic oil","name":"checkgroup_3985119450","values":[{"label":"2x5L Perlus H32 hydraulic oil","value":"hydraulic oil","selected":false,"tempId":"aco_370","price":"39.95","gt_translate_keys":["label"]},{"label":"No oil","value":"none","selected":false,"tempId":"aco_369","price":"0","gt_translate_keys":["label"]}],"layOut":"","error":false,"checkUi":"","description":"The MaxJax requires hydraulic oil to operate. Would you like to add oil?","priceOptions":"different_for_all","pricingType":"fixed","show_selected_option":false,"max_options":"1","min_options":"1","gt_translate_keys":["label","description"],"price_dependency":false,"cl_dependency":false,"value":""}]]}},"config":{"price_override":"","enable_recaptcha":false,"bind_quantity":false,"quantity_bind_formula":false,"disp_summ_show_option_price":true,"disp_summ_show_product_price":true,"disp_summ_show_total_price":true,"disp_summ_show_fee":false,"disp_summ_show_discount":false,"summary_title":"","options_total_label":"Options Price","total_label":"Total","options_product_label":"Product Price","fee_label":"Fee","discount_label":"Discount","has_price":true,"has_quantity_formula":false},"mc_unit":1,"tax_rate":1,"tax_rate_real":0.21,"discount":{"percentage":0,"fixed":0},"design":{"conf":{"LabelPosition":"above","DescPosition":"above","UploadField":"custom_1","QuantityFieldStyle":"default"},"css":{"LeftLabelWidth":"120px"}},"formulas":[],"lookuptables":[],"clones":false,"cartKey":false}},"_links":{"self":[{"href":"https:\/\/maxjax-europe.com\/fi\/wp-json\/wp\/v2\/product\/3645","targetHints":{"allow":["GET"]}}],"collection":[{"href":"https:\/\/maxjax-europe.com\/fi\/wp-json\/wp\/v2\/product"}],"about":[{"href":"https:\/\/maxjax-europe.com\/fi\/wp-json\/wp\/v2\/types\/product"}],"replies":[{"embeddable":true,"href":"https:\/\/maxjax-europe.com\/fi\/wp-json\/wp\/v2\/comments?post=3645"}],"wp:featuredmedia":[{"embeddable":true,"href":"https:\/\/maxjax-europe.com\/fi\/wp-json\/wp\/v2\/media\/4458"}],"wp:attachment":[{"href":"https:\/\/maxjax-europe.com\/fi\/wp-json\/wp\/v2\/media?parent=3645"}],"wp:term":[{"taxonomy":"product_brand","embeddable":true,"href":"https:\/\/maxjax-europe.com\/fi\/wp-json\/wp\/v2\/product_brand?post=3645"},{"taxonomy":"product_cat","embeddable":true,"href":"https:\/\/maxjax-europe.com\/fi\/wp-json\/wp\/v2\/product_cat?post=3645"},{"taxonomy":"product_tag","embeddable":true,"href":"https:\/\/maxjax-europe.com\/fi\/wp-json\/wp\/v2\/product_tag?post=3645"}],"curies":[{"name":"wp","href":"https:\/\/api.w.org\/{rel}","templated":true}]}}