{"id":4575,"date":"2021-01-15T12:32:17","date_gmt":"2021-01-15T12:32:17","guid":{"rendered":"https:\/\/maxjax-europe.com\/?page_id=4575"},"modified":"2023-06-01T12:12:04","modified_gmt":"2023-06-01T12:12:04","slug":"order-information","status":"publish","type":"page","link":"https:\/\/maxjax-europe.com\/fr\/order-information\/","title":{"rendered":"Informations sur la commande"},"content":{"rendered":"<div data-elementor-type=\"wp-page\" data-elementor-id=\"4575\" class=\"elementor elementor-4575\">\n\t\t\t\t\t\t<section class=\"elementor-section elementor-top-section elementor-element elementor-element-2b9ff6d elementor-section-boxed elementor-section-height-default elementor-section-height-default\" data-id=\"2b9ff6d\" data-element_type=\"section\" data-e-type=\"section\">\n\t\t\t\t\t\t<div class=\"elementor-container elementor-column-gap-default\">\n\t\t\t\t\t<div class=\"elementor-column elementor-col-100 elementor-top-column elementor-element elementor-element-37c70e2\" data-id=\"37c70e2\" data-element_type=\"column\" data-e-type=\"column\">\n\t\t\t<div class=\"elementor-widget-wrap elementor-element-populated\">\n\t\t\t\t\t\t<div class=\"elementor-element elementor-element-8c25df2 elementor-widget elementor-widget-heading\" data-id=\"8c25df2\" data-element_type=\"widget\" data-e-type=\"widget\" data-widget_type=\"heading.default\">\n\t\t\t\t<div class=\"elementor-widget-container\">\n\t\t\t\t\t<h1 class=\"elementor-heading-title elementor-size-default\">Everything you need to know before ordering your MaxJax M7K!<\/h1>\t\t\t\t<\/div>\n\t\t\t\t<\/div>\n\t\t\t\t\t<\/div>\n\t\t<\/div>\n\t\t\t\t\t<\/div>\n\t\t<\/section>\n\t\t\t\t<section class=\"elementor-section elementor-top-section elementor-element elementor-element-32a2539 elementor-section-boxed elementor-section-height-default elementor-section-height-default\" data-id=\"32a2539\" data-element_type=\"section\" data-e-type=\"section\">\n\t\t\t\t\t\t<div class=\"elementor-container elementor-column-gap-default\">\n\t\t\t\t\t<div class=\"elementor-column elementor-col-100 elementor-top-column elementor-element elementor-element-cf3bda9\" data-id=\"cf3bda9\" data-element_type=\"column\" data-e-type=\"column\">\n\t\t\t<div class=\"elementor-widget-wrap elementor-element-populated\">\n\t\t\t\t\t\t<div class=\"elementor-element elementor-element-d24a5e5 elementor-widget elementor-widget-text-editor\" data-id=\"d24a5e5\" data-element_type=\"widget\" data-e-type=\"widget\" data-widget_type=\"text-editor.default\">\n\t\t\t\t<div class=\"elementor-widget-container\">\n\t\t\t\t\t\t\t\t\t<p><span style=\"color: #000000;\">Tout ce que vous devez savoir sur la mise en place, l'exon\u00e9ration de la TVA ou les modes de paiement est expliqu\u00e9 ici. Si vous ne trouvez pas dans la liste une information que vous avez besoin de conna\u00eetre,<\/span><br \/><span style=\"color: #000000;\">Vous pouvez \u00e0 tout moment nous contacter en envoyant un e-mail \u00e0 maxjax@liftmotive.com ou en nous appelant au <a style=\"color: #000000;\" href=\"\/fr\/t\u00e9l: +31627365781\/\">+31 627365781<\/a><\/span><\/p>\t\t\t\t\t\t\t\t<\/div>\n\t\t\t\t<\/div>\n\t\t\t\t<div class=\"elementor-element elementor-element-18c62f8 elementor-widget-divider--view-line elementor-widget elementor-widget-divider\" data-id=\"18c62f8\" data-element_type=\"widget\" data-e-type=\"widget\" data-widget_type=\"divider.default\">\n\t\t\t\t<div class=\"elementor-widget-container\">\n\t\t\t\t\t\t\t<div class=\"elementor-divider\">\n\t\t\t<span class=\"elementor-divider-separator\">\n\t\t\t\t\t\t<\/span>\n\t\t<\/div>\n\t\t\t\t\t\t<\/div>\n\t\t\t\t<\/div>\n\t\t\t\t\t<\/div>\n\t\t<\/div>\n\t\t\t\t\t<\/div>\n\t\t<\/section>\n\t\t\t\t<section class=\"elementor-section elementor-top-section elementor-element elementor-element-7ca3dbc elementor-section-boxed elementor-section-height-default elementor-section-height-default\" data-id=\"7ca3dbc\" data-element_type=\"section\" data-e-type=\"section\">\n\t\t\t\t\t\t<div class=\"elementor-container elementor-column-gap-default\">\n\t\t\t\t\t<div class=\"elementor-column elementor-col-33 elementor-top-column elementor-element elementor-element-988cc9f\" data-id=\"988cc9f\" data-element_type=\"column\" data-e-type=\"column\">\n\t\t\t<div class=\"elementor-widget-wrap elementor-element-populated\">\n\t\t\t\t\t\t<div class=\"elementor-element elementor-element-2833d11 elementor-widget elementor-widget-text-editor\" data-id=\"2833d11\" data-element_type=\"widget\" data-e-type=\"widget\" data-widget_type=\"text-editor.default\">\n\t\t\t\t<div class=\"elementor-widget-container\">\n\t\t\t\t\t\t\t\t\t<h3 class=\"LC20lb DKV0Md\" style=\"text-align: center;\">Taxe sur la valeur ajout\u00e9e (TVA)<\/h3><p><span style=\"color: #000000;\">Le taux de TVA % est calcul\u00e9 sur la base du taux de TVA du pays o\u00f9 la commande doit \u00eatre exp\u00e9di\u00e9e. Cela s&#039;applique aux utilisateurs priv\u00e9s \u00e0 l&#039;int\u00e9rieur de l&#039;UE.\u00a0<\/span><\/p><p><span style=\"color: #000000;\">Les utilisateurs professionnels au sein de l'UE et hors des Pays-Bas peuvent obtenir leur exon\u00e9ration de TVA (0 %) en indiquant leur num\u00e9ro de TVA intracommunautaire au moment de la commande dans la boutique en ligne.\u00a0<\/span><\/p><p>Si vous commandez en Norv\u00e8ge, en Suisse ou au Royaume-Uni, la TVA sera exon\u00e9r\u00e9e (0 %), que vous soyez un particulier ou un professionnel. La TVA sera pay\u00e9e dans le pays dans lequel vous passez la commande.\u00a0<\/p>\t\t\t\t\t\t\t\t<\/div>\n\t\t\t\t<\/div>\n\t\t\t\t\t<\/div>\n\t\t<\/div>\n\t\t\t\t<div class=\"elementor-column elementor-col-33 elementor-top-column elementor-element elementor-element-9aad8cf\" data-id=\"9aad8cf\" data-element_type=\"column\" data-e-type=\"column\">\n\t\t\t<div class=\"elementor-widget-wrap elementor-element-populated\">\n\t\t\t\t\t\t<div class=\"elementor-element elementor-element-eb8238d elementor-widget elementor-widget-text-editor\" data-id=\"eb8238d\" data-element_type=\"widget\" data-e-type=\"widget\" data-widget_type=\"text-editor.default\">\n\t\t\t\t<div class=\"elementor-widget-container\">\n\t\t\t\t\t\t\t\t\t<h2 style=\"text-align: center;\">Modes de paiement<\/h2><p><span style=\"color: #000000;\">Notre boutique en ligne propose plusieurs modes de r\u00e8glement. Lorsque vous arrivez \u00e0 l'\u00e9tape de paiement dans notre boutique en ligne, vous pouvez s\u00e9lectionner l\u2019un des modes standard \u00e9num\u00e9r\u00e9s ci-dessous :<\/span><\/p><p>\u00a0<\/p><ul><li><span style=\"color: #000000;\">Id\u00e9al<\/span><\/li><li><span style=\"color: #000000;\">Carte de cr\u00e9dit<br \/><\/span><\/li><li><span style=\"color: #000000;\">Klarna Payer plus tard<\/span><\/li><li><span style=\"color: #000000;\">Klarna le tranche<\/span><\/li><li><span style=\"color: #000000;\">PayPal (nous facturons des frais de 3% sur les paiements PayPal)<\/span><\/li><li><span style=\"color: #000000;\">Virement bancaire<\/span><\/li><li><span style=\"color: #000000;\">Giropay<\/span><\/li><li><span style=\"color: #000000;\">Przelewy24<\/span><\/li><li><span style=\"color: #000000;\">KBC \/ CBC<\/span><\/li><li><span style=\"color: #000000;\">Belfius Direct Net<\/span><\/li><li><span style=\"color: #000000;\">ING Home&#039;Pay<\/span><\/li><\/ul>\t\t\t\t\t\t\t\t<\/div>\n\t\t\t\t<\/div>\n\t\t\t\t\t<\/div>\n\t\t<\/div>\n\t\t\t\t<div class=\"elementor-column elementor-col-33 elementor-top-column elementor-element elementor-element-3f991a7\" data-id=\"3f991a7\" data-element_type=\"column\" data-e-type=\"column\">\n\t\t\t<div class=\"elementor-widget-wrap elementor-element-populated\">\n\t\t\t\t\t\t<div class=\"elementor-element elementor-element-5f6464a elementor-widget elementor-widget-text-editor\" data-id=\"5f6464a\" data-element_type=\"widget\" data-e-type=\"widget\" data-widget_type=\"text-editor.default\">\n\t\t\t\t<div class=\"elementor-widget-container\">\n\t\t\t\t\t\t\t\t\t<h2><span style=\"color: #000000;\">Commande par e-mail<\/span><\/h2><p><span style=\"color: #000000;\">Si vous rencontrez des difficult\u00e9s dans notre boutique en ligne, vous pouvez \u00e9galement commander par e-mail. Vous pouvez envoyer votre demande \u00e0 cette adresse : maxjax@liftmotive.com\u00a0<\/span><\/p><p><span style=\"color: #000000;\">D\u00e8s r\u00e9ception de vos informations, nous vous enverrons une facture et (sur demande) un lien pour le paiement, ou les instructions permettant d\u2019effectuer un virement bancaire.<\/span><\/p><h2><span style=\"color: #000000;\">Devise<\/span><\/h2><p><span style=\"color: #000000;\">Tous les prix pr\u00e9sent\u00e9s dans notre boutique en ligne sont libell\u00e9s en Euro \u20ac (EUR). Les commandes au sein de l'UE incluent toutes les taxes applicables au niveau f\u00e9d\u00e9ral et r\u00e9gional, le cas \u00e9ch\u00e9ant, au moment de la commande.<\/span><\/p>\t\t\t\t\t\t\t\t<\/div>\n\t\t\t\t<\/div>\n\t\t\t\t\t<\/div>\n\t\t<\/div>\n\t\t\t\t\t<\/div>\n\t\t<\/section>\n\t\t\t\t<\/div>","protected":false},"excerpt":{"rendered":"<p>Everything you need to know before ordering your MaxJax M7K! Everything you need to know how to place, exempt VAT or payment methods are to explained here. If there\u2019s anything not listed you need to know.You can always contact us by emailing maxjax@liftmotive.com or calling to +31 627365781 Value added tax (VAT) VAT rate %<br \/><a class=\"more-link\" href=\"https:\/\/maxjax-europe.com\/fr\/order-information\/\"><br \/>\n        Lire la suite<span class=\"screen-reader-text\"> &#8220;Order information&#8221;<\/span><\/a><\/p>","protected":false},"author":1,"featured_media":0,"parent":0,"menu_order":0,"comment_status":"closed","ping_status":"closed","template":"","meta":{"footnotes":""},"class_list":["post-4575","page","type-page","status-publish","hentry","badges-style-2"],"yoast_head":"<!-- This site is optimized with the Yoast SEO plugin v27.1.1 - https:\/\/yoast.com\/product\/yoast-seo-wordpress\/ -->\n<title>Order information - MaxJax Europe<\/title>\n<meta name=\"robots\" content=\"index, follow, max-snippet:-1, max-image-preview:large, max-video-preview:-1\" \/>\n<link rel=\"canonical\" href=\"https:\/\/maxjax-europe.com\/fr\/order-information\/\" \/>\n<meta property=\"og:locale\" content=\"fr_FR\" \/>\n<meta property=\"og:type\" content=\"article\" \/>\n<meta property=\"og:title\" content=\"Order information - MaxJax Europe\" \/>\n<meta property=\"og:description\" content=\"Everything you need to know before ordering your MaxJax M7K! Everything you need to know how to place, exempt VAT or payment methods are to explained here. If there\u2019s anything not listed you need to know.You can always contact us by emailing maxjax@liftmotive.com or calling to +31 627365781 Value added tax (VAT) VAT rate %     Read More &quot;Order information&quot;\" \/>\n<meta property=\"og:url\" content=\"https:\/\/maxjax-europe.com\/fr\/order-information\/\" \/>\n<meta property=\"og:site_name\" content=\"MaxJax Europe\" \/>\n<meta property=\"article:modified_time\" content=\"2023-06-01T12:12:04+00:00\" \/>\n<meta name=\"twitter:card\" content=\"summary_large_image\" \/>\n<meta name=\"twitter:label1\" content=\"Dur\u00e9e de lecture estim\u00e9e\" \/>\n\t<meta name=\"twitter:data1\" content=\"2 minutes\" \/>\n<script type=\"application\/ld+json\" class=\"yoast-schema-graph\">{\"@context\":\"https:\/\/schema.org\",\"@graph\":[{\"@type\":\"WebPage\",\"@id\":\"https:\/\/maxjax-europe.com\/order-information\/\",\"url\":\"https:\/\/maxjax-europe.com\/order-information\/\",\"name\":\"Order information - MaxJax Europe\",\"isPartOf\":{\"@id\":\"https:\/\/maxjax-europe.com\/#website\"},\"datePublished\":\"2021-01-15T12:32:17+00:00\",\"dateModified\":\"2023-06-01T12:12:04+00:00\",\"breadcrumb\":{\"@id\":\"https:\/\/maxjax-europe.com\/order-information\/#breadcrumb\"},\"inLanguage\":\"fr-FR\",\"potentialAction\":[{\"@type\":\"ReadAction\",\"target\":[\"https:\/\/maxjax-europe.com\/order-information\/\"]}]},{\"@type\":\"BreadcrumbList\",\"@id\":\"https:\/\/maxjax-europe.com\/order-information\/#breadcrumb\",\"itemListElement\":[{\"@type\":\"ListItem\",\"position\":1,\"name\":\"Home\",\"item\":\"https:\/\/maxjax-europe.com\/\"},{\"@type\":\"ListItem\",\"position\":2,\"name\":\"Order information\"}]},{\"@type\":\"WebSite\",\"@id\":\"https:\/\/maxjax-europe.com\/#website\",\"url\":\"https:\/\/maxjax-europe.com\/\",\"name\":\"MaxJax Europe\",\"description\":\"Shop MaxJax Portable Two-Post Car Lift\",\"publisher\":{\"@id\":\"https:\/\/maxjax-europe.com\/#organization\"},\"potentialAction\":[{\"@type\":\"SearchAction\",\"target\":{\"@type\":\"EntryPoint\",\"urlTemplate\":\"https:\/\/maxjax-europe.com\/?s={search_term_string}\"},\"query-input\":{\"@type\":\"PropertyValueSpecification\",\"valueRequired\":true,\"valueName\":\"search_term_string\"}}],\"inLanguage\":\"fr-FR\"},{\"@type\":\"Organization\",\"@id\":\"https:\/\/maxjax-europe.com\/#organization\",\"name\":\"MaxJax Europe\",\"url\":\"https:\/\/maxjax-europe.com\/\",\"logo\":{\"@type\":\"ImageObject\",\"inLanguage\":\"fr-FR\",\"@id\":\"https:\/\/maxjax-europe.com\/#\/schema\/logo\/image\/\",\"url\":\"https:\/\/maxjax-europe.com\/wp-content\/uploads\/2021\/01\/cropped-EUB-1-1.png\",\"contentUrl\":\"https:\/\/maxjax-europe.com\/wp-content\/uploads\/2021\/01\/cropped-EUB-1-1.png\",\"width\":2266,\"height\":553,\"caption\":\"MaxJax Europe\"},\"image\":{\"@id\":\"https:\/\/maxjax-europe.com\/#\/schema\/logo\/image\/\"}}]}<\/script>\n<!-- \/ Yoast SEO plugin. -->","yoast_head_json":{"title":"Informations de commande - MaxJax Europe","robots":{"index":"index","follow":"follow","max-snippet":"max-snippet:-1","max-image-preview":"max-image-preview:large","max-video-preview":"max-video-preview:-1"},"canonical":"https:\/\/maxjax-europe.com\/fr\/order-information\/","og_locale":"fr_FR","og_type":"article","og_title":"Order information - MaxJax Europe","og_description":"Everything you need to know before ordering your MaxJax M7K! Everything you need to know how to place, exempt VAT or payment methods are to explained here. If there\u2019s anything not listed you need to know.You can always contact us by emailing maxjax@liftmotive.com or calling to +31 627365781 Value added tax (VAT) VAT rate %     Read More \"Order information\"","og_url":"https:\/\/maxjax-europe.com\/fr\/order-information\/","og_site_name":"MaxJax Europe","article_modified_time":"2023-06-01T12:12:04+00:00","twitter_card":"summary_large_image","twitter_misc":{"Dur\u00e9e de lecture estim\u00e9e":"2 minutes"},"schema":{"@context":"https:\/\/schema.org","@graph":[{"@type":"WebPage","@id":"https:\/\/maxjax-europe.com\/order-information\/","url":"https:\/\/maxjax-europe.com\/order-information\/","name":"Informations de commande - MaxJax Europe","isPartOf":{"@id":"https:\/\/maxjax-europe.com\/#website"},"datePublished":"2021-01-15T12:32:17+00:00","dateModified":"2023-06-01T12:12:04+00:00","breadcrumb":{"@id":"https:\/\/maxjax-europe.com\/order-information\/#breadcrumb"},"inLanguage":"fr-FR","potentialAction":[{"@type":"ReadAction","target":["https:\/\/maxjax-europe.com\/order-information\/"]}]},{"@type":"BreadcrumbList","@id":"https:\/\/maxjax-europe.com\/order-information\/#breadcrumb","itemListElement":[{"@type":"ListItem","position":1,"name":"Home","item":"https:\/\/maxjax-europe.com\/"},{"@type":"ListItem","position":2,"name":"Order information"}]},{"@type":"WebSite","@id":"https:\/\/maxjax-europe.com\/#website","url":"https:\/\/maxjax-europe.com\/","name":"MaxJax France","description":"Magasiner l&#039;ascenseur de voiture portatif \u00e0 deux montants MaxJax","publisher":{"@id":"https:\/\/maxjax-europe.com\/#organization"},"potentialAction":[{"@type":"SearchAction","target":{"@type":"EntryPoint","urlTemplate":"https:\/\/maxjax-europe.com\/?s={search_term_string}"},"query-input":{"@type":"PropertyValueSpecification","valueRequired":true,"valueName":"search_term_string"}}],"inLanguage":"fr-FR"},{"@type":"Organization","@id":"https:\/\/maxjax-europe.com\/#organization","name":"MaxJax France","url":"https:\/\/maxjax-europe.com\/","logo":{"@type":"ImageObject","inLanguage":"fr-FR","@id":"https:\/\/maxjax-europe.com\/#\/schema\/logo\/image\/","url":"https:\/\/maxjax-europe.com\/wp-content\/uploads\/2021\/01\/cropped-EUB-1-1.png","contentUrl":"https:\/\/maxjax-europe.com\/wp-content\/uploads\/2021\/01\/cropped-EUB-1-1.png","width":2266,"height":553,"caption":"MaxJax Europe"},"image":{"@id":"https:\/\/maxjax-europe.com\/#\/schema\/logo\/image\/"}}]}},"jetpack_sharing_enabled":true,"_links":{"self":[{"href":"https:\/\/maxjax-europe.com\/fr\/wp-json\/wp\/v2\/pages\/4575","targetHints":{"allow":["GET"]}}],"collection":[{"href":"https:\/\/maxjax-europe.com\/fr\/wp-json\/wp\/v2\/pages"}],"about":[{"href":"https:\/\/maxjax-europe.com\/fr\/wp-json\/wp\/v2\/types\/page"}],"author":[{"embeddable":true,"href":"https:\/\/maxjax-europe.com\/fr\/wp-json\/wp\/v2\/users\/1"}],"replies":[{"embeddable":true,"href":"https:\/\/maxjax-europe.com\/fr\/wp-json\/wp\/v2\/comments?post=4575"}],"version-history":[{"count":10,"href":"https:\/\/maxjax-europe.com\/fr\/wp-json\/wp\/v2\/pages\/4575\/revisions"}],"predecessor-version":[{"id":5081,"href":"https:\/\/maxjax-europe.com\/fr\/wp-json\/wp\/v2\/pages\/4575\/revisions\/5081"}],"wp:attachment":[{"href":"https:\/\/maxjax-europe.com\/fr\/wp-json\/wp\/v2\/media?parent=4575"}],"curies":[{"name":"wp","href":"https:\/\/api.w.org\/{rel}","templated":true}]}}