{"id":4591,"date":"2021-01-15T13:37:01","date_gmt":"2021-01-15T13:37:01","guid":{"rendered":"https:\/\/maxjax-europe.com\/?page_id=4591"},"modified":"2021-02-02T16:48:23","modified_gmt":"2021-02-02T16:48:23","slug":"warranty-information","status":"publish","type":"page","link":"https:\/\/maxjax-europe.com\/fr\/warranty-information\/","title":{"rendered":"Informations de garantie"},"content":{"rendered":"<div data-elementor-type=\"wp-page\" data-elementor-id=\"4591\" class=\"elementor elementor-4591\">\n\t\t\t\t\t\t<section class=\"elementor-section elementor-top-section elementor-element elementor-element-d8e8b4c elementor-section-boxed elementor-section-height-default elementor-section-height-default\" data-id=\"d8e8b4c\" data-element_type=\"section\" data-e-type=\"section\">\n\t\t\t\t\t\t<div class=\"elementor-container elementor-column-gap-default\">\n\t\t\t\t\t<div class=\"elementor-column elementor-col-100 elementor-top-column elementor-element elementor-element-c361ca2\" data-id=\"c361ca2\" data-element_type=\"column\" data-e-type=\"column\">\n\t\t\t<div class=\"elementor-widget-wrap elementor-element-populated\">\n\t\t\t\t\t\t<div class=\"elementor-element elementor-element-e376b3f elementor-widget elementor-widget-text-editor\" data-id=\"e376b3f\" data-element_type=\"widget\" data-e-type=\"widget\" data-widget_type=\"text-editor.default\">\n\t\t\t\t<div class=\"elementor-widget-container\">\n\t\t\t\t\t\t\t\t\t<h3>Garantie pour les utilisateurs professionnels<\/h3><p><strong>Dur\u00e9e:<\/strong>\u00a0\u00c0 compter de la date d'achat par l'acheteur initial ou 12 mois \u00e0 compter de la date d'exp\u00e9dition, la premi\u00e8re de ces deux dates pr\u00e9valant.<\/p><ul><li>Garantie de trois ans (36 mois) sur la structure de l'\u00e9quipement<\/li><li>Garantie d'un an (12 mois) sur les composants op\u00e9rationnels<\/li><li>Un an (12 mois) d'exp\u00e9dition gratuite concerne les frais de transport terrestre li\u00e9s \u00e0 l'ex\u00e9cution de la garantie<\/li><\/ul><h3>Garantie pour particuliers<\/h3><p><strong>Dur\u00e9e:<\/strong>\u00a0\u00c0 compter de la date d'achat par l'acheteur initial ou 24 mois \u00e0 compter de la date d'exp\u00e9dition, la premi\u00e8re de ces deux dates \u00e9tant retenue.<\/p><ul><li>Garantie de trois ans (36 mois) sur la structure de l'\u00e9quipement<\/li><li>Garantie de deux ans (24 mois) sur les composants op\u00e9rationnels<\/li><li>Deux ans 24 mois d'exp\u00e9dition gratuite (concerne les frais de transport terrestre li\u00e9s \u00e0 l'ex\u00e9cution de la garantie)<\/li><\/ul>\t\t\t\t\t\t\t\t<\/div>\n\t\t\t\t<\/div>\n\t\t\t\t\t<\/div>\n\t\t<\/div>\n\t\t\t\t\t<\/div>\n\t\t<\/section>\n\t\t\t\t<section class=\"elementor-section elementor-top-section elementor-element elementor-element-8f5380d elementor-section-boxed elementor-section-height-default elementor-section-height-default\" data-id=\"8f5380d\" data-element_type=\"section\" data-e-type=\"section\">\n\t\t\t\t\t\t<div class=\"elementor-container elementor-column-gap-default\">\n\t\t\t\t\t<div class=\"elementor-column elementor-col-100 elementor-top-column elementor-element elementor-element-cccdf44\" data-id=\"cccdf44\" data-element_type=\"column\" data-e-type=\"column\">\n\t\t\t<div class=\"elementor-widget-wrap elementor-element-populated\">\n\t\t\t\t\t\t<div class=\"elementor-element elementor-element-4df26e1 elementor-widget elementor-widget-text-editor\" data-id=\"4df26e1\" data-element_type=\"widget\" data-e-type=\"widget\" data-widget_type=\"text-editor.default\">\n\t\t\t\t<div class=\"elementor-widget-container\">\n\t\t\t\t\t\t\t\t\t<h3>Limitation de responsabilit\u00e9<\/h3><p>MaxJax n'aura aucune obligation au titre de la pr\u00e9sente garantie concernant les produits qui, \u00e0 notre seule discr\u00e9tion, ont \u00e9t\u00e9 modifi\u00e9s, endommag\u00e9s, mal utilis\u00e9s, ab\u00eem\u00e9s, gravement us\u00e9s, perdus ou incorrectement entretenus. Cette garantie sera nulle et non avenue si le client ( ou toute autre personne que le repr\u00e9sentant autoris\u00e9 de MaxJax) a tent\u00e9 de r\u00e9parer ou de modifier l'outil avant de le retourner \u00e0 MaxJax conform\u00e9ment aux termes de cette garantie. En aucun cas, l'une ou l'autre des parties ne sera responsable de tout dommage caus\u00e9 par le manquement de l'autre partie \u00e0 ses responsabilit\u00e9s en vertu des pr\u00e9sentes conditions g\u00e9n\u00e9rales. Chaque partie ne sera en aucun cas responsable des pertes de profits, des pertes d'\u00e9conomies, des dommages accidentels ou d'autres dommages \u00e9conomiques cons\u00e9cutifs. Les produits MaxJax sont vendus et livr\u00e9s en l'\u00e9tat, sans aucune garantie expresse ou implicite, y compris toute garantie de qualit\u00e9 marchande ou de conformit\u00e9 \u00e0 un usage particulier. Aucune garantie, expresse ou implicite, ne sera applicable au-del\u00e0 de cette p\u00e9riode. MaxJax est susceptible de modifier \u00e0 tout moment ces conditions g\u00e9n\u00e9rales, que ce soit en informant le client par \u00e9crit, ou en publiant les nouvelles conditions sur le site www.MaxJax.com. Les conditions r\u00e9vis\u00e9es prendront effet trente jours apr\u00e8s la date de la notification \u00e9crite ou de la mise en ligne.<\/p>\t\t\t\t\t\t\t\t<\/div>\n\t\t\t\t<\/div>\n\t\t\t\t\t<\/div>\n\t\t<\/div>\n\t\t\t\t\t<\/div>\n\t\t<\/section>\n\t\t\t\t<\/div>","protected":false},"excerpt":{"rendered":"<p>Warranty for Business users Duration:&nbsp;From the date of purchase by the original Purchaser or 12 months from the date of shipment or whichever comes first. Three-Years (36-Months) Warranty on equipment structure* One-Year (12-Month) Warranty on operating components One-Year (12-Month) Free Shipping** on ground-freight charges related to warranty performance Warranty for Private users Duration:&nbsp;From the date<br \/><a class=\"more-link\" href=\"https:\/\/maxjax-europe.com\/fr\/warranty-information\/\"><br \/>\n        Lire la suite<span class=\"screen-reader-text\"> &#8220;Warranty information&#8221;<\/span><\/a><\/p>","protected":false},"author":1,"featured_media":0,"parent":0,"menu_order":0,"comment_status":"closed","ping_status":"closed","template":"","meta":{"footnotes":""},"class_list":["post-4591","page","type-page","status-publish","hentry","badges-style-2"],"yoast_head":"<!-- This site is optimized with the Yoast SEO plugin v27.1.1 - https:\/\/yoast.com\/product\/yoast-seo-wordpress\/ -->\n<title>MaxJax Europe | Everything you need to know about warranty on MaxJax<\/title>\n<meta name=\"description\" content=\"MaxJax Europe provides a stunning customer service, we will handle your warranty claims like no other. Take a look at our warranty service!\" \/>\n<meta name=\"robots\" content=\"index, follow, max-snippet:-1, max-image-preview:large, max-video-preview:-1\" \/>\n<link rel=\"canonical\" href=\"https:\/\/maxjax-europe.com\/fr\/warranty-information\/\" \/>\n<meta property=\"og:locale\" content=\"fr_FR\" \/>\n<meta property=\"og:type\" content=\"article\" \/>\n<meta property=\"og:title\" content=\"MaxJax Europe | Everything you need to know about warranty on MaxJax\" \/>\n<meta property=\"og:description\" content=\"MaxJax Europe provides a stunning customer service, we will handle your warranty claims like no other. Take a look at our warranty service!\" \/>\n<meta property=\"og:url\" content=\"https:\/\/maxjax-europe.com\/fr\/warranty-information\/\" \/>\n<meta property=\"og:site_name\" content=\"MaxJax Europe\" \/>\n<meta property=\"article:modified_time\" content=\"2021-02-02T16:48:23+00:00\" \/>\n<meta name=\"twitter:card\" content=\"summary_large_image\" \/>\n<meta name=\"twitter:label1\" content=\"Dur\u00e9e de lecture estim\u00e9e\" \/>\n\t<meta name=\"twitter:data1\" content=\"2 minutes\" \/>\n<script type=\"application\/ld+json\" class=\"yoast-schema-graph\">{\"@context\":\"https:\/\/schema.org\",\"@graph\":[{\"@type\":\"WebPage\",\"@id\":\"https:\/\/maxjax-europe.com\/cs\/warranty-information\/\",\"url\":\"https:\/\/maxjax-europe.com\/cs\/warranty-information\/\",\"name\":\"MaxJax Europe | Everything you need to know about warranty on MaxJax\",\"isPartOf\":{\"@id\":\"https:\/\/maxjax-europe.com\/#website\"},\"datePublished\":\"2021-01-15T13:37:01+00:00\",\"dateModified\":\"2021-02-02T16:48:23+00:00\",\"description\":\"MaxJax Europe provides a stunning customer service, we will handle your warranty claims like no other. Take a look at our warranty service!\",\"breadcrumb\":{\"@id\":\"https:\/\/maxjax-europe.com\/cs\/warranty-information\/#breadcrumb\"},\"inLanguage\":\"fr-FR\",\"potentialAction\":[{\"@type\":\"ReadAction\",\"target\":[\"https:\/\/maxjax-europe.com\/cs\/warranty-information\/\"]}]},{\"@type\":\"BreadcrumbList\",\"@id\":\"https:\/\/maxjax-europe.com\/cs\/warranty-information\/#breadcrumb\",\"itemListElement\":[{\"@type\":\"ListItem\",\"position\":1,\"name\":\"Home\",\"item\":\"https:\/\/maxjax-europe.com\/\"},{\"@type\":\"ListItem\",\"position\":2,\"name\":\"Warranty information\"}]},{\"@type\":\"WebSite\",\"@id\":\"https:\/\/maxjax-europe.com\/#website\",\"url\":\"https:\/\/maxjax-europe.com\/\",\"name\":\"MaxJax Europe\",\"description\":\"Shop MaxJax Portable Two-Post Car Lift\",\"publisher\":{\"@id\":\"https:\/\/maxjax-europe.com\/#organization\"},\"potentialAction\":[{\"@type\":\"SearchAction\",\"target\":{\"@type\":\"EntryPoint\",\"urlTemplate\":\"https:\/\/maxjax-europe.com\/?s={search_term_string}\"},\"query-input\":{\"@type\":\"PropertyValueSpecification\",\"valueRequired\":true,\"valueName\":\"search_term_string\"}}],\"inLanguage\":\"fr-FR\"},{\"@type\":\"Organization\",\"@id\":\"https:\/\/maxjax-europe.com\/#organization\",\"name\":\"MaxJax Europe\",\"url\":\"https:\/\/maxjax-europe.com\/\",\"logo\":{\"@type\":\"ImageObject\",\"inLanguage\":\"fr-FR\",\"@id\":\"https:\/\/maxjax-europe.com\/#\/schema\/logo\/image\/\",\"url\":\"https:\/\/maxjax-europe.com\/wp-content\/uploads\/2021\/01\/cropped-EUB-1-1.png\",\"contentUrl\":\"https:\/\/maxjax-europe.com\/wp-content\/uploads\/2021\/01\/cropped-EUB-1-1.png\",\"width\":2266,\"height\":553,\"caption\":\"MaxJax Europe\"},\"image\":{\"@id\":\"https:\/\/maxjax-europe.com\/#\/schema\/logo\/image\/\"}}]}<\/script>\n<!-- \/ Yoast SEO plugin. -->","yoast_head_json":{"title":"MaxJax Europe | Tout ce que vous devez savoir sur la garantie sur MaxJax","description":"MaxJax Europe fournit un service client exceptionnel, nous traiterons vos demandes de garantie comme aucun autre. Jetez un \u0153il \u00e0 notre service de garantie!","robots":{"index":"index","follow":"follow","max-snippet":"max-snippet:-1","max-image-preview":"max-image-preview:large","max-video-preview":"max-video-preview:-1"},"canonical":"https:\/\/maxjax-europe.com\/fr\/warranty-information\/","og_locale":"fr_FR","og_type":"article","og_title":"MaxJax Europe | Everything you need to know about warranty on MaxJax","og_description":"MaxJax Europe provides a stunning customer service, we will handle your warranty claims like no other. Take a look at our warranty service!","og_url":"https:\/\/maxjax-europe.com\/fr\/warranty-information\/","og_site_name":"MaxJax Europe","article_modified_time":"2021-02-02T16:48:23+00:00","twitter_card":"summary_large_image","twitter_misc":{"Dur\u00e9e de lecture estim\u00e9e":"2 minutes"},"schema":{"@context":"https:\/\/schema.org","@graph":[{"@type":"WebPage","@id":"https:\/\/maxjax-europe.com\/cs\/warranty-information\/","url":"https:\/\/maxjax-europe.com\/cs\/warranty-information\/","name":"MaxJax Europe | Tout ce que vous devez savoir sur la garantie sur MaxJax","isPartOf":{"@id":"https:\/\/maxjax-europe.com\/#website"},"datePublished":"2021-01-15T13:37:01+00:00","dateModified":"2021-02-02T16:48:23+00:00","description":"MaxJax Europe fournit un service client exceptionnel, nous traiterons vos demandes de garantie comme aucun autre. Jetez un \u0153il \u00e0 notre service de garantie!","breadcrumb":{"@id":"https:\/\/maxjax-europe.com\/cs\/warranty-information\/#breadcrumb"},"inLanguage":"fr-FR","potentialAction":[{"@type":"ReadAction","target":["https:\/\/maxjax-europe.com\/cs\/warranty-information\/"]}]},{"@type":"BreadcrumbList","@id":"https:\/\/maxjax-europe.com\/cs\/warranty-information\/#breadcrumb","itemListElement":[{"@type":"ListItem","position":1,"name":"Home","item":"https:\/\/maxjax-europe.com\/"},{"@type":"ListItem","position":2,"name":"Warranty information"}]},{"@type":"WebSite","@id":"https:\/\/maxjax-europe.com\/#website","url":"https:\/\/maxjax-europe.com\/","name":"MaxJax France","description":"Magasiner l&#039;ascenseur de voiture portatif \u00e0 deux montants MaxJax","publisher":{"@id":"https:\/\/maxjax-europe.com\/#organization"},"potentialAction":[{"@type":"SearchAction","target":{"@type":"EntryPoint","urlTemplate":"https:\/\/maxjax-europe.com\/?s={search_term_string}"},"query-input":{"@type":"PropertyValueSpecification","valueRequired":true,"valueName":"search_term_string"}}],"inLanguage":"fr-FR"},{"@type":"Organization","@id":"https:\/\/maxjax-europe.com\/#organization","name":"MaxJax France","url":"https:\/\/maxjax-europe.com\/","logo":{"@type":"ImageObject","inLanguage":"fr-FR","@id":"https:\/\/maxjax-europe.com\/#\/schema\/logo\/image\/","url":"https:\/\/maxjax-europe.com\/wp-content\/uploads\/2021\/01\/cropped-EUB-1-1.png","contentUrl":"https:\/\/maxjax-europe.com\/wp-content\/uploads\/2021\/01\/cropped-EUB-1-1.png","width":2266,"height":553,"caption":"MaxJax Europe"},"image":{"@id":"https:\/\/maxjax-europe.com\/#\/schema\/logo\/image\/"}}]}},"jetpack_sharing_enabled":true,"_links":{"self":[{"href":"https:\/\/maxjax-europe.com\/fr\/wp-json\/wp\/v2\/pages\/4591","targetHints":{"allow":["GET"]}}],"collection":[{"href":"https:\/\/maxjax-europe.com\/fr\/wp-json\/wp\/v2\/pages"}],"about":[{"href":"https:\/\/maxjax-europe.com\/fr\/wp-json\/wp\/v2\/types\/page"}],"author":[{"embeddable":true,"href":"https:\/\/maxjax-europe.com\/fr\/wp-json\/wp\/v2\/users\/1"}],"replies":[{"embeddable":true,"href":"https:\/\/maxjax-europe.com\/fr\/wp-json\/wp\/v2\/comments?post=4591"}],"version-history":[{"count":8,"href":"https:\/\/maxjax-europe.com\/fr\/wp-json\/wp\/v2\/pages\/4591\/revisions"}],"predecessor-version":[{"id":4885,"href":"https:\/\/maxjax-europe.com\/fr\/wp-json\/wp\/v2\/pages\/4591\/revisions\/4885"}],"wp:attachment":[{"href":"https:\/\/maxjax-europe.com\/fr\/wp-json\/wp\/v2\/media?parent=4591"}],"curies":[{"name":"wp","href":"https:\/\/api.w.org\/{rel}","templated":true}]}}