{"id":4613,"date":"2021-01-15T13:55:56","date_gmt":"2021-01-15T13:55:56","guid":{"rendered":"https:\/\/maxjax-europe.com\/?page_id=4613"},"modified":"2021-02-01T16:47:30","modified_gmt":"2021-02-01T16:47:30","slug":"disclaimer","status":"publish","type":"page","link":"https:\/\/maxjax-europe.com\/fr\/disclaimer\/","title":{"rendered":"Clause de non-responsabilit\u00e9"},"content":{"rendered":"<p>\u00a9 2021 MaxJax, LLC, une filiale de BendPak, Inc. Les produits MaxJax sont prot\u00e9g\u00e9s par un ou plusieurs brevets aux \u00c9tats-Unis, en Chine, en Europe et dans d&#039;autres pays. MaxJax Europe fait partie de LiftMotive, qui est un importateur et distributeur europ\u00e9en du portefeuille de produits BendPak. MaxJax Europe et LiftMotive continuent de rechercher et d&#039;\u00e9lever les normes d&#039;excellence gr\u00e2ce \u00e0 nos partenariats strat\u00e9giques avec des professionnels de l&#039;entretien automobile dans toute l&#039;Europe. En tant qu&#039;importateur europ\u00e9en direct, MaxJax Europe et LiftMotive sont dans une position unique pour fournir \u00e0 nos clients les prix les plus bas et un support apr\u00e8s-vente in\u00e9gal\u00e9. MaxJax Europe est un sous-traitant tiers ind\u00e9pendant et ne sont ni des agents, ni des coentreprises de, et ne sont pas employ\u00e9s par BendPak ou MaxJax.<\/p>","protected":false},"excerpt":{"rendered":"<p>\u00a9 2021 MaxJax, LLC, une filiale de BendPak, Inc. Les produits MaxJax sont prot\u00e9g\u00e9s par un ou plusieurs brevets aux \u00c9tats-Unis, en Chine, en Europe et dans d&#039;autres pays. MaxJax Europe fait partie de LiftMotive qui est un importateur et distributeur europ\u00e9en du portefeuille de produits BendPak. MaxJax Europe et LiftMotive continuent de poursuivre et d&#039;\u00e9lever le<br \/><a class=\"more-link\" href=\"https:\/\/maxjax-europe.com\/fr\/disclaimer\/\"><br \/>\n        Lire la suite<span class=\"screen-reader-text\"> &#8220;Disclaimer&#8221;<\/span><\/a><\/p>","protected":false},"author":1,"featured_media":0,"parent":0,"menu_order":0,"comment_status":"closed","ping_status":"closed","template":"","meta":{"footnotes":""},"class_list":["post-4613","page","type-page","status-publish","hentry","badges-style-2"],"yoast_head":"<!-- This site is optimized with the Yoast SEO plugin v27.1.1 - https:\/\/yoast.com\/product\/yoast-seo-wordpress\/ -->\n<title>Disclaimer - MaxJax Europe<\/title>\n<meta name=\"robots\" content=\"index, follow, max-snippet:-1, max-image-preview:large, max-video-preview:-1\" \/>\n<link rel=\"canonical\" href=\"https:\/\/maxjax-europe.com\/fr\/disclaimer\/\" \/>\n<meta property=\"og:locale\" content=\"fr_FR\" \/>\n<meta property=\"og:type\" content=\"article\" \/>\n<meta property=\"og:title\" content=\"Disclaimer - MaxJax Europe\" \/>\n<meta property=\"og:description\" content=\"\u00a92021 MaxJax, LLC, a subsidiary of BendPak, Inc. MaxJax products are protected by one or more patents in the United States, China, Europe, and other countries. MaxJax Europe is a part of LiftMotive which is an European importer and distributor of BendPak\u2019s portfolio of products. MaxJax Europe and LiftMotive continue to pursue and elevate the     Read More &quot;Disclaimer&quot;\" \/>\n<meta property=\"og:url\" content=\"https:\/\/maxjax-europe.com\/fr\/disclaimer\/\" \/>\n<meta property=\"og:site_name\" content=\"MaxJax Europe\" \/>\n<meta property=\"article:modified_time\" content=\"2021-02-01T16:47:30+00:00\" \/>\n<meta name=\"twitter:card\" content=\"summary_large_image\" \/>\n<meta name=\"twitter:label1\" content=\"Dur\u00e9e de lecture estim\u00e9e\" \/>\n\t<meta name=\"twitter:data1\" content=\"1 minute\" \/>\n<script type=\"application\/ld+json\" class=\"yoast-schema-graph\">{\"@context\":\"https:\/\/schema.org\",\"@graph\":[{\"@type\":\"WebPage\",\"@id\":\"https:\/\/maxjax-europe.com\/sv\/disclaimer\/\",\"url\":\"https:\/\/maxjax-europe.com\/sv\/disclaimer\/\",\"name\":\"Disclaimer - MaxJax Europe\",\"isPartOf\":{\"@id\":\"https:\/\/maxjax-europe.com\/#website\"},\"datePublished\":\"2021-01-15T13:55:56+00:00\",\"dateModified\":\"2021-02-01T16:47:30+00:00\",\"breadcrumb\":{\"@id\":\"https:\/\/maxjax-europe.com\/sv\/disclaimer\/#breadcrumb\"},\"inLanguage\":\"fr-FR\",\"potentialAction\":[{\"@type\":\"ReadAction\",\"target\":[\"https:\/\/maxjax-europe.com\/sv\/disclaimer\/\"]}]},{\"@type\":\"BreadcrumbList\",\"@id\":\"https:\/\/maxjax-europe.com\/sv\/disclaimer\/#breadcrumb\",\"itemListElement\":[{\"@type\":\"ListItem\",\"position\":1,\"name\":\"Home\",\"item\":\"https:\/\/maxjax-europe.com\/\"},{\"@type\":\"ListItem\",\"position\":2,\"name\":\"Disclaimer\"}]},{\"@type\":\"WebSite\",\"@id\":\"https:\/\/maxjax-europe.com\/#website\",\"url\":\"https:\/\/maxjax-europe.com\/\",\"name\":\"MaxJax Europe\",\"description\":\"Shop MaxJax Portable Two-Post Car Lift\",\"publisher\":{\"@id\":\"https:\/\/maxjax-europe.com\/#organization\"},\"potentialAction\":[{\"@type\":\"SearchAction\",\"target\":{\"@type\":\"EntryPoint\",\"urlTemplate\":\"https:\/\/maxjax-europe.com\/?s={search_term_string}\"},\"query-input\":{\"@type\":\"PropertyValueSpecification\",\"valueRequired\":true,\"valueName\":\"search_term_string\"}}],\"inLanguage\":\"fr-FR\"},{\"@type\":\"Organization\",\"@id\":\"https:\/\/maxjax-europe.com\/#organization\",\"name\":\"MaxJax Europe\",\"url\":\"https:\/\/maxjax-europe.com\/\",\"logo\":{\"@type\":\"ImageObject\",\"inLanguage\":\"fr-FR\",\"@id\":\"https:\/\/maxjax-europe.com\/#\/schema\/logo\/image\/\",\"url\":\"https:\/\/maxjax-europe.com\/wp-content\/uploads\/2021\/01\/cropped-EUB-1-1.png\",\"contentUrl\":\"https:\/\/maxjax-europe.com\/wp-content\/uploads\/2021\/01\/cropped-EUB-1-1.png\",\"width\":2266,\"height\":553,\"caption\":\"MaxJax Europe\"},\"image\":{\"@id\":\"https:\/\/maxjax-europe.com\/#\/schema\/logo\/image\/\"}}]}<\/script>\n<!-- \/ Yoast SEO plugin. -->","yoast_head_json":{"title":"Clause de non-responsabilit\u00e9 - MaxJax Europe","robots":{"index":"index","follow":"follow","max-snippet":"max-snippet:-1","max-image-preview":"max-image-preview:large","max-video-preview":"max-video-preview:-1"},"canonical":"https:\/\/maxjax-europe.com\/fr\/disclaimer\/","og_locale":"fr_FR","og_type":"article","og_title":"Disclaimer - MaxJax Europe","og_description":"\u00a92021 MaxJax, LLC, a subsidiary of BendPak, Inc. MaxJax products are protected by one or more patents in the United States, China, Europe, and other countries. MaxJax Europe is a part of LiftMotive which is an European importer and distributor of BendPak\u2019s portfolio of products. MaxJax Europe and LiftMotive continue to pursue and elevate the     Read More \"Disclaimer\"","og_url":"https:\/\/maxjax-europe.com\/fr\/disclaimer\/","og_site_name":"MaxJax Europe","article_modified_time":"2021-02-01T16:47:30+00:00","twitter_card":"summary_large_image","twitter_misc":{"Dur\u00e9e de lecture estim\u00e9e":"1 minute"},"schema":{"@context":"https:\/\/schema.org","@graph":[{"@type":"WebPage","@id":"https:\/\/maxjax-europe.com\/sv\/disclaimer\/","url":"https:\/\/maxjax-europe.com\/sv\/disclaimer\/","name":"Clause de non-responsabilit\u00e9 - MaxJax Europe","isPartOf":{"@id":"https:\/\/maxjax-europe.com\/#website"},"datePublished":"2021-01-15T13:55:56+00:00","dateModified":"2021-02-01T16:47:30+00:00","breadcrumb":{"@id":"https:\/\/maxjax-europe.com\/sv\/disclaimer\/#breadcrumb"},"inLanguage":"fr-FR","potentialAction":[{"@type":"ReadAction","target":["https:\/\/maxjax-europe.com\/sv\/disclaimer\/"]}]},{"@type":"BreadcrumbList","@id":"https:\/\/maxjax-europe.com\/sv\/disclaimer\/#breadcrumb","itemListElement":[{"@type":"ListItem","position":1,"name":"Home","item":"https:\/\/maxjax-europe.com\/"},{"@type":"ListItem","position":2,"name":"Disclaimer"}]},{"@type":"WebSite","@id":"https:\/\/maxjax-europe.com\/#website","url":"https:\/\/maxjax-europe.com\/","name":"MaxJax France","description":"Magasiner l&#039;ascenseur de voiture portatif \u00e0 deux montants MaxJax","publisher":{"@id":"https:\/\/maxjax-europe.com\/#organization"},"potentialAction":[{"@type":"SearchAction","target":{"@type":"EntryPoint","urlTemplate":"https:\/\/maxjax-europe.com\/?s={search_term_string}"},"query-input":{"@type":"PropertyValueSpecification","valueRequired":true,"valueName":"search_term_string"}}],"inLanguage":"fr-FR"},{"@type":"Organization","@id":"https:\/\/maxjax-europe.com\/#organization","name":"MaxJax France","url":"https:\/\/maxjax-europe.com\/","logo":{"@type":"ImageObject","inLanguage":"fr-FR","@id":"https:\/\/maxjax-europe.com\/#\/schema\/logo\/image\/","url":"https:\/\/maxjax-europe.com\/wp-content\/uploads\/2021\/01\/cropped-EUB-1-1.png","contentUrl":"https:\/\/maxjax-europe.com\/wp-content\/uploads\/2021\/01\/cropped-EUB-1-1.png","width":2266,"height":553,"caption":"MaxJax Europe"},"image":{"@id":"https:\/\/maxjax-europe.com\/#\/schema\/logo\/image\/"}}]}},"jetpack_sharing_enabled":true,"_links":{"self":[{"href":"https:\/\/maxjax-europe.com\/fr\/wp-json\/wp\/v2\/pages\/4613","targetHints":{"allow":["GET"]}}],"collection":[{"href":"https:\/\/maxjax-europe.com\/fr\/wp-json\/wp\/v2\/pages"}],"about":[{"href":"https:\/\/maxjax-europe.com\/fr\/wp-json\/wp\/v2\/types\/page"}],"author":[{"embeddable":true,"href":"https:\/\/maxjax-europe.com\/fr\/wp-json\/wp\/v2\/users\/1"}],"replies":[{"embeddable":true,"href":"https:\/\/maxjax-europe.com\/fr\/wp-json\/wp\/v2\/comments?post=4613"}],"version-history":[{"count":5,"href":"https:\/\/maxjax-europe.com\/fr\/wp-json\/wp\/v2\/pages\/4613\/revisions"}],"predecessor-version":[{"id":4880,"href":"https:\/\/maxjax-europe.com\/fr\/wp-json\/wp\/v2\/pages\/4613\/revisions\/4880"}],"wp:attachment":[{"href":"https:\/\/maxjax-europe.com\/fr\/wp-json\/wp\/v2\/media?parent=4613"}],"curies":[{"name":"wp","href":"https:\/\/api.w.org\/{rel}","templated":true}]}}