{"id":4618,"date":"2021-01-15T13:56:29","date_gmt":"2021-01-15T13:56:29","guid":{"rendered":"https:\/\/maxjax-europe.com\/?page_id=4618"},"modified":"2021-01-15T14:04:16","modified_gmt":"2021-01-15T14:04:16","slug":"privacy-policy","status":"publish","type":"page","link":"https:\/\/maxjax-europe.com\/fr\/privacy-policy\/","title":{"rendered":"Politique de confidentialit\u00e9"},"content":{"rendered":"<h1 class=\"wp-block-heading\">Politique de confidentialit\u00e9 de QuickJack Netherlands BV<\/h1>\n\n\n\n<p>Chez MaxJax Europe, accessible depuis https:\/\/Maxjax-europe.com\/, l&#039;une de nos principales priorit\u00e9s est la confidentialit\u00e9 de nos visiteurs. Ce document de politique de confidentialit\u00e9 contient des types d&#039;informations qui sont collect\u00e9es et enregistr\u00e9es par MaxJax et comment nous les utilisons.<\/p>\n\n\n\n<p>Si vous avez des questions suppl\u00e9mentaires ou avez besoin de plus d&#039;informations sur notre politique de confidentialit\u00e9, n&#039;h\u00e9sitez pas \u00e0 nous contacter.<\/p>\n\n\n\n<p>Cette politique de confidentialit\u00e9 s&#039;applique uniquement \u00e0 nos activit\u00e9s en ligne et est valable pour les visiteurs de notre site Web en ce qui concerne les informations qu&#039;ils ont partag\u00e9es et \/ ou collect\u00e9es dans MaxJax. Cette politique ne s&#039;applique \u00e0 aucune information collect\u00e9e hors ligne ou via des canaux autres que ce site Web.<\/p>\n\n\n\n<h2 class=\"wp-block-heading\">Consentement<\/h2>\n\n\n\n<p>En utilisant notre site Web, vous consentez par la pr\u00e9sente \u00e0 notre politique de confidentialit\u00e9 et acceptez ses conditions.<\/p>\n\n\n\n<h2 class=\"wp-block-heading\">Les informations que nous collectons<\/h2>\n\n\n\n<p>Les informations personnelles que vous \u00eates invit\u00e9 \u00e0 fournir et les raisons pour lesquelles vous \u00eates invit\u00e9 \u00e0 les fournir vous seront expliqu\u00e9es clairement au moment o\u00f9 nous vous demandons de fournir vos informations personnelles.<\/p>\n\n\n\n<p>Si vous nous contactez directement, nous pouvons recevoir des informations suppl\u00e9mentaires \u00e0 votre sujet telles que votre nom, votre adresse e-mail, votre num\u00e9ro de t\u00e9l\u00e9phone, le contenu du message et \/ ou des pi\u00e8ces jointes que vous pouvez nous envoyer, ainsi que toute autre information que vous pouvez choisir de fournir.<\/p>\n\n\n\n<p>Lorsque vous vous inscrivez pour un compte, nous pouvons vous demander vos coordonn\u00e9es, y compris des \u00e9l\u00e9ments tels que le nom, le nom de l&#039;entreprise, l&#039;adresse, l&#039;adresse e-mail et le num\u00e9ro de t\u00e9l\u00e9phone.<\/p>\n\n\n\n<h2 class=\"wp-block-heading\">Comment nous utilisons vos informations<\/h2>\n\n\n\n<p>Nous utilisons les informations que nous collectons de diff\u00e9rentes mani\u00e8res, notamment pour:<\/p>\n\n\n\n<ul class=\"wp-block-list\"><li>Fournir, exploiter et maintenir notre site Web<\/li><li>Am\u00e9liorez, personnalisez et d\u00e9veloppez notre site Web<\/li><li>Comprenez et analysez comment vous utilisez notre webste<\/li><li>D\u00e9velopper de nouveaux produits, services, fonctionnalit\u00e9s et fonctionnalit\u00e9s<\/li><li>Communiquer avec vous, directement ou via l&#039;un de nos partenaires, y compris pour le service client, pour vous fournir des mises \u00e0 jour et d&#039;autres informations relatives au webste, et \u00e0 des fins de marketing et de promotion<\/li><li>Vous envoyer des e-mails<\/li><li>Trouvez et pr\u00e9venez la fraude<\/li><\/ul>\n\n\n\n<h2 class=\"wp-block-heading\">Fichiers journaux<\/h2>\n\n\n\n<p>MaxJax suit une proc\u00e9dure standard d&#039;utilisation des fichiers journaux. Ces fichiers enregistrent les visiteurs lorsqu&#039;ils visitent des sites Web. Toutes les soci\u00e9t\u00e9s d&#039;h\u00e9bergement font cela et font partie de l&#039;analyse des services d&#039;h\u00e9bergement. Les informations collect\u00e9es par les fichiers journaux comprennent les adresses de protocole Internet (IP), le type de navigateur, le fournisseur d&#039;acc\u00e8s Internet (FAI), la date et l&#039;heure, les pages de renvoi \/ sortie et \u00e9ventuellement le nombre de clics. Ceux-ci ne sont li\u00e9s \u00e0 aucune information personnellement identifiable. Le but de ces informations est d&#039;analyser les tendances, d&#039;administrer le site, de suivre les mouvements des utilisateurs sur le site Web et de collecter des informations d\u00e9mographiques. Notre politique de confidentialit\u00e9 a \u00e9t\u00e9 cr\u00e9\u00e9e avec l&#039;aide du\u00a0<a href=\"https:\/\/www.privacypolicygenerator.info\/\">G\u00e9n\u00e9rateur de politique de confidentialit\u00e9<\/a>\u00a0et le\u00a0<a href=\"https:\/\/www.privacypolicytemplate.net\/\">Mod\u00e8le de politique de confidentialit\u00e9<\/a>.<\/p>\n\n\n\n<h2 class=\"wp-block-heading\">Cookies et balises Web<\/h2>\n\n\n\n<p>Comme tout autre site Web, Maxjax utilise des \u00abcookies\u00bb. Ces cookies sont utilis\u00e9s pour stocker des informations, y compris les pr\u00e9f\u00e9rences des visiteurs et les pages du site Web auxquelles le visiteur a acc\u00e9d\u00e9 ou visit\u00e9. Les informations sont utilis\u00e9es pour optimiser l&#039;exp\u00e9rience des utilisateurs en personnalisant le contenu de notre page Web en fonction du type de navigateur des visiteurs et \/ ou d&#039;autres informations.<\/p>\n\n\n\n<h2 class=\"wp-block-heading\">Cookie Google DoubleClick DART<\/h2>\n\n\n\n<p>Google est l&#039;un des fournisseurs tiers sur notre site. Il utilise \u00e9galement des cookies, appel\u00e9s cookies DART, pour diffuser des publicit\u00e9s aux visiteurs de notre site en fonction de leur visite sur www.website.com et d&#039;autres sites sur Internet. Cependant, les visiteurs peuvent choisir de refuser l&#039;utilisation des cookies DART en visitant la politique de confidentialit\u00e9 des annonces et du r\u00e9seau de contenu de Google \u00e0 l&#039;URL suivante:&nbsp;<a href=\"https:\/\/policies.google.com\/technologies\/ads\">https:\/\/policies.google.com\/technologies\/ads<\/a><\/p>\n\n\n\n<h2 class=\"wp-block-heading\">Politiques de confidentialit\u00e9 des partenaires publicitaires<\/h2>\n\n\n\n<p>Vous pouvez consulter cette liste pour trouver la politique de confidentialit\u00e9 de chacun des partenaires publicitaires de MaxJax.<\/p>\n\n\n\n<p>Les serveurs publicitaires ou r\u00e9seaux publicitaires tiers utilisent des technologies telles que les cookies, JavaScript ou les balises Web qui sont utilis\u00e9es dans leurs publicit\u00e9s respectives et les liens qui apparaissent sur MaxJax, qui sont envoy\u00e9s directement au navigateur des utilisateurs. Ils re\u00e7oivent automatiquement votre adresse IP lorsque cela se produit. Ces technologies sont utilis\u00e9es pour mesurer l&#039;efficacit\u00e9 de leurs campagnes publicitaires et \/ ou pour personnaliser le contenu publicitaire que vous voyez sur les sites Web que vous visitez.<\/p>\n\n\n\n<p>Notez que MaxJax n&#039;a aucun acc\u00e8s ni aucun contr\u00f4le sur ces cookies qui sont utilis\u00e9s par des annonceurs tiers.<\/p>\n\n\n\n<h2 class=\"wp-block-heading\">Politiques de confidentialit\u00e9 des tiers<\/h2>\n\n\n\n<p>La politique de confidentialit\u00e9 de MaxJax ne s&#039;applique pas aux autres annonceurs ou sites Web. Ainsi, nous vous conseillons de consulter les politiques de confidentialit\u00e9 respectives de ces serveurs publicitaires tiers pour des informations plus d\u00e9taill\u00e9es. Il peut inclure leurs pratiques et des instructions sur la fa\u00e7on de refuser certaines options. Vous pouvez trouver une liste compl\u00e8te de ces politiques de confidentialit\u00e9 et de leurs liens ici: Liens de politique de confidentialit\u00e9.<\/p>\n\n\n\n<p>Vous pouvez choisir de d\u00e9sactiver les cookies via les options de votre navigateur individuel. Pour obtenir des informations plus d\u00e9taill\u00e9es sur la gestion des cookies avec des navigateurs Web sp\u00e9cifiques, vous pouvez les trouver sur les sites Web respectifs des navigateurs. Que sont les cookies?<\/p>\n\n\n\n<h2 class=\"wp-block-heading\">Droits de confidentialit\u00e9 de l&#039;ACCP (ne pas vendre mes informations personnelles)<\/h2>\n\n\n\n<p>En vertu de la CCPA, entre autres droits, les consommateurs californiens ont le droit de:<\/p>\n\n\n\n<p>Demander \u00e0 une entreprise qui collecte les donn\u00e9es personnelles d&#039;un consommateur de divulguer les cat\u00e9gories et les donn\u00e9es personnelles sp\u00e9cifiques qu&#039;une entreprise a collect\u00e9es sur les consommateurs.<\/p>\n\n\n\n<p>Demander \u00e0 une entreprise de supprimer toutes les donn\u00e9es personnelles sur le consommateur qu&#039;elle a collect\u00e9es.<\/p>\n\n\n\n<p>Demander qu&#039;une entreprise qui vend les donn\u00e9es personnelles d&#039;un consommateur ne vende pas les donn\u00e9es personnelles du consommateur.<\/p>\n\n\n\n<p>Si vous faites une demande, nous avons un mois pour vous r\u00e9pondre. Si vous souhaitez exercer l&#039;un de ces droits, veuillez nous contacter.<\/p>\n\n\n\n<h2 class=\"wp-block-heading\">Droits de protection des donn\u00e9es GDPR<\/h2>\n\n\n\n<p>Nous souhaitons nous assurer que vous connaissez pleinement tous vos droits en mati\u00e8re de protection des donn\u00e9es. Chaque utilisateur a droit aux avantages suivants:<\/p>\n\n\n\n<p>Le droit d&#039;acc\u00e8s - Vous avez le droit de demander des copies de vos donn\u00e9es personnelles. Nous pouvons vous facturer des frais minimes pour ce service.<\/p>\n\n\n\n<p>Le droit de rectification - Vous avez le droit de demander que nous corrigions toute information que vous estimez inexacte. Vous avez \u00e9galement le droit de demander que nous compl\u00e9tions les informations que vous estimez incompl\u00e8tes.<\/p>\n\n\n\n<p>Le droit d&#039;effacement - Vous avez le droit de demander que nous effacions vos donn\u00e9es personnelles, sous certaines conditions.<\/p>\n\n\n\n<p>Le droit de restreindre le traitement - Vous avez le droit de demander que nous restreignions le traitement de vos donn\u00e9es personnelles, sous certaines conditions.<\/p>\n\n\n\n<p>Le droit de vous opposer au traitement - Vous avez le droit de vous opposer au traitement de vos donn\u00e9es personnelles, sous certaines conditions.<\/p>\n\n\n\n<p>Le droit \u00e0 la portabilit\u00e9 des donn\u00e9es - Vous avez le droit de demander que nous transf\u00e9rions les donn\u00e9es que nous avons collect\u00e9es \u00e0 une autre organisation, ou directement \u00e0 vous, sous certaines conditions.<\/p>\n\n\n\n<p>Si vous faites une demande, nous avons un mois pour vous r\u00e9pondre. Si vous souhaitez exercer l&#039;un de ces droits, veuillez nous contacter.<\/p>\n\n\n\n<h2 class=\"wp-block-heading\">Informations sur les enfants<\/h2>\n\n\n\n<p>Une autre partie de notre priorit\u00e9 consiste \u00e0 prot\u00e9ger les enfants lorsqu&#039;ils utilisent Internet. Nous encourageons les parents et les tuteurs \u00e0 observer, participer et \/ ou surveiller et guider leur activit\u00e9 en ligne.<\/p>\n\n\n\n<p>MaxJax ne collecte sciemment aucune information personnelle identifiable d&#039;enfants de moins de 13 ans. Si vous pensez que votre enfant a fourni ce type d&#039;informations sur notre site Web, nous vous encourageons fortement \u00e0 nous contacter imm\u00e9diatement et nous ferons de notre mieux pour supprimer rapidement ces informations de nos archives.<\/p>","protected":false},"excerpt":{"rendered":"<p>Politique de confidentialit\u00e9 de QuickJack Netherlands BV Chez MaxJax Europe, accessible \u00e0 partir de https:\/\/Maxjax-europe.com\/, l&#039;une de nos principales priorit\u00e9s est la confidentialit\u00e9 de nos visiteurs. Ce document de politique de confidentialit\u00e9 contient des types d&#039;informations collect\u00e9es et enregistr\u00e9es par MaxJax et comment nous les utilisons. Si vous avez des questions suppl\u00e9mentaires ou avez besoin de plus d&#039;informations sur notre confidentialit\u00e9<br \/><a class=\"more-link\" href=\"https:\/\/maxjax-europe.com\/fr\/privacy-policy\/\"><br \/>\n        Lire la suite<span class=\"screen-reader-text\"> &#8220;Privacy policy&#8221;<\/span><\/a><\/p>","protected":false},"author":1,"featured_media":0,"parent":0,"menu_order":0,"comment_status":"closed","ping_status":"closed","template":"","meta":{"footnotes":""},"class_list":["post-4618","page","type-page","status-publish","hentry","badges-style-2"],"yoast_head":"<!-- This site is optimized with the Yoast SEO plugin v27.1.1 - https:\/\/yoast.com\/product\/yoast-seo-wordpress\/ -->\n<title>Privacy policy - MaxJax Europe<\/title>\n<meta name=\"robots\" content=\"index, follow, max-snippet:-1, max-image-preview:large, max-video-preview:-1\" \/>\n<link rel=\"canonical\" href=\"https:\/\/maxjax-europe.com\/fr\/privacy-policy\/\" \/>\n<meta property=\"og:locale\" content=\"fr_FR\" \/>\n<meta property=\"og:type\" content=\"article\" \/>\n<meta property=\"og:title\" content=\"Privacy policy - MaxJax Europe\" \/>\n<meta property=\"og:description\" content=\"Privacy Policy for QuickJack Netherlands B.V. At MaxJax Europe, accessible from https:\/\/Maxjax-europe.com\/, one of our main priorities is the privacy of our visitors. This Privacy Policy document contains types of information that is collected and recorded by MaxJax and how we use it. If you have additional questions or require more information about our Privacy     Read More &quot;Privacy policy&quot;\" \/>\n<meta property=\"og:url\" content=\"https:\/\/maxjax-europe.com\/fr\/privacy-policy\/\" \/>\n<meta property=\"og:site_name\" content=\"MaxJax Europe\" \/>\n<meta property=\"article:modified_time\" content=\"2021-01-15T14:04:16+00:00\" \/>\n<meta name=\"twitter:card\" content=\"summary_large_image\" \/>\n<meta name=\"twitter:label1\" content=\"Dur\u00e9e de lecture estim\u00e9e\" \/>\n\t<meta name=\"twitter:data1\" content=\"6 minutes\" \/>\n<script type=\"application\/ld+json\" class=\"yoast-schema-graph\">{\"@context\":\"https:\/\/schema.org\",\"@graph\":[{\"@type\":\"WebPage\",\"@id\":\"https:\/\/maxjax-europe.com\/fr\/privacy-policy\/\",\"url\":\"https:\/\/maxjax-europe.com\/fr\/privacy-policy\/\",\"name\":\"Privacy policy - MaxJax Europe\",\"isPartOf\":{\"@id\":\"https:\/\/maxjax-europe.com\/#website\"},\"datePublished\":\"2021-01-15T13:56:29+00:00\",\"dateModified\":\"2021-01-15T14:04:16+00:00\",\"breadcrumb\":{\"@id\":\"https:\/\/maxjax-europe.com\/fr\/privacy-policy\/#breadcrumb\"},\"inLanguage\":\"fr-FR\",\"potentialAction\":[{\"@type\":\"ReadAction\",\"target\":[\"https:\/\/maxjax-europe.com\/fr\/privacy-policy\/\"]}]},{\"@type\":\"BreadcrumbList\",\"@id\":\"https:\/\/maxjax-europe.com\/fr\/privacy-policy\/#breadcrumb\",\"itemListElement\":[{\"@type\":\"ListItem\",\"position\":1,\"name\":\"Home\",\"item\":\"https:\/\/maxjax-europe.com\/\"},{\"@type\":\"ListItem\",\"position\":2,\"name\":\"Privacy policy\"}]},{\"@type\":\"WebSite\",\"@id\":\"https:\/\/maxjax-europe.com\/#website\",\"url\":\"https:\/\/maxjax-europe.com\/\",\"name\":\"MaxJax Europe\",\"description\":\"Shop MaxJax Portable Two-Post Car Lift\",\"publisher\":{\"@id\":\"https:\/\/maxjax-europe.com\/#organization\"},\"potentialAction\":[{\"@type\":\"SearchAction\",\"target\":{\"@type\":\"EntryPoint\",\"urlTemplate\":\"https:\/\/maxjax-europe.com\/?s={search_term_string}\"},\"query-input\":{\"@type\":\"PropertyValueSpecification\",\"valueRequired\":true,\"valueName\":\"search_term_string\"}}],\"inLanguage\":\"fr-FR\"},{\"@type\":\"Organization\",\"@id\":\"https:\/\/maxjax-europe.com\/#organization\",\"name\":\"MaxJax Europe\",\"url\":\"https:\/\/maxjax-europe.com\/\",\"logo\":{\"@type\":\"ImageObject\",\"inLanguage\":\"fr-FR\",\"@id\":\"https:\/\/maxjax-europe.com\/#\/schema\/logo\/image\/\",\"url\":\"https:\/\/maxjax-europe.com\/wp-content\/uploads\/2021\/01\/cropped-EUB-1-1.png\",\"contentUrl\":\"https:\/\/maxjax-europe.com\/wp-content\/uploads\/2021\/01\/cropped-EUB-1-1.png\",\"width\":2266,\"height\":553,\"caption\":\"MaxJax Europe\"},\"image\":{\"@id\":\"https:\/\/maxjax-europe.com\/#\/schema\/logo\/image\/\"}}]}<\/script>\n<!-- \/ Yoast SEO plugin. -->","yoast_head_json":{"title":"Politique de confidentialit\u00e9 - MaxJax Europe","robots":{"index":"index","follow":"follow","max-snippet":"max-snippet:-1","max-image-preview":"max-image-preview:large","max-video-preview":"max-video-preview:-1"},"canonical":"https:\/\/maxjax-europe.com\/fr\/privacy-policy\/","og_locale":"fr_FR","og_type":"article","og_title":"Privacy policy - MaxJax Europe","og_description":"Privacy Policy for QuickJack Netherlands B.V. At MaxJax Europe, accessible from https:\/\/Maxjax-europe.com\/, one of our main priorities is the privacy of our visitors. This Privacy Policy document contains types of information that is collected and recorded by MaxJax and how we use it. If you have additional questions or require more information about our Privacy     Read More \"Privacy policy\"","og_url":"https:\/\/maxjax-europe.com\/fr\/privacy-policy\/","og_site_name":"MaxJax Europe","article_modified_time":"2021-01-15T14:04:16+00:00","twitter_card":"summary_large_image","twitter_misc":{"Dur\u00e9e de lecture estim\u00e9e":"6 minutes"},"schema":{"@context":"https:\/\/schema.org","@graph":[{"@type":"WebPage","@id":"https:\/\/maxjax-europe.com\/fr\/privacy-policy\/","url":"https:\/\/maxjax-europe.com\/fr\/privacy-policy\/","name":"Politique de confidentialit\u00e9 - MaxJax Europe","isPartOf":{"@id":"https:\/\/maxjax-europe.com\/#website"},"datePublished":"2021-01-15T13:56:29+00:00","dateModified":"2021-01-15T14:04:16+00:00","breadcrumb":{"@id":"https:\/\/maxjax-europe.com\/fr\/privacy-policy\/#breadcrumb"},"inLanguage":"fr-FR","potentialAction":[{"@type":"ReadAction","target":["https:\/\/maxjax-europe.com\/fr\/privacy-policy\/"]}]},{"@type":"BreadcrumbList","@id":"https:\/\/maxjax-europe.com\/fr\/privacy-policy\/#breadcrumb","itemListElement":[{"@type":"ListItem","position":1,"name":"Home","item":"https:\/\/maxjax-europe.com\/"},{"@type":"ListItem","position":2,"name":"Privacy policy"}]},{"@type":"WebSite","@id":"https:\/\/maxjax-europe.com\/#website","url":"https:\/\/maxjax-europe.com\/","name":"MaxJax France","description":"Magasiner l&#039;ascenseur de voiture portatif \u00e0 deux montants MaxJax","publisher":{"@id":"https:\/\/maxjax-europe.com\/#organization"},"potentialAction":[{"@type":"SearchAction","target":{"@type":"EntryPoint","urlTemplate":"https:\/\/maxjax-europe.com\/?s={search_term_string}"},"query-input":{"@type":"PropertyValueSpecification","valueRequired":true,"valueName":"search_term_string"}}],"inLanguage":"fr-FR"},{"@type":"Organization","@id":"https:\/\/maxjax-europe.com\/#organization","name":"MaxJax France","url":"https:\/\/maxjax-europe.com\/","logo":{"@type":"ImageObject","inLanguage":"fr-FR","@id":"https:\/\/maxjax-europe.com\/#\/schema\/logo\/image\/","url":"https:\/\/maxjax-europe.com\/wp-content\/uploads\/2021\/01\/cropped-EUB-1-1.png","contentUrl":"https:\/\/maxjax-europe.com\/wp-content\/uploads\/2021\/01\/cropped-EUB-1-1.png","width":2266,"height":553,"caption":"MaxJax Europe"},"image":{"@id":"https:\/\/maxjax-europe.com\/#\/schema\/logo\/image\/"}}]}},"jetpack_sharing_enabled":true,"_links":{"self":[{"href":"https:\/\/maxjax-europe.com\/fr\/wp-json\/wp\/v2\/pages\/4618","targetHints":{"allow":["GET"]}}],"collection":[{"href":"https:\/\/maxjax-europe.com\/fr\/wp-json\/wp\/v2\/pages"}],"about":[{"href":"https:\/\/maxjax-europe.com\/fr\/wp-json\/wp\/v2\/types\/page"}],"author":[{"embeddable":true,"href":"https:\/\/maxjax-europe.com\/fr\/wp-json\/wp\/v2\/users\/1"}],"replies":[{"embeddable":true,"href":"https:\/\/maxjax-europe.com\/fr\/wp-json\/wp\/v2\/comments?post=4618"}],"version-history":[{"count":3,"href":"https:\/\/maxjax-europe.com\/fr\/wp-json\/wp\/v2\/pages\/4618\/revisions"}],"predecessor-version":[{"id":4626,"href":"https:\/\/maxjax-europe.com\/fr\/wp-json\/wp\/v2\/pages\/4618\/revisions\/4626"}],"wp:attachment":[{"href":"https:\/\/maxjax-europe.com\/fr\/wp-json\/wp\/v2\/media?parent=4618"}],"curies":[{"name":"wp","href":"https:\/\/api.w.org\/{rel}","templated":true}]}}