{"id":3637,"date":"2017-06-07T11:00:28","date_gmt":"2017-06-07T11:00:28","guid":{"rendered":"http:\/\/demo.woothemes.com\/woocommerce\/?post_type=product&#038;p=40"},"modified":"2025-07-08T03:36:46","modified_gmt":"2025-07-08T03:36:46","slug":"rst-1ws","status":"publish","type":"product","link":"https:\/\/maxjax-europe.com\/fr\/produit\/rst-1ws\/","title":{"rendered":"Si\u00e8ge de travail roulant RST-1WS"},"content":{"rendered":"<p>Plus de confort, meilleure posture de travail sous MaxJax<\/p>\n<p>Le l\u00e8ve-personne portatif \u00e0 deux montants MaxJax a une hauteur de mont\u00e9e maximale d&#039;environ 46 \u2033 (s&#039;il est utilis\u00e9 avec un ensemble de coussin de levage uniquement). Si vous travaillez sur un projet pendant de longues p\u00e9riodes de temps, vous voudrez peut-\u00eatre tenir compte du bilan que cela repr\u00e9sente pour votre corps. Travailler dans une position confortable et droite de vos pieds r\u00e9duit le stress et vous permet de faire de votre mieux. C&#039;est l\u00e0 qu&#039;intervient le si\u00e8ge de travail roulant Ranger Products\u00ae RST-1WS. Ce si\u00e8ge de travail roulant r\u00e9duit la tension du dos et comprend un plateau \u00e0 outils int\u00e9gr\u00e9 situ\u00e9 juste sous le coussin rembourr\u00e9 et qui vous accompagne o\u00f9 que vous alliez. Si vous \u00eates d\u00e9j\u00e0 dans l&#039;entreprise pour un monte-voiture MaxJax, pensez \u00e0 ajouter un si\u00e8ge de travail \u00e0 votre commande, surtout si vous ou vos coll\u00e8gues m\u00e9caniciens pr\u00e9f\u00e9rez travailler plus pr\u00e8s du sol.<\/p>\n<p>&nbsp;<\/p>\n<p>Le vinyle rouge renforc\u00e9 \u00e9tir\u00e9 sur un coussin en mousse robuste comprend ce coussin confortable pour soulager votre dos. Dans le m\u00eame temps, le plateau pratique sous le si\u00e8ge garantit que tous vos outils sont toujours \u00e0 port\u00e9e de main. La construction robuste en tube d&#039;acier de 1 po et les roulettes pivotantes \u00e0 roulement \u00e0 billes vous garantissent de rouler avec style pendant un bon bout de temps. Allez-y, laissez tomber ce vieux si\u00e8ge de travail et passez au sommet de la conception et du confort des \u00e9quipements de service.<\/p>\n<p>Vous recherchez l&#039;accessoire de si\u00e8ge MaxJax ultime? D\u00e9couvrez le si\u00e8ge inclinable Creeper.<\/p>\n<ul>\n<li>Coussin rembourr\u00e9 en vinyle capiteux<\/li>\n<li>Travaillez plus efficacement<\/li>\n<li>Soulage les douleurs musculaires du dos<\/li>\n<li>Parfait pour les travaux de roue \/ service<\/li>\n<li>4 roulettes pivotantes \u00e0 roulement \u00e0 billes<\/li>\n<li>Comprend un plateau pratique sous le si\u00e8ge<\/li>\n<\/ul>\n<table width=\"825\">\n<tbody>\n<tr>\n<td><strong>dimensions du produit<\/strong><\/td>\n<td>14,25 &quot;(L) x 14,75&quot; (H) x 14,75 &quot;(P) (362 mm x 375 mm x 375 mm)<\/td>\n<\/tr>\n<tr>\n<td><strong>Dimensions du tampon<\/strong><\/td>\n<td>14,25 &quot;(L) x 2&quot; (H) x 7,5 &quot;(P) (362 mm x 51 mm x 191 mm)<\/td>\n<\/tr>\n<tr>\n<td><strong>Tubes en acier<\/strong><\/td>\n<td>1 pouce (25 m)<\/td>\n<\/tr>\n<tr>\n<td><strong>Roulettes pivotantes<\/strong><\/td>\n<td>2,5 pouces (64 mm)<\/td>\n<\/tr>\n<tr>\n<td><strong>Poids d&#039;exp\u00e9dition<\/strong><\/td>\n<td>16 livres (7 kg)<\/td>\n<\/tr>\n<tr>\n<td><strong>Dimensions d&#039;exp\u00e9dition<\/strong><\/td>\n<td>17 &quot;x 17&quot; x 5 &quot;(431 mm x 431 mm x 127 mm)<\/td>\n<\/tr>\n<\/tbody>\n<\/table>","protected":false},"excerpt":{"rendered":"<p>D\u00e9placez-vous librement sous votre v\u00e9hicule soulev\u00e9 sur le MaxJax et travaillez sur vos projets dans une position confortable avec le si\u00e8ge de travail roulant Ranger\u00ae RST-1WS. Comprend un coussin rembourr\u00e9, un plateau \u00e0 outils sous le si\u00e8ge et quatre roulettes \u00e0 roulement \u00e0 billes.<\/p>","protected":false},"featured_media":4463,"comment_status":"open","ping_status":"closed","template":"","meta":[],"product_brand":[],"product_cat":[65],"product_tag":[],"class_list":{"0":"post-3637","1":"product","2":"type-product","3":"status-publish","4":"has-post-thumbnail","6":"product_cat-maxjax","7":"product_shipping_class-accessory","8":"product-custom-label-money-back-garanty","9":"product-custom-label-extended-warranty","10":"product-custom-label-1-4-days-delivery","11":"badges-style-2","13":"first","14":"instock","15":"taxable","16":"shipping-taxable","17":"purchasable","18":"product-type-simple"},"yoast_head":"<!-- This site is optimized with the Yoast SEO plugin v27.1.1 - https:\/\/yoast.com\/product\/yoast-seo-wordpress\/ -->\n<title>RST-1WS Rolling Work Seat - MaxJax Europe<\/title>\n<meta name=\"robots\" content=\"index, follow, max-snippet:-1, max-image-preview:large, max-video-preview:-1\" \/>\n<link rel=\"canonical\" href=\"https:\/\/maxjax-europe.com\/fr\/produit\/rst-1ws\/\" \/>\n<meta property=\"og:locale\" content=\"fr_FR\" \/>\n<meta property=\"og:type\" content=\"article\" \/>\n<meta property=\"og:title\" content=\"RST-1WS Rolling Work Seat - MaxJax Europe\" \/>\n<meta property=\"og:description\" content=\"Move freely under your vehicle lifted on the MaxJax and work on your projects in a comfortable position with the Ranger\u00ae RST-1WS Rolling Work Seat. Includes padded cushion, under-seat tool tray, and four ball-bearing casters.\" \/>\n<meta property=\"og:url\" content=\"https:\/\/maxjax-europe.com\/fr\/produit\/rst-1ws\/\" \/>\n<meta property=\"og:site_name\" content=\"MaxJax Europe\" \/>\n<meta property=\"article:modified_time\" content=\"2025-07-08T03:36:46+00:00\" \/>\n<meta property=\"og:image\" content=\"https:\/\/maxjax-europe.com\/wp-content\/uploads\/2017\/06\/ranger-rst-1ws-work-seat-with-tools.jpg\" \/>\n\t<meta property=\"og:image:width\" content=\"1200\" \/>\n\t<meta property=\"og:image:height\" content=\"800\" \/>\n\t<meta property=\"og:image:type\" content=\"image\/jpeg\" \/>\n<meta name=\"twitter:card\" content=\"summary_large_image\" \/>\n<meta name=\"twitter:label1\" content=\"Dur\u00e9e de lecture estim\u00e9e\" \/>\n\t<meta name=\"twitter:data1\" content=\"2 minutes\" \/>\n<script type=\"application\/ld+json\" class=\"yoast-schema-graph\">{\"@context\":\"https:\/\/schema.org\",\"@graph\":[{\"@type\":\"WebPage\",\"@id\":\"https:\/\/maxjax-europe.com\/product\/rst-1ws\/\",\"url\":\"https:\/\/maxjax-europe.com\/product\/rst-1ws\/\",\"name\":\"RST-1WS Rolling Work Seat - MaxJax Europe\",\"isPartOf\":{\"@id\":\"https:\/\/maxjax-europe.com\/#website\"},\"primaryImageOfPage\":{\"@id\":\"https:\/\/maxjax-europe.com\/product\/rst-1ws\/#primaryimage\"},\"image\":{\"@id\":\"https:\/\/maxjax-europe.com\/product\/rst-1ws\/#primaryimage\"},\"thumbnailUrl\":\"https:\/\/maxjax-europe.com\/wp-content\/uploads\/2017\/06\/ranger-rst-1ws-work-seat-with-tools.jpg\",\"datePublished\":\"2017-06-07T11:00:28+00:00\",\"dateModified\":\"2025-07-08T03:36:46+00:00\",\"breadcrumb\":{\"@id\":\"https:\/\/maxjax-europe.com\/product\/rst-1ws\/#breadcrumb\"},\"inLanguage\":\"fr-FR\",\"potentialAction\":[{\"@type\":\"ReadAction\",\"target\":[\"https:\/\/maxjax-europe.com\/product\/rst-1ws\/\"]}]},{\"@type\":\"ImageObject\",\"inLanguage\":\"fr-FR\",\"@id\":\"https:\/\/maxjax-europe.com\/product\/rst-1ws\/#primaryimage\",\"url\":\"https:\/\/maxjax-europe.com\/wp-content\/uploads\/2017\/06\/ranger-rst-1ws-work-seat-with-tools.jpg\",\"contentUrl\":\"https:\/\/maxjax-europe.com\/wp-content\/uploads\/2017\/06\/ranger-rst-1ws-work-seat-with-tools.jpg\",\"width\":1200,\"height\":800},{\"@type\":\"BreadcrumbList\",\"@id\":\"https:\/\/maxjax-europe.com\/product\/rst-1ws\/#breadcrumb\",\"itemListElement\":[{\"@type\":\"ListItem\",\"position\":1,\"name\":\"Home\",\"item\":\"https:\/\/maxjax-europe.com\/\"},{\"@type\":\"ListItem\",\"position\":2,\"name\":\"Shop\",\"item\":\"https:\/\/maxjax-europe.com\/it\/maxjax\/\"},{\"@type\":\"ListItem\",\"position\":3,\"name\":\"RST-1WS Rolling Work Seat\"}]},{\"@type\":\"WebSite\",\"@id\":\"https:\/\/maxjax-europe.com\/#website\",\"url\":\"https:\/\/maxjax-europe.com\/\",\"name\":\"MaxJax Europe\",\"description\":\"Shop MaxJax Portable Two-Post Car Lift\",\"publisher\":{\"@id\":\"https:\/\/maxjax-europe.com\/#organization\"},\"potentialAction\":[{\"@type\":\"SearchAction\",\"target\":{\"@type\":\"EntryPoint\",\"urlTemplate\":\"https:\/\/maxjax-europe.com\/?s={search_term_string}\"},\"query-input\":{\"@type\":\"PropertyValueSpecification\",\"valueRequired\":true,\"valueName\":\"search_term_string\"}}],\"inLanguage\":\"fr-FR\"},{\"@type\":\"Organization\",\"@id\":\"https:\/\/maxjax-europe.com\/#organization\",\"name\":\"MaxJax Europe\",\"url\":\"https:\/\/maxjax-europe.com\/\",\"logo\":{\"@type\":\"ImageObject\",\"inLanguage\":\"fr-FR\",\"@id\":\"https:\/\/maxjax-europe.com\/#\/schema\/logo\/image\/\",\"url\":\"https:\/\/maxjax-europe.com\/wp-content\/uploads\/2021\/01\/cropped-EUB-1-1.png\",\"contentUrl\":\"https:\/\/maxjax-europe.com\/wp-content\/uploads\/2021\/01\/cropped-EUB-1-1.png\",\"width\":2266,\"height\":553,\"caption\":\"MaxJax Europe\"},\"image\":{\"@id\":\"https:\/\/maxjax-europe.com\/#\/schema\/logo\/image\/\"}}]}<\/script>\n<!-- \/ Yoast SEO plugin. -->","yoast_head_json":{"title":"Si\u00e8ge de travail roulant RST-1WS - MaxJax Europe","robots":{"index":"index","follow":"follow","max-snippet":"max-snippet:-1","max-image-preview":"max-image-preview:large","max-video-preview":"max-video-preview:-1"},"canonical":"https:\/\/maxjax-europe.com\/fr\/produit\/rst-1ws\/","og_locale":"fr_FR","og_type":"article","og_title":"RST-1WS Rolling Work Seat - MaxJax Europe","og_description":"Move freely under your vehicle lifted on the MaxJax and work on your projects in a comfortable position with the Ranger\u00ae RST-1WS Rolling Work Seat. Includes padded cushion, under-seat tool tray, and four ball-bearing casters.","og_url":"https:\/\/maxjax-europe.com\/fr\/produit\/rst-1ws\/","og_site_name":"MaxJax Europe","article_modified_time":"2025-07-08T03:36:46+00:00","og_image":[{"width":1200,"height":800,"url":"https:\/\/maxjax-europe.com\/wp-content\/uploads\/2017\/06\/ranger-rst-1ws-work-seat-with-tools.jpg","type":"image\/jpeg"}],"twitter_card":"summary_large_image","twitter_misc":{"Dur\u00e9e de lecture estim\u00e9e":"2 minutes"},"schema":{"@context":"https:\/\/schema.org","@graph":[{"@type":"WebPage","@id":"https:\/\/maxjax-europe.com\/product\/rst-1ws\/","url":"https:\/\/maxjax-europe.com\/product\/rst-1ws\/","name":"Si\u00e8ge de travail roulant RST-1WS - MaxJax Europe","isPartOf":{"@id":"https:\/\/maxjax-europe.com\/#website"},"primaryImageOfPage":{"@id":"https:\/\/maxjax-europe.com\/product\/rst-1ws\/#primaryimage"},"image":{"@id":"https:\/\/maxjax-europe.com\/product\/rst-1ws\/#primaryimage"},"thumbnailUrl":"https:\/\/maxjax-europe.com\/wp-content\/uploads\/2017\/06\/ranger-rst-1ws-work-seat-with-tools.jpg","datePublished":"2017-06-07T11:00:28+00:00","dateModified":"2025-07-08T03:36:46+00:00","breadcrumb":{"@id":"https:\/\/maxjax-europe.com\/product\/rst-1ws\/#breadcrumb"},"inLanguage":"fr-FR","potentialAction":[{"@type":"ReadAction","target":["https:\/\/maxjax-europe.com\/product\/rst-1ws\/"]}]},{"@type":"ImageObject","inLanguage":"fr-FR","@id":"https:\/\/maxjax-europe.com\/product\/rst-1ws\/#primaryimage","url":"https:\/\/maxjax-europe.com\/wp-content\/uploads\/2017\/06\/ranger-rst-1ws-work-seat-with-tools.jpg","contentUrl":"https:\/\/maxjax-europe.com\/wp-content\/uploads\/2017\/06\/ranger-rst-1ws-work-seat-with-tools.jpg","width":1200,"height":800},{"@type":"BreadcrumbList","@id":"https:\/\/maxjax-europe.com\/product\/rst-1ws\/#breadcrumb","itemListElement":[{"@type":"ListItem","position":1,"name":"Home","item":"https:\/\/maxjax-europe.com\/"},{"@type":"ListItem","position":2,"name":"Shop","item":"https:\/\/maxjax-europe.com\/it\/maxjax\/"},{"@type":"ListItem","position":3,"name":"RST-1WS Rolling Work Seat"}]},{"@type":"WebSite","@id":"https:\/\/maxjax-europe.com\/#website","url":"https:\/\/maxjax-europe.com\/","name":"MaxJax France","description":"Magasiner l&#039;ascenseur de voiture portatif \u00e0 deux montants MaxJax","publisher":{"@id":"https:\/\/maxjax-europe.com\/#organization"},"potentialAction":[{"@type":"SearchAction","target":{"@type":"EntryPoint","urlTemplate":"https:\/\/maxjax-europe.com\/?s={search_term_string}"},"query-input":{"@type":"PropertyValueSpecification","valueRequired":true,"valueName":"search_term_string"}}],"inLanguage":"fr-FR"},{"@type":"Organization","@id":"https:\/\/maxjax-europe.com\/#organization","name":"MaxJax France","url":"https:\/\/maxjax-europe.com\/","logo":{"@type":"ImageObject","inLanguage":"fr-FR","@id":"https:\/\/maxjax-europe.com\/#\/schema\/logo\/image\/","url":"https:\/\/maxjax-europe.com\/wp-content\/uploads\/2021\/01\/cropped-EUB-1-1.png","contentUrl":"https:\/\/maxjax-europe.com\/wp-content\/uploads\/2021\/01\/cropped-EUB-1-1.png","width":2266,"height":553,"caption":"MaxJax Europe"},"image":{"@id":"https:\/\/maxjax-europe.com\/#\/schema\/logo\/image\/"}}]}},"jetpack_sharing_enabled":true,"wcpa_form_fields":null,"_links":{"self":[{"href":"https:\/\/maxjax-europe.com\/fr\/wp-json\/wp\/v2\/product\/3637","targetHints":{"allow":["GET"]}}],"collection":[{"href":"https:\/\/maxjax-europe.com\/fr\/wp-json\/wp\/v2\/product"}],"about":[{"href":"https:\/\/maxjax-europe.com\/fr\/wp-json\/wp\/v2\/types\/product"}],"replies":[{"embeddable":true,"href":"https:\/\/maxjax-europe.com\/fr\/wp-json\/wp\/v2\/comments?post=3637"}],"wp:featuredmedia":[{"embeddable":true,"href":"https:\/\/maxjax-europe.com\/fr\/wp-json\/wp\/v2\/media\/4463"}],"wp:attachment":[{"href":"https:\/\/maxjax-europe.com\/fr\/wp-json\/wp\/v2\/media?parent=3637"}],"wp:term":[{"taxonomy":"product_brand","embeddable":true,"href":"https:\/\/maxjax-europe.com\/fr\/wp-json\/wp\/v2\/product_brand?post=3637"},{"taxonomy":"product_cat","embeddable":true,"href":"https:\/\/maxjax-europe.com\/fr\/wp-json\/wp\/v2\/product_cat?post=3637"},{"taxonomy":"product_tag","embeddable":true,"href":"https:\/\/maxjax-europe.com\/fr\/wp-json\/wp\/v2\/product_tag?post=3637"}],"curies":[{"name":"wp","href":"https:\/\/api.w.org\/{rel}","templated":true}]}}