{"id":3645,"date":"2021-01-01T12:00:12","date_gmt":"2021-01-01T12:00:12","guid":{"rendered":"http:\/\/demo.woothemes.com\/woocommerce\/?post_type=product&#038;p=99"},"modified":"2025-08-07T10:42:52","modified_gmt":"2025-08-07T10:42:52","slug":"maxjax-m7k","status":"publish","type":"product","link":"https:\/\/maxjax-europe.com\/fr\/produit\/maxjax-m7k\/","title":{"rendered":"MaxJax M7K El\u00e9vateur portable \u00e0 deux colonnes"},"content":{"rendered":"<div class=\"page-title-wrapper product\"><\/div>\n<h3>Avantages du MaxJax<\/h3>\n<p>Ce sont les fonctionnalit\u00e9s que vous obtenez qui distinguent le MaxJax des autres. Chaque unit\u00e9 MaxJax est dot\u00e9e des bonnes caract\u00e9ristiques qui en font le meilleur choix lors de la recherche d&#039;un nouvel ascenseur de voiture. Lisez la longue liste des fonctionnalit\u00e9s que cet ascenseur de voiture a \u00e0 offrir et vous arriverez facilement \u00e0 la conclusion que le MaxJax n&#039;est pas un ascenseur de garage ordinaire.<\/p>\n<div class=\"row my-5 align-items-center text-center text-md-left\">\n<div class=\"col-md-4 mb-3 mb-md-0\"><img fetchpriority=\"high\" decoding=\"async\" class=\"img-fluid alignnone\" src=\"https:\/\/www.maxjax.com\/pub\/media\/images\/maxjax-two-post-lift-clear-undercar-access.jpg\" alt=\"MaxJax M6K\" width=\"600\" height=\"480\" \/><\/div>\n<div class=\"col-md-8\">\n<h4 class=\"mb-0\">Acc\u00e8s facile sous le v\u00e9hicule<\/h4>\n<p>Aucun autre syst\u00e8me de levage \u00e0 faible ou moyenne hauteur n'offre autant de d\u00e9gagement sous la voiture (et d'espace libre au sol) que le syst\u00e8me de levage MaxJax. Vous pouvez d\u00e9sormais acc\u00e9der facilement aux parties inf\u00e9rieures du moteur, aux transmissions, aux arbres de transmission, aux d\u00e9marreurs, aux diff\u00e9rentiels ou \u00e0 tout autre \u00e9quipement n\u00e9cessitant un acc\u00e8s sous la voiture.<\/p>\n<\/div>\n<\/div>\n<div class=\"row my-5 align-items-center text-center text-md-left\">\n<div class=\"col-md-4 mb-3 mb-md-0\"><img decoding=\"async\" class=\"img-fluid alignnone\" src=\"https:\/\/www.maxjax.com\/pub\/media\/images\/maxjax-two-post-lift-portable-columns.jpg\" alt=\"MaxJax M6K\" width=\"600\" height=\"480\" \/><\/div>\n<div class=\"col-md-8\">\n<h4 class=\"mb-0\">Portabilit\u00e9<\/h4>\n<p>Ce pont \u00e9l\u00e9vateur \u00e0 deux colonnes avec roues int\u00e9gr\u00e9es vous permet de l'utiliser quand vous en avez besoin, puis de le ranger facilement en dehors des p\u00e9riodes d'utilisation afin de ne pas encombrer votre garage et les all\u00e9es r\u00e9serv\u00e9es aux v\u00e9hicules.<\/p>\n<\/div>\n<\/div>\n<div class=\"row my-5 align-items-center text-center text-md-left\">\n<div class=\"col-md-4 mb-3 mb-md-0\"><img decoding=\"async\" class=\"img-fluid alignnone\" src=\"https:\/\/www.maxjax.com\/pub\/media\/images\/from-stow-to-go-maxjax-portable-two-post-lift.jpg\" alt=\"MaxJax M6K\" width=\"600\" height=\"480\" \/><\/div>\n<div class=\"col-md-8\">\n<h4 class=\"mb-0\">Rangement pour aller en moins de 15 minutes<\/h4>\n<p>Rangement en moins de 15 minutes\nDes points d'ancrage encastr\u00e9s, \u00e0 filetage interne, et des coupleurs hydrauliques \u00e0 branchement\/d\u00e9branchement rapide, permettent une installation simple et acc\u00e9l\u00e9r\u00e9e. ATTENTION : Avant de percer le sol d'un garage post-contraint, faites syst\u00e9matiquement appel \u00e0 des services de conseil en g\u00e9nie civil, pour d\u00e9finir l'emplacement des c\u00e2bles et les endroits \u00e0 \u00e9viter.<\/p>\n<\/div>\n<\/div>\n<div class=\"row my-5 align-items-center text-center text-md-left\">\n<div class=\"col-md-4 mb-3 mb-md-0\"><img loading=\"lazy\" decoding=\"async\" class=\"img-fluid alignnone\" src=\"https:\/\/www.maxjax.com\/pub\/media\/images\/maxjax-two-post-lift-flow-divider.jpg\" alt=\"MaxJax M6K\" width=\"600\" height=\"480\" \/><\/div>\n<div class=\"col-md-8\">\n<h4 class=\"mb-0\">Fonctionne comme par magie<\/h4>\n<p>Le c\u0153ur du syst\u00e8me MaxJax\u00ae est un diviseur de d\u00e9bit \u00e0 engrenages en fonte, qui assure un levage parfaitement \u00e9quilibr\u00e9. Le dispositif de division\/combinaison des flux sp\u00e9cialement con\u00e7u est un dispositif de contr\u00f4le des fluides \u00e0 d\u00e9placement positif qui permet de r\u00e9partir avec pr\u00e9cision le flux des forces hydrauliques d'une colonne \u00e0 l'autre, m\u00eame en cas de variation des pressions d'\u00e9quilibrage des charges.<\/p>\n<\/div>\n<\/div>\n<div class=\"row my-5 align-items-center text-center text-md-left\">\n<div class=\"col-md-4 mb-3 mb-md-0\"><img loading=\"lazy\" decoding=\"async\" class=\"img-fluid alignnone\" src=\"https:\/\/www.maxjax.com\/pub\/media\/images\/MaxJax-Power-Unit-Mobile-Cart-Product-Page.jpg\" alt=\"MaxJax M6K\" width=\"300\" height=\"200\" \/><\/div>\n<div class=\"col-md-8\">\n<h4 class=\"mb-0\">Groupe hydraulique portable<\/h4>\n<p>Notre chariot standard pour unit\u00e9 mobile est si petit qu'il peut \u00eatre rang\u00e9 facilement, et inclut une zone de stockage destin\u00e9e aux flexibles hydrauliques. L'unit\u00e9 hydraulique utilise un moteur monophas\u00e9 fonctionnant avec un courant alternatif de 208-240 Volts et un disjoncteur de 16 (C) amp\u00e8res. Le cordon d'alimentation, de cat\u00e9gorie industrielle, a une longueur de 1,80 m\u00e8tre. Un interrupteur \u00e0 bouton-poussoir simple permet de monter le pont \u00e9l\u00e9vateur et un levier de commande permet de le descendre. De simples flexibles \u00e0 d\u00e9branchement rapide peuvent \u00eatre positionn\u00e9s tr\u00e8s facilement, en vue d\u2019un fonctionnement sur une ou deux colonnes.<\/p>\n<\/div>\n<\/div>\n<div class=\"row my-5 align-items-center text-center text-md-left\">\n<div class=\"col-md-4 mb-3 mb-md-0\"><img loading=\"lazy\" decoding=\"async\" class=\"img-fluid alignnone\" src=\"https:\/\/www.maxjax.com\/pub\/media\/images\/maxjax-portable-lift-stackable-adapters.jpg\" alt=\"Adaptateur de levage\" width=\"600\" height=\"480\" \/><\/div>\n<div class=\"col-md-8\">\n<h4 class=\"mb-0\">Bras de levage r\u00e9glables et adaptateurs empilables<\/h4>\n<p>Augmentent le positionnement global du bras pour le levage de diff\u00e9rents v\u00e9hicules \u00e0 construction monocoque, des points de levage recommand\u00e9s par les fabricants ou des configurations de ch\u00e2ssis larges et\/ou \u00e9troites.\u00a0<strong>Every MaxJax M7K order includes four (4) medium height adapters and four (4) stackable standard lift pad adapters.<\/strong><\/p>\n<p><a class=\"grid-link\" href=\"https:\/\/www.maxjax.com\/accessories\/tall-adapters\/\">Les jeux d&#039;adaptateurs hauts sont un accessoire en option<\/a><\/p>\n<\/div>\n<\/div>\n<div class=\"row my-5 align-items-center text-center text-md-left\">\n<div class=\"col-md-4 mb-3 mb-md-0\"><img loading=\"lazy\" decoding=\"async\" class=\"img-fluid alignnone\" src=\"https:\/\/www.maxjax.com\/pub\/media\/images\/low-clearance-two-post-lift-maxjax.jpg\" alt=\"Bras \u00e0 profil bas\" width=\"600\" height=\"480\" \/><\/div>\n<div class=\"col-md-8\">\n<h4 class=\"mb-0\">Bras peu visibles<\/h4>\n<p>Se positionne sous les v\u00e9hicules compacts et sportifs les plus bas ou sur les motos personnalis\u00e9es, dont le cadre est surbaiss\u00e9.<\/p>\n<\/div>\n<\/div>\n<div class=\"row my-5 align-items-center text-center text-md-left\">\n<div class=\"col-md-4 mb-3 mb-md-0\"><img loading=\"lazy\" decoding=\"async\" class=\"img-fluid alignnone\" src=\"https:\/\/www.maxjax.com\/pub\/media\/images\/maxjax-automatic-arm-restraints.jpg\" alt=\"MaxJax M6K\" width=\"600\" height=\"480\" \/><\/div>\n<div class=\"col-md-8\">\n<h4 class=\"mb-0\">Dispositifs automatiques de retenue des bras<\/h4>\n<p>Chaque bras est \u00e9quip\u00e9 d'un dispositif de retenue r\u00e9sistant, qui s'enclenche automatiquement \u00e0 chaque levage. Lorsque le pont est abaiss\u00e9, les dispositifs de retenue des bras (de type engrenage) se d\u00e9senclenchent automatiquement, permettant ainsi un positionnement facile des bras de levage.<\/p>\n<\/div>\n<\/div>\n<div class=\"row my-5 align-items-center text-center text-md-left\">\n<div class=\"col-md-4 mb-3 mb-md-0\"><img loading=\"lazy\" decoding=\"async\" class=\"img-fluid alignnone\" src=\"https:\/\/www.maxjax.com\/pub\/media\/images\/MaxJax-Maintenance-free-slide-blocks-Product-Page.jpg\" alt=\"MaxJax M6K\" width=\"300\" height=\"200\" \/><\/div>\n<div class=\"col-md-8\">\n<h4 class=\"mb-0\">Blocs coulissants sans entretien<\/h4>\n<p>Plut\u00f4t que d&#039;utiliser des roulements \u00e0 rouleaux qui n\u00e9cessitent une lubrification et un entretien constants, nous utilisons des roulements de charge en poly\u00e9thyl\u00e8ne \u00e0 poids mol\u00e9culaire ultra-\u00e9lev\u00e9 UHMW enti\u00e8rement flottants futuristes qui n&#039;ont jamais besoin de lubrification et durent pratiquement toute la vie de l&#039;ascenseur.<\/p>\n<\/div>\n<\/div>\n<div class=\"row my-5 align-items-center text-center text-md-left\">\n<div class=\"col-md-4 mb-3 mb-md-0\"><img loading=\"lazy\" decoding=\"async\" class=\"img-fluid alignnone\" src=\"https:\/\/www.maxjax.com\/pub\/media\/images\/MaxJax-M6-Portable-Car-Lift-Automatic-Safety-Lock-Product-Page.jpg\" alt=\"Verrouillage de s\u00e9curit\u00e9\" width=\"300\" height=\"200\" \/><\/div>\n<div class=\"col-md-8\">\n<h4 class=\"mb-0\">Colonnes monobloc<\/h4>\n<p>Nous fabriquons d\u00e9lib\u00e9r\u00e9ment les colonnes en utilisant une construction monobloc pour plus de r\u00e9sistance et moins de fatigue dans des conditions de forte charge.<\/p>\n<\/div>\n<\/div>\n<div class=\"row my-5 align-items-center text-center text-md-left\">\n<div class=\"col-md-4 mb-3 mb-md-0\"><img loading=\"lazy\" decoding=\"async\" class=\"img-fluid alignnone\" src=\"https:\/\/www.maxjax.com\/pub\/media\/images\/MaxJax-Direct-Drive-Hydraulic-Cylinders-Product-Page.jpg\" alt=\"v\u00e9rin hydraulique\" width=\"300\" height=\"200\" \/><\/div>\n<div class=\"col-md-8\">\n<h4 class=\"mb-0\">Technologie Direct-Drive<\/h4>\n<p>En utilisant deux v\u00e9rins \u00e0 entra\u00eenement direct HVLP basse pression, nous avons \u00e9limin\u00e9 le besoin de cha\u00eenes de levage ou de m\u00e9canismes \u00e0 vis les plus courants sur d&#039;autres conceptions d&#039;ascenseur. La technologie HVLP Direct-Drive offre une meilleure fiabilit\u00e9, un fonctionnement plus fluide et moins d&#039;entretien.<\/p>\n<\/div>\n<\/div>\n<div class=\"row my-5 align-items-center text-center text-md-left\">\n<div class=\"col-md-4 mb-3 mb-md-0\"><img loading=\"lazy\" decoding=\"async\" class=\"img-fluid alignnone\" src=\"https:\/\/www.maxjax.com\/pub\/media\/images\/MaxJax-Industrial-Grade-Hydraulic-Cylinder-Product-Page.jpg\" alt=\"v\u00e9rin hydraulique\" width=\"300\" height=\"200\" \/><\/div>\n<div class=\"col-md-8\">\n<h4 class=\"mb-0\">V\u00e9rins hydrauliques de qualit\u00e9 industrielle<\/h4>\n<p>Un piston en acier usin\u00e9 monobloc, mont\u00e9 sur pilote, est int\u00e9gr\u00e9 \u00e0 chaque v\u00e9rin hydraulique MaxJax\u00ae, envelopp\u00e9 de joints de piston en U sp\u00e9cialement con\u00e7us, de renforts et de bandes d&#039;usure qui \u00e9liminent pratiquement toute d\u00e9rivation de fluide. La tige chrom\u00e9e micro-lisse est usin\u00e9e \u00e0 partir d&#039;acier micro-alli\u00e9 C-1045\/50 \u00e0 haut rendement, rectifi\u00e9 et poli et plaqu\u00e9e \u00e0 un diam\u00e8tre minimum de 0,001 \u2033 de diam\u00e8tre, pour assurer un fonctionnement et une dur\u00e9e de vie sup\u00e9rieurs du cylindre.<\/p>\n<\/div>\n<\/div>\n<div class=\"row my-5 align-items-center text-center text-md-left\">\n<div class=\"col-md-4 mb-3 mb-md-0\"><img loading=\"lazy\" decoding=\"async\" class=\"img-fluid alignnone\" src=\"https:\/\/www.maxjax.com\/pub\/media\/images\/MaxJax-Motorcycle-ATV-Adapter-Optional-Kit-Product-Page.jpg\" alt=\"MaxJax M6K\" width=\"300\" height=\"200\" \/><\/div>\n<div class=\"col-md-8\">\n<h4 class=\"mb-0\">Deux \u00e9l\u00e9vateurs en un<\/h4>\n<p>Notre kit d'adaptation facultatif pour motos permet d'effectuer un levage en toute s\u00e9curit\u00e9 de motos, de VTT ou d'autres v\u00e9hicules motoris\u00e9s, jusqu'\u00e0 une hauteur de travail confortable.<\/p>\n<\/div>\n<p><a href=\"https:\/\/maxjax-europe.com\/fr\/specifications\/\">Voir toutes les sp\u00e9cifications ici<\/a><\/p>\n<\/div>","protected":false},"excerpt":{"rendered":"<p><strong>Ascenseur de garage portatif \u00e0 deux montants MaxJax M7K<\/strong><\/p>\n<p>3.175KG Capacity<\/p>\n<p>Pour la commodit\u00e9, la portabilit\u00e9 et le rangement compact, rien ne vaut l'ascenseur portable brevet\u00e9 MaxJax M6K \u00ae. Gr\u00e2ce \u00e0 sa conception portable unique \u00e0 deux montants, le MaxJax offre une plus grande polyvalence et une plus grande facilit\u00e9 d'entretien par rapport aux syst\u00e8mes de levage de garage traditionnels de hauteur moyenne ou basse.<\/p>\n<p><a href=\"https:\/\/maxjax-europe.com\/fr\/produit\/kroon-oil-perlus-h46-2x5l\/\">N&#039;oubliez pas d&#039;ajouter le fluide hydraulique n\u00e9cessaire!<\/a><\/p>\n<p><a href=\"https:\/\/maxjax-europe.com\/fr\/shipping-information\/\">Livrez-vous dans mon pays?<\/a><\/p>","protected":false},"featured_media":4458,"comment_status":"open","ping_status":"closed","template":"","meta":[],"product_brand":[],"product_cat":[65],"product_tag":[31,91],"class_list":{"0":"post-3645","1":"product","2":"type-product","3":"status-publish","4":"has-post-thumbnail","6":"product_cat-maxjax","7":"product_tag-all-season","8":"product_tag-wheels","9":"product_shipping_class-maxjax","10":"product-custom-label-money-back-garanty","11":"product-custom-label-extended-warranty","12":"product-custom-label-1-4-days-delivery","13":"badges-style-2","14":"wcpa_has_options","16":"first","17":"instock","18":"taxable","19":"shipping-taxable","20":"purchasable","21":"product-type-simple"},"yoast_head":"<!-- This site is optimized with the Yoast SEO plugin v27.1.1 - https:\/\/yoast.com\/product\/yoast-seo-wordpress\/ -->\n<title>MaxJax M7K Portable Two post Lift - MaxJax Europe<\/title>\n<meta name=\"description\" content=\"The MaxJax M7K Portable Two-Post Garage Lift is the best Portable Two Post Lift there is. Delivered directly from our stock in Europe!\" \/>\n<meta name=\"robots\" content=\"index, follow, max-snippet:-1, max-image-preview:large, max-video-preview:-1\" \/>\n<link rel=\"canonical\" href=\"https:\/\/maxjax-europe.com\/fr\/produit\/maxjax-m7k\/\" \/>\n<meta property=\"og:locale\" content=\"fr_FR\" \/>\n<meta property=\"og:type\" content=\"article\" \/>\n<meta property=\"og:title\" content=\"MaxJax M7K Portable Two post Lift - MaxJax Europe\" \/>\n<meta property=\"og:description\" content=\"The MaxJax M7K Portable Two-Post Garage Lift is the best Portable Two Post Lift there is. Delivered directly from our stock in Europe!\" \/>\n<meta property=\"og:url\" content=\"https:\/\/maxjax-europe.com\/fr\/produit\/maxjax-m7k\/\" \/>\n<meta property=\"og:site_name\" content=\"MaxJax Europe\" \/>\n<meta property=\"article:modified_time\" content=\"2025-08-07T10:42:52+00:00\" \/>\n<meta property=\"og:image\" content=\"https:\/\/maxjax-europe.com\/wp-content\/uploads\/2017\/06\/maxjax-homepage-1.png\" \/>\n\t<meta property=\"og:image:width\" content=\"320\" \/>\n\t<meta property=\"og:image:height\" content=\"320\" \/>\n\t<meta property=\"og:image:type\" content=\"image\/png\" \/>\n<meta name=\"twitter:card\" content=\"summary_large_image\" \/>\n<meta name=\"twitter:label1\" content=\"Dur\u00e9e de lecture estim\u00e9e\" \/>\n\t<meta name=\"twitter:data1\" content=\"6 minutes\" \/>\n<script type=\"application\/ld+json\" class=\"yoast-schema-graph\">{\"@context\":\"https:\/\/schema.org\",\"@graph\":[{\"@type\":\"WebPage\",\"@id\":\"https:\/\/maxjax-europe.com\/product\/maxjax-m7k\/\",\"url\":\"https:\/\/maxjax-europe.com\/product\/maxjax-m7k\/\",\"name\":\"MaxJax M7K Portable Two post Lift - MaxJax Europe\",\"isPartOf\":{\"@id\":\"https:\/\/maxjax-europe.com\/#website\"},\"primaryImageOfPage\":{\"@id\":\"https:\/\/maxjax-europe.com\/product\/maxjax-m7k\/#primaryimage\"},\"image\":{\"@id\":\"https:\/\/maxjax-europe.com\/product\/maxjax-m7k\/#primaryimage\"},\"thumbnailUrl\":\"https:\/\/maxjax-europe.com\/wp-content\/uploads\/2017\/06\/maxjax-homepage-1.png\",\"datePublished\":\"2021-01-01T12:00:12+00:00\",\"dateModified\":\"2025-08-07T10:42:52+00:00\",\"description\":\"The MaxJax M7K Portable Two-Post Garage Lift is the best Portable Two Post Lift there is. Delivered directly from our stock in Europe!\",\"breadcrumb\":{\"@id\":\"https:\/\/maxjax-europe.com\/product\/maxjax-m7k\/#breadcrumb\"},\"inLanguage\":\"fr-FR\",\"potentialAction\":[{\"@type\":\"ReadAction\",\"target\":[\"https:\/\/maxjax-europe.com\/product\/maxjax-m7k\/\"]}]},{\"@type\":\"ImageObject\",\"inLanguage\":\"fr-FR\",\"@id\":\"https:\/\/maxjax-europe.com\/product\/maxjax-m7k\/#primaryimage\",\"url\":\"https:\/\/maxjax-europe.com\/wp-content\/uploads\/2017\/06\/maxjax-homepage-1.png\",\"contentUrl\":\"https:\/\/maxjax-europe.com\/wp-content\/uploads\/2017\/06\/maxjax-homepage-1.png\",\"width\":320,\"height\":320,\"caption\":\"MaxJax M6K\"},{\"@type\":\"BreadcrumbList\",\"@id\":\"https:\/\/maxjax-europe.com\/product\/maxjax-m7k\/#breadcrumb\",\"itemListElement\":[{\"@type\":\"ListItem\",\"position\":1,\"name\":\"Home\",\"item\":\"https:\/\/maxjax-europe.com\/\"},{\"@type\":\"ListItem\",\"position\":2,\"name\":\"Shop\",\"item\":\"https:\/\/maxjax-europe.com\/it\/maxjax\/\"},{\"@type\":\"ListItem\",\"position\":3,\"name\":\"MaxJax M7K Portable Two post Lift\"}]},{\"@type\":\"WebSite\",\"@id\":\"https:\/\/maxjax-europe.com\/#website\",\"url\":\"https:\/\/maxjax-europe.com\/\",\"name\":\"MaxJax Europe\",\"description\":\"Shop MaxJax Portable Two-Post Car Lift\",\"publisher\":{\"@id\":\"https:\/\/maxjax-europe.com\/#organization\"},\"potentialAction\":[{\"@type\":\"SearchAction\",\"target\":{\"@type\":\"EntryPoint\",\"urlTemplate\":\"https:\/\/maxjax-europe.com\/?s={search_term_string}\"},\"query-input\":{\"@type\":\"PropertyValueSpecification\",\"valueRequired\":true,\"valueName\":\"search_term_string\"}}],\"inLanguage\":\"fr-FR\"},{\"@type\":\"Organization\",\"@id\":\"https:\/\/maxjax-europe.com\/#organization\",\"name\":\"MaxJax Europe\",\"url\":\"https:\/\/maxjax-europe.com\/\",\"logo\":{\"@type\":\"ImageObject\",\"inLanguage\":\"fr-FR\",\"@id\":\"https:\/\/maxjax-europe.com\/#\/schema\/logo\/image\/\",\"url\":\"https:\/\/maxjax-europe.com\/wp-content\/uploads\/2021\/01\/cropped-EUB-1-1.png\",\"contentUrl\":\"https:\/\/maxjax-europe.com\/wp-content\/uploads\/2021\/01\/cropped-EUB-1-1.png\",\"width\":2266,\"height\":553,\"caption\":\"MaxJax Europe\"},\"image\":{\"@id\":\"https:\/\/maxjax-europe.com\/#\/schema\/logo\/image\/\"}}]}<\/script>\n<!-- \/ Yoast SEO plugin. -->","yoast_head_json":{"title":"MaxJax M7K Portable Two post Lift - MaxJax Europe","description":"The MaxJax M7K Portable Two-Post Garage Lift is the best Portable Two Post Lift there is. Delivered directly from our stock in Europe!","robots":{"index":"index","follow":"follow","max-snippet":"max-snippet:-1","max-image-preview":"max-image-preview:large","max-video-preview":"max-video-preview:-1"},"canonical":"https:\/\/maxjax-europe.com\/fr\/produit\/maxjax-m7k\/","og_locale":"fr_FR","og_type":"article","og_title":"MaxJax M7K Portable Two post Lift - MaxJax Europe","og_description":"The MaxJax M7K Portable Two-Post Garage Lift is the best Portable Two Post Lift there is. Delivered directly from our stock in Europe!","og_url":"https:\/\/maxjax-europe.com\/fr\/produit\/maxjax-m7k\/","og_site_name":"MaxJax Europe","article_modified_time":"2025-08-07T10:42:52+00:00","og_image":[{"width":320,"height":320,"url":"https:\/\/maxjax-europe.com\/wp-content\/uploads\/2017\/06\/maxjax-homepage-1.png","type":"image\/png"}],"twitter_card":"summary_large_image","twitter_misc":{"Dur\u00e9e de lecture estim\u00e9e":"6 minutes"},"schema":{"@context":"https:\/\/schema.org","@graph":[{"@type":"WebPage","@id":"https:\/\/maxjax-europe.com\/product\/maxjax-m7k\/","url":"https:\/\/maxjax-europe.com\/product\/maxjax-m7k\/","name":"MaxJax M7K Portable Two post Lift - MaxJax Europe","isPartOf":{"@id":"https:\/\/maxjax-europe.com\/#website"},"primaryImageOfPage":{"@id":"https:\/\/maxjax-europe.com\/product\/maxjax-m7k\/#primaryimage"},"image":{"@id":"https:\/\/maxjax-europe.com\/product\/maxjax-m7k\/#primaryimage"},"thumbnailUrl":"https:\/\/maxjax-europe.com\/wp-content\/uploads\/2017\/06\/maxjax-homepage-1.png","datePublished":"2021-01-01T12:00:12+00:00","dateModified":"2025-08-07T10:42:52+00:00","description":"The MaxJax M7K Portable Two-Post Garage Lift is the best Portable Two Post Lift there is. Delivered directly from our stock in Europe!","breadcrumb":{"@id":"https:\/\/maxjax-europe.com\/product\/maxjax-m7k\/#breadcrumb"},"inLanguage":"fr-FR","potentialAction":[{"@type":"ReadAction","target":["https:\/\/maxjax-europe.com\/product\/maxjax-m7k\/"]}]},{"@type":"ImageObject","inLanguage":"fr-FR","@id":"https:\/\/maxjax-europe.com\/product\/maxjax-m7k\/#primaryimage","url":"https:\/\/maxjax-europe.com\/wp-content\/uploads\/2017\/06\/maxjax-homepage-1.png","contentUrl":"https:\/\/maxjax-europe.com\/wp-content\/uploads\/2017\/06\/maxjax-homepage-1.png","width":320,"height":320,"caption":"MaxJax M6K"},{"@type":"BreadcrumbList","@id":"https:\/\/maxjax-europe.com\/product\/maxjax-m7k\/#breadcrumb","itemListElement":[{"@type":"ListItem","position":1,"name":"Home","item":"https:\/\/maxjax-europe.com\/"},{"@type":"ListItem","position":2,"name":"Shop","item":"https:\/\/maxjax-europe.com\/it\/maxjax\/"},{"@type":"ListItem","position":3,"name":"MaxJax M7K Portable Two post Lift"}]},{"@type":"WebSite","@id":"https:\/\/maxjax-europe.com\/#website","url":"https:\/\/maxjax-europe.com\/","name":"MaxJax France","description":"Magasiner l&#039;ascenseur de voiture portatif \u00e0 deux montants MaxJax","publisher":{"@id":"https:\/\/maxjax-europe.com\/#organization"},"potentialAction":[{"@type":"SearchAction","target":{"@type":"EntryPoint","urlTemplate":"https:\/\/maxjax-europe.com\/?s={search_term_string}"},"query-input":{"@type":"PropertyValueSpecification","valueRequired":true,"valueName":"search_term_string"}}],"inLanguage":"fr-FR"},{"@type":"Organization","@id":"https:\/\/maxjax-europe.com\/#organization","name":"MaxJax France","url":"https:\/\/maxjax-europe.com\/","logo":{"@type":"ImageObject","inLanguage":"fr-FR","@id":"https:\/\/maxjax-europe.com\/#\/schema\/logo\/image\/","url":"https:\/\/maxjax-europe.com\/wp-content\/uploads\/2021\/01\/cropped-EUB-1-1.png","contentUrl":"https:\/\/maxjax-europe.com\/wp-content\/uploads\/2021\/01\/cropped-EUB-1-1.png","width":2266,"height":553,"caption":"MaxJax Europe"},"image":{"@id":"https:\/\/maxjax-europe.com\/#\/schema\/logo\/image\/"}}]}},"jetpack_sharing_enabled":true,"wcpa_form_fields":{"wcpaData":{"product":{"product_price":2650,"price_html":"<span class=\"woocommerce-Price-amount amount\"><bdi><span class=\"woocommerce-Price-currencySymbol\">&euro;<\/span>2.650,00<\/bdi><\/span> <small class=\"woocommerce-price-suffix\">Excl. VAT<\/small>","original_product_price":2650,"price_including_tax":3206.5,"price_excluding_tax":2650,"product_id":{"parent":3645,"variation":false},"is_variable":false,"stock_status":"instock","stock_quantity":null,"parent_sku":"MaxJaxm7k","product_attributes":[],"custom_fields":[],"is_taxable":true,"product_name":"MaxJax M7K Portable Two post Lift","hasImage":false},"fields":{"sec_10652fec42725b4":{"extra":{"key":"sec_10652fec42725b4","section_id":"sec_10652fec42725b4","name":"Default","status":1,"cl_rule":"show","enableCl":false,"relations":[],"toggle":true,"title_tag":"h3","show_title":false,"showPrice":"default","form_id":5131,"form_rules":{"exclude_from_discount":false,"fee_label":"Fee","disp_hide_options_price":false,"disp_show_section_price":false,"disp_show_field_price":true,"layout_option":"standard","pric_use_as_fee":false,"process_fee_as":"woo_fee"},"layout_option":"standard"},"fields":[[{"active":true,"col":6,"relations":false,"cl_rule":"show","enableCl":false,"price":"","enablePrice":true,"className":"","label_position":"default","desc_position":"default","type":"checkbox-group","required":true,"elementId":"checkgroup_3985119450","label":"Hydraulic oil","name":"checkgroup_3985119450","values":[{"label":"2x5L Perlus H32 hydraulic oil","value":"hydraulic oil","selected":false,"tempId":"aco_370","price":"39.95","gt_translate_keys":["label"]},{"label":"No oil","value":"none","selected":false,"tempId":"aco_369","price":"0","gt_translate_keys":["label"]}],"layOut":"","error":false,"checkUi":"","description":"The MaxJax requires hydraulic oil to operate. Would you like to add oil?","priceOptions":"different_for_all","pricingType":"fixed","show_selected_option":false,"max_options":"1","min_options":"1","gt_translate_keys":["label","description"],"price_dependency":false,"cl_dependency":false,"value":""}]]}},"config":{"price_override":"","enable_recaptcha":false,"bind_quantity":false,"quantity_bind_formula":false,"disp_summ_show_option_price":true,"disp_summ_show_product_price":true,"disp_summ_show_total_price":true,"disp_summ_show_fee":false,"disp_summ_show_discount":false,"summary_title":"","options_total_label":"Options Price","total_label":"Total","options_product_label":"Product Price","fee_label":"Fee","discount_label":"Discount","has_price":true,"has_quantity_formula":false},"mc_unit":1,"tax_rate":1,"tax_rate_real":0.21,"discount":{"percentage":0,"fixed":0},"design":{"conf":{"LabelPosition":"above","DescPosition":"above","UploadField":"custom_1","QuantityFieldStyle":"default"},"css":{"LeftLabelWidth":"120px"}},"formulas":[],"lookuptables":[],"clones":false,"cartKey":false}},"_links":{"self":[{"href":"https:\/\/maxjax-europe.com\/fr\/wp-json\/wp\/v2\/product\/3645","targetHints":{"allow":["GET"]}}],"collection":[{"href":"https:\/\/maxjax-europe.com\/fr\/wp-json\/wp\/v2\/product"}],"about":[{"href":"https:\/\/maxjax-europe.com\/fr\/wp-json\/wp\/v2\/types\/product"}],"replies":[{"embeddable":true,"href":"https:\/\/maxjax-europe.com\/fr\/wp-json\/wp\/v2\/comments?post=3645"}],"wp:featuredmedia":[{"embeddable":true,"href":"https:\/\/maxjax-europe.com\/fr\/wp-json\/wp\/v2\/media\/4458"}],"wp:attachment":[{"href":"https:\/\/maxjax-europe.com\/fr\/wp-json\/wp\/v2\/media?parent=3645"}],"wp:term":[{"taxonomy":"product_brand","embeddable":true,"href":"https:\/\/maxjax-europe.com\/fr\/wp-json\/wp\/v2\/product_brand?post=3645"},{"taxonomy":"product_cat","embeddable":true,"href":"https:\/\/maxjax-europe.com\/fr\/wp-json\/wp\/v2\/product_cat?post=3645"},{"taxonomy":"product_tag","embeddable":true,"href":"https:\/\/maxjax-europe.com\/fr\/wp-json\/wp\/v2\/product_tag?post=3645"}],"curies":[{"name":"wp","href":"https:\/\/api.w.org\/{rel}","templated":true}]}}