{"id":4811,"date":"2021-01-01T11:50:35","date_gmt":"2021-01-01T11:50:35","guid":{"rendered":"https:\/\/maxjax-europe.com\/?post_type=product&#038;p=4811"},"modified":"2023-10-25T07:31:52","modified_gmt":"2023-10-25T07:31:52","slug":"kroon-oil-perlus-h32-2x5l","status":"publish","type":"product","link":"https:\/\/maxjax-europe.com\/fr\/produit\/kroon-oil-perlus-h32-2x5l\/","title":{"rendered":"KROON OIL PERLUS H32 2x5L"},"content":{"rendered":"<p id=\"tw-target-text\" class=\"tw-data-text tw-text-large XcVN5d tw-ta\" dir=\"ltr\" data-placeholder=\"Vertaling\"><span lang=\"en\">Oil Perlus H32 5L is a very high-quality Multigrade \u2018Extreme Pressure\u2019 Hydraulic Oil, based on specially selected solvent-refined base oils. Special additives have been added to obtain the following properties: High and stable Viscosity Index Excellent anti-wear properties Very good anti-rust and anti-corrosion effect Very good oxidation stability Very good demulsifying power Very good anti-foam and air-separating capacity Neutral to plastic seals Very low pour point Sales outlets Application Perlus H 46 is ideally suited for all heavy-duty hydraulic systems of earth-moving machines and fixed installations, which have to work under high pressures and over a wide temperature range.<\/span><\/p>\n<p class=\"tw-data-text tw-text-large XcVN5d tw-ta\" dir=\"ltr\" data-placeholder=\"Vertaling\"><span lang=\"en\">Product specifications Oil Perlus H32 5L<\/span><\/p>\n<p class=\"tw-data-text tw-text-large XcVN5d tw-ta\" dir=\"ltr\" data-placeholder=\"Vertaling\"><span lang=\"en\">AFNOR NF E 48-603 HV ASTM D 6158 HV Cincinnati Machine P-68 Denison HF-0 \/ HF-1 \/ HF-2 DIN 51524-3 HVLP Eaton Brochure 694 for 35VQ25A GM LS-2 ISO 11158 HV Typical standard analyzes Density at 15 \u00b0 C, kg \/ l 0.858 Viscosity 40 \u00b0 C, mm\u00b2 \/ s 33.0 Viscosity 100 \u00b0 C, mm\u00b2 \/ s 6.44 Viscosity index 145 Flash point COC, \u00b0 C 190 Pour point, \u00b0 C -39 Acid value, mgKOH \/ g 0.40 Sulphated ash content,% 0.06<\/span><\/p>\n<p><a href=\"https:\/\/maxjax-europe.com\/fr\/shipping-information\/\">Livrez-vous dans mon pays?<\/a><\/p>\n<p>The PERLUS H 32 is manufactured by the biggest oil supplier, <a href=\"https:\/\/www.kroon-oil.com\/en\/\">Huile de Kroon<\/a><\/p>","protected":false},"excerpt":{"rendered":"<p><strong>MaxJax a besoin d&#039;huile de 6,6 L pour fonctionner pleinement. Ce produit repr\u00e9sente 2 x 5L (10L).\u00a0<\/strong><\/p>\n<p>Perlus H 32 is a premium, multigrade &#8216;Extreme Pressure&#8217; hydraulic oil based on specially selected solvent-refined base oils. It is supplemented with special additives to achieve the following properties:<\/p>\n<div class=\"usertext\">\n<ul>\n<li>Un indice de viscosit\u00e9 \u00e9lev\u00e9 et stable<\/li>\n<li>R\u00e9sistance \u00e0 l&#039;usure exceptionnelle<\/li>\n<li>Excellente protection contre la rouille et la corrosion<\/li>\n<li>Excellente stabilit\u00e9 \u00e0 l&#039;oxydation<\/li>\n<li>Excellent d\u00e9s\u00e9mulsifiant<\/li>\n<li>Excellente lib\u00e9ration d&#039;air et r\u00e9sistance \u00e0 la mousse<\/li>\n<li>N&#039;affecte pas les joints synth\u00e9tiques<\/li>\n<li>Un point d&#039;\u00e9coulement tr\u00e8s bas<\/li>\n<\/ul>\n<\/div>","protected":false},"featured_media":5141,"comment_status":"open","ping_status":"closed","template":"","meta":[],"product_brand":[],"product_cat":[65],"product_tag":[],"class_list":{"0":"post-4811","1":"product","2":"type-product","3":"status-publish","4":"has-post-thumbnail","6":"product_cat-maxjax","7":"product_shipping_class-accessory","8":"badges-style-2","10":"first","11":"instock","12":"taxable","13":"shipping-taxable","14":"purchasable","15":"product-type-simple"},"yoast_head":"<!-- This site is optimized with the Yoast SEO plugin v27.1.1 - https:\/\/yoast.com\/product\/yoast-seo-wordpress\/ -->\n<title>KROON OIL PERLUS H32 2x5L - MaxJax Europe<\/title>\n<meta name=\"robots\" content=\"index, follow, max-snippet:-1, max-image-preview:large, max-video-preview:-1\" \/>\n<link rel=\"canonical\" href=\"https:\/\/maxjax-europe.com\/fr\/produit\/kroon-oil-perlus-h32-2x5l\/\" \/>\n<meta property=\"og:locale\" content=\"fr_FR\" \/>\n<meta property=\"og:type\" content=\"article\" \/>\n<meta property=\"og:title\" content=\"KROON OIL PERLUS H32 2x5L - MaxJax Europe\" \/>\n<meta property=\"og:description\" content=\"MaxJax needs 6.6L oil to fully operate. This product stands for 2 x 5L (10L).\u00a0  Perlus H 32 is a premium, multigrade &#039;Extreme Pressure&#039; hydraulic oil based on specially selected solvent-refined base oils. It is supplemented with special additives to achieve the following properties:    A high and stable viscosity index  Outstanding wear resistance  Excellent rust and corrosion protection  Excellent oxidation stability  Excellent demulsifier  Excellent air-release and resistance to foaming  Does not affect synthetic seals  A very low pour point\" \/>\n<meta property=\"og:url\" content=\"https:\/\/maxjax-europe.com\/fr\/produit\/kroon-oil-perlus-h32-2x5l\/\" \/>\n<meta property=\"og:site_name\" content=\"MaxJax Europe\" \/>\n<meta property=\"article:modified_time\" content=\"2023-10-25T07:31:52+00:00\" \/>\n<meta property=\"og:image\" content=\"https:\/\/maxjax-europe.com\/wp-content\/uploads\/2021\/01\/Kroon-Oil-H32-2x5L-1.png\" \/>\n\t<meta property=\"og:image:width\" content=\"1080\" \/>\n\t<meta property=\"og:image:height\" content=\"1080\" \/>\n\t<meta property=\"og:image:type\" content=\"image\/png\" \/>\n<meta name=\"twitter:card\" content=\"summary_large_image\" \/>\n<meta name=\"twitter:label1\" content=\"Dur\u00e9e de lecture estim\u00e9e\" \/>\n\t<meta name=\"twitter:data1\" content=\"1 minute\" \/>\n<script type=\"application\/ld+json\" class=\"yoast-schema-graph\">{\"@context\":\"https:\/\/schema.org\",\"@graph\":[{\"@type\":\"WebPage\",\"@id\":\"https:\/\/maxjax-europe.com\/product\/kroon-oil-perlus-h32-2x5l\/\",\"url\":\"https:\/\/maxjax-europe.com\/product\/kroon-oil-perlus-h32-2x5l\/\",\"name\":\"KROON OIL PERLUS H32 2x5L - MaxJax Europe\",\"isPartOf\":{\"@id\":\"https:\/\/maxjax-europe.com\/#website\"},\"primaryImageOfPage\":{\"@id\":\"https:\/\/maxjax-europe.com\/product\/kroon-oil-perlus-h32-2x5l\/#primaryimage\"},\"image\":{\"@id\":\"https:\/\/maxjax-europe.com\/product\/kroon-oil-perlus-h32-2x5l\/#primaryimage\"},\"thumbnailUrl\":\"https:\/\/maxjax-europe.com\/wp-content\/uploads\/2021\/01\/Kroon-Oil-H32-2x5L-1.png\",\"datePublished\":\"2021-01-01T11:50:35+00:00\",\"dateModified\":\"2023-10-25T07:31:52+00:00\",\"breadcrumb\":{\"@id\":\"https:\/\/maxjax-europe.com\/product\/kroon-oil-perlus-h32-2x5l\/#breadcrumb\"},\"inLanguage\":\"fr-FR\",\"potentialAction\":[{\"@type\":\"ReadAction\",\"target\":[\"https:\/\/maxjax-europe.com\/product\/kroon-oil-perlus-h32-2x5l\/\"]}]},{\"@type\":\"ImageObject\",\"inLanguage\":\"fr-FR\",\"@id\":\"https:\/\/maxjax-europe.com\/product\/kroon-oil-perlus-h32-2x5l\/#primaryimage\",\"url\":\"https:\/\/maxjax-europe.com\/wp-content\/uploads\/2021\/01\/Kroon-Oil-H32-2x5L-1.png\",\"contentUrl\":\"https:\/\/maxjax-europe.com\/wp-content\/uploads\/2021\/01\/Kroon-Oil-H32-2x5L-1.png\",\"width\":1080,\"height\":1080},{\"@type\":\"BreadcrumbList\",\"@id\":\"https:\/\/maxjax-europe.com\/product\/kroon-oil-perlus-h32-2x5l\/#breadcrumb\",\"itemListElement\":[{\"@type\":\"ListItem\",\"position\":1,\"name\":\"Home\",\"item\":\"https:\/\/maxjax-europe.com\/\"},{\"@type\":\"ListItem\",\"position\":2,\"name\":\"Shop\",\"item\":\"https:\/\/maxjax-europe.com\/it\/maxjax\/\"},{\"@type\":\"ListItem\",\"position\":3,\"name\":\"KROON OIL PERLUS H32 2x5L\"}]},{\"@type\":\"WebSite\",\"@id\":\"https:\/\/maxjax-europe.com\/#website\",\"url\":\"https:\/\/maxjax-europe.com\/\",\"name\":\"MaxJax Europe\",\"description\":\"Shop MaxJax Portable Two-Post Car Lift\",\"publisher\":{\"@id\":\"https:\/\/maxjax-europe.com\/#organization\"},\"potentialAction\":[{\"@type\":\"SearchAction\",\"target\":{\"@type\":\"EntryPoint\",\"urlTemplate\":\"https:\/\/maxjax-europe.com\/?s={search_term_string}\"},\"query-input\":{\"@type\":\"PropertyValueSpecification\",\"valueRequired\":true,\"valueName\":\"search_term_string\"}}],\"inLanguage\":\"fr-FR\"},{\"@type\":\"Organization\",\"@id\":\"https:\/\/maxjax-europe.com\/#organization\",\"name\":\"MaxJax Europe\",\"url\":\"https:\/\/maxjax-europe.com\/\",\"logo\":{\"@type\":\"ImageObject\",\"inLanguage\":\"fr-FR\",\"@id\":\"https:\/\/maxjax-europe.com\/#\/schema\/logo\/image\/\",\"url\":\"https:\/\/maxjax-europe.com\/wp-content\/uploads\/2021\/01\/cropped-EUB-1-1.png\",\"contentUrl\":\"https:\/\/maxjax-europe.com\/wp-content\/uploads\/2021\/01\/cropped-EUB-1-1.png\",\"width\":2266,\"height\":553,\"caption\":\"MaxJax Europe\"},\"image\":{\"@id\":\"https:\/\/maxjax-europe.com\/#\/schema\/logo\/image\/\"}}]}<\/script>\n<!-- \/ Yoast SEO plugin. -->","yoast_head_json":{"title":"KROON OIL PERLUS H32 2x5L - MaxJax Europe","robots":{"index":"index","follow":"follow","max-snippet":"max-snippet:-1","max-image-preview":"max-image-preview:large","max-video-preview":"max-video-preview:-1"},"canonical":"https:\/\/maxjax-europe.com\/fr\/produit\/kroon-oil-perlus-h32-2x5l\/","og_locale":"fr_FR","og_type":"article","og_title":"KROON OIL PERLUS H32 2x5L - MaxJax Europe","og_description":"MaxJax needs 6.6L oil to fully operate. This product stands for 2 x 5L (10L).\u00a0  Perlus H 32 is a premium, multigrade 'Extreme Pressure' hydraulic oil based on specially selected solvent-refined base oils. It is supplemented with special additives to achieve the following properties:    A high and stable viscosity index  Outstanding wear resistance  Excellent rust and corrosion protection  Excellent oxidation stability  Excellent demulsifier  Excellent air-release and resistance to foaming  Does not affect synthetic seals  A very low pour point","og_url":"https:\/\/maxjax-europe.com\/fr\/produit\/kroon-oil-perlus-h32-2x5l\/","og_site_name":"MaxJax Europe","article_modified_time":"2023-10-25T07:31:52+00:00","og_image":[{"width":1080,"height":1080,"url":"https:\/\/maxjax-europe.com\/wp-content\/uploads\/2021\/01\/Kroon-Oil-H32-2x5L-1.png","type":"image\/png"}],"twitter_card":"summary_large_image","twitter_misc":{"Dur\u00e9e de lecture estim\u00e9e":"1 minute"},"schema":{"@context":"https:\/\/schema.org","@graph":[{"@type":"WebPage","@id":"https:\/\/maxjax-europe.com\/product\/kroon-oil-perlus-h32-2x5l\/","url":"https:\/\/maxjax-europe.com\/product\/kroon-oil-perlus-h32-2x5l\/","name":"KROON OIL PERLUS H32 2x5L - MaxJax Europe","isPartOf":{"@id":"https:\/\/maxjax-europe.com\/#website"},"primaryImageOfPage":{"@id":"https:\/\/maxjax-europe.com\/product\/kroon-oil-perlus-h32-2x5l\/#primaryimage"},"image":{"@id":"https:\/\/maxjax-europe.com\/product\/kroon-oil-perlus-h32-2x5l\/#primaryimage"},"thumbnailUrl":"https:\/\/maxjax-europe.com\/wp-content\/uploads\/2021\/01\/Kroon-Oil-H32-2x5L-1.png","datePublished":"2021-01-01T11:50:35+00:00","dateModified":"2023-10-25T07:31:52+00:00","breadcrumb":{"@id":"https:\/\/maxjax-europe.com\/product\/kroon-oil-perlus-h32-2x5l\/#breadcrumb"},"inLanguage":"fr-FR","potentialAction":[{"@type":"ReadAction","target":["https:\/\/maxjax-europe.com\/product\/kroon-oil-perlus-h32-2x5l\/"]}]},{"@type":"ImageObject","inLanguage":"fr-FR","@id":"https:\/\/maxjax-europe.com\/product\/kroon-oil-perlus-h32-2x5l\/#primaryimage","url":"https:\/\/maxjax-europe.com\/wp-content\/uploads\/2021\/01\/Kroon-Oil-H32-2x5L-1.png","contentUrl":"https:\/\/maxjax-europe.com\/wp-content\/uploads\/2021\/01\/Kroon-Oil-H32-2x5L-1.png","width":1080,"height":1080},{"@type":"BreadcrumbList","@id":"https:\/\/maxjax-europe.com\/product\/kroon-oil-perlus-h32-2x5l\/#breadcrumb","itemListElement":[{"@type":"ListItem","position":1,"name":"Home","item":"https:\/\/maxjax-europe.com\/"},{"@type":"ListItem","position":2,"name":"Shop","item":"https:\/\/maxjax-europe.com\/it\/maxjax\/"},{"@type":"ListItem","position":3,"name":"KROON OIL PERLUS H32 2x5L"}]},{"@type":"WebSite","@id":"https:\/\/maxjax-europe.com\/#website","url":"https:\/\/maxjax-europe.com\/","name":"MaxJax France","description":"Magasiner l&#039;ascenseur de voiture portatif \u00e0 deux montants MaxJax","publisher":{"@id":"https:\/\/maxjax-europe.com\/#organization"},"potentialAction":[{"@type":"SearchAction","target":{"@type":"EntryPoint","urlTemplate":"https:\/\/maxjax-europe.com\/?s={search_term_string}"},"query-input":{"@type":"PropertyValueSpecification","valueRequired":true,"valueName":"search_term_string"}}],"inLanguage":"fr-FR"},{"@type":"Organization","@id":"https:\/\/maxjax-europe.com\/#organization","name":"MaxJax France","url":"https:\/\/maxjax-europe.com\/","logo":{"@type":"ImageObject","inLanguage":"fr-FR","@id":"https:\/\/maxjax-europe.com\/#\/schema\/logo\/image\/","url":"https:\/\/maxjax-europe.com\/wp-content\/uploads\/2021\/01\/cropped-EUB-1-1.png","contentUrl":"https:\/\/maxjax-europe.com\/wp-content\/uploads\/2021\/01\/cropped-EUB-1-1.png","width":2266,"height":553,"caption":"MaxJax Europe"},"image":{"@id":"https:\/\/maxjax-europe.com\/#\/schema\/logo\/image\/"}}]}},"jetpack_sharing_enabled":true,"wcpa_form_fields":null,"_links":{"self":[{"href":"https:\/\/maxjax-europe.com\/fr\/wp-json\/wp\/v2\/product\/4811","targetHints":{"allow":["GET"]}}],"collection":[{"href":"https:\/\/maxjax-europe.com\/fr\/wp-json\/wp\/v2\/product"}],"about":[{"href":"https:\/\/maxjax-europe.com\/fr\/wp-json\/wp\/v2\/types\/product"}],"replies":[{"embeddable":true,"href":"https:\/\/maxjax-europe.com\/fr\/wp-json\/wp\/v2\/comments?post=4811"}],"wp:featuredmedia":[{"embeddable":true,"href":"https:\/\/maxjax-europe.com\/fr\/wp-json\/wp\/v2\/media\/5141"}],"wp:attachment":[{"href":"https:\/\/maxjax-europe.com\/fr\/wp-json\/wp\/v2\/media?parent=4811"}],"wp:term":[{"taxonomy":"product_brand","embeddable":true,"href":"https:\/\/maxjax-europe.com\/fr\/wp-json\/wp\/v2\/product_brand?post=4811"},{"taxonomy":"product_cat","embeddable":true,"href":"https:\/\/maxjax-europe.com\/fr\/wp-json\/wp\/v2\/product_cat?post=4811"},{"taxonomy":"product_tag","embeddable":true,"href":"https:\/\/maxjax-europe.com\/fr\/wp-json\/wp\/v2\/product_tag?post=4811"}],"curies":[{"name":"wp","href":"https:\/\/api.w.org\/{rel}","templated":true}]}}