{"id":4575,"date":"2021-01-15T12:32:17","date_gmt":"2021-01-15T12:32:17","guid":{"rendered":"https:\/\/maxjax-europe.com\/?page_id=4575"},"modified":"2023-06-01T12:12:04","modified_gmt":"2023-06-01T12:12:04","slug":"order-information","status":"publish","type":"page","link":"https:\/\/maxjax-europe.com\/it\/order-information\/","title":{"rendered":"Informazioni sull&#039;ordine"},"content":{"rendered":"<div data-elementor-type=\"wp-page\" data-elementor-id=\"4575\" class=\"elementor elementor-4575\">\n\t\t\t\t\t\t<section class=\"elementor-section elementor-top-section elementor-element elementor-element-2b9ff6d elementor-section-boxed elementor-section-height-default elementor-section-height-default\" data-id=\"2b9ff6d\" data-element_type=\"section\" data-e-type=\"section\">\n\t\t\t\t\t\t<div class=\"elementor-container elementor-column-gap-default\">\n\t\t\t\t\t<div class=\"elementor-column elementor-col-100 elementor-top-column elementor-element elementor-element-37c70e2\" data-id=\"37c70e2\" data-element_type=\"column\" data-e-type=\"column\">\n\t\t\t<div class=\"elementor-widget-wrap elementor-element-populated\">\n\t\t\t\t\t\t<div class=\"elementor-element elementor-element-8c25df2 elementor-widget elementor-widget-heading\" data-id=\"8c25df2\" data-element_type=\"widget\" data-e-type=\"widget\" data-widget_type=\"heading.default\">\n\t\t\t\t<div class=\"elementor-widget-container\">\n\t\t\t\t\t<h1 class=\"elementor-heading-title elementor-size-default\">Everything you need to know before ordering your MaxJax M7K!<\/h1>\t\t\t\t<\/div>\n\t\t\t\t<\/div>\n\t\t\t\t\t<\/div>\n\t\t<\/div>\n\t\t\t\t\t<\/div>\n\t\t<\/section>\n\t\t\t\t<section class=\"elementor-section elementor-top-section elementor-element elementor-element-32a2539 elementor-section-boxed elementor-section-height-default elementor-section-height-default\" data-id=\"32a2539\" data-element_type=\"section\" data-e-type=\"section\">\n\t\t\t\t\t\t<div class=\"elementor-container elementor-column-gap-default\">\n\t\t\t\t\t<div class=\"elementor-column elementor-col-100 elementor-top-column elementor-element elementor-element-cf3bda9\" data-id=\"cf3bda9\" data-element_type=\"column\" data-e-type=\"column\">\n\t\t\t<div class=\"elementor-widget-wrap elementor-element-populated\">\n\t\t\t\t\t\t<div class=\"elementor-element elementor-element-d24a5e5 elementor-widget elementor-widget-text-editor\" data-id=\"d24a5e5\" data-element_type=\"widget\" data-e-type=\"widget\" data-widget_type=\"text-editor.default\">\n\t\t\t\t<div class=\"elementor-widget-container\">\n\t\t\t\t\t\t\t\t\t<p><span style=\"color: #000000;\">Tutto ci\u00f2 che bisogna sapere su come effettuare l'ordine, esentare l'IVA o sui metodi di pagamento \u00e8 spiegato qui Se qualcosa non \u00e8 elencato, \u00e8 necessario esserne informati.<\/span><br \/><span style=\"color: #000000;\">\u00c8 sempre possibile contattarci via e-mail all'indirizzo maxjax@liftmotive.com o telefonando al numero <a style=\"color: #000000;\" href=\"tel: +31627365781\">+31 627365781<\/a><\/span><\/p>\t\t\t\t\t\t\t\t<\/div>\n\t\t\t\t<\/div>\n\t\t\t\t<div class=\"elementor-element elementor-element-18c62f8 elementor-widget-divider--view-line elementor-widget elementor-widget-divider\" data-id=\"18c62f8\" data-element_type=\"widget\" data-e-type=\"widget\" data-widget_type=\"divider.default\">\n\t\t\t\t<div class=\"elementor-widget-container\">\n\t\t\t\t\t\t\t<div class=\"elementor-divider\">\n\t\t\t<span class=\"elementor-divider-separator\">\n\t\t\t\t\t\t<\/span>\n\t\t<\/div>\n\t\t\t\t\t\t<\/div>\n\t\t\t\t<\/div>\n\t\t\t\t\t<\/div>\n\t\t<\/div>\n\t\t\t\t\t<\/div>\n\t\t<\/section>\n\t\t\t\t<section class=\"elementor-section elementor-top-section elementor-element elementor-element-7ca3dbc elementor-section-boxed elementor-section-height-default elementor-section-height-default\" data-id=\"7ca3dbc\" data-element_type=\"section\" data-e-type=\"section\">\n\t\t\t\t\t\t<div class=\"elementor-container elementor-column-gap-default\">\n\t\t\t\t\t<div class=\"elementor-column elementor-col-33 elementor-top-column elementor-element elementor-element-988cc9f\" data-id=\"988cc9f\" data-element_type=\"column\" data-e-type=\"column\">\n\t\t\t<div class=\"elementor-widget-wrap elementor-element-populated\">\n\t\t\t\t\t\t<div class=\"elementor-element elementor-element-2833d11 elementor-widget elementor-widget-text-editor\" data-id=\"2833d11\" data-element_type=\"widget\" data-e-type=\"widget\" data-widget_type=\"text-editor.default\">\n\t\t\t\t<div class=\"elementor-widget-container\">\n\t\t\t\t\t\t\t\t\t<h3 class=\"LC20lb DKV0Md\" style=\"text-align: center;\">Imposta sul valore aggiunto (IVA)<\/h3><p><span style=\"color: #000000;\">L&#039;aliquota IVA % viene calcolata in base all&#039;aliquota IVA del paese in cui l&#039;ordine deve essere spedito. Questo vale per gli utenti privati all&#039;interno dell&#039;UE.\u00a0<\/span><\/p><p><span style=\"color: #000000;\">Gli utenti commerciali all'interno dell'UE e al di fuori dei Paesi Bassi possono ottenere l'esenzione IVA (0%) compilando il numero di partita IVA UE al momento del pagamento degli ordini nel carrello nel negozio online.\u00a0<\/span><\/p><p>Se si ordina da Norvegia, Svizzera o Regno Unito l'IVA sar\u00e0 esente (0%), indipendentemente dal fatto che l'acquisto sia stato effettuato da un utente privato o aziendale. L'IVA sar\u00e0 pagata nel paese da cui si effettua l'ordine.\u00a0<\/p>\t\t\t\t\t\t\t\t<\/div>\n\t\t\t\t<\/div>\n\t\t\t\t\t<\/div>\n\t\t<\/div>\n\t\t\t\t<div class=\"elementor-column elementor-col-33 elementor-top-column elementor-element elementor-element-9aad8cf\" data-id=\"9aad8cf\" data-element_type=\"column\" data-e-type=\"column\">\n\t\t\t<div class=\"elementor-widget-wrap elementor-element-populated\">\n\t\t\t\t\t\t<div class=\"elementor-element elementor-element-eb8238d elementor-widget elementor-widget-text-editor\" data-id=\"eb8238d\" data-element_type=\"widget\" data-e-type=\"widget\" data-widget_type=\"text-editor.default\">\n\t\t\t\t<div class=\"elementor-widget-container\">\n\t\t\t\t\t\t\t\t\t<h2 style=\"text-align: center;\">Modalit\u00e0 di pagamento<\/h2><p><span style=\"color: #000000;\">Il nostro negozio Web offre diversi metodi di pagamento online. Al momento del pagamento nel nostro negozio online, \u00e8 possibile selezionare uno dei metodi standard elencati di seguito:<\/span><\/p><p>\u00a0<\/p><ul><li><span style=\"color: #000000;\">Ideale<\/span><\/li><li><span style=\"color: #000000;\">Carta di credito<br \/><\/span><\/li><li><span style=\"color: #000000;\">Klarna Pay Later<\/span><\/li><li><span style=\"color: #000000;\">Klarna Slice It<\/span><\/li><li><span style=\"color: #000000;\">PayPal (addebitiamo una commissione di 3% sui pagamenti PayPal)<\/span><\/li><li><span style=\"color: #000000;\">Bonifico bancario<\/span><\/li><li><span style=\"color: #000000;\">Giropay<\/span><\/li><li><span style=\"color: #000000;\">Przelewy24<\/span><\/li><li><span style=\"color: #000000;\">KBC \/ CBC<\/span><\/li><li><span style=\"color: #000000;\">Belfius Direct Net<\/span><\/li><li><span style=\"color: #000000;\">ING Home&#039;Pay<\/span><\/li><\/ul>\t\t\t\t\t\t\t\t<\/div>\n\t\t\t\t<\/div>\n\t\t\t\t\t<\/div>\n\t\t<\/div>\n\t\t\t\t<div class=\"elementor-column elementor-col-33 elementor-top-column elementor-element elementor-element-3f991a7\" data-id=\"3f991a7\" data-element_type=\"column\" data-e-type=\"column\">\n\t\t\t<div class=\"elementor-widget-wrap elementor-element-populated\">\n\t\t\t\t\t\t<div class=\"elementor-element elementor-element-5f6464a elementor-widget elementor-widget-text-editor\" data-id=\"5f6464a\" data-element_type=\"widget\" data-e-type=\"widget\" data-widget_type=\"text-editor.default\">\n\t\t\t\t<div class=\"elementor-widget-container\">\n\t\t\t\t\t\t\t\t\t<h2><span style=\"color: #000000;\">Ordina tramite e-mail<\/span><\/h2><p><span style=\"color: #000000;\">In caso di problemi nel nostro negozio online, \u00e8 possibile ordinare anche via e-mail. Inviare la richiesta a maxjax@liftmotive.com\u00a0<\/span><\/p><p><span style=\"color: #000000;\">In base alle informazioni immesse, l'utente verr\u00e0 contatto con la fattura e (se richiesto) un link di pagamento o istruzioni per il bonifico bancario.<\/span><\/p><h2><span style=\"color: #000000;\">Valuta<\/span><\/h2><p><span style=\"color: #000000;\">Tutti i prezzi visualizzati nel nostro negozio online sono in Euro, \u20ac (EUR). Gli ordini UE includono tutte le tasse federali e provinciali applicabili al pagamento, se del caso.<\/span><\/p>\t\t\t\t\t\t\t\t<\/div>\n\t\t\t\t<\/div>\n\t\t\t\t\t<\/div>\n\t\t<\/div>\n\t\t\t\t\t<\/div>\n\t\t<\/section>\n\t\t\t\t<\/div>","protected":false},"excerpt":{"rendered":"<p>Everything you need to know before ordering your MaxJax M7K! Everything you need to know how to place, exempt VAT or payment methods are to explained here. If there\u2019s anything not listed you need to know.You can always contact us by emailing maxjax@liftmotive.com or calling to +31 627365781 Value added tax (VAT) VAT rate %<br \/><a class=\"more-link\" href=\"https:\/\/maxjax-europe.com\/it\/order-information\/\"><br \/>\n        Read More<span class=\"screen-reader-text\"> &#8220;Order information&#8221;<\/span><\/a><\/p>","protected":false},"author":1,"featured_media":0,"parent":0,"menu_order":0,"comment_status":"closed","ping_status":"closed","template":"","meta":{"footnotes":""},"class_list":["post-4575","page","type-page","status-publish","hentry","badges-style-2"],"yoast_head":"<!-- This site is optimized with the Yoast SEO plugin v27.1.1 - https:\/\/yoast.com\/product\/yoast-seo-wordpress\/ -->\n<title>Order information - MaxJax Europe<\/title>\n<meta name=\"robots\" content=\"index, follow, max-snippet:-1, max-image-preview:large, max-video-preview:-1\" \/>\n<link rel=\"canonical\" href=\"https:\/\/maxjax-europe.com\/it\/order-information\/\" \/>\n<meta property=\"og:locale\" content=\"it_IT\" \/>\n<meta property=\"og:type\" content=\"article\" \/>\n<meta property=\"og:title\" content=\"Order information - MaxJax Europe\" \/>\n<meta property=\"og:description\" content=\"Everything you need to know before ordering your MaxJax M7K! Everything you need to know how to place, exempt VAT or payment methods are to explained here. If there\u2019s anything not listed you need to know.You can always contact us by emailing maxjax@liftmotive.com or calling to +31 627365781 Value added tax (VAT) VAT rate %     Read More &quot;Order information&quot;\" \/>\n<meta property=\"og:url\" content=\"https:\/\/maxjax-europe.com\/it\/order-information\/\" \/>\n<meta property=\"og:site_name\" content=\"MaxJax Europe\" \/>\n<meta property=\"article:modified_time\" content=\"2023-06-01T12:12:04+00:00\" \/>\n<meta name=\"twitter:card\" content=\"summary_large_image\" \/>\n<meta name=\"twitter:label1\" content=\"Tempo di lettura stimato\" \/>\n\t<meta name=\"twitter:data1\" content=\"2 minuti\" \/>\n<script type=\"application\/ld+json\" class=\"yoast-schema-graph\">{\"@context\":\"https:\/\/schema.org\",\"@graph\":[{\"@type\":\"WebPage\",\"@id\":\"https:\/\/maxjax-europe.com\/order-information\/\",\"url\":\"https:\/\/maxjax-europe.com\/order-information\/\",\"name\":\"Order information - MaxJax Europe\",\"isPartOf\":{\"@id\":\"https:\/\/maxjax-europe.com\/#website\"},\"datePublished\":\"2021-01-15T12:32:17+00:00\",\"dateModified\":\"2023-06-01T12:12:04+00:00\",\"breadcrumb\":{\"@id\":\"https:\/\/maxjax-europe.com\/order-information\/#breadcrumb\"},\"inLanguage\":\"it-IT\",\"potentialAction\":[{\"@type\":\"ReadAction\",\"target\":[\"https:\/\/maxjax-europe.com\/order-information\/\"]}]},{\"@type\":\"BreadcrumbList\",\"@id\":\"https:\/\/maxjax-europe.com\/order-information\/#breadcrumb\",\"itemListElement\":[{\"@type\":\"ListItem\",\"position\":1,\"name\":\"Home\",\"item\":\"https:\/\/maxjax-europe.com\/\"},{\"@type\":\"ListItem\",\"position\":2,\"name\":\"Order information\"}]},{\"@type\":\"WebSite\",\"@id\":\"https:\/\/maxjax-europe.com\/#website\",\"url\":\"https:\/\/maxjax-europe.com\/\",\"name\":\"MaxJax Europe\",\"description\":\"Shop MaxJax Portable Two-Post Car Lift\",\"publisher\":{\"@id\":\"https:\/\/maxjax-europe.com\/#organization\"},\"potentialAction\":[{\"@type\":\"SearchAction\",\"target\":{\"@type\":\"EntryPoint\",\"urlTemplate\":\"https:\/\/maxjax-europe.com\/?s={search_term_string}\"},\"query-input\":{\"@type\":\"PropertyValueSpecification\",\"valueRequired\":true,\"valueName\":\"search_term_string\"}}],\"inLanguage\":\"it-IT\"},{\"@type\":\"Organization\",\"@id\":\"https:\/\/maxjax-europe.com\/#organization\",\"name\":\"MaxJax Europe\",\"url\":\"https:\/\/maxjax-europe.com\/\",\"logo\":{\"@type\":\"ImageObject\",\"inLanguage\":\"it-IT\",\"@id\":\"https:\/\/maxjax-europe.com\/#\/schema\/logo\/image\/\",\"url\":\"https:\/\/maxjax-europe.com\/wp-content\/uploads\/2021\/01\/cropped-EUB-1-1.png\",\"contentUrl\":\"https:\/\/maxjax-europe.com\/wp-content\/uploads\/2021\/01\/cropped-EUB-1-1.png\",\"width\":2266,\"height\":553,\"caption\":\"MaxJax Europe\"},\"image\":{\"@id\":\"https:\/\/maxjax-europe.com\/#\/schema\/logo\/image\/\"}}]}<\/script>\n<!-- \/ Yoast SEO plugin. -->","yoast_head_json":{"title":"Informazioni per l&#039;ordine - MaxJax Europe","robots":{"index":"index","follow":"follow","max-snippet":"max-snippet:-1","max-image-preview":"max-image-preview:large","max-video-preview":"max-video-preview:-1"},"canonical":"https:\/\/maxjax-europe.com\/it\/order-information\/","og_locale":"it_IT","og_type":"article","og_title":"Order information - MaxJax Europe","og_description":"Everything you need to know before ordering your MaxJax M7K! Everything you need to know how to place, exempt VAT or payment methods are to explained here. If there\u2019s anything not listed you need to know.You can always contact us by emailing maxjax@liftmotive.com or calling to +31 627365781 Value added tax (VAT) VAT rate %     Read More \"Order information\"","og_url":"https:\/\/maxjax-europe.com\/it\/order-information\/","og_site_name":"MaxJax Europe","article_modified_time":"2023-06-01T12:12:04+00:00","twitter_card":"summary_large_image","twitter_misc":{"Tempo di lettura stimato":"2 minuti"},"schema":{"@context":"https:\/\/schema.org","@graph":[{"@type":"WebPage","@id":"https:\/\/maxjax-europe.com\/order-information\/","url":"https:\/\/maxjax-europe.com\/order-information\/","name":"Informazioni per l&#039;ordine - MaxJax Europe","isPartOf":{"@id":"https:\/\/maxjax-europe.com\/#website"},"datePublished":"2021-01-15T12:32:17+00:00","dateModified":"2023-06-01T12:12:04+00:00","breadcrumb":{"@id":"https:\/\/maxjax-europe.com\/order-information\/#breadcrumb"},"inLanguage":"it-IT","potentialAction":[{"@type":"ReadAction","target":["https:\/\/maxjax-europe.com\/order-information\/"]}]},{"@type":"BreadcrumbList","@id":"https:\/\/maxjax-europe.com\/order-information\/#breadcrumb","itemListElement":[{"@type":"ListItem","position":1,"name":"Home","item":"https:\/\/maxjax-europe.com\/"},{"@type":"ListItem","position":2,"name":"Order information"}]},{"@type":"WebSite","@id":"https:\/\/maxjax-europe.com\/#website","url":"https:\/\/maxjax-europe.com\/","name":"MaxJax Italia","description":"Acquista il sollevatore portatile per auto a due colonne MaxJax","publisher":{"@id":"https:\/\/maxjax-europe.com\/#organization"},"potentialAction":[{"@type":"SearchAction","target":{"@type":"EntryPoint","urlTemplate":"https:\/\/maxjax-europe.com\/?s={search_term_string}"},"query-input":{"@type":"PropertyValueSpecification","valueRequired":true,"valueName":"search_term_string"}}],"inLanguage":"it-IT"},{"@type":"Organization","@id":"https:\/\/maxjax-europe.com\/#organization","name":"MaxJax Italia","url":"https:\/\/maxjax-europe.com\/","logo":{"@type":"ImageObject","inLanguage":"it-IT","@id":"https:\/\/maxjax-europe.com\/#\/schema\/logo\/image\/","url":"https:\/\/maxjax-europe.com\/wp-content\/uploads\/2021\/01\/cropped-EUB-1-1.png","contentUrl":"https:\/\/maxjax-europe.com\/wp-content\/uploads\/2021\/01\/cropped-EUB-1-1.png","width":2266,"height":553,"caption":"MaxJax Europe"},"image":{"@id":"https:\/\/maxjax-europe.com\/#\/schema\/logo\/image\/"}}]}},"jetpack_sharing_enabled":true,"_links":{"self":[{"href":"https:\/\/maxjax-europe.com\/it\/wp-json\/wp\/v2\/pages\/4575","targetHints":{"allow":["GET"]}}],"collection":[{"href":"https:\/\/maxjax-europe.com\/it\/wp-json\/wp\/v2\/pages"}],"about":[{"href":"https:\/\/maxjax-europe.com\/it\/wp-json\/wp\/v2\/types\/page"}],"author":[{"embeddable":true,"href":"https:\/\/maxjax-europe.com\/it\/wp-json\/wp\/v2\/users\/1"}],"replies":[{"embeddable":true,"href":"https:\/\/maxjax-europe.com\/it\/wp-json\/wp\/v2\/comments?post=4575"}],"version-history":[{"count":10,"href":"https:\/\/maxjax-europe.com\/it\/wp-json\/wp\/v2\/pages\/4575\/revisions"}],"predecessor-version":[{"id":5081,"href":"https:\/\/maxjax-europe.com\/it\/wp-json\/wp\/v2\/pages\/4575\/revisions\/5081"}],"wp:attachment":[{"href":"https:\/\/maxjax-europe.com\/it\/wp-json\/wp\/v2\/media?parent=4575"}],"curies":[{"name":"wp","href":"https:\/\/api.w.org\/{rel}","templated":true}]}}