{"id":3645,"date":"2021-01-01T12:00:12","date_gmt":"2021-01-01T12:00:12","guid":{"rendered":"http:\/\/demo.woothemes.com\/woocommerce\/?post_type=product&#038;p=99"},"modified":"2025-08-07T10:42:52","modified_gmt":"2025-08-07T10:42:52","slug":"maxjax-m7k","status":"publish","type":"product","link":"https:\/\/maxjax-europe.com\/it\/prodotto\/maxjax-m7k\/","title":{"rendered":"MaxJax M7K Ascensore portatile a due montanti"},"content":{"rendered":"<div class=\"page-title-wrapper product\"><\/div>\n<h3>Vantaggi di MaxJax<\/h3>\n<p>Sono le funzionalit\u00e0 che ottieni che distinguono MaxJax dal resto. Ogni unit\u00e0 MaxJax \u00e8 dotata delle giuste caratteristiche che la rendono la scelta migliore quando si cerca un nuovo sollevatore per auto. Leggi il lungo elenco di caratteristiche che questo ascensore per auto ha da offrire e arriverai facilmente alla conclusione che MaxJax non \u00e8 un normale ascensore da garage.<\/p>\n<div class=\"row my-5 align-items-center text-center text-md-left\">\n<div class=\"col-md-4 mb-3 mb-md-0\"><img fetchpriority=\"high\" decoding=\"async\" class=\"img-fluid alignnone\" src=\"https:\/\/www.maxjax.com\/pub\/media\/images\/maxjax-two-post-lift-clear-undercar-access.jpg\" alt=\"MaxJax M6K\" width=\"600\" height=\"480\" \/><\/div>\n<div class=\"col-md-8\">\n<h4 class=\"mb-0\">Libero accesso al sottoscocca<\/h4>\n<p>Nessun altro sistema di sollevamento a bassa o media altezza fornisce pi\u00f9 spazio libero sotto la cabina e a terra rispetto al sistema di sollevamento MaxJax. Ora \u00e8 possibile accedere facilmente al sottoscocca del motore, alle trasmissioni, agli alberi motore, ai motorini di avviamento, ai differenziali o a qualsiasi altro elemento che richieda l'accesso al sottoscocca.<\/p>\n<\/div>\n<\/div>\n<div class=\"row my-5 align-items-center text-center text-md-left\">\n<div class=\"col-md-4 mb-3 mb-md-0\"><img decoding=\"async\" class=\"img-fluid alignnone\" src=\"https:\/\/www.maxjax.com\/pub\/media\/images\/maxjax-two-post-lift-portable-columns.jpg\" alt=\"MaxJax M6K\" width=\"600\" height=\"480\" \/><\/div>\n<div class=\"col-md-8\">\n<h4 class=\"mb-0\">Portabilit\u00e0<\/h4>\n<p>L'ascensore per auto a due montanti con ruote integrate consente di utilizzare il sistema di sollevamento secondo necessit\u00e0 e di riporlo comodamente quando non \u00e8 in uso, mantenendo l'autorimessa e le corsie dei veicoli liberi da ingombri.<\/p>\n<\/div>\n<\/div>\n<div class=\"row my-5 align-items-center text-center text-md-left\">\n<div class=\"col-md-4 mb-3 mb-md-0\"><img decoding=\"async\" class=\"img-fluid alignnone\" src=\"https:\/\/www.maxjax.com\/pub\/media\/images\/from-stow-to-go-maxjax-portable-two-post-lift.jpg\" alt=\"MaxJax M6K\" width=\"600\" height=\"480\" \/><\/div>\n<div class=\"col-md-8\">\n<h4 class=\"mb-0\">Riporre lo strumento in meno di 15 minuti<\/h4>\n<p>Gli ancoraggi a caduta ad incasso filettati internamente e gli accoppiatori idraulici ad innesto\/disinnesto rapido consentono un'installazione rapida e semplice. AVVISO: Prima di perforare i pavimenti dell'autorimessa post-tensionamento, consultare sempre un ingegnere edile per determinare la posizione dei cavi e i luoghi in cui \u00e8 meglio evitare di perforare.<\/p>\n<\/div>\n<\/div>\n<div class=\"row my-5 align-items-center text-center text-md-left\">\n<div class=\"col-md-4 mb-3 mb-md-0\"><img loading=\"lazy\" decoding=\"async\" class=\"img-fluid alignnone\" src=\"https:\/\/www.maxjax.com\/pub\/media\/images\/maxjax-two-post-lift-flow-divider.jpg\" alt=\"MaxJax M6K\" width=\"600\" height=\"480\" \/><\/div>\n<div class=\"col-md-8\">\n<h4 class=\"mb-0\">Funziona come per magia<\/h4>\n<p>Un divisore di flusso a ingranaggi in ghisa \u00e8 il cuore del sistema MaxJax\u00ae, che fornisce un sollevamento bilanciato con precisione. Il divisore \/ combinatore di flusso appositamente progettato \u00e8 un dispositivo di controllo del fluido a spostamento positivo con una precisa divisione del flusso della potenza idraulica da una colonna all&#039;altra anche se le pressioni di bilanciamento del carico cambiano.<\/p>\n<\/div>\n<\/div>\n<div class=\"row my-5 align-items-center text-center text-md-left\">\n<div class=\"col-md-4 mb-3 mb-md-0\"><img loading=\"lazy\" decoding=\"async\" class=\"img-fluid alignnone\" src=\"https:\/\/www.maxjax.com\/pub\/media\/images\/MaxJax-Power-Unit-Mobile-Cart-Product-Page.jpg\" alt=\"MaxJax M6K\" width=\"300\" height=\"200\" \/><\/div>\n<div class=\"col-md-8\">\n<h4 class=\"mb-0\">Carrello dell'unit\u00e0 di alimentazione mobile<\/h4>\n<p>Il nostro carrello dell'unit\u00e0 di alimentazione mobile standard \u00e8 abbastanza piccolo da poter essere riposto comodamente, e dispone di un'area di stoccaggio per tubi flessibili idraulici. L'unit\u00e0 di alimentazione idraulica utilizza un motore monofase, che richiede una potenza di 208-240 Volt CA e un interruttore da 16(C) Ampere. Il cavo di alimentazione di tipo industriale ha una lunghezza di 6 piedi (1,8 m). Un comodo interruttore a pulsante alza il sollevatore, mentre la leva a pressione ne controlla l'abbassamento. I semplici tubi flessibili a disinnesto rapido possono essere facilmente posizionati per il funzionamento a una o due colonne.<\/p>\n<\/div>\n<\/div>\n<div class=\"row my-5 align-items-center text-center text-md-left\">\n<div class=\"col-md-4 mb-3 mb-md-0\"><img loading=\"lazy\" decoding=\"async\" class=\"img-fluid alignnone\" src=\"https:\/\/www.maxjax.com\/pub\/media\/images\/maxjax-portable-lift-stackable-adapters.jpg\" alt=\"Adattatore di sollevamento\" width=\"600\" height=\"480\" \/><\/div>\n<div class=\"col-md-8\">\n<h4 class=\"mb-0\">Bracci di sollevamento regolabili e adattatori impilabili<\/h4>\n<p>\u00c8 possibile aumentare il posizionamento complessivo del braccio per il sollevamento di una variet\u00e0 di veicoli con struttura a corpo unico, punti di prelievo OEM consigliati o configurazioni di telaio ampie e\/o ridotte.\u00a0<strong>Every MaxJax M7K order includes four (4) medium height adapters and four (4) stackable standard lift pad adapters.<\/strong><\/p>\n<p><a class=\"grid-link\" href=\"https:\/\/www.maxjax.com\/accessories\/tall-adapters\/\">I set di adattatori alti sono un accessorio opzionale<\/a><\/p>\n<\/div>\n<\/div>\n<div class=\"row my-5 align-items-center text-center text-md-left\">\n<div class=\"col-md-4 mb-3 mb-md-0\"><img loading=\"lazy\" decoding=\"async\" class=\"img-fluid alignnone\" src=\"https:\/\/www.maxjax.com\/pub\/media\/images\/low-clearance-two-post-lift-maxjax.jpg\" alt=\"Bracci a basso profilo\" width=\"600\" height=\"480\" \/><\/div>\n<div class=\"col-md-8\">\n<h4 class=\"mb-0\">Bracci a basso profilo<\/h4>\n<p>Si adattano ai pi\u00f9 bassi veicoli compatti e sportivi o alle motociclette personalizzate con telai ribassati.<\/p>\n<\/div>\n<\/div>\n<div class=\"row my-5 align-items-center text-center text-md-left\">\n<div class=\"col-md-4 mb-3 mb-md-0\"><img loading=\"lazy\" decoding=\"async\" class=\"img-fluid alignnone\" src=\"https:\/\/www.maxjax.com\/pub\/media\/images\/maxjax-automatic-arm-restraints.jpg\" alt=\"MaxJax M6K\" width=\"600\" height=\"480\" \/><\/div>\n<div class=\"col-md-8\">\n<h4 class=\"mb-0\">Fermi per braccio automatici<\/h4>\n<p>Ogni braccio \u00e8 dotato di robusti fermi per braccio, che si innestano automaticamente ad ogni sollevamento dell'ascensore. Quando l'ascensore viene abbassato, i fermi per braccio a ingranaggi si disinnestano automaticamente per agevolare il posizionamento dei bracci di sollevamento.<\/p>\n<\/div>\n<\/div>\n<div class=\"row my-5 align-items-center text-center text-md-left\">\n<div class=\"col-md-4 mb-3 mb-md-0\"><img loading=\"lazy\" decoding=\"async\" class=\"img-fluid alignnone\" src=\"https:\/\/www.maxjax.com\/pub\/media\/images\/MaxJax-Maintenance-free-slide-blocks-Product-Page.jpg\" alt=\"MaxJax M6K\" width=\"300\" height=\"200\" \/><\/div>\n<div class=\"col-md-8\">\n<h4 class=\"mb-0\">Blocchi di scorrimento esenti da manutenzione<\/h4>\n<p>Piuttosto che utilizzare cuscinetti a rulli che necessitano di lubrificazione e manutenzione costanti, utilizziamo futuristici cuscinetti di carico in polietilene UHMW ad altissimo peso molecolare completamente flottanti che non necessitano mai di lubrificazione e durano praticamente per tutta la vita dell&#039;ascensore.<\/p>\n<\/div>\n<\/div>\n<div class=\"row my-5 align-items-center text-center text-md-left\">\n<div class=\"col-md-4 mb-3 mb-md-0\"><img loading=\"lazy\" decoding=\"async\" class=\"img-fluid alignnone\" src=\"https:\/\/www.maxjax.com\/pub\/media\/images\/MaxJax-M6-Portable-Car-Lift-Automatic-Safety-Lock-Product-Page.jpg\" alt=\"Blocco di sicurezza\" width=\"300\" height=\"200\" \/><\/div>\n<div class=\"col-md-8\">\n<h4 class=\"mb-0\">Colonne monoblocco<\/h4>\n<p>Produciamo appositamente le colonne utilizzando la costruzione in un unico pezzo per una maggiore resistenza e meno fatica in condizioni di carico pesante.<\/p>\n<\/div>\n<\/div>\n<div class=\"row my-5 align-items-center text-center text-md-left\">\n<div class=\"col-md-4 mb-3 mb-md-0\"><img loading=\"lazy\" decoding=\"async\" class=\"img-fluid alignnone\" src=\"https:\/\/www.maxjax.com\/pub\/media\/images\/MaxJax-Direct-Drive-Hydraulic-Cylinders-Product-Page.jpg\" alt=\"cilindro idraulico\" width=\"300\" height=\"200\" \/><\/div>\n<div class=\"col-md-8\">\n<h4 class=\"mb-0\">Tecnologia Direct Drive<\/h4>\n<p>Utilizzando due cilindri a trasmissione diretta HVLP a bassa pressione, abbiamo eliminato la necessit\u00e0 di catene di sollevamento o meccanismi a vite che si trovano pi\u00f9 comunemente su altri modelli di ascensori. La tecnologia HVLP Direct-Drive offre una migliore affidabilit\u00e0, un funzionamento pi\u00f9 fluido e una minore manutenzione.<\/p>\n<\/div>\n<\/div>\n<div class=\"row my-5 align-items-center text-center text-md-left\">\n<div class=\"col-md-4 mb-3 mb-md-0\"><img loading=\"lazy\" decoding=\"async\" class=\"img-fluid alignnone\" src=\"https:\/\/www.maxjax.com\/pub\/media\/images\/MaxJax-Industrial-Grade-Hydraulic-Cylinder-Product-Page.jpg\" alt=\"cilindro idraulico\" width=\"300\" height=\"200\" \/><\/div>\n<div class=\"col-md-8\">\n<h4 class=\"mb-0\">Cilindri idraulici di livello industriale<\/h4>\n<p>Integrato in ogni cilindro idraulico MaxJax\u00ae \u00e8 un pistone in acciaio lavorato monopezzo, montato pilota, avvolto con guarnizioni del pistone con coppa a U appositamente progettate e caricate a pressione, supporti e fasce antiusura che elimina virtualmente qualsiasi bypass del fluido. La barra cromata micro-liscia \u00e8 lavorata da acciaio microlegato C-1045\/50 ad alto rendimento, rettificato e lucidato e placcato diametralmente fino a un minimo di 0,001 \u2033, per garantire un funzionamento e una durata del cilindro superiori.<\/p>\n<\/div>\n<\/div>\n<div class=\"row my-5 align-items-center text-center text-md-left\">\n<div class=\"col-md-4 mb-3 mb-md-0\"><img loading=\"lazy\" decoding=\"async\" class=\"img-fluid alignnone\" src=\"https:\/\/www.maxjax.com\/pub\/media\/images\/MaxJax-Motorcycle-ATV-Adapter-Optional-Kit-Product-Page.jpg\" alt=\"MaxJax M6K\" width=\"300\" height=\"200\" \/><\/div>\n<div class=\"col-md-8\">\n<h4 class=\"mb-0\">Due ascensori in uno<\/h4>\n<p>Il nostro kit di adattamento per moto facoltativo consente di sollevare in sicurezza moto, quad o altri veicoli motorizzati ad un'altezza di lavoro confortevole.<\/p>\n<\/div>\n<p><a href=\"https:\/\/maxjax-europe.com\/it\/specifications\/\">Vedi tutte le specifiche qui<\/a><\/p>\n<\/div>","protected":false},"excerpt":{"rendered":"<p><strong>Sollevatore per auto portatile<\/strong><\/p>\n<p>3.175KG Capacity<\/p>\n<p>For convenience, portability and compact storage, nothing beats the patented MaxJax M7K \u00ae portable car lift. Thanks to its unique portable two-post design, the MaxJax offers greater versatility and serviceability when compared to traditional mid-rise or low-rise garage lifting systems.<\/p>\n<p><a href=\"https:\/\/maxjax-europe.com\/it\/prodotto\/kroon-oil-perlus-h46-2x5l\/\">Non dimenticare di aggiungere il fluido idraulico necessario!<\/a><\/p>\n<p><a href=\"https:\/\/maxjax-europe.com\/it\/shipping-information\/\">Spedite nel mio paese?<\/a><\/p>","protected":false},"featured_media":4458,"comment_status":"open","ping_status":"closed","template":"","meta":[],"product_brand":[],"product_cat":[65],"product_tag":[31,91],"class_list":{"0":"post-3645","1":"product","2":"type-product","3":"status-publish","4":"has-post-thumbnail","6":"product_cat-maxjax","7":"product_tag-all-season","8":"product_tag-wheels","9":"product_shipping_class-maxjax","10":"product-custom-label-money-back-garanty","11":"product-custom-label-extended-warranty","12":"product-custom-label-1-4-days-delivery","13":"badges-style-2","14":"wcpa_has_options","16":"first","17":"instock","18":"taxable","19":"shipping-taxable","20":"purchasable","21":"product-type-simple"},"yoast_head":"<!-- This site is optimized with the Yoast SEO plugin v27.1.1 - https:\/\/yoast.com\/product\/yoast-seo-wordpress\/ -->\n<title>MaxJax M7K Portable Two post Lift - MaxJax Europe<\/title>\n<meta name=\"description\" content=\"The MaxJax M7K Portable Two-Post Garage Lift is the best Portable Two Post Lift there is. Delivered directly from our stock in Europe!\" \/>\n<meta name=\"robots\" content=\"index, follow, max-snippet:-1, max-image-preview:large, max-video-preview:-1\" \/>\n<link rel=\"canonical\" href=\"https:\/\/maxjax-europe.com\/it\/prodotto\/maxjax-m7k\/\" \/>\n<meta property=\"og:locale\" content=\"it_IT\" \/>\n<meta property=\"og:type\" content=\"article\" \/>\n<meta property=\"og:title\" content=\"MaxJax M7K Portable Two post Lift - MaxJax Europe\" \/>\n<meta property=\"og:description\" content=\"The MaxJax M7K Portable Two-Post Garage Lift is the best Portable Two Post Lift there is. Delivered directly from our stock in Europe!\" \/>\n<meta property=\"og:url\" content=\"https:\/\/maxjax-europe.com\/it\/prodotto\/maxjax-m7k\/\" \/>\n<meta property=\"og:site_name\" content=\"MaxJax Europe\" \/>\n<meta property=\"article:modified_time\" content=\"2025-08-07T10:42:52+00:00\" \/>\n<meta property=\"og:image\" content=\"https:\/\/maxjax-europe.com\/wp-content\/uploads\/2017\/06\/maxjax-homepage-1.png\" \/>\n\t<meta property=\"og:image:width\" content=\"320\" \/>\n\t<meta property=\"og:image:height\" content=\"320\" \/>\n\t<meta property=\"og:image:type\" content=\"image\/png\" \/>\n<meta name=\"twitter:card\" content=\"summary_large_image\" \/>\n<meta name=\"twitter:label1\" content=\"Tempo di lettura stimato\" \/>\n\t<meta name=\"twitter:data1\" content=\"6 minuti\" \/>\n<script type=\"application\/ld+json\" class=\"yoast-schema-graph\">{\"@context\":\"https:\/\/schema.org\",\"@graph\":[{\"@type\":\"WebPage\",\"@id\":\"https:\/\/maxjax-europe.com\/product\/maxjax-m7k\/\",\"url\":\"https:\/\/maxjax-europe.com\/product\/maxjax-m7k\/\",\"name\":\"MaxJax M7K Portable Two post Lift - MaxJax Europe\",\"isPartOf\":{\"@id\":\"https:\/\/maxjax-europe.com\/#website\"},\"primaryImageOfPage\":{\"@id\":\"https:\/\/maxjax-europe.com\/product\/maxjax-m7k\/#primaryimage\"},\"image\":{\"@id\":\"https:\/\/maxjax-europe.com\/product\/maxjax-m7k\/#primaryimage\"},\"thumbnailUrl\":\"https:\/\/maxjax-europe.com\/wp-content\/uploads\/2017\/06\/maxjax-homepage-1.png\",\"datePublished\":\"2021-01-01T12:00:12+00:00\",\"dateModified\":\"2025-08-07T10:42:52+00:00\",\"description\":\"The MaxJax M7K Portable Two-Post Garage Lift is the best Portable Two Post Lift there is. Delivered directly from our stock in Europe!\",\"breadcrumb\":{\"@id\":\"https:\/\/maxjax-europe.com\/product\/maxjax-m7k\/#breadcrumb\"},\"inLanguage\":\"it-IT\",\"potentialAction\":[{\"@type\":\"ReadAction\",\"target\":[\"https:\/\/maxjax-europe.com\/product\/maxjax-m7k\/\"]}]},{\"@type\":\"ImageObject\",\"inLanguage\":\"it-IT\",\"@id\":\"https:\/\/maxjax-europe.com\/product\/maxjax-m7k\/#primaryimage\",\"url\":\"https:\/\/maxjax-europe.com\/wp-content\/uploads\/2017\/06\/maxjax-homepage-1.png\",\"contentUrl\":\"https:\/\/maxjax-europe.com\/wp-content\/uploads\/2017\/06\/maxjax-homepage-1.png\",\"width\":320,\"height\":320,\"caption\":\"MaxJax M6K\"},{\"@type\":\"BreadcrumbList\",\"@id\":\"https:\/\/maxjax-europe.com\/product\/maxjax-m7k\/#breadcrumb\",\"itemListElement\":[{\"@type\":\"ListItem\",\"position\":1,\"name\":\"Home\",\"item\":\"https:\/\/maxjax-europe.com\/\"},{\"@type\":\"ListItem\",\"position\":2,\"name\":\"Shop\",\"item\":\"https:\/\/maxjax-europe.com\/it\/maxjax\/\"},{\"@type\":\"ListItem\",\"position\":3,\"name\":\"MaxJax M7K Portable Two post Lift\"}]},{\"@type\":\"WebSite\",\"@id\":\"https:\/\/maxjax-europe.com\/#website\",\"url\":\"https:\/\/maxjax-europe.com\/\",\"name\":\"MaxJax Europe\",\"description\":\"Shop MaxJax Portable Two-Post Car Lift\",\"publisher\":{\"@id\":\"https:\/\/maxjax-europe.com\/#organization\"},\"potentialAction\":[{\"@type\":\"SearchAction\",\"target\":{\"@type\":\"EntryPoint\",\"urlTemplate\":\"https:\/\/maxjax-europe.com\/?s={search_term_string}\"},\"query-input\":{\"@type\":\"PropertyValueSpecification\",\"valueRequired\":true,\"valueName\":\"search_term_string\"}}],\"inLanguage\":\"it-IT\"},{\"@type\":\"Organization\",\"@id\":\"https:\/\/maxjax-europe.com\/#organization\",\"name\":\"MaxJax Europe\",\"url\":\"https:\/\/maxjax-europe.com\/\",\"logo\":{\"@type\":\"ImageObject\",\"inLanguage\":\"it-IT\",\"@id\":\"https:\/\/maxjax-europe.com\/#\/schema\/logo\/image\/\",\"url\":\"https:\/\/maxjax-europe.com\/wp-content\/uploads\/2021\/01\/cropped-EUB-1-1.png\",\"contentUrl\":\"https:\/\/maxjax-europe.com\/wp-content\/uploads\/2021\/01\/cropped-EUB-1-1.png\",\"width\":2266,\"height\":553,\"caption\":\"MaxJax Europe\"},\"image\":{\"@id\":\"https:\/\/maxjax-europe.com\/#\/schema\/logo\/image\/\"}}]}<\/script>\n<!-- \/ Yoast SEO plugin. -->","yoast_head_json":{"title":"MaxJax M7K Portable Two post Lift - MaxJax Europe","description":"The MaxJax M7K Portable Two-Post Garage Lift is the best Portable Two Post Lift there is. Delivered directly from our stock in Europe!","robots":{"index":"index","follow":"follow","max-snippet":"max-snippet:-1","max-image-preview":"max-image-preview:large","max-video-preview":"max-video-preview:-1"},"canonical":"https:\/\/maxjax-europe.com\/it\/prodotto\/maxjax-m7k\/","og_locale":"it_IT","og_type":"article","og_title":"MaxJax M7K Portable Two post Lift - MaxJax Europe","og_description":"The MaxJax M7K Portable Two-Post Garage Lift is the best Portable Two Post Lift there is. Delivered directly from our stock in Europe!","og_url":"https:\/\/maxjax-europe.com\/it\/prodotto\/maxjax-m7k\/","og_site_name":"MaxJax Europe","article_modified_time":"2025-08-07T10:42:52+00:00","og_image":[{"width":320,"height":320,"url":"https:\/\/maxjax-europe.com\/wp-content\/uploads\/2017\/06\/maxjax-homepage-1.png","type":"image\/png"}],"twitter_card":"summary_large_image","twitter_misc":{"Tempo di lettura stimato":"6 minuti"},"schema":{"@context":"https:\/\/schema.org","@graph":[{"@type":"WebPage","@id":"https:\/\/maxjax-europe.com\/product\/maxjax-m7k\/","url":"https:\/\/maxjax-europe.com\/product\/maxjax-m7k\/","name":"MaxJax M7K Portable Two post Lift - MaxJax Europe","isPartOf":{"@id":"https:\/\/maxjax-europe.com\/#website"},"primaryImageOfPage":{"@id":"https:\/\/maxjax-europe.com\/product\/maxjax-m7k\/#primaryimage"},"image":{"@id":"https:\/\/maxjax-europe.com\/product\/maxjax-m7k\/#primaryimage"},"thumbnailUrl":"https:\/\/maxjax-europe.com\/wp-content\/uploads\/2017\/06\/maxjax-homepage-1.png","datePublished":"2021-01-01T12:00:12+00:00","dateModified":"2025-08-07T10:42:52+00:00","description":"The MaxJax M7K Portable Two-Post Garage Lift is the best Portable Two Post Lift there is. Delivered directly from our stock in Europe!","breadcrumb":{"@id":"https:\/\/maxjax-europe.com\/product\/maxjax-m7k\/#breadcrumb"},"inLanguage":"it-IT","potentialAction":[{"@type":"ReadAction","target":["https:\/\/maxjax-europe.com\/product\/maxjax-m7k\/"]}]},{"@type":"ImageObject","inLanguage":"it-IT","@id":"https:\/\/maxjax-europe.com\/product\/maxjax-m7k\/#primaryimage","url":"https:\/\/maxjax-europe.com\/wp-content\/uploads\/2017\/06\/maxjax-homepage-1.png","contentUrl":"https:\/\/maxjax-europe.com\/wp-content\/uploads\/2017\/06\/maxjax-homepage-1.png","width":320,"height":320,"caption":"MaxJax M6K"},{"@type":"BreadcrumbList","@id":"https:\/\/maxjax-europe.com\/product\/maxjax-m7k\/#breadcrumb","itemListElement":[{"@type":"ListItem","position":1,"name":"Home","item":"https:\/\/maxjax-europe.com\/"},{"@type":"ListItem","position":2,"name":"Shop","item":"https:\/\/maxjax-europe.com\/it\/maxjax\/"},{"@type":"ListItem","position":3,"name":"MaxJax M7K Portable Two post Lift"}]},{"@type":"WebSite","@id":"https:\/\/maxjax-europe.com\/#website","url":"https:\/\/maxjax-europe.com\/","name":"MaxJax Italia","description":"Acquista il sollevatore portatile per auto a due colonne MaxJax","publisher":{"@id":"https:\/\/maxjax-europe.com\/#organization"},"potentialAction":[{"@type":"SearchAction","target":{"@type":"EntryPoint","urlTemplate":"https:\/\/maxjax-europe.com\/?s={search_term_string}"},"query-input":{"@type":"PropertyValueSpecification","valueRequired":true,"valueName":"search_term_string"}}],"inLanguage":"it-IT"},{"@type":"Organization","@id":"https:\/\/maxjax-europe.com\/#organization","name":"MaxJax Italia","url":"https:\/\/maxjax-europe.com\/","logo":{"@type":"ImageObject","inLanguage":"it-IT","@id":"https:\/\/maxjax-europe.com\/#\/schema\/logo\/image\/","url":"https:\/\/maxjax-europe.com\/wp-content\/uploads\/2021\/01\/cropped-EUB-1-1.png","contentUrl":"https:\/\/maxjax-europe.com\/wp-content\/uploads\/2021\/01\/cropped-EUB-1-1.png","width":2266,"height":553,"caption":"MaxJax Europe"},"image":{"@id":"https:\/\/maxjax-europe.com\/#\/schema\/logo\/image\/"}}]}},"jetpack_sharing_enabled":true,"wcpa_form_fields":{"wcpaData":{"product":{"product_price":2650,"price_html":"<span class=\"woocommerce-Price-amount amount\"><bdi><span class=\"woocommerce-Price-currencySymbol\">&euro;<\/span>2.650,00<\/bdi><\/span> <small class=\"woocommerce-price-suffix\">Excl. VAT<\/small>","original_product_price":2650,"price_including_tax":3206.5,"price_excluding_tax":2650,"product_id":{"parent":3645,"variation":false},"is_variable":false,"stock_status":"instock","stock_quantity":null,"parent_sku":"MaxJaxm7k","product_attributes":[],"custom_fields":[],"is_taxable":true,"product_name":"MaxJax M7K Portable Two post Lift","hasImage":false},"fields":{"sec_10652fec42725b4":{"extra":{"key":"sec_10652fec42725b4","section_id":"sec_10652fec42725b4","name":"Default","status":1,"cl_rule":"show","enableCl":false,"relations":[],"toggle":true,"title_tag":"h3","show_title":false,"showPrice":"default","form_id":5131,"form_rules":{"exclude_from_discount":false,"fee_label":"Fee","disp_hide_options_price":false,"disp_show_section_price":false,"disp_show_field_price":true,"layout_option":"standard","pric_use_as_fee":false,"process_fee_as":"woo_fee"},"layout_option":"standard"},"fields":[[{"active":true,"col":6,"relations":false,"cl_rule":"show","enableCl":false,"price":"","enablePrice":true,"className":"","label_position":"default","desc_position":"default","type":"checkbox-group","required":true,"elementId":"checkgroup_3985119450","label":"Hydraulic oil","name":"checkgroup_3985119450","values":[{"label":"2x5L Perlus H32 hydraulic oil","value":"hydraulic oil","selected":false,"tempId":"aco_370","price":"39.95","gt_translate_keys":["label"]},{"label":"No oil","value":"none","selected":false,"tempId":"aco_369","price":"0","gt_translate_keys":["label"]}],"layOut":"","error":false,"checkUi":"","description":"The MaxJax requires hydraulic oil to operate. Would you like to add oil?","priceOptions":"different_for_all","pricingType":"fixed","show_selected_option":false,"max_options":"1","min_options":"1","gt_translate_keys":["label","description"],"price_dependency":false,"cl_dependency":false,"value":""}]]}},"config":{"price_override":"","enable_recaptcha":false,"bind_quantity":false,"quantity_bind_formula":false,"disp_summ_show_option_price":true,"disp_summ_show_product_price":true,"disp_summ_show_total_price":true,"disp_summ_show_fee":false,"disp_summ_show_discount":false,"summary_title":"","options_total_label":"Options Price","total_label":"Total","options_product_label":"Product Price","fee_label":"Fee","discount_label":"Discount","has_price":true,"has_quantity_formula":false},"mc_unit":1,"tax_rate":1,"tax_rate_real":0.21,"discount":{"percentage":0,"fixed":0},"design":{"conf":{"LabelPosition":"above","DescPosition":"above","UploadField":"custom_1","QuantityFieldStyle":"default"},"css":{"LeftLabelWidth":"120px"}},"formulas":[],"lookuptables":[],"clones":false,"cartKey":false}},"_links":{"self":[{"href":"https:\/\/maxjax-europe.com\/it\/wp-json\/wp\/v2\/product\/3645","targetHints":{"allow":["GET"]}}],"collection":[{"href":"https:\/\/maxjax-europe.com\/it\/wp-json\/wp\/v2\/product"}],"about":[{"href":"https:\/\/maxjax-europe.com\/it\/wp-json\/wp\/v2\/types\/product"}],"replies":[{"embeddable":true,"href":"https:\/\/maxjax-europe.com\/it\/wp-json\/wp\/v2\/comments?post=3645"}],"wp:featuredmedia":[{"embeddable":true,"href":"https:\/\/maxjax-europe.com\/it\/wp-json\/wp\/v2\/media\/4458"}],"wp:attachment":[{"href":"https:\/\/maxjax-europe.com\/it\/wp-json\/wp\/v2\/media?parent=3645"}],"wp:term":[{"taxonomy":"product_brand","embeddable":true,"href":"https:\/\/maxjax-europe.com\/it\/wp-json\/wp\/v2\/product_brand?post=3645"},{"taxonomy":"product_cat","embeddable":true,"href":"https:\/\/maxjax-europe.com\/it\/wp-json\/wp\/v2\/product_cat?post=3645"},{"taxonomy":"product_tag","embeddable":true,"href":"https:\/\/maxjax-europe.com\/it\/wp-json\/wp\/v2\/product_tag?post=3645"}],"curies":[{"name":"wp","href":"https:\/\/api.w.org\/{rel}","templated":true}]}}