{"id":4591,"date":"2021-01-15T13:37:01","date_gmt":"2021-01-15T13:37:01","guid":{"rendered":"https:\/\/maxjax-europe.com\/?page_id=4591"},"modified":"2021-02-02T16:48:23","modified_gmt":"2021-02-02T16:48:23","slug":"warranty-information","status":"publish","type":"page","link":"https:\/\/maxjax-europe.com\/nb\/warranty-information\/","title":{"rendered":"Garantiinformasjon"},"content":{"rendered":"<div data-elementor-type=\"wp-page\" data-elementor-id=\"4591\" class=\"elementor elementor-4591\">\n\t\t\t\t\t\t<section class=\"elementor-section elementor-top-section elementor-element elementor-element-d8e8b4c elementor-section-boxed elementor-section-height-default elementor-section-height-default\" data-id=\"d8e8b4c\" data-element_type=\"section\" data-e-type=\"section\">\n\t\t\t\t\t\t<div class=\"elementor-container elementor-column-gap-default\">\n\t\t\t\t\t<div class=\"elementor-column elementor-col-100 elementor-top-column elementor-element elementor-element-c361ca2\" data-id=\"c361ca2\" data-element_type=\"column\" data-e-type=\"column\">\n\t\t\t<div class=\"elementor-widget-wrap elementor-element-populated\">\n\t\t\t\t\t\t<div class=\"elementor-element elementor-element-e376b3f elementor-widget elementor-widget-text-editor\" data-id=\"e376b3f\" data-element_type=\"widget\" data-e-type=\"widget\" data-widget_type=\"text-editor.default\">\n\t\t\t\t<div class=\"elementor-widget-container\">\n\t\t\t\t\t\t\t\t\t<h3>Garanti for bedriftsbrukere<\/h3><p><strong>Varighet:<\/strong>\u00a0Fra kj\u00f8psdatoen for originalkj\u00f8peren eller 12 m\u00e5neder fra forsendelsesdatoen, der det som kommer f\u00f8rst er det som gjelder.<\/p><ul><li>Tre \u00e5rs (36 m\u00e5neder) garanti p\u00e5 utstyrsstruktur<\/li><li>Ett \u00e5rs (12 m\u00e5neder) garanti p\u00e5 driftskomponenter<\/li><li>Ett \u00e5rs (12 m\u00e5neder) gratis frakt p\u00e5 bakkefraktgebyrer relatert til garantiytelse<\/li><\/ul><h3>Garanti for private brukere<\/h3><p><strong>Varighet:<\/strong>\u00a0Fra kj\u00f8psdatoen for originalkj\u00f8peren eller 24 m\u00e5neder fra forsendelsesdatoen, der det som kommer f\u00f8rst er det som gjelder.<\/p><ul><li>Tre \u00e5rs (36 m\u00e5neder) garanti p\u00e5 utstyrsstruktur<\/li><li>To \u00e5rs (24 m\u00e5neder) garanti p\u00e5 driftskomponenter<\/li><li>To \u00e5rs (24 m\u00e5neder) gratis frakt p\u00e5 bakkefraktgebyrer relatert til garantiytelse<\/li><\/ul>\t\t\t\t\t\t\t\t<\/div>\n\t\t\t\t<\/div>\n\t\t\t\t\t<\/div>\n\t\t<\/div>\n\t\t\t\t\t<\/div>\n\t\t<\/section>\n\t\t\t\t<section class=\"elementor-section elementor-top-section elementor-element elementor-element-8f5380d elementor-section-boxed elementor-section-height-default elementor-section-height-default\" data-id=\"8f5380d\" data-element_type=\"section\" data-e-type=\"section\">\n\t\t\t\t\t\t<div class=\"elementor-container elementor-column-gap-default\">\n\t\t\t\t\t<div class=\"elementor-column elementor-col-100 elementor-top-column elementor-element elementor-element-cccdf44\" data-id=\"cccdf44\" data-element_type=\"column\" data-e-type=\"column\">\n\t\t\t<div class=\"elementor-widget-wrap elementor-element-populated\">\n\t\t\t\t\t\t<div class=\"elementor-element elementor-element-4df26e1 elementor-widget elementor-widget-text-editor\" data-id=\"4df26e1\" data-element_type=\"widget\" data-e-type=\"widget\" data-widget_type=\"text-editor.default\">\n\t\t\t\t<div class=\"elementor-widget-container\">\n\t\t\t\t\t\t\t\t\t<h3>Ansvarsbegrensning<\/h3><p>MaxJax skal ikke ha noe ansvar i henhold til denne garantien med hensyn til produkter som etter hver vurdering har blitt endret, skadet, misbrukt, slitt, mistet eller uriktig vedlkeholdt. Denne garantien er ugyldig hvis kunden eller en annen person enn en autorisert representant fra MaxJax har gjort noe fors\u00f8k p\u00e5 \u00e5 vedlikehold eller endre verkt\u00f8yet f\u00f8r det returneres til MaxJax under denne garantien. Ikke under noen omstendighet vil noen part v\u00e6re ansvarlig for skade for\u00e5rsaket av den andre partens manglende evne til \u00e5 oppfylle ansvaret sitt under disse vilk\u00e5rene. Ikke under noen omstendighet vil noen part v\u00e6re ansvarlig for tapt fortjeneste, tapte besparelser, utilsiktet skade eller andre \u00f8konomisk f\u00f8lgeskader. MaxJax-produkter leveres og selges som de er uten noen uttrykte eller impliserte garantier inkludert garantier om salgbarhet eller egnethet for et spesifikt form\u00e5l. Ingen garantier, uttrykte eller impliserte, vil gjelde etter denne perioden. MaxJax kan endre disse vilk\u00e5rene n\u00e5r som helst ved \u00e5 enten gi kunden skriftlig varsel eller legge ut slike reviderte vilk\u00e5r p\u00e5 www.MaxJax.com. Slike reviderte vilk\u00e5r skal tre i kraft tretti dager fra datoen for slikt skriftlig varsel eller postlegging.<\/p>\t\t\t\t\t\t\t\t<\/div>\n\t\t\t\t<\/div>\n\t\t\t\t\t<\/div>\n\t\t<\/div>\n\t\t\t\t\t<\/div>\n\t\t<\/section>\n\t\t\t\t<\/div>","protected":false},"excerpt":{"rendered":"<p>Warranty for Business users Duration:&nbsp;From the date of purchase by the original Purchaser or 12 months from the date of shipment or whichever comes first. Three-Years (36-Months) Warranty on equipment structure* One-Year (12-Month) Warranty on operating components One-Year (12-Month) Free Shipping** on ground-freight charges related to warranty performance Warranty for Private users Duration:&nbsp;From the date<br \/><a class=\"more-link\" href=\"https:\/\/maxjax-europe.com\/nb\/warranty-information\/\"><br \/>\n        Les mer<span class=\"screen-reader-text\"> &#8220;Warranty information&#8221;<\/span><\/a><\/p>","protected":false},"author":1,"featured_media":0,"parent":0,"menu_order":0,"comment_status":"closed","ping_status":"closed","template":"","meta":{"footnotes":""},"class_list":["post-4591","page","type-page","status-publish","hentry","badges-style-2"],"yoast_head":"<!-- This site is optimized with the Yoast SEO plugin v27.1.1 - https:\/\/yoast.com\/product\/yoast-seo-wordpress\/ -->\n<title>MaxJax Europe | Everything you need to know about warranty on MaxJax<\/title>\n<meta name=\"description\" content=\"MaxJax Europe provides a stunning customer service, we will handle your warranty claims like no other. Take a look at our warranty service!\" \/>\n<meta name=\"robots\" content=\"index, follow, max-snippet:-1, max-image-preview:large, max-video-preview:-1\" \/>\n<link rel=\"canonical\" href=\"https:\/\/maxjax-europe.com\/nb\/warranty-information\/\" \/>\n<meta property=\"og:locale\" content=\"nb_NO\" \/>\n<meta property=\"og:type\" content=\"article\" \/>\n<meta property=\"og:title\" content=\"MaxJax Europe | Everything you need to know about warranty on MaxJax\" \/>\n<meta property=\"og:description\" content=\"MaxJax Europe provides a stunning customer service, we will handle your warranty claims like no other. Take a look at our warranty service!\" \/>\n<meta property=\"og:url\" content=\"https:\/\/maxjax-europe.com\/nb\/warranty-information\/\" \/>\n<meta property=\"og:site_name\" content=\"MaxJax Europe\" \/>\n<meta property=\"article:modified_time\" content=\"2021-02-02T16:48:23+00:00\" \/>\n<meta name=\"twitter:card\" content=\"summary_large_image\" \/>\n<meta name=\"twitter:label1\" content=\"Ansl. lesetid\" \/>\n\t<meta name=\"twitter:data1\" content=\"2 minutter\" \/>\n<script type=\"application\/ld+json\" class=\"yoast-schema-graph\">{\"@context\":\"https:\/\/schema.org\",\"@graph\":[{\"@type\":\"WebPage\",\"@id\":\"https:\/\/maxjax-europe.com\/cs\/warranty-information\/\",\"url\":\"https:\/\/maxjax-europe.com\/cs\/warranty-information\/\",\"name\":\"MaxJax Europe | Everything you need to know about warranty on MaxJax\",\"isPartOf\":{\"@id\":\"https:\/\/maxjax-europe.com\/#website\"},\"datePublished\":\"2021-01-15T13:37:01+00:00\",\"dateModified\":\"2021-02-02T16:48:23+00:00\",\"description\":\"MaxJax Europe provides a stunning customer service, we will handle your warranty claims like no other. Take a look at our warranty service!\",\"breadcrumb\":{\"@id\":\"https:\/\/maxjax-europe.com\/cs\/warranty-information\/#breadcrumb\"},\"inLanguage\":\"nb-NO\",\"potentialAction\":[{\"@type\":\"ReadAction\",\"target\":[\"https:\/\/maxjax-europe.com\/cs\/warranty-information\/\"]}]},{\"@type\":\"BreadcrumbList\",\"@id\":\"https:\/\/maxjax-europe.com\/cs\/warranty-information\/#breadcrumb\",\"itemListElement\":[{\"@type\":\"ListItem\",\"position\":1,\"name\":\"Home\",\"item\":\"https:\/\/maxjax-europe.com\/\"},{\"@type\":\"ListItem\",\"position\":2,\"name\":\"Warranty information\"}]},{\"@type\":\"WebSite\",\"@id\":\"https:\/\/maxjax-europe.com\/#website\",\"url\":\"https:\/\/maxjax-europe.com\/\",\"name\":\"MaxJax Europe\",\"description\":\"Shop MaxJax Portable Two-Post Car Lift\",\"publisher\":{\"@id\":\"https:\/\/maxjax-europe.com\/#organization\"},\"potentialAction\":[{\"@type\":\"SearchAction\",\"target\":{\"@type\":\"EntryPoint\",\"urlTemplate\":\"https:\/\/maxjax-europe.com\/?s={search_term_string}\"},\"query-input\":{\"@type\":\"PropertyValueSpecification\",\"valueRequired\":true,\"valueName\":\"search_term_string\"}}],\"inLanguage\":\"nb-NO\"},{\"@type\":\"Organization\",\"@id\":\"https:\/\/maxjax-europe.com\/#organization\",\"name\":\"MaxJax Europe\",\"url\":\"https:\/\/maxjax-europe.com\/\",\"logo\":{\"@type\":\"ImageObject\",\"inLanguage\":\"nb-NO\",\"@id\":\"https:\/\/maxjax-europe.com\/#\/schema\/logo\/image\/\",\"url\":\"https:\/\/maxjax-europe.com\/wp-content\/uploads\/2021\/01\/cropped-EUB-1-1.png\",\"contentUrl\":\"https:\/\/maxjax-europe.com\/wp-content\/uploads\/2021\/01\/cropped-EUB-1-1.png\",\"width\":2266,\"height\":553,\"caption\":\"MaxJax Europe\"},\"image\":{\"@id\":\"https:\/\/maxjax-europe.com\/#\/schema\/logo\/image\/\"}}]}<\/script>\n<!-- \/ Yoast SEO plugin. -->","yoast_head_json":{"title":"MaxJax Europe | Alt du trenger \u00e5 vite om garanti p\u00e5 MaxJax","description":"MaxJax Europe tilbyr en fantastisk kundeservice, vi vil h\u00e5ndtere garantikravene som ingen andre. Ta en titt p\u00e5 v\u00e5r garantiservice!","robots":{"index":"index","follow":"follow","max-snippet":"max-snippet:-1","max-image-preview":"max-image-preview:large","max-video-preview":"max-video-preview:-1"},"canonical":"https:\/\/maxjax-europe.com\/nb\/warranty-information\/","og_locale":"nb_NO","og_type":"article","og_title":"MaxJax Europe | Everything you need to know about warranty on MaxJax","og_description":"MaxJax Europe provides a stunning customer service, we will handle your warranty claims like no other. Take a look at our warranty service!","og_url":"https:\/\/maxjax-europe.com\/nb\/warranty-information\/","og_site_name":"MaxJax Europe","article_modified_time":"2021-02-02T16:48:23+00:00","twitter_card":"summary_large_image","twitter_misc":{"Ansl. lesetid":"2 minutter"},"schema":{"@context":"https:\/\/schema.org","@graph":[{"@type":"WebPage","@id":"https:\/\/maxjax-europe.com\/cs\/warranty-information\/","url":"https:\/\/maxjax-europe.com\/cs\/warranty-information\/","name":"MaxJax Europe | Alt du trenger \u00e5 vite om garanti p\u00e5 MaxJax","isPartOf":{"@id":"https:\/\/maxjax-europe.com\/#website"},"datePublished":"2021-01-15T13:37:01+00:00","dateModified":"2021-02-02T16:48:23+00:00","description":"MaxJax Europe tilbyr en fantastisk kundeservice, vi vil h\u00e5ndtere garantikravene som ingen andre. Ta en titt p\u00e5 v\u00e5r garantiservice!","breadcrumb":{"@id":"https:\/\/maxjax-europe.com\/cs\/warranty-information\/#breadcrumb"},"inLanguage":"nb-NO","potentialAction":[{"@type":"ReadAction","target":["https:\/\/maxjax-europe.com\/cs\/warranty-information\/"]}]},{"@type":"BreadcrumbList","@id":"https:\/\/maxjax-europe.com\/cs\/warranty-information\/#breadcrumb","itemListElement":[{"@type":"ListItem","position":1,"name":"Home","item":"https:\/\/maxjax-europe.com\/"},{"@type":"ListItem","position":2,"name":"Warranty information"}]},{"@type":"WebSite","@id":"https:\/\/maxjax-europe.com\/#website","url":"https:\/\/maxjax-europe.com\/","name":"MaxJax Norge","description":"Handle MaxJax b\u00e6rbar to-stolpes bilheis","publisher":{"@id":"https:\/\/maxjax-europe.com\/#organization"},"potentialAction":[{"@type":"SearchAction","target":{"@type":"EntryPoint","urlTemplate":"https:\/\/maxjax-europe.com\/?s={search_term_string}"},"query-input":{"@type":"PropertyValueSpecification","valueRequired":true,"valueName":"search_term_string"}}],"inLanguage":"nb-NO"},{"@type":"Organization","@id":"https:\/\/maxjax-europe.com\/#organization","name":"MaxJax Norge","url":"https:\/\/maxjax-europe.com\/","logo":{"@type":"ImageObject","inLanguage":"nb-NO","@id":"https:\/\/maxjax-europe.com\/#\/schema\/logo\/image\/","url":"https:\/\/maxjax-europe.com\/wp-content\/uploads\/2021\/01\/cropped-EUB-1-1.png","contentUrl":"https:\/\/maxjax-europe.com\/wp-content\/uploads\/2021\/01\/cropped-EUB-1-1.png","width":2266,"height":553,"caption":"MaxJax Europe"},"image":{"@id":"https:\/\/maxjax-europe.com\/#\/schema\/logo\/image\/"}}]}},"jetpack_sharing_enabled":true,"_links":{"self":[{"href":"https:\/\/maxjax-europe.com\/nb\/wp-json\/wp\/v2\/pages\/4591","targetHints":{"allow":["GET"]}}],"collection":[{"href":"https:\/\/maxjax-europe.com\/nb\/wp-json\/wp\/v2\/pages"}],"about":[{"href":"https:\/\/maxjax-europe.com\/nb\/wp-json\/wp\/v2\/types\/page"}],"author":[{"embeddable":true,"href":"https:\/\/maxjax-europe.com\/nb\/wp-json\/wp\/v2\/users\/1"}],"replies":[{"embeddable":true,"href":"https:\/\/maxjax-europe.com\/nb\/wp-json\/wp\/v2\/comments?post=4591"}],"version-history":[{"count":8,"href":"https:\/\/maxjax-europe.com\/nb\/wp-json\/wp\/v2\/pages\/4591\/revisions"}],"predecessor-version":[{"id":4885,"href":"https:\/\/maxjax-europe.com\/nb\/wp-json\/wp\/v2\/pages\/4591\/revisions\/4885"}],"wp:attachment":[{"href":"https:\/\/maxjax-europe.com\/nb\/wp-json\/wp\/v2\/media?parent=4591"}],"curies":[{"name":"wp","href":"https:\/\/api.w.org\/{rel}","templated":true}]}}