{"id":4618,"date":"2021-01-15T13:56:29","date_gmt":"2021-01-15T13:56:29","guid":{"rendered":"https:\/\/maxjax-europe.com\/?page_id=4618"},"modified":"2021-01-15T14:04:16","modified_gmt":"2021-01-15T14:04:16","slug":"privacy-policy","status":"publish","type":"page","link":"https:\/\/maxjax-europe.com\/nb\/privacy-policy\/","title":{"rendered":"Personvernregler"},"content":{"rendered":"<h1 class=\"wp-block-heading\">Personvernregler for QuickJack Netherlands BV<\/h1>\n\n\n\n<p>Hos MaxJax Europe, tilgjengelig fra https:\/\/Maxjax-europe.com\/, er en av v\u00e5re viktigste prioriteringer v\u00e5re bes\u00f8kendes privatliv. Dette personvernerkl\u00e6ringsdokumentet inneholder typer informasjon som samles inn og registreres av MaxJax og hvordan vi bruker den.<\/p>\n\n\n\n<p>Hvis du har flere sp\u00f8rsm\u00e5l eller trenger mer informasjon om personvernreglene v\u00e5re, ikke n\u00f8l med \u00e5 kontakte oss.<\/p>\n\n\n\n<p>Denne personvernerkl\u00e6ringen gjelder kun for v\u00e5re online aktiviteter og er gyldig for bes\u00f8kende p\u00e5 nettstedet v\u00e5rt med hensyn til informasjonen de delte og \/ eller samler inn i MaxJax. Denne policyen gjelder ikke informasjon som samles offline eller via andre kanaler enn dette nettstedet.<\/p>\n\n\n\n<h2 class=\"wp-block-heading\">Samtykke<\/h2>\n\n\n\n<p>Ved \u00e5 bruke nettstedet v\u00e5rt, samtykker du herved til v\u00e5r personvernpolicy og godtar vilk\u00e5rene.<\/p>\n\n\n\n<h2 class=\"wp-block-heading\">Informasjon vi samler inn<\/h2>\n\n\n\n<p>Den personlige informasjonen du blir bedt om \u00e5 oppgi, og \u00e5rsakene til at du blir bedt om \u00e5 oppgi den, vil bli gjort klar for deg n\u00e5r vi ber deg oppgi din personlige informasjon.<\/p>\n\n\n\n<p>Hvis du kontakter oss direkte, kan vi motta tilleggsinformasjon om deg, for eksempel navn, e-postadresse, telefonnummer, innholdet i meldingen og \/ eller vedlegg du kan sende oss, og annen informasjon du m\u00e5tte velge \u00e5 oppgi.<\/p>\n\n\n\n<p>N\u00e5r du registrerer deg for en konto, kan vi be om kontaktinformasjonen din, inkludert elementer som navn, firmanavn, adresse, e-postadresse og telefonnummer.<\/p>\n\n\n\n<h2 class=\"wp-block-heading\">Hvordan vi bruker informasjonen din<\/h2>\n\n\n\n<p>Vi bruker informasjonen vi samler inn p\u00e5 forskjellige m\u00e5ter, blant annet for \u00e5:<\/p>\n\n\n\n<ul class=\"wp-block-list\"><li>Tilby, betjen og vedlikehold v\u00e5r webste<\/li><li>Forbedre, personaliser og utvid v\u00e5r webste<\/li><li>Forst\u00e5 og analyser hvordan du bruker v\u00e5r webste<\/li><li>Utvikle nye produkter, tjenester, funksjoner og funksjonalitet<\/li><li>Kommunisere med deg, enten direkte eller gjennom en av v\u00e5re partnere, inkludert for kundeservice, for \u00e5 gi deg oppdateringer og annen informasjon relatert til webste, og for markedsf\u00f8rings- og salgsfremmende form\u00e5l<\/li><li>Send deg e-post<\/li><li>Finn og forhindre svindel<\/li><\/ul>\n\n\n\n<h2 class=\"wp-block-heading\">Loggfiler<\/h2>\n\n\n\n<p>MaxJax follows a standard procedure of using log files. These files log visitors when they visit websites. All hosting companies do this and a part of hosting services\u2019 analytics. The information collected by log files include internet protocol (IP) addresses, browser type, Internet Service Provider (ISP), date and time stamp, referring\/exit pages, and possibly the number of clicks. These are not linked to any information that is personally identifiable. The purpose of the information is for analyzing trends, administering the site, tracking users\u2019 movement on the website, and gathering demographic information. Our Privacy Policy was created with the help of the\u00a0<a href=\"https:\/\/www.privacypolicygenerator.info\/\">Generator for personvernregler<\/a>\u00a0og\u00a0<a href=\"https:\/\/www.privacypolicytemplate.net\/\">Mal for personvernregler<\/a>.<\/p>\n\n\n\n<h2 class=\"wp-block-heading\">Cookies og Web Beacons<\/h2>\n\n\n\n<p>Like any other website, Maxjax uses \u2018cookies\u2019. These cookies are used to store information including visitors\u2019 preferences, and the pages on the website that the visitor accessed or visited. The information is used to optimize the users\u2019 experience by customizing our web page content based on visitors\u2019 browser type and\/or other information.<\/p>\n\n\n\n<h2 class=\"wp-block-heading\">Google DoubleClick DART-informasjonskapsel<\/h2>\n\n\n\n<p>Google er en tredjepartsleverand\u00f8r p\u00e5 nettstedet v\u00e5rt. Den bruker ogs\u00e5 informasjonskapsler, kjent som DART-informasjonskapsler, for \u00e5 vise annonser til v\u00e5re bes\u00f8kende basert p\u00e5 deres bes\u00f8k p\u00e5 www.website.com og andre nettsteder. Imidlertid kan bes\u00f8kende velge \u00e5 avvise bruken av DART-informasjonskapsler ved \u00e5 g\u00e5 til Googles retningslinjer for personvern og innholdsnettverk p\u00e5 f\u00f8lgende URL:\u00a0<a href=\"https:\/\/policies.google.com\/technologies\/ads\">https:\/\/policies.google.com\/technologies\/ads<\/a><\/p>\n\n\n\n<h2 class=\"wp-block-heading\">Annonsepartneres personvernregler<\/h2>\n\n\n\n<p>Du kan g\u00e5 til denne listen for \u00e5 finne personvernreglene for hver av MaxJax annonseringspartnere.<\/p>\n\n\n\n<p>Third-party ad servers or ad networks uses technologies like cookies, JavaScript, or Web Beacons that are used in their respective advertisements and links that appear on MaxJax, which are sent directly to users\u2019 browser. They automatically receive your IP address when this occurs. These technologies are used to measure the effectiveness of their advertising campaigns and\/or to personalize the advertising content that you see on websites that you visit.<\/p>\n\n\n\n<p>Merk at MaxJax ikke har tilgang til eller kontroll over disse informasjonskapslene som brukes av tredjepartsannons\u00f8rer.<\/p>\n\n\n\n<h2 class=\"wp-block-heading\">Tredjeparts personvernregler<\/h2>\n\n\n\n<p>MaxJax personvernregler gjelder ikke andre annons\u00f8rer eller nettsteder. Dermed r\u00e5der vi deg til \u00e5 konsultere de respektive personvernreglene for disse tredjepartsannonsetjenerne for mer detaljert informasjon. Det kan inkludere deres praksis og instruksjoner om hvordan du velger bort visse alternativer. Du kan finne en komplett liste over disse personvernreglene og deres lenker her: Personvernpolicyer.<\/p>\n\n\n\n<p>You can choose to disable cookies through your individual browser options. To know more detailed information about cookie management with specific web browsers, it can be found at the browsers\u2019 respective websites. What Are Cookies?<\/p>\n\n\n\n<h2 class=\"wp-block-heading\">CCPA personvernrettigheter (ikke selg personlig informasjon)<\/h2>\n\n\n\n<p>Under CCPA, blant andre rettigheter, har forbrukere i California rett til \u00e5:<\/p>\n\n\n\n<p>Request that a business that collects a consumer\u2019s personal data disclose the categories and specific pieces of personal data that a business has collected about consumers.<\/p>\n\n\n\n<p>Be om at en bedrift sletter personlige opplysninger om forbrukeren som en bedrift har samlet inn.<\/p>\n\n\n\n<p>Request that a business that sells a consumer\u2019s personal data, not sell the consumer\u2019s personal data.<\/p>\n\n\n\n<p>Hvis du ber om en foresp\u00f8rsel, har vi en m\u00e5ned til \u00e5 svare deg. Hvis du \u00f8nsker \u00e5 ut\u00f8ve noen av disse rettighetene, kan du kontakte oss.<\/p>\n\n\n\n<h2 class=\"wp-block-heading\">GDPR personvernrettigheter<\/h2>\n\n\n\n<p>Vi vil s\u00f8rge for at du er fullstendig klar over alle dine databeskyttelsesrettigheter. Hver bruker har rett til f\u00f8lgende:<\/p>\n\n\n\n<p>Rett til innsyn - Du har rett til \u00e5 be om kopier av dine personlige data. Vi kan kreve et lite gebyr for denne tjenesten.<\/p>\n\n\n\n<p>Retten til utbedring - Du har rett til \u00e5 be om at vi korrigerer all informasjon du mener er un\u00f8yaktig. Du har ogs\u00e5 rett til \u00e5 be om at vi fyller ut informasjonen du mener er ufullstendig.<\/p>\n\n\n\n<p>Retten til sletting - Du har rett til \u00e5 be om at vi sletter dine personopplysninger, under visse betingelser.<\/p>\n\n\n\n<p>Retten til \u00e5 begrense behandlingen - Du har rett til \u00e5 be om at vi begrenser behandlingen av dine personopplysninger, under visse betingelser.<\/p>\n\n\n\n<p>Retten til \u00e5 motsette seg behandling - Du har rett til \u00e5 motsette oss behandlingen av dine personlige data, under visse betingelser.<\/p>\n\n\n\n<p>Retten til dataportabilitet - Du har rett til \u00e5 be om at vi overf\u00f8rer dataene vi har samlet til en annen organisasjon, eller direkte til deg, under visse betingelser.<\/p>\n\n\n\n<p>Hvis du ber om en foresp\u00f8rsel, har vi en m\u00e5ned til \u00e5 svare deg. Hvis du \u00f8nsker \u00e5 ut\u00f8ve noen av disse rettighetene, kan du kontakte oss.<\/p>\n\n\n\n<h2 class=\"wp-block-heading\">Children\u2019s Information<\/h2>\n\n\n\n<p>En annen del av v\u00e5r prioritet er \u00e5 legge til beskyttelse for barn mens de bruker internett. Vi oppfordrer foreldre og foresatte til \u00e5 observere, delta i og \/ eller overv\u00e5ke og veilede deres online aktivitet.<\/p>\n\n\n\n<p>MaxJax samler ikke bevisst personlig identifiserbar informasjon fra barn under 13 \u00e5r. Hvis du tror at barnet ditt har gitt denne typen informasjon p\u00e5 nettstedet v\u00e5rt, oppfordrer vi deg til \u00e5 kontakte oss umiddelbart, og vi vil gj\u00f8re v\u00e5rt beste for \u00e5 raskt fjerne slik informasjon fra v\u00e5re poster.<\/p>","protected":false},"excerpt":{"rendered":"<p>Privacy Policy for QuickJack Netherlands B.V. At MaxJax Europe, accessible from https:\/\/Maxjax-europe.com\/, one of our main priorities is the privacy of our visitors. This Privacy Policy document contains types of information that is collected and recorded by MaxJax and how we use it. If you have additional questions or require more information about our Privacy<br \/><a class=\"more-link\" href=\"https:\/\/maxjax-europe.com\/nb\/privacy-policy\/\"><br \/>\n        Les mer<span class=\"screen-reader-text\"> &#8220;Privacy policy&#8221;<\/span><\/a><\/p>","protected":false},"author":1,"featured_media":0,"parent":0,"menu_order":0,"comment_status":"closed","ping_status":"closed","template":"","meta":{"footnotes":""},"class_list":["post-4618","page","type-page","status-publish","hentry","badges-style-2"],"yoast_head":"<!-- This site is optimized with the Yoast SEO plugin v27.6 - https:\/\/yoast.com\/product\/yoast-seo-wordpress\/ -->\n<title>Privacy policy - MaxJax Europe<\/title>\n<meta name=\"robots\" content=\"index, follow, max-snippet:-1, max-image-preview:large, max-video-preview:-1\" \/>\n<link rel=\"canonical\" href=\"https:\/\/maxjax-europe.com\/nb\/privacy-policy\/\" \/>\n<meta property=\"og:locale\" content=\"nb_NO\" \/>\n<meta property=\"og:type\" content=\"article\" \/>\n<meta property=\"og:title\" content=\"Privacy policy - MaxJax Europe\" \/>\n<meta property=\"og:description\" content=\"Privacy Policy for QuickJack Netherlands B.V. At MaxJax Europe, accessible from https:\/\/Maxjax-europe.com\/, one of our main priorities is the privacy of our visitors. This Privacy Policy document contains types of information that is collected and recorded by MaxJax and how we use it. If you have additional questions or require more information about our Privacy     Read More &quot;Privacy policy&quot;\" \/>\n<meta property=\"og:url\" content=\"https:\/\/maxjax-europe.com\/nb\/privacy-policy\/\" \/>\n<meta property=\"og:site_name\" content=\"MaxJax Europe\" \/>\n<meta property=\"article:modified_time\" content=\"2021-01-15T14:04:16+00:00\" \/>\n<meta name=\"twitter:card\" content=\"summary_large_image\" \/>\n<meta name=\"twitter:label1\" content=\"Ansl. lesetid\" \/>\n\t<meta name=\"twitter:data1\" content=\"6 minutter\" \/>\n<script type=\"application\/ld+json\" class=\"yoast-schema-graph\">{\"@context\":\"https:\\\/\\\/schema.org\",\"@graph\":[{\"@type\":\"WebPage\",\"@id\":\"https:\\\/\\\/maxjax-europe.com\\\/fr\\\/privacy-policy\\\/\",\"url\":\"https:\\\/\\\/maxjax-europe.com\\\/fr\\\/privacy-policy\\\/\",\"name\":\"Privacy policy - MaxJax Europe\",\"isPartOf\":{\"@id\":\"https:\\\/\\\/maxjax-europe.com\\\/#website\"},\"datePublished\":\"2021-01-15T13:56:29+00:00\",\"dateModified\":\"2021-01-15T14:04:16+00:00\",\"breadcrumb\":{\"@id\":\"https:\\\/\\\/maxjax-europe.com\\\/fr\\\/privacy-policy\\\/#breadcrumb\"},\"inLanguage\":\"nb-NO\",\"potentialAction\":[{\"@type\":\"ReadAction\",\"target\":[\"https:\\\/\\\/maxjax-europe.com\\\/fr\\\/privacy-policy\\\/\"]}]},{\"@type\":\"BreadcrumbList\",\"@id\":\"https:\\\/\\\/maxjax-europe.com\\\/fr\\\/privacy-policy\\\/#breadcrumb\",\"itemListElement\":[{\"@type\":\"ListItem\",\"position\":1,\"name\":\"Home\",\"item\":\"https:\\\/\\\/maxjax-europe.com\\\/\"},{\"@type\":\"ListItem\",\"position\":2,\"name\":\"Privacy policy\"}]},{\"@type\":\"WebSite\",\"@id\":\"https:\\\/\\\/maxjax-europe.com\\\/#website\",\"url\":\"https:\\\/\\\/maxjax-europe.com\\\/\",\"name\":\"MaxJax Europe\",\"description\":\"Shop MaxJax Portable Two-Post Car Lift\",\"publisher\":{\"@id\":\"https:\\\/\\\/maxjax-europe.com\\\/#organization\"},\"potentialAction\":[{\"@type\":\"SearchAction\",\"target\":{\"@type\":\"EntryPoint\",\"urlTemplate\":\"https:\\\/\\\/maxjax-europe.com\\\/?s={search_term_string}\"},\"query-input\":{\"@type\":\"PropertyValueSpecification\",\"valueRequired\":true,\"valueName\":\"search_term_string\"}}],\"inLanguage\":\"nb-NO\"},{\"@type\":\"Organization\",\"@id\":\"https:\\\/\\\/maxjax-europe.com\\\/#organization\",\"name\":\"MaxJax Europe\",\"url\":\"https:\\\/\\\/maxjax-europe.com\\\/\",\"logo\":{\"@type\":\"ImageObject\",\"inLanguage\":\"nb-NO\",\"@id\":\"https:\\\/\\\/maxjax-europe.com\\\/#\\\/schema\\\/logo\\\/image\\\/\",\"url\":\"https:\\\/\\\/maxjax-europe.com\\\/wp-content\\\/uploads\\\/2021\\\/01\\\/cropped-EUB-1-1.png\",\"contentUrl\":\"https:\\\/\\\/maxjax-europe.com\\\/wp-content\\\/uploads\\\/2021\\\/01\\\/cropped-EUB-1-1.png\",\"width\":2266,\"height\":553,\"caption\":\"MaxJax Europe\"},\"image\":{\"@id\":\"https:\\\/\\\/maxjax-europe.com\\\/#\\\/schema\\\/logo\\\/image\\\/\"}}]}<\/script>\n<!-- \/ Yoast SEO plugin. -->","yoast_head_json":{"title":"Personvernregler - MaxJax Europe","robots":{"index":"index","follow":"follow","max-snippet":"max-snippet:-1","max-image-preview":"max-image-preview:large","max-video-preview":"max-video-preview:-1"},"canonical":"https:\/\/maxjax-europe.com\/nb\/privacy-policy\/","og_locale":"nb_NO","og_type":"article","og_title":"Privacy policy - MaxJax Europe","og_description":"Privacy Policy for QuickJack Netherlands B.V. At MaxJax Europe, accessible from https:\/\/Maxjax-europe.com\/, one of our main priorities is the privacy of our visitors. This Privacy Policy document contains types of information that is collected and recorded by MaxJax and how we use it. If you have additional questions or require more information about our Privacy     Read More \"Privacy policy\"","og_url":"https:\/\/maxjax-europe.com\/nb\/privacy-policy\/","og_site_name":"MaxJax Europe","article_modified_time":"2021-01-15T14:04:16+00:00","twitter_card":"summary_large_image","twitter_misc":{"Ansl. lesetid":"6 minutter"},"schema":{"@context":"https:\/\/schema.org","@graph":[{"@type":"WebPage","@id":"https:\/\/maxjax-europe.com\/fr\/privacy-policy\/","url":"https:\/\/maxjax-europe.com\/fr\/privacy-policy\/","name":"Personvernregler - MaxJax Europe","isPartOf":{"@id":"https:\/\/maxjax-europe.com\/#website"},"datePublished":"2021-01-15T13:56:29+00:00","dateModified":"2021-01-15T14:04:16+00:00","breadcrumb":{"@id":"https:\/\/maxjax-europe.com\/fr\/privacy-policy\/#breadcrumb"},"inLanguage":"nb-NO","potentialAction":[{"@type":"ReadAction","target":["https:\/\/maxjax-europe.com\/fr\/privacy-policy\/"]}]},{"@type":"BreadcrumbList","@id":"https:\/\/maxjax-europe.com\/fr\/privacy-policy\/#breadcrumb","itemListElement":[{"@type":"ListItem","position":1,"name":"Home","item":"https:\/\/maxjax-europe.com\/"},{"@type":"ListItem","position":2,"name":"Privacy policy"}]},{"@type":"WebSite","@id":"https:\/\/maxjax-europe.com\/#website","url":"https:\/\/maxjax-europe.com\/","name":"MaxJax Norge","description":"Handle MaxJax b\u00e6rbar to-stolpes bilheis","publisher":{"@id":"https:\/\/maxjax-europe.com\/#organization"},"potentialAction":[{"@type":"SearchAction","target":{"@type":"EntryPoint","urlTemplate":"https:\/\/maxjax-europe.com\/?s={search_term_string}"},"query-input":{"@type":"PropertyValueSpecification","valueRequired":true,"valueName":"search_term_string"}}],"inLanguage":"nb-NO"},{"@type":"Organization","@id":"https:\/\/maxjax-europe.com\/#organization","name":"MaxJax Norge","url":"https:\/\/maxjax-europe.com\/","logo":{"@type":"ImageObject","inLanguage":"nb-NO","@id":"https:\/\/maxjax-europe.com\/#\/schema\/logo\/image\/","url":"https:\/\/maxjax-europe.com\/wp-content\/uploads\/2021\/01\/cropped-EUB-1-1.png","contentUrl":"https:\/\/maxjax-europe.com\/wp-content\/uploads\/2021\/01\/cropped-EUB-1-1.png","width":2266,"height":553,"caption":"MaxJax Europe"},"image":{"@id":"https:\/\/maxjax-europe.com\/#\/schema\/logo\/image\/"}}]}},"jetpack_sharing_enabled":true,"_links":{"self":[{"href":"https:\/\/maxjax-europe.com\/nb\/wp-json\/wp\/v2\/pages\/4618","targetHints":{"allow":["GET"]}}],"collection":[{"href":"https:\/\/maxjax-europe.com\/nb\/wp-json\/wp\/v2\/pages"}],"about":[{"href":"https:\/\/maxjax-europe.com\/nb\/wp-json\/wp\/v2\/types\/page"}],"author":[{"embeddable":true,"href":"https:\/\/maxjax-europe.com\/nb\/wp-json\/wp\/v2\/users\/1"}],"replies":[{"embeddable":true,"href":"https:\/\/maxjax-europe.com\/nb\/wp-json\/wp\/v2\/comments?post=4618"}],"version-history":[{"count":3,"href":"https:\/\/maxjax-europe.com\/nb\/wp-json\/wp\/v2\/pages\/4618\/revisions"}],"predecessor-version":[{"id":4626,"href":"https:\/\/maxjax-europe.com\/nb\/wp-json\/wp\/v2\/pages\/4618\/revisions\/4626"}],"wp:attachment":[{"href":"https:\/\/maxjax-europe.com\/nb\/wp-json\/wp\/v2\/media?parent=4618"}],"curies":[{"name":"wp","href":"https:\/\/api.w.org\/{rel}","templated":true}]}}