{"id":4613,"date":"2021-01-15T13:55:56","date_gmt":"2021-01-15T13:55:56","guid":{"rendered":"https:\/\/maxjax-europe.com\/?page_id=4613"},"modified":"2021-02-01T16:47:30","modified_gmt":"2021-02-01T16:47:30","slug":"disclaimer","status":"publish","type":"page","link":"https:\/\/maxjax-europe.com\/sv\/disclaimer\/","title":{"rendered":"ansvarsfriskrivning"},"content":{"rendered":"<p>\u00a9 2021 MaxJax, LLC, ett dotterbolag till BendPak, Inc. MaxJax-produkter skyddas av ett eller flera patent i USA, Kina, Europa och andra l\u00e4nder. MaxJax Europe \u00e4r en del av LiftMotive som \u00e4r en europeisk import\u00f6r och distribut\u00f6r av BendPaks produktportf\u00f6lj. MaxJax Europe och LiftMotive forts\u00e4tter att str\u00e4va efter och h\u00f6ja kvaliteten p\u00e5 kompetens genom v\u00e5ra strategiska partnerskap med bilv\u00e5rdspersonal i hela Europa. Som en direkt europeisk import\u00f6r \u00e4r MaxJax Europe och LiftMotive unikt positionerade f\u00f6r att ge v\u00e5ra kunder den l\u00e4gsta levererade priss\u00e4ttningen och enast\u00e5ende kundsupport. MaxJax Europe \u00e4r oberoende tredjepartsentrepren\u00f6rer och \u00e4r inte ombud f\u00f6r, inte joint ventures, och \u00e4r inte anst\u00e4llda av BendPak eller MaxJax.<\/p>","protected":false},"excerpt":{"rendered":"<p>\u00a92021 MaxJax, LLC, a subsidiary of BendPak, Inc. MaxJax products are protected by one or more patents in the United States, China, Europe, and other countries. MaxJax Europe is a part of LiftMotive which is an European importer and distributor of BendPak\u2019s portfolio of products. MaxJax Europe and LiftMotive continue to pursue and elevate the<br \/><a class=\"more-link\" href=\"https:\/\/maxjax-europe.com\/sv\/disclaimer\/\"><br \/>\n        L\u00e4s mer<span class=\"screen-reader-text\"> &#8220;Disclaimer&#8221;<\/span><\/a><\/p>","protected":false},"author":1,"featured_media":0,"parent":0,"menu_order":0,"comment_status":"closed","ping_status":"closed","template":"","meta":{"footnotes":""},"class_list":["post-4613","page","type-page","status-publish","hentry","badges-style-2"],"yoast_head":"<!-- This site is optimized with the Yoast SEO plugin v27.1.1 - https:\/\/yoast.com\/product\/yoast-seo-wordpress\/ -->\n<title>Disclaimer - MaxJax Europe<\/title>\n<meta name=\"robots\" content=\"index, follow, max-snippet:-1, max-image-preview:large, max-video-preview:-1\" \/>\n<link rel=\"canonical\" href=\"https:\/\/maxjax-europe.com\/sv\/disclaimer\/\" \/>\n<meta property=\"og:locale\" content=\"sv_SE\" \/>\n<meta property=\"og:type\" content=\"article\" \/>\n<meta property=\"og:title\" content=\"Disclaimer - MaxJax Europe\" \/>\n<meta property=\"og:description\" content=\"\u00a92021 MaxJax, LLC, a subsidiary of BendPak, Inc. MaxJax products are protected by one or more patents in the United States, China, Europe, and other countries. MaxJax Europe is a part of LiftMotive which is an European importer and distributor of BendPak\u2019s portfolio of products. MaxJax Europe and LiftMotive continue to pursue and elevate the     Read More &quot;Disclaimer&quot;\" \/>\n<meta property=\"og:url\" content=\"https:\/\/maxjax-europe.com\/sv\/disclaimer\/\" \/>\n<meta property=\"og:site_name\" content=\"MaxJax Europe\" \/>\n<meta property=\"article:modified_time\" content=\"2021-02-01T16:47:30+00:00\" \/>\n<meta name=\"twitter:card\" content=\"summary_large_image\" \/>\n<meta name=\"twitter:label1\" content=\"Ber\u00e4knad l\u00e4stid\" \/>\n\t<meta name=\"twitter:data1\" content=\"1 minut\" \/>\n<script type=\"application\/ld+json\" class=\"yoast-schema-graph\">{\"@context\":\"https:\/\/schema.org\",\"@graph\":[{\"@type\":\"WebPage\",\"@id\":\"https:\/\/maxjax-europe.com\/sv\/disclaimer\/\",\"url\":\"https:\/\/maxjax-europe.com\/sv\/disclaimer\/\",\"name\":\"Disclaimer - MaxJax Europe\",\"isPartOf\":{\"@id\":\"https:\/\/maxjax-europe.com\/#website\"},\"datePublished\":\"2021-01-15T13:55:56+00:00\",\"dateModified\":\"2021-02-01T16:47:30+00:00\",\"breadcrumb\":{\"@id\":\"https:\/\/maxjax-europe.com\/sv\/disclaimer\/#breadcrumb\"},\"inLanguage\":\"sv-SE\",\"potentialAction\":[{\"@type\":\"ReadAction\",\"target\":[\"https:\/\/maxjax-europe.com\/sv\/disclaimer\/\"]}]},{\"@type\":\"BreadcrumbList\",\"@id\":\"https:\/\/maxjax-europe.com\/sv\/disclaimer\/#breadcrumb\",\"itemListElement\":[{\"@type\":\"ListItem\",\"position\":1,\"name\":\"Home\",\"item\":\"https:\/\/maxjax-europe.com\/\"},{\"@type\":\"ListItem\",\"position\":2,\"name\":\"Disclaimer\"}]},{\"@type\":\"WebSite\",\"@id\":\"https:\/\/maxjax-europe.com\/#website\",\"url\":\"https:\/\/maxjax-europe.com\/\",\"name\":\"MaxJax Europe\",\"description\":\"Shop MaxJax Portable Two-Post Car Lift\",\"publisher\":{\"@id\":\"https:\/\/maxjax-europe.com\/#organization\"},\"potentialAction\":[{\"@type\":\"SearchAction\",\"target\":{\"@type\":\"EntryPoint\",\"urlTemplate\":\"https:\/\/maxjax-europe.com\/?s={search_term_string}\"},\"query-input\":{\"@type\":\"PropertyValueSpecification\",\"valueRequired\":true,\"valueName\":\"search_term_string\"}}],\"inLanguage\":\"sv-SE\"},{\"@type\":\"Organization\",\"@id\":\"https:\/\/maxjax-europe.com\/#organization\",\"name\":\"MaxJax Europe\",\"url\":\"https:\/\/maxjax-europe.com\/\",\"logo\":{\"@type\":\"ImageObject\",\"inLanguage\":\"sv-SE\",\"@id\":\"https:\/\/maxjax-europe.com\/#\/schema\/logo\/image\/\",\"url\":\"https:\/\/maxjax-europe.com\/wp-content\/uploads\/2021\/01\/cropped-EUB-1-1.png\",\"contentUrl\":\"https:\/\/maxjax-europe.com\/wp-content\/uploads\/2021\/01\/cropped-EUB-1-1.png\",\"width\":2266,\"height\":553,\"caption\":\"MaxJax Europe\"},\"image\":{\"@id\":\"https:\/\/maxjax-europe.com\/#\/schema\/logo\/image\/\"}}]}<\/script>\n<!-- \/ Yoast SEO plugin. -->","yoast_head_json":{"title":"Ansvarsfriskrivning - MaxJax Europe","robots":{"index":"index","follow":"follow","max-snippet":"max-snippet:-1","max-image-preview":"max-image-preview:large","max-video-preview":"max-video-preview:-1"},"canonical":"https:\/\/maxjax-europe.com\/sv\/disclaimer\/","og_locale":"sv_SE","og_type":"article","og_title":"Disclaimer - MaxJax Europe","og_description":"\u00a92021 MaxJax, LLC, a subsidiary of BendPak, Inc. MaxJax products are protected by one or more patents in the United States, China, Europe, and other countries. MaxJax Europe is a part of LiftMotive which is an European importer and distributor of BendPak\u2019s portfolio of products. MaxJax Europe and LiftMotive continue to pursue and elevate the     Read More \"Disclaimer\"","og_url":"https:\/\/maxjax-europe.com\/sv\/disclaimer\/","og_site_name":"MaxJax Europe","article_modified_time":"2021-02-01T16:47:30+00:00","twitter_card":"summary_large_image","twitter_misc":{"Ber\u00e4knad l\u00e4stid":"1 minut"},"schema":{"@context":"https:\/\/schema.org","@graph":[{"@type":"WebPage","@id":"https:\/\/maxjax-europe.com\/sv\/disclaimer\/","url":"https:\/\/maxjax-europe.com\/sv\/disclaimer\/","name":"Ansvarsfriskrivning - MaxJax Europe","isPartOf":{"@id":"https:\/\/maxjax-europe.com\/#website"},"datePublished":"2021-01-15T13:55:56+00:00","dateModified":"2021-02-01T16:47:30+00:00","breadcrumb":{"@id":"https:\/\/maxjax-europe.com\/sv\/disclaimer\/#breadcrumb"},"inLanguage":"sv-SE","potentialAction":[{"@type":"ReadAction","target":["https:\/\/maxjax-europe.com\/sv\/disclaimer\/"]}]},{"@type":"BreadcrumbList","@id":"https:\/\/maxjax-europe.com\/sv\/disclaimer\/#breadcrumb","itemListElement":[{"@type":"ListItem","position":1,"name":"Home","item":"https:\/\/maxjax-europe.com\/"},{"@type":"ListItem","position":2,"name":"Disclaimer"}]},{"@type":"WebSite","@id":"https:\/\/maxjax-europe.com\/#website","url":"https:\/\/maxjax-europe.com\/","name":"MaxJax Sverige","description":"Handla MaxJax b\u00e4rbar billyft med tv\u00e5 stolpar","publisher":{"@id":"https:\/\/maxjax-europe.com\/#organization"},"potentialAction":[{"@type":"SearchAction","target":{"@type":"EntryPoint","urlTemplate":"https:\/\/maxjax-europe.com\/?s={search_term_string}"},"query-input":{"@type":"PropertyValueSpecification","valueRequired":true,"valueName":"search_term_string"}}],"inLanguage":"sv-SE"},{"@type":"Organization","@id":"https:\/\/maxjax-europe.com\/#organization","name":"MaxJax Sverige","url":"https:\/\/maxjax-europe.com\/","logo":{"@type":"ImageObject","inLanguage":"sv-SE","@id":"https:\/\/maxjax-europe.com\/#\/schema\/logo\/image\/","url":"https:\/\/maxjax-europe.com\/wp-content\/uploads\/2021\/01\/cropped-EUB-1-1.png","contentUrl":"https:\/\/maxjax-europe.com\/wp-content\/uploads\/2021\/01\/cropped-EUB-1-1.png","width":2266,"height":553,"caption":"MaxJax Europe"},"image":{"@id":"https:\/\/maxjax-europe.com\/#\/schema\/logo\/image\/"}}]}},"jetpack_sharing_enabled":true,"_links":{"self":[{"href":"https:\/\/maxjax-europe.com\/sv\/wp-json\/wp\/v2\/pages\/4613","targetHints":{"allow":["GET"]}}],"collection":[{"href":"https:\/\/maxjax-europe.com\/sv\/wp-json\/wp\/v2\/pages"}],"about":[{"href":"https:\/\/maxjax-europe.com\/sv\/wp-json\/wp\/v2\/types\/page"}],"author":[{"embeddable":true,"href":"https:\/\/maxjax-europe.com\/sv\/wp-json\/wp\/v2\/users\/1"}],"replies":[{"embeddable":true,"href":"https:\/\/maxjax-europe.com\/sv\/wp-json\/wp\/v2\/comments?post=4613"}],"version-history":[{"count":5,"href":"https:\/\/maxjax-europe.com\/sv\/wp-json\/wp\/v2\/pages\/4613\/revisions"}],"predecessor-version":[{"id":4880,"href":"https:\/\/maxjax-europe.com\/sv\/wp-json\/wp\/v2\/pages\/4613\/revisions\/4880"}],"wp:attachment":[{"href":"https:\/\/maxjax-europe.com\/sv\/wp-json\/wp\/v2\/media?parent=4613"}],"curies":[{"name":"wp","href":"https:\/\/api.w.org\/{rel}","templated":true}]}}