{"id":4618,"date":"2021-01-15T13:56:29","date_gmt":"2021-01-15T13:56:29","guid":{"rendered":"https:\/\/maxjax-europe.com\/?page_id=4618"},"modified":"2021-01-15T14:04:16","modified_gmt":"2021-01-15T14:04:16","slug":"privacy-policy","status":"publish","type":"page","link":"https:\/\/maxjax-europe.com\/sv\/privacy-policy\/","title":{"rendered":"Integritetspolicy"},"content":{"rendered":"<h1 class=\"wp-block-heading\">Sekretesspolicy f\u00f6r QuickJack Netherlands BV<\/h1>\n\n\n\n<p>P\u00e5 MaxJax Europe, tillg\u00e4ngligt fr\u00e5n https:\/\/Maxjax-europe.com\/, \u00e4r en av v\u00e5ra viktigaste prioriteringar v\u00e5ra bes\u00f6kares integritet. Detta sekretesspolicy inneh\u00e5ller information som samlas in och registreras av MaxJax och hur vi anv\u00e4nder den.<\/p>\n\n\n\n<p>Om du har ytterligare fr\u00e5gor eller beh\u00f6ver mer information om v\u00e5r integritetspolicy, tveka inte att kontakta oss.<\/p>\n\n\n\n<p>Denna sekretesspolicy g\u00e4ller endast v\u00e5ra onlineaktiviteter och \u00e4r giltig f\u00f6r bes\u00f6kare p\u00e5 v\u00e5r webbplats med avseende p\u00e5 informationen som de delade och \/ eller samlar in i MaxJax. Denna policy \u00e4r inte till\u00e4mplig p\u00e5 information som samlas in offline eller via andra kanaler \u00e4n den h\u00e4r webbplatsen.<\/p>\n\n\n\n<h2 class=\"wp-block-heading\">Samtycke<\/h2>\n\n\n\n<p>Genom att anv\u00e4nda v\u00e5r webbplats godk\u00e4nner du h\u00e4rmed v\u00e5r integritetspolicy och godk\u00e4nner dess villkor.<\/p>\n\n\n\n<h2 class=\"wp-block-heading\">Information vi samlar in<\/h2>\n\n\n\n<p>Den personliga informationen som du ombeds att l\u00e4mna och sk\u00e4len till att du ombeds att l\u00e4mna den kommer att g\u00f6ras tydlig f\u00f6r dig vid den tidpunkt d\u00e5 vi ber dig att l\u00e4mna din personliga information.<\/p>\n\n\n\n<p>Om du kontaktar oss direkt kan vi f\u00e5 ytterligare information om dig, s\u00e5som ditt namn, e-postadress, telefonnummer, inneh\u00e5llet i meddelandet och \/ eller bilagor som du kan skicka oss och all annan information du kan v\u00e4lja att l\u00e4mna.<\/p>\n\n\n\n<p>N\u00e4r du registrerar dig f\u00f6r ett konto kan vi be om din kontaktinformation, inklusive objekt som namn, f\u00f6retagsnamn, adress, e-postadress och telefonnummer.<\/p>\n\n\n\n<h2 class=\"wp-block-heading\">Hur vi anv\u00e4nder din information<\/h2>\n\n\n\n<p>Vi anv\u00e4nder informationen vi samlar in p\u00e5 olika s\u00e4tt, bland annat f\u00f6r att:<\/p>\n\n\n\n<ul class=\"wp-block-list\"><li>Tillhandah\u00e5lla, driva och underh\u00e5lla v\u00e5r webbste<\/li><li>F\u00f6rb\u00e4ttra, anpassa och ut\u00f6ka v\u00e5r webbste<\/li><li>F\u00f6rst\u00e5 och analysera hur du anv\u00e4nder v\u00e5r webbste<\/li><li>Utveckla nya produkter, tj\u00e4nster, funktioner och funktioner<\/li><li>Kommunicera med dig, antingen direkt eller genom en av v\u00e5ra partners, inklusive f\u00f6r kundtj\u00e4nst, f\u00f6r att f\u00f6rse dig med uppdateringar och annan information som r\u00f6r webste, och f\u00f6r marknadsf\u00f6rings- och reklam\u00e4ndam\u00e5l.<\/li><li>Skicka e-postmeddelanden<\/li><li>Hitta och f\u00f6rhindra bedr\u00e4gerier<\/li><\/ul>\n\n\n\n<h2 class=\"wp-block-heading\">Loggfiler<\/h2>\n\n\n\n<p>MaxJax f\u00f6ljer en standardprocedur f\u00f6r anv\u00e4ndning av loggfiler. Dessa filer loggar bes\u00f6kare n\u00e4r de bes\u00f6ker webbplatser. Alla v\u00e4rdf\u00f6retag g\u00f6r detta och en del av v\u00e4rdtj\u00e4nstens analys. Informationen som samlas in av loggfiler inkluderar IP-adresser (internetprotokoll), webbl\u00e4sartyp, Internetleverant\u00f6r (ISP), datum- och tidsst\u00e4mpel, h\u00e4nvisnings- \/ utg\u00e5ngssidor och m\u00f6jligen antalet klick. Dessa \u00e4r inte kopplade till n\u00e5gon information som \u00e4r personligt identifierbar. Syftet med informationen \u00e4r att analysera trender, administrera webbplatsen, sp\u00e5ra anv\u00e4ndarnas r\u00f6relse p\u00e5 webbplatsen och samla in demografisk information. V\u00e5r integritetspolicy skapades med hj\u00e4lp av\u00a0<a href=\"https:\/\/www.privacypolicygenerator.info\/\">Generator f\u00f6r integritetspolicy<\/a>\u00a0och den\u00a0<a href=\"https:\/\/www.privacypolicytemplate.net\/\">Mall f\u00f6r integritetspolicy<\/a>.<\/p>\n\n\n\n<h2 class=\"wp-block-heading\">Kakor och webbfyrar<\/h2>\n\n\n\n<p>Som alla andra webbplatser anv\u00e4nder Maxjax &#039;cookies&#039;. Dessa cookies anv\u00e4nds f\u00f6r att lagra information inklusive bes\u00f6kares preferenser och de sidor p\u00e5 webbplatsen som bes\u00f6karen bes\u00f6kte eller bes\u00f6kte. Informationen anv\u00e4nds f\u00f6r att optimera anv\u00e4ndarnas upplevelse genom att anpassa v\u00e5rt webbinneh\u00e5ll baserat p\u00e5 bes\u00f6karnas webbl\u00e4sartyp och \/ eller annan information.<\/p>\n\n\n\n<h2 class=\"wp-block-heading\">Google DoubleClick DART Cookie<\/h2>\n\n\n\n<p>Google \u00e4r en tredjepartsleverant\u00f6r p\u00e5 v\u00e5r webbplats. Det anv\u00e4nder ocks\u00e5 kakor, s\u00e5 kallade DART-kakor, f\u00f6r att visa annonser till v\u00e5ra webbplatsbes\u00f6kare baserat p\u00e5 deras bes\u00f6k p\u00e5 www.website.com och andra webbplatser p\u00e5 internet. Bes\u00f6kare kan dock v\u00e4lja att avvisa anv\u00e4ndningen av DART-cookies genom att bes\u00f6ka Googles annons- och inneh\u00e5llsn\u00e4tverks sekretesspolicy p\u00e5 f\u00f6ljande webbadress -&nbsp;<a href=\"https:\/\/policies.google.com\/technologies\/ads\">https:\/\/policies.google.com\/technologies\/ads<\/a><\/p>\n\n\n\n<h2 class=\"wp-block-heading\">Annonspartners sekretesspolicyer<\/h2>\n\n\n\n<p>Du kan l\u00e4sa den h\u00e4r listan f\u00f6r att hitta sekretesspolicyn f\u00f6r var och en av MaxJax reklampartner.<\/p>\n\n\n\n<p>Tredjeparts annonsservrar eller annonsn\u00e4tverk anv\u00e4nder tekniker som cookies, JavaScript eller Web Beacons som anv\u00e4nds i deras respektive annonser och l\u00e4nkar som visas p\u00e5 MaxJax, som skickas direkt till anv\u00e4ndarens webbl\u00e4sare. De f\u00e5r automatiskt din IP-adress n\u00e4r detta intr\u00e4ffar. Dessa tekniker anv\u00e4nds f\u00f6r att m\u00e4ta effektiviteten i deras reklamkampanjer och \/ eller f\u00f6r att anpassa det reklaminneh\u00e5ll som du ser p\u00e5 webbplatser som du bes\u00f6ker.<\/p>\n\n\n\n<p>Observera att MaxJax inte har tillg\u00e5ng till eller kontroll \u00f6ver dessa cookies som anv\u00e4nds av tredjepartsannons\u00f6rer.<\/p>\n\n\n\n<h2 class=\"wp-block-heading\">Sekretesspolicy f\u00f6r tredje part<\/h2>\n\n\n\n<p>MaxJax sekretesspolicy g\u00e4ller inte andra annons\u00f6rer eller webbplatser. D\u00e4rf\u00f6r r\u00e5der vi dig att konsultera respektive sekretesspolicy f\u00f6r dessa tredjepartsannonservrar f\u00f6r mer detaljerad information. Det kan inneh\u00e5lla deras praxis och instruktioner om hur man v\u00e4ljer bort vissa alternativ. Du hittar en fullst\u00e4ndig lista \u00f6ver dessa sekretesspolicyer och deras l\u00e4nkar h\u00e4r: Sekretesspolicyl\u00e4nkar.<\/p>\n\n\n\n<p>Du kan v\u00e4lja att inaktivera cookies via dina individuella webbl\u00e4saralternativ. Om du vill veta mer detaljerad information om cookiehantering med specifika webbl\u00e4sare kan du hitta den p\u00e5 webbl\u00e4sarnas respektive webbplatser. Vad \u00e4r kakor?<\/p>\n\n\n\n<h2 class=\"wp-block-heading\">CCPA Sekretessr\u00e4ttigheter (S\u00e4lj inte min personliga information)<\/h2>\n\n\n\n<p>Enligt CCPA, bland andra r\u00e4ttigheter, har Kaliforniens konsumenter r\u00e4tt att:<\/p>\n\n\n\n<p>Beg\u00e4r att ett f\u00f6retag som samlar in en konsuments personuppgifter avsl\u00f6jar de kategorier och specifika personuppgifter som ett f\u00f6retag har samlat in om konsumenter.<\/p>\n\n\n\n<p>Beg\u00e4r att ett f\u00f6retag raderar personlig information om konsumenten som ett f\u00f6retag har samlat in.<\/p>\n\n\n\n<p>Beg\u00e4r att ett f\u00f6retag som s\u00e4ljer konsumentens personuppgifter inte s\u00e4ljer konsumentens personuppgifter.<\/p>\n\n\n\n<p>Om du g\u00f6r en beg\u00e4ran har vi en m\u00e5nad att svara p\u00e5 dig. Kontakta oss om du vill ut\u00f6va n\u00e5gon av dessa r\u00e4ttigheter.<\/p>\n\n\n\n<h2 class=\"wp-block-heading\">GDPR Dataskyddsr\u00e4ttigheter<\/h2>\n\n\n\n<p>Vi vill se till att du \u00e4r helt medveten om alla dina dataskyddsr\u00e4ttigheter. Varje anv\u00e4ndare har r\u00e4tt till f\u00f6ljande:<\/p>\n\n\n\n<p>R\u00e4tten till \u00e5tkomst - Du har r\u00e4tt att beg\u00e4ra kopior av dina personuppgifter. Vi kan ta ut en liten avgift f\u00f6r denna tj\u00e4nst.<\/p>\n\n\n\n<p>R\u00e4tten till r\u00e4ttelse - Du har r\u00e4tt att beg\u00e4ra att vi korrigerar all information du anser \u00e4r felaktig. Du har ocks\u00e5 r\u00e4tt att beg\u00e4ra att vi fyller i den information du anser \u00e4r ofullst\u00e4ndig.<\/p>\n\n\n\n<p>R\u00e4tten att radera - Du har r\u00e4tt att beg\u00e4ra att vi raderar dina personuppgifter, under vissa villkor.<\/p>\n\n\n\n<p>R\u00e4tten att begr\u00e4nsa behandlingen - Du har r\u00e4tt att beg\u00e4ra att vi begr\u00e4nsar behandlingen av dina personuppgifter, under vissa villkor.<\/p>\n\n\n\n<p>R\u00e4tten att inv\u00e4nda mot behandling - Du har r\u00e4tt att inv\u00e4nda mot v\u00e5r behandling av dina personuppgifter, under vissa villkor.<\/p>\n\n\n\n<p>R\u00e4tten till dataportabilitet - Du har r\u00e4tt att beg\u00e4ra att vi \u00f6verf\u00f6r de uppgifter som vi har samlat in till en annan organisation, eller direkt till dig, p\u00e5 vissa villkor.<\/p>\n\n\n\n<p>Om du g\u00f6r en beg\u00e4ran har vi en m\u00e5nad att svara p\u00e5 dig. Kontakta oss om du vill ut\u00f6va n\u00e5gon av dessa r\u00e4ttigheter.<\/p>\n\n\n\n<h2 class=\"wp-block-heading\">Barninformation<\/h2>\n\n\n\n<p>En annan del av v\u00e5r prioritering \u00e4r att l\u00e4gga till skydd f\u00f6r barn n\u00e4r de anv\u00e4nder internet. Vi uppmuntrar f\u00f6r\u00e4ldrar och v\u00e5rdnadshavare att observera, delta i och \/ eller \u00f6vervaka och v\u00e4gleda deras onlineaktivitet.<\/p>\n\n\n\n<p>MaxJax samlar inte medvetet n\u00e5gon personlig identifierbar information fr\u00e5n barn under 13 \u00e5r. Om du tror att ditt barn har tillhandah\u00e5llit denna typ av information p\u00e5 v\u00e5r webbplats rekommenderar vi att du kontaktar oss omedelbart och vi kommer att g\u00f6ra v\u00e5rt b\u00e4sta f\u00f6r att omedelbart s\u00e5dan information fr\u00e5n v\u00e5ra register.<\/p>","protected":false},"excerpt":{"rendered":"<p>Privacy Policy for QuickJack Netherlands B.V. At MaxJax Europe, accessible from https:\/\/Maxjax-europe.com\/, one of our main priorities is the privacy of our visitors. This Privacy Policy document contains types of information that is collected and recorded by MaxJax and how we use it. If you have additional questions or require more information about our Privacy<br \/><a class=\"more-link\" href=\"https:\/\/maxjax-europe.com\/sv\/privacy-policy\/\"><br \/>\n        L\u00e4s mer<span class=\"screen-reader-text\"> &#8220;Privacy policy&#8221;<\/span><\/a><\/p>","protected":false},"author":1,"featured_media":0,"parent":0,"menu_order":0,"comment_status":"closed","ping_status":"closed","template":"","meta":{"footnotes":""},"class_list":["post-4618","page","type-page","status-publish","hentry","badges-style-2"],"yoast_head":"<!-- This site is optimized with the Yoast SEO plugin v27.1.1 - https:\/\/yoast.com\/product\/yoast-seo-wordpress\/ -->\n<title>Privacy policy - MaxJax Europe<\/title>\n<meta name=\"robots\" content=\"index, follow, max-snippet:-1, max-image-preview:large, max-video-preview:-1\" \/>\n<link rel=\"canonical\" href=\"https:\/\/maxjax-europe.com\/sv\/privacy-policy\/\" \/>\n<meta property=\"og:locale\" content=\"sv_SE\" \/>\n<meta property=\"og:type\" content=\"article\" \/>\n<meta property=\"og:title\" content=\"Privacy policy - MaxJax Europe\" \/>\n<meta property=\"og:description\" content=\"Privacy Policy for QuickJack Netherlands B.V. At MaxJax Europe, accessible from https:\/\/Maxjax-europe.com\/, one of our main priorities is the privacy of our visitors. This Privacy Policy document contains types of information that is collected and recorded by MaxJax and how we use it. If you have additional questions or require more information about our Privacy     Read More &quot;Privacy policy&quot;\" \/>\n<meta property=\"og:url\" content=\"https:\/\/maxjax-europe.com\/sv\/privacy-policy\/\" \/>\n<meta property=\"og:site_name\" content=\"MaxJax Europe\" \/>\n<meta property=\"article:modified_time\" content=\"2021-01-15T14:04:16+00:00\" \/>\n<meta name=\"twitter:card\" content=\"summary_large_image\" \/>\n<meta name=\"twitter:label1\" content=\"Ber\u00e4knad l\u00e4stid\" \/>\n\t<meta name=\"twitter:data1\" content=\"6 minuter\" \/>\n<script type=\"application\/ld+json\" class=\"yoast-schema-graph\">{\"@context\":\"https:\/\/schema.org\",\"@graph\":[{\"@type\":\"WebPage\",\"@id\":\"https:\/\/maxjax-europe.com\/fr\/privacy-policy\/\",\"url\":\"https:\/\/maxjax-europe.com\/fr\/privacy-policy\/\",\"name\":\"Privacy policy - MaxJax Europe\",\"isPartOf\":{\"@id\":\"https:\/\/maxjax-europe.com\/#website\"},\"datePublished\":\"2021-01-15T13:56:29+00:00\",\"dateModified\":\"2021-01-15T14:04:16+00:00\",\"breadcrumb\":{\"@id\":\"https:\/\/maxjax-europe.com\/fr\/privacy-policy\/#breadcrumb\"},\"inLanguage\":\"sv-SE\",\"potentialAction\":[{\"@type\":\"ReadAction\",\"target\":[\"https:\/\/maxjax-europe.com\/fr\/privacy-policy\/\"]}]},{\"@type\":\"BreadcrumbList\",\"@id\":\"https:\/\/maxjax-europe.com\/fr\/privacy-policy\/#breadcrumb\",\"itemListElement\":[{\"@type\":\"ListItem\",\"position\":1,\"name\":\"Home\",\"item\":\"https:\/\/maxjax-europe.com\/\"},{\"@type\":\"ListItem\",\"position\":2,\"name\":\"Privacy policy\"}]},{\"@type\":\"WebSite\",\"@id\":\"https:\/\/maxjax-europe.com\/#website\",\"url\":\"https:\/\/maxjax-europe.com\/\",\"name\":\"MaxJax Europe\",\"description\":\"Shop MaxJax Portable Two-Post Car Lift\",\"publisher\":{\"@id\":\"https:\/\/maxjax-europe.com\/#organization\"},\"potentialAction\":[{\"@type\":\"SearchAction\",\"target\":{\"@type\":\"EntryPoint\",\"urlTemplate\":\"https:\/\/maxjax-europe.com\/?s={search_term_string}\"},\"query-input\":{\"@type\":\"PropertyValueSpecification\",\"valueRequired\":true,\"valueName\":\"search_term_string\"}}],\"inLanguage\":\"sv-SE\"},{\"@type\":\"Organization\",\"@id\":\"https:\/\/maxjax-europe.com\/#organization\",\"name\":\"MaxJax Europe\",\"url\":\"https:\/\/maxjax-europe.com\/\",\"logo\":{\"@type\":\"ImageObject\",\"inLanguage\":\"sv-SE\",\"@id\":\"https:\/\/maxjax-europe.com\/#\/schema\/logo\/image\/\",\"url\":\"https:\/\/maxjax-europe.com\/wp-content\/uploads\/2021\/01\/cropped-EUB-1-1.png\",\"contentUrl\":\"https:\/\/maxjax-europe.com\/wp-content\/uploads\/2021\/01\/cropped-EUB-1-1.png\",\"width\":2266,\"height\":553,\"caption\":\"MaxJax Europe\"},\"image\":{\"@id\":\"https:\/\/maxjax-europe.com\/#\/schema\/logo\/image\/\"}}]}<\/script>\n<!-- \/ Yoast SEO plugin. -->","yoast_head_json":{"title":"Sekretesspolicy - MaxJax Europe","robots":{"index":"index","follow":"follow","max-snippet":"max-snippet:-1","max-image-preview":"max-image-preview:large","max-video-preview":"max-video-preview:-1"},"canonical":"https:\/\/maxjax-europe.com\/sv\/privacy-policy\/","og_locale":"sv_SE","og_type":"article","og_title":"Privacy policy - MaxJax Europe","og_description":"Privacy Policy for QuickJack Netherlands B.V. At MaxJax Europe, accessible from https:\/\/Maxjax-europe.com\/, one of our main priorities is the privacy of our visitors. This Privacy Policy document contains types of information that is collected and recorded by MaxJax and how we use it. If you have additional questions or require more information about our Privacy     Read More \"Privacy policy\"","og_url":"https:\/\/maxjax-europe.com\/sv\/privacy-policy\/","og_site_name":"MaxJax Europe","article_modified_time":"2021-01-15T14:04:16+00:00","twitter_card":"summary_large_image","twitter_misc":{"Ber\u00e4knad l\u00e4stid":"6 minuter"},"schema":{"@context":"https:\/\/schema.org","@graph":[{"@type":"WebPage","@id":"https:\/\/maxjax-europe.com\/fr\/privacy-policy\/","url":"https:\/\/maxjax-europe.com\/fr\/privacy-policy\/","name":"Sekretesspolicy - MaxJax Europe","isPartOf":{"@id":"https:\/\/maxjax-europe.com\/#website"},"datePublished":"2021-01-15T13:56:29+00:00","dateModified":"2021-01-15T14:04:16+00:00","breadcrumb":{"@id":"https:\/\/maxjax-europe.com\/fr\/privacy-policy\/#breadcrumb"},"inLanguage":"sv-SE","potentialAction":[{"@type":"ReadAction","target":["https:\/\/maxjax-europe.com\/fr\/privacy-policy\/"]}]},{"@type":"BreadcrumbList","@id":"https:\/\/maxjax-europe.com\/fr\/privacy-policy\/#breadcrumb","itemListElement":[{"@type":"ListItem","position":1,"name":"Home","item":"https:\/\/maxjax-europe.com\/"},{"@type":"ListItem","position":2,"name":"Privacy policy"}]},{"@type":"WebSite","@id":"https:\/\/maxjax-europe.com\/#website","url":"https:\/\/maxjax-europe.com\/","name":"MaxJax Sverige","description":"Handla MaxJax b\u00e4rbar billyft med tv\u00e5 stolpar","publisher":{"@id":"https:\/\/maxjax-europe.com\/#organization"},"potentialAction":[{"@type":"SearchAction","target":{"@type":"EntryPoint","urlTemplate":"https:\/\/maxjax-europe.com\/?s={search_term_string}"},"query-input":{"@type":"PropertyValueSpecification","valueRequired":true,"valueName":"search_term_string"}}],"inLanguage":"sv-SE"},{"@type":"Organization","@id":"https:\/\/maxjax-europe.com\/#organization","name":"MaxJax Sverige","url":"https:\/\/maxjax-europe.com\/","logo":{"@type":"ImageObject","inLanguage":"sv-SE","@id":"https:\/\/maxjax-europe.com\/#\/schema\/logo\/image\/","url":"https:\/\/maxjax-europe.com\/wp-content\/uploads\/2021\/01\/cropped-EUB-1-1.png","contentUrl":"https:\/\/maxjax-europe.com\/wp-content\/uploads\/2021\/01\/cropped-EUB-1-1.png","width":2266,"height":553,"caption":"MaxJax Europe"},"image":{"@id":"https:\/\/maxjax-europe.com\/#\/schema\/logo\/image\/"}}]}},"jetpack_sharing_enabled":true,"_links":{"self":[{"href":"https:\/\/maxjax-europe.com\/sv\/wp-json\/wp\/v2\/pages\/4618","targetHints":{"allow":["GET"]}}],"collection":[{"href":"https:\/\/maxjax-europe.com\/sv\/wp-json\/wp\/v2\/pages"}],"about":[{"href":"https:\/\/maxjax-europe.com\/sv\/wp-json\/wp\/v2\/types\/page"}],"author":[{"embeddable":true,"href":"https:\/\/maxjax-europe.com\/sv\/wp-json\/wp\/v2\/users\/1"}],"replies":[{"embeddable":true,"href":"https:\/\/maxjax-europe.com\/sv\/wp-json\/wp\/v2\/comments?post=4618"}],"version-history":[{"count":3,"href":"https:\/\/maxjax-europe.com\/sv\/wp-json\/wp\/v2\/pages\/4618\/revisions"}],"predecessor-version":[{"id":4626,"href":"https:\/\/maxjax-europe.com\/sv\/wp-json\/wp\/v2\/pages\/4618\/revisions\/4626"}],"wp:attachment":[{"href":"https:\/\/maxjax-europe.com\/sv\/wp-json\/wp\/v2\/media?parent=4618"}],"curies":[{"name":"wp","href":"https:\/\/api.w.org\/{rel}","templated":true}]}}