{"id":3645,"date":"2021-01-01T12:00:12","date_gmt":"2021-01-01T12:00:12","guid":{"rendered":"http:\/\/demo.woothemes.com\/woocommerce\/?post_type=product&#038;p=99"},"modified":"2025-08-07T10:42:52","modified_gmt":"2025-08-07T10:42:52","slug":"maxjax-m7k","status":"publish","type":"product","link":"https:\/\/maxjax-europe.com\/sv\/produkt\/maxjax-m7k\/","title":{"rendered":"MaxJax M7K b\u00e4rbar tv\u00e5pelarlyft"},"content":{"rendered":"<div class=\"page-title-wrapper product\"><\/div>\n<h3>F\u00f6rdelar med MaxJax<\/h3>\n<p>Det \u00e4r de funktioner du f\u00e5r som skiljer MaxJax fr\u00e5n resten. Varje MaxJax-enhet \u00e4r laddad med r\u00e4tt funktioner som g\u00f6r det till det b\u00e4sta valet n\u00e4r du letar efter en ny billyft. L\u00e4s igenom den l\u00e5nga listan med funktioner som denna billyft har att erbjuda och du kommer l\u00e4tt till slutsatsen att MaxJax inte \u00e4r n\u00e5gon vanlig garagelift.<\/p>\n<div class=\"row my-5 align-items-center text-center text-md-left\">\n<div class=\"col-md-4 mb-3 mb-md-0\"><img fetchpriority=\"high\" decoding=\"async\" class=\"img-fluid alignnone\" src=\"https:\/\/www.maxjax.com\/pub\/media\/images\/maxjax-two-post-lift-clear-undercar-access.jpg\" alt=\"MaxJax M6K\" width=\"600\" height=\"480\" \/><\/div>\n<div class=\"col-md-8\">\n<h4 class=\"mb-0\">Fri \u00e5tkomst under bilen<\/h4>\n<p>Inget annat lyftsystem av l\u00e5g eller mellanh\u00f6g typ ger b\u00e4ttre \u00e5tkomst under bilen och obehindrad golvyta \u00e4n MaxJax-lyftsystemet. Nu kan du enkelt komma \u00e5t motorns undersida, transmission, drivaxlar, startmotor, differentialer eller annat som kr\u00e4ver \u00e5tkomst under bilen.<\/p>\n<\/div>\n<\/div>\n<div class=\"row my-5 align-items-center text-center text-md-left\">\n<div class=\"col-md-4 mb-3 mb-md-0\"><img decoding=\"async\" class=\"img-fluid alignnone\" src=\"https:\/\/www.maxjax.com\/pub\/media\/images\/maxjax-two-post-lift-portable-columns.jpg\" alt=\"MaxJax M6K\" width=\"600\" height=\"480\" \/><\/div>\n<div class=\"col-md-8\">\n<h4 class=\"mb-0\">Portabilitet<\/h4>\n<p>En tv\u00e5pelars billyft med inbyggda hjul som finns till hands n\u00e4r du beh\u00f6ver den, enkel att stuva undan n\u00e4r du inte anv\u00e4nder den f\u00f6r att spara utrymme i din verkstad.<\/p>\n<\/div>\n<\/div>\n<div class=\"row my-5 align-items-center text-center text-md-left\">\n<div class=\"col-md-4 mb-3 mb-md-0\"><img decoding=\"async\" class=\"img-fluid alignnone\" src=\"https:\/\/www.maxjax.com\/pub\/media\/images\/from-stow-to-go-maxjax-portable-two-post-lift.jpg\" alt=\"MaxJax M6K\" width=\"600\" height=\"480\" \/><\/div>\n<div class=\"col-md-8\">\n<h4 class=\"mb-0\">Stuva undan p\u00e5 mindre \u00e4n 15 minuter<\/h4>\n<p>F\u00f6rankringspunkter med inf\u00e4lld inv\u00e4ndig g\u00e4nga och hydrauliska snabbkopplingar garanterar en snabb och enkel montering. OBSERVERA! Innan du borrar i eftersp\u00e4nda armerade verkstadsgolv ska du alltid konsultera en byggnadsingenj\u00f6r f\u00f6r att fastst\u00e4lla var kablar kan finnas och informera dig om var det \u00e4r s\u00e4kert att borra.<\/p>\n<\/div>\n<\/div>\n<div class=\"row my-5 align-items-center text-center text-md-left\">\n<div class=\"col-md-4 mb-3 mb-md-0\"><img loading=\"lazy\" decoding=\"async\" class=\"img-fluid alignnone\" src=\"https:\/\/www.maxjax.com\/pub\/media\/images\/maxjax-two-post-lift-flow-divider.jpg\" alt=\"MaxJax M6K\" width=\"600\" height=\"480\" \/><\/div>\n<div class=\"col-md-8\">\n<h4 class=\"mb-0\">Fungerar som magi<\/h4>\n<p>En drevfl\u00f6desdelare av gjutj\u00e4rn \u00e4r hj\u00e4rtat av MaxJax\u00ae-systemet, ger en exakt och j\u00e4mn lyftr\u00f6relse. Den specialkonstruerade fl\u00f6desdelaren\/kombinatorn \u00e4r en hydraulisk positiv f\u00f6rflyttningsanordning med exakt fl\u00f6desdelning av hydraulkraft fr\u00e5n en pelare till den andra \u00e4ven om lastbalanstrycket f\u00f6r\u00e4ndras.<\/p>\n<\/div>\n<\/div>\n<div class=\"row my-5 align-items-center text-center text-md-left\">\n<div class=\"col-md-4 mb-3 mb-md-0\"><img loading=\"lazy\" decoding=\"async\" class=\"img-fluid alignnone\" src=\"https:\/\/www.maxjax.com\/pub\/media\/images\/MaxJax-Power-Unit-Mobile-Cart-Product-Page.jpg\" alt=\"MaxJax M6K\" width=\"300\" height=\"200\" \/><\/div>\n<div class=\"col-md-8\">\n<h4 class=\"mb-0\">Mobil krafttaggregatvagn<\/h4>\n<p>V\u00e5r krafttaggregatvagn av standartyp \u00e4r liten nog f\u00f6r att stuvas undan och har ett f\u00f6rvaringsutrymme f\u00f6r hydraulslangarna. Den hydrauliska kraftenheten anv\u00e4nder en enfasmotor som kr\u00e4ver 208-240V AC och en 16A (C) effektbrytare. N\u00e4tsladden \u00e4r 1,8 m och av industriell typ. Lyften h\u00f6js enkelt med en tryckknapp och s\u00e4nks med en tryckspak. Praktiska snabbkopplingsslangar kan placeras smidigt f\u00f6r en enkel- eller dubbelpelaroperation.<\/p>\n<\/div>\n<\/div>\n<div class=\"row my-5 align-items-center text-center text-md-left\">\n<div class=\"col-md-4 mb-3 mb-md-0\"><img loading=\"lazy\" decoding=\"async\" class=\"img-fluid alignnone\" src=\"https:\/\/www.maxjax.com\/pub\/media\/images\/maxjax-portable-lift-stackable-adapters.jpg\" alt=\"Lyftadapter\" width=\"600\" height=\"480\" \/><\/div>\n<div class=\"col-md-8\">\n<h4 class=\"mb-0\">Justerbara lyftarmar och stapelbara adaptrar<\/h4>\n<p>Detta \u00f6kar den totala armplaceringsradien f\u00f6r att lyfta en m\u00e4ngd olika fordon som \u00e4r konstruerade med underrede, OEM-rekommenderade lyftpunkter, eller breda och\/eller smala chassikonfigurationer.\u00a0<strong>Varje MaxJax M7K-best\u00e4llning inkluderar fyra (4) adaptrar f\u00f6r medelh\u00f6g h\u00f6jd och fyra (4) stapelbara standardlyftdynadaptrar.<\/strong><\/p>\n<p><a class=\"grid-link\" href=\"https:\/\/www.maxjax.com\/accessories\/tall-adapters\/\">H\u00f6ga adaptersatser \u00e4r valfritt tillbeh\u00f6r<\/a><\/p>\n<\/div>\n<\/div>\n<div class=\"row my-5 align-items-center text-center text-md-left\">\n<div class=\"col-md-4 mb-3 mb-md-0\"><img loading=\"lazy\" decoding=\"async\" class=\"img-fluid alignnone\" src=\"https:\/\/www.maxjax.com\/pub\/media\/images\/low-clearance-two-post-lift-maxjax.jpg\" alt=\"L\u00e5gprofilarmar\" width=\"600\" height=\"480\" \/><\/div>\n<div class=\"col-md-8\">\n<h4 class=\"mb-0\">Armar med l\u00e5g profil<\/h4>\n<p>F\u00e5r plats under de l\u00e4gsta kompakta sportbilar eller custommotorcyklar med s\u00e4nkt ramar.<\/p>\n<\/div>\n<\/div>\n<div class=\"row my-5 align-items-center text-center text-md-left\">\n<div class=\"col-md-4 mb-3 mb-md-0\"><img loading=\"lazy\" decoding=\"async\" class=\"img-fluid alignnone\" src=\"https:\/\/www.maxjax.com\/pub\/media\/images\/maxjax-automatic-arm-restraints.jpg\" alt=\"MaxJax M6K\" width=\"600\" height=\"480\" \/><\/div>\n<div class=\"col-md-8\">\n<h4 class=\"mb-0\">Automatiska armbegr\u00e4nsningar<\/h4>\n<p>Varje arm \u00e4r f\u00f6rsedd med robusta armbegr\u00e4nsningar som aktiveras automatiskt varje g\u00e5ng lyften h\u00f6js. N\u00e4r lyften s\u00e4nks, frikopplas automatiskt armen av drevtyp f\u00f6r en enkel placering av lyftarmarna.<\/p>\n<\/div>\n<\/div>\n<div class=\"row my-5 align-items-center text-center text-md-left\">\n<div class=\"col-md-4 mb-3 mb-md-0\"><img loading=\"lazy\" decoding=\"async\" class=\"img-fluid alignnone\" src=\"https:\/\/www.maxjax.com\/pub\/media\/images\/MaxJax-Maintenance-free-slide-blocks-Product-Page.jpg\" alt=\"MaxJax M6K\" width=\"300\" height=\"200\" \/><\/div>\n<div class=\"col-md-8\">\n<h4 class=\"mb-0\">Underh\u00e5llsfria glidblock<\/h4>\n<p>Ist\u00e4llet f\u00f6r att anv\u00e4nda rullager som kr\u00e4ver konstant sm\u00f6rjning och underh\u00e5ll anv\u00e4nder vi futuristiska fullflytande UHMW-polyetylenlager med ultrah\u00f6g molekylvikt som aldrig beh\u00f6ver sm\u00f6rjas och h\u00e5ller praktiskt taget hela liftens livsl\u00e4ngd.<\/p>\n<\/div>\n<\/div>\n<div class=\"row my-5 align-items-center text-center text-md-left\">\n<div class=\"col-md-4 mb-3 mb-md-0\"><img loading=\"lazy\" decoding=\"async\" class=\"img-fluid alignnone\" src=\"https:\/\/www.maxjax.com\/pub\/media\/images\/MaxJax-M6-Portable-Car-Lift-Automatic-Safety-Lock-Product-Page.jpg\" alt=\"S\u00e4kerhetsl\u00e5s\" width=\"300\" height=\"200\" \/><\/div>\n<div class=\"col-md-8\">\n<h4 class=\"mb-0\">Enstaka kolumner<\/h4>\n<p>Vi tillverkar medvetet kolonnerna med enstaka konstruktioner f\u00f6r \u00f6kad h\u00e5llfasthet och mindre utmattning under tunga belastningsf\u00f6rh\u00e5llanden.<\/p>\n<\/div>\n<\/div>\n<div class=\"row my-5 align-items-center text-center text-md-left\">\n<div class=\"col-md-4 mb-3 mb-md-0\"><img loading=\"lazy\" decoding=\"async\" class=\"img-fluid alignnone\" src=\"https:\/\/www.maxjax.com\/pub\/media\/images\/MaxJax-Direct-Drive-Hydraulic-Cylinders-Product-Page.jpg\" alt=\"hydraulcylinder\" width=\"300\" height=\"200\" \/><\/div>\n<div class=\"col-md-8\">\n<h4 class=\"mb-0\">Direct-Drive-teknik<\/h4>\n<p>Genom att anv\u00e4nda tv\u00e5 l\u00e5gtrycks HVLP Direct-Drive-cylindrar har vi eliminerat behovet av lyftkedjor eller skruvmekanismer som oftast finns i andra lyftdesigner. HVLP Direct-Drive-teknik ger b\u00e4ttre tillf\u00f6rlitlighet, smidigare drift och mindre underh\u00e5ll.<\/p>\n<\/div>\n<\/div>\n<div class=\"row my-5 align-items-center text-center text-md-left\">\n<div class=\"col-md-4 mb-3 mb-md-0\"><img loading=\"lazy\" decoding=\"async\" class=\"img-fluid alignnone\" src=\"https:\/\/www.maxjax.com\/pub\/media\/images\/MaxJax-Industrial-Grade-Hydraulic-Cylinder-Product-Page.jpg\" alt=\"hydraulcylinder\" width=\"300\" height=\"200\" \/><\/div>\n<div class=\"col-md-8\">\n<h4 class=\"mb-0\">Hydraulcylindrar av industriell kvalitet<\/h4>\n<p>Integrerad i varje MaxJax\u00ae hydraulcylinder \u00e4r en helkolvs, kolvbearbetad st\u00e5lkolv insvept med specialdesignade, tryckbelagda U-cup-kolvt\u00e4tningar, s\u00e4kerhetskopior och slitband som praktiskt taget eliminerar v\u00e4tskeomkoppling. Den mikro-sl\u00e4ta kromst\u00e5ngen \u00e4r bearbetad av h\u00f6gt utbyte, slipat och polerat C-1045\/50-mikrolegerat st\u00e5l och pl\u00e4terat till ett minimum av 0,001 \u2033 diametralt f\u00f6r att s\u00e4kerst\u00e4lla \u00f6verl\u00e4gsen cylinderdrift och livsl\u00e4ngd.<\/p>\n<\/div>\n<\/div>\n<div class=\"row my-5 align-items-center text-center text-md-left\">\n<div class=\"col-md-4 mb-3 mb-md-0\"><img loading=\"lazy\" decoding=\"async\" class=\"img-fluid alignnone\" src=\"https:\/\/www.maxjax.com\/pub\/media\/images\/MaxJax-Motorcycle-ATV-Adapter-Optional-Kit-Product-Page.jpg\" alt=\"MaxJax M6K\" width=\"300\" height=\"200\" \/><\/div>\n<div class=\"col-md-8\">\n<h4 class=\"mb-0\">Tv\u00e5 lyftar i en<\/h4>\n<p>Med v\u00e5r motorcykeladaptersats (tillbeh\u00f6r) kan du s\u00e4kert lyfta motorcyklar, fyrhjulingar eller andra motorfordon till en bekv\u00e4m arbetsh\u00f6jd.<\/p>\n<\/div>\n<p><a href=\"https:\/\/maxjax-europe.com\/sv\/specifications\/\">Se alla specifikationer h\u00e4r<\/a><\/p>\n<\/div>","protected":false},"excerpt":{"rendered":"<p><strong>B\u00e4rbar billyft<\/strong><\/p>\n<p>3,175 kg kapacitet<\/p>\n<p>F\u00f6r bekv\u00e4mlighet, portabilitet och kompakt f\u00f6rvaring sl\u00e5r inget den patenterade portabla billyften MaxJax M7K \u00ae. Tack vare sin unika portabla design med tv\u00e5 pelare erbjuder MaxJax st\u00f6rre m\u00e5ngsidighet och servicev\u00e4nlighet j\u00e4mf\u00f6rt med traditionella garagelyftsystem i mellan- eller l\u00e5gbyggnad.<\/p>\n<p><a href=\"https:\/\/maxjax-europe.com\/sv\/produkt\/kroon-oil-perlus-h46-2x5l\/\">Gl\u00f6m inte att tills\u00e4tta den n\u00f6dv\u00e4ndiga hydraulv\u00e4tskan!<\/a><\/p>\n<p><a href=\"https:\/\/maxjax-europe.com\/sv\/shipping-information\/\">Skickar du till mitt land?<\/a><\/p>","protected":false},"featured_media":4458,"comment_status":"open","ping_status":"closed","template":"","meta":[],"product_brand":[],"product_cat":[65],"product_tag":[31,91],"class_list":{"0":"post-3645","1":"product","2":"type-product","3":"status-publish","4":"has-post-thumbnail","6":"product_cat-maxjax","7":"product_tag-all-season","8":"product_tag-wheels","9":"product_shipping_class-maxjax","10":"product-custom-label-money-back-garanty","11":"product-custom-label-extended-warranty","12":"product-custom-label-1-4-days-delivery","13":"badges-style-2","14":"wcpa_has_options","16":"first","17":"instock","18":"taxable","19":"shipping-taxable","20":"purchasable","21":"product-type-simple"},"yoast_head":"<!-- This site is optimized with the Yoast SEO plugin v27.1.1 - https:\/\/yoast.com\/product\/yoast-seo-wordpress\/ -->\n<title>MaxJax M7K Portable Two post Lift - MaxJax Europe<\/title>\n<meta name=\"description\" content=\"The MaxJax M7K Portable Two-Post Garage Lift is the best Portable Two Post Lift there is. Delivered directly from our stock in Europe!\" \/>\n<meta name=\"robots\" content=\"index, follow, max-snippet:-1, max-image-preview:large, max-video-preview:-1\" \/>\n<link rel=\"canonical\" href=\"https:\/\/maxjax-europe.com\/sv\/produkt\/maxjax-m7k\/\" \/>\n<meta property=\"og:locale\" content=\"sv_SE\" \/>\n<meta property=\"og:type\" content=\"article\" \/>\n<meta property=\"og:title\" content=\"MaxJax M7K Portable Two post Lift - MaxJax Europe\" \/>\n<meta property=\"og:description\" content=\"The MaxJax M7K Portable Two-Post Garage Lift is the best Portable Two Post Lift there is. Delivered directly from our stock in Europe!\" \/>\n<meta property=\"og:url\" content=\"https:\/\/maxjax-europe.com\/sv\/produkt\/maxjax-m7k\/\" \/>\n<meta property=\"og:site_name\" content=\"MaxJax Europe\" \/>\n<meta property=\"article:modified_time\" content=\"2025-08-07T10:42:52+00:00\" \/>\n<meta property=\"og:image\" content=\"https:\/\/maxjax-europe.com\/wp-content\/uploads\/2017\/06\/maxjax-homepage-1.png\" \/>\n\t<meta property=\"og:image:width\" content=\"320\" \/>\n\t<meta property=\"og:image:height\" content=\"320\" \/>\n\t<meta property=\"og:image:type\" content=\"image\/png\" \/>\n<meta name=\"twitter:card\" content=\"summary_large_image\" \/>\n<meta name=\"twitter:label1\" content=\"Ber\u00e4knad l\u00e4stid\" \/>\n\t<meta name=\"twitter:data1\" content=\"6 minuter\" \/>\n<script type=\"application\/ld+json\" class=\"yoast-schema-graph\">{\"@context\":\"https:\/\/schema.org\",\"@graph\":[{\"@type\":\"WebPage\",\"@id\":\"https:\/\/maxjax-europe.com\/product\/maxjax-m7k\/\",\"url\":\"https:\/\/maxjax-europe.com\/product\/maxjax-m7k\/\",\"name\":\"MaxJax M7K Portable Two post Lift - MaxJax Europe\",\"isPartOf\":{\"@id\":\"https:\/\/maxjax-europe.com\/#website\"},\"primaryImageOfPage\":{\"@id\":\"https:\/\/maxjax-europe.com\/product\/maxjax-m7k\/#primaryimage\"},\"image\":{\"@id\":\"https:\/\/maxjax-europe.com\/product\/maxjax-m7k\/#primaryimage\"},\"thumbnailUrl\":\"https:\/\/maxjax-europe.com\/wp-content\/uploads\/2017\/06\/maxjax-homepage-1.png\",\"datePublished\":\"2021-01-01T12:00:12+00:00\",\"dateModified\":\"2025-08-07T10:42:52+00:00\",\"description\":\"The MaxJax M7K Portable Two-Post Garage Lift is the best Portable Two Post Lift there is. Delivered directly from our stock in Europe!\",\"breadcrumb\":{\"@id\":\"https:\/\/maxjax-europe.com\/product\/maxjax-m7k\/#breadcrumb\"},\"inLanguage\":\"sv-SE\",\"potentialAction\":[{\"@type\":\"ReadAction\",\"target\":[\"https:\/\/maxjax-europe.com\/product\/maxjax-m7k\/\"]}]},{\"@type\":\"ImageObject\",\"inLanguage\":\"sv-SE\",\"@id\":\"https:\/\/maxjax-europe.com\/product\/maxjax-m7k\/#primaryimage\",\"url\":\"https:\/\/maxjax-europe.com\/wp-content\/uploads\/2017\/06\/maxjax-homepage-1.png\",\"contentUrl\":\"https:\/\/maxjax-europe.com\/wp-content\/uploads\/2017\/06\/maxjax-homepage-1.png\",\"width\":320,\"height\":320,\"caption\":\"MaxJax M6K\"},{\"@type\":\"BreadcrumbList\",\"@id\":\"https:\/\/maxjax-europe.com\/product\/maxjax-m7k\/#breadcrumb\",\"itemListElement\":[{\"@type\":\"ListItem\",\"position\":1,\"name\":\"Home\",\"item\":\"https:\/\/maxjax-europe.com\/\"},{\"@type\":\"ListItem\",\"position\":2,\"name\":\"Shop\",\"item\":\"https:\/\/maxjax-europe.com\/it\/maxjax\/\"},{\"@type\":\"ListItem\",\"position\":3,\"name\":\"MaxJax M7K Portable Two post Lift\"}]},{\"@type\":\"WebSite\",\"@id\":\"https:\/\/maxjax-europe.com\/#website\",\"url\":\"https:\/\/maxjax-europe.com\/\",\"name\":\"MaxJax Europe\",\"description\":\"Shop MaxJax Portable Two-Post Car Lift\",\"publisher\":{\"@id\":\"https:\/\/maxjax-europe.com\/#organization\"},\"potentialAction\":[{\"@type\":\"SearchAction\",\"target\":{\"@type\":\"EntryPoint\",\"urlTemplate\":\"https:\/\/maxjax-europe.com\/?s={search_term_string}\"},\"query-input\":{\"@type\":\"PropertyValueSpecification\",\"valueRequired\":true,\"valueName\":\"search_term_string\"}}],\"inLanguage\":\"sv-SE\"},{\"@type\":\"Organization\",\"@id\":\"https:\/\/maxjax-europe.com\/#organization\",\"name\":\"MaxJax Europe\",\"url\":\"https:\/\/maxjax-europe.com\/\",\"logo\":{\"@type\":\"ImageObject\",\"inLanguage\":\"sv-SE\",\"@id\":\"https:\/\/maxjax-europe.com\/#\/schema\/logo\/image\/\",\"url\":\"https:\/\/maxjax-europe.com\/wp-content\/uploads\/2021\/01\/cropped-EUB-1-1.png\",\"contentUrl\":\"https:\/\/maxjax-europe.com\/wp-content\/uploads\/2021\/01\/cropped-EUB-1-1.png\",\"width\":2266,\"height\":553,\"caption\":\"MaxJax Europe\"},\"image\":{\"@id\":\"https:\/\/maxjax-europe.com\/#\/schema\/logo\/image\/\"}}]}<\/script>\n<!-- \/ Yoast SEO plugin. -->","yoast_head_json":{"title":"MaxJax M7K B\u00e4rbar Tv\u00e5pelarslyft - MaxJax Europa","description":"MaxJax M7K portabel garagelyft med tv\u00e5 stolpar \u00e4r den b\u00e4sta portabla garagelyften med tv\u00e5 stolpar som finns. Levereras direkt fr\u00e5n v\u00e5rt lager i Europa!","robots":{"index":"index","follow":"follow","max-snippet":"max-snippet:-1","max-image-preview":"max-image-preview:large","max-video-preview":"max-video-preview:-1"},"canonical":"https:\/\/maxjax-europe.com\/sv\/produkt\/maxjax-m7k\/","og_locale":"sv_SE","og_type":"article","og_title":"MaxJax M7K Portable Two post Lift - MaxJax Europe","og_description":"The MaxJax M7K Portable Two-Post Garage Lift is the best Portable Two Post Lift there is. Delivered directly from our stock in Europe!","og_url":"https:\/\/maxjax-europe.com\/sv\/produkt\/maxjax-m7k\/","og_site_name":"MaxJax Europe","article_modified_time":"2025-08-07T10:42:52+00:00","og_image":[{"width":320,"height":320,"url":"https:\/\/maxjax-europe.com\/wp-content\/uploads\/2017\/06\/maxjax-homepage-1.png","type":"image\/png"}],"twitter_card":"summary_large_image","twitter_misc":{"Ber\u00e4knad l\u00e4stid":"6 minuter"},"schema":{"@context":"https:\/\/schema.org","@graph":[{"@type":"WebPage","@id":"https:\/\/maxjax-europe.com\/product\/maxjax-m7k\/","url":"https:\/\/maxjax-europe.com\/product\/maxjax-m7k\/","name":"MaxJax M7K B\u00e4rbar Tv\u00e5pelarslyft - MaxJax Europa","isPartOf":{"@id":"https:\/\/maxjax-europe.com\/#website"},"primaryImageOfPage":{"@id":"https:\/\/maxjax-europe.com\/product\/maxjax-m7k\/#primaryimage"},"image":{"@id":"https:\/\/maxjax-europe.com\/product\/maxjax-m7k\/#primaryimage"},"thumbnailUrl":"https:\/\/maxjax-europe.com\/wp-content\/uploads\/2017\/06\/maxjax-homepage-1.png","datePublished":"2021-01-01T12:00:12+00:00","dateModified":"2025-08-07T10:42:52+00:00","description":"MaxJax M7K portabel garagelyft med tv\u00e5 stolpar \u00e4r den b\u00e4sta portabla garagelyften med tv\u00e5 stolpar som finns. Levereras direkt fr\u00e5n v\u00e5rt lager i Europa!","breadcrumb":{"@id":"https:\/\/maxjax-europe.com\/product\/maxjax-m7k\/#breadcrumb"},"inLanguage":"sv-SE","potentialAction":[{"@type":"ReadAction","target":["https:\/\/maxjax-europe.com\/product\/maxjax-m7k\/"]}]},{"@type":"ImageObject","inLanguage":"sv-SE","@id":"https:\/\/maxjax-europe.com\/product\/maxjax-m7k\/#primaryimage","url":"https:\/\/maxjax-europe.com\/wp-content\/uploads\/2017\/06\/maxjax-homepage-1.png","contentUrl":"https:\/\/maxjax-europe.com\/wp-content\/uploads\/2017\/06\/maxjax-homepage-1.png","width":320,"height":320,"caption":"MaxJax M6K"},{"@type":"BreadcrumbList","@id":"https:\/\/maxjax-europe.com\/product\/maxjax-m7k\/#breadcrumb","itemListElement":[{"@type":"ListItem","position":1,"name":"Home","item":"https:\/\/maxjax-europe.com\/"},{"@type":"ListItem","position":2,"name":"Shop","item":"https:\/\/maxjax-europe.com\/it\/maxjax\/"},{"@type":"ListItem","position":3,"name":"MaxJax M7K Portable Two post Lift"}]},{"@type":"WebSite","@id":"https:\/\/maxjax-europe.com\/#website","url":"https:\/\/maxjax-europe.com\/","name":"MaxJax Sverige","description":"Handla MaxJax b\u00e4rbar billyft med tv\u00e5 stolpar","publisher":{"@id":"https:\/\/maxjax-europe.com\/#organization"},"potentialAction":[{"@type":"SearchAction","target":{"@type":"EntryPoint","urlTemplate":"https:\/\/maxjax-europe.com\/?s={search_term_string}"},"query-input":{"@type":"PropertyValueSpecification","valueRequired":true,"valueName":"search_term_string"}}],"inLanguage":"sv-SE"},{"@type":"Organization","@id":"https:\/\/maxjax-europe.com\/#organization","name":"MaxJax Sverige","url":"https:\/\/maxjax-europe.com\/","logo":{"@type":"ImageObject","inLanguage":"sv-SE","@id":"https:\/\/maxjax-europe.com\/#\/schema\/logo\/image\/","url":"https:\/\/maxjax-europe.com\/wp-content\/uploads\/2021\/01\/cropped-EUB-1-1.png","contentUrl":"https:\/\/maxjax-europe.com\/wp-content\/uploads\/2021\/01\/cropped-EUB-1-1.png","width":2266,"height":553,"caption":"MaxJax Europe"},"image":{"@id":"https:\/\/maxjax-europe.com\/#\/schema\/logo\/image\/"}}]}},"jetpack_sharing_enabled":true,"wcpa_form_fields":{"wcpaData":{"product":{"product_price":2650,"price_html":"<span class=\"woocommerce-Price-amount amount\"><bdi><span class=\"woocommerce-Price-currencySymbol\">&euro;<\/span>2.650,00<\/bdi><\/span> <small class=\"woocommerce-price-suffix\">Excl. VAT<\/small>","original_product_price":2650,"price_including_tax":3206.5,"price_excluding_tax":2650,"product_id":{"parent":3645,"variation":false},"is_variable":false,"stock_status":"instock","stock_quantity":null,"parent_sku":"MaxJaxm7k","product_attributes":[],"custom_fields":[],"is_taxable":true,"product_name":"MaxJax M7K Portable Two post Lift","hasImage":false},"fields":{"sec_10652fec42725b4":{"extra":{"key":"sec_10652fec42725b4","section_id":"sec_10652fec42725b4","name":"Default","status":1,"cl_rule":"show","enableCl":false,"relations":[],"toggle":true,"title_tag":"h3","show_title":false,"showPrice":"default","form_id":5131,"form_rules":{"exclude_from_discount":false,"fee_label":"Fee","disp_hide_options_price":false,"disp_show_section_price":false,"disp_show_field_price":true,"layout_option":"standard","pric_use_as_fee":false,"process_fee_as":"woo_fee"},"layout_option":"standard"},"fields":[[{"active":true,"col":6,"relations":false,"cl_rule":"show","enableCl":false,"price":"","enablePrice":true,"className":"","label_position":"default","desc_position":"default","type":"checkbox-group","required":true,"elementId":"checkgroup_3985119450","label":"Hydraulic oil","name":"checkgroup_3985119450","values":[{"label":"2x5L Perlus H32 hydraulic oil","value":"hydraulic oil","selected":false,"tempId":"aco_370","price":"39.95","gt_translate_keys":["label"]},{"label":"No oil","value":"none","selected":false,"tempId":"aco_369","price":"0","gt_translate_keys":["label"]}],"layOut":"","error":false,"checkUi":"","description":"The MaxJax requires hydraulic oil to operate. Would you like to add oil?","priceOptions":"different_for_all","pricingType":"fixed","show_selected_option":false,"max_options":"1","min_options":"1","gt_translate_keys":["label","description"],"price_dependency":false,"cl_dependency":false,"value":""}]]}},"config":{"price_override":"","enable_recaptcha":false,"bind_quantity":false,"quantity_bind_formula":false,"disp_summ_show_option_price":true,"disp_summ_show_product_price":true,"disp_summ_show_total_price":true,"disp_summ_show_fee":false,"disp_summ_show_discount":false,"summary_title":"","options_total_label":"Options Price","total_label":"Total","options_product_label":"Product Price","fee_label":"Fee","discount_label":"Discount","has_price":true,"has_quantity_formula":false},"mc_unit":1,"tax_rate":1,"tax_rate_real":0.21,"discount":{"percentage":0,"fixed":0},"design":{"conf":{"LabelPosition":"above","DescPosition":"above","UploadField":"custom_1","QuantityFieldStyle":"default"},"css":{"LeftLabelWidth":"120px"}},"formulas":[],"lookuptables":[],"clones":false,"cartKey":false}},"_links":{"self":[{"href":"https:\/\/maxjax-europe.com\/sv\/wp-json\/wp\/v2\/product\/3645","targetHints":{"allow":["GET"]}}],"collection":[{"href":"https:\/\/maxjax-europe.com\/sv\/wp-json\/wp\/v2\/product"}],"about":[{"href":"https:\/\/maxjax-europe.com\/sv\/wp-json\/wp\/v2\/types\/product"}],"replies":[{"embeddable":true,"href":"https:\/\/maxjax-europe.com\/sv\/wp-json\/wp\/v2\/comments?post=3645"}],"wp:featuredmedia":[{"embeddable":true,"href":"https:\/\/maxjax-europe.com\/sv\/wp-json\/wp\/v2\/media\/4458"}],"wp:attachment":[{"href":"https:\/\/maxjax-europe.com\/sv\/wp-json\/wp\/v2\/media?parent=3645"}],"wp:term":[{"taxonomy":"product_brand","embeddable":true,"href":"https:\/\/maxjax-europe.com\/sv\/wp-json\/wp\/v2\/product_brand?post=3645"},{"taxonomy":"product_cat","embeddable":true,"href":"https:\/\/maxjax-europe.com\/sv\/wp-json\/wp\/v2\/product_cat?post=3645"},{"taxonomy":"product_tag","embeddable":true,"href":"https:\/\/maxjax-europe.com\/sv\/wp-json\/wp\/v2\/product_tag?post=3645"}],"curies":[{"name":"wp","href":"https:\/\/api.w.org\/{rel}","templated":true}]}}